{"id":93,"date":"2021-08-09T05:59:21","date_gmt":"2021-08-09T05:59:21","guid":{"rendered":"https:\/\/spcycjet.tradeoptimize-clients.com\/?post_type=product&#038;p=93"},"modified":"2025-06-06T09:37:07","modified_gmt":"2025-06-06T09:37:07","slug":"cycjet-lmp200f-multi-functional-flying-laser-marking-machine","status":"publish","type":"product","link":"https:\/\/www.cycjetes.com\/?product=cycjet-lmp200f-multi-functional-flying-laser-marking-machine","title":{"rendered":"M\u00e1quina de marcado l\u00e1ser voladora multifuncional CYCJET LMP200F"},"content":{"rendered":"<div class=\"row\"  id=\"row-1448057352\">\n\n\t<div id=\"col-822232993\" class=\"col medium-6 small-12 large-6\"  data-animate=\"fadeInLeft\">\n\t\t<div class=\"col-inner\"  >\n\t\t\t\n\t\t\t\n<div class=\"content-right content-section noScrollMove tem44-irregular\">\n<div class=\"container\">\n<div class=\"row\">\n<div class=\"flexBoxStem irregular-item\">\n<div class=\"flexBoxFill col-lg-9 col-md-9 col-sm-9 col-xs-12 content-float\">\n<div class=\"tem06-irregular-text wow animated fadeInUp animated animated animated animated animated animated animated animated animated animated animated animated animated animated animated animated animated animated animated animated animated animated animated animated animated animated animated animated animated animated animated animated animated\">\n<div class=\"h2 bg-color-after font-color-gray-level-3 title\">\n<section>\n<h3><span style=\"color: #333399\"><strong>DESCRIPCI\u00d3N DEL PRODUCTO<\/strong><\/span><\/h3>\n<\/section>\n<\/div>\n<div class=\"text description\">\n<section>La M\u00e1quina de Marcado L\u00e1ser de Fibra Voladora fue dise\u00f1ada para marcado en l\u00ednea de alta velocidad, especialmente para la industria de tubos pl\u00e1sticos y cables el\u00e9ctricos. Para la l\u00ednea de producci\u00f3n continua, el extrusor de tubos pl\u00e1sticos y cables no puede detenerse repentinamente, porque reiniciar la l\u00ednea de extrusi\u00f3n requiere mucho tiempo de espera. Antes de que apareciera la m\u00e1quina de marcado l\u00e1ser, las f\u00e1bricas de tubos pl\u00e1sticos solo utilizaban impresoras de inyecci\u00f3n de tinta para marcar mensajes en los tubos, pero la tinta ten\u00eda muchos problemas durante el trabajo, tales como bloqueo del cabezal de impresi\u00f3n y fallos mec\u00e1nicos (problemas en bomba, filtro). Pero la m\u00e1quina de codificaci\u00f3n l\u00e1ser no necesita tantas piezas como la de inyecci\u00f3n, solo requiere energ\u00eda para convertirla en un haz l\u00e1ser mediante la fuente l\u00e1ser, siendo muy estable y con menos fallos operativos. Como fuente l\u00e1ser s\u00f3lida, el l\u00e1ser de fibra es muy estable despu\u00e9s de la acumulaci\u00f3n tecnol\u00f3gica y actualizaci\u00f3n, con una vida \u00fatil ideal aproximada de 100,000 horas, bajo buenas condiciones de trabajo y operaci\u00f3n correcta. Es f\u00e1cil de aprender y operar, a trav\u00e9s del software el operador puede construir diferentes mensajes y editarlos en cualquier momento.<\/section>\n<\/div>\n<\/div>\n<\/div>\n<\/div>\n<\/div>\n<\/div>\n<\/div>\n\t\t<\/div>\n\t\t\t<\/div>\n\n\t\n\n\t<div id=\"col-1578272091\" class=\"col medium-6 small-12 large-6\"  data-animate=\"fadeInRight\">\n\t\t<div class=\"col-inner\"  >\n\t\t\t\n\t\t\t\n\t<div class=\"img has-hover x md-x lg-x y md-y lg-y\" id=\"image_1836379173\">\n\t\t\t\t\t\t\t\t<div class=\"img-inner dark\" >\n\t\t\t<img loading=\"lazy\" decoding=\"async\" width=\"930\" height=\"930\" src=\"https:\/\/www.cycjetes.com\/wp-content\/uploads\/2021\/09\/LMM-LCM-02.webp\" class=\"attachment-large size-large\" alt=\"\" srcset=\"https:\/\/www.cycjetes.com\/wp-content\/uploads\/2021\/09\/LMM-LCM-02.webp 930w, https:\/\/www.cycjetes.com\/wp-content\/uploads\/2021\/09\/LMM-LCM-02-300x300.webp 300w, https:\/\/www.cycjetes.com\/wp-content\/uploads\/2021\/09\/LMM-LCM-02-150x150.webp 150w, https:\/\/www.cycjetes.com\/wp-content\/uploads\/2021\/09\/LMM-LCM-02-768x768.webp 768w, https:\/\/www.cycjetes.com\/wp-content\/uploads\/2021\/09\/LMM-LCM-02-600x600.webp 600w, https:\/\/www.cycjetes.com\/wp-content\/uploads\/2021\/09\/LMM-LCM-02-100x100.webp 100w\" sizes=\"auto, (max-width: 930px) 100vw, 930px\" \/>\t\t\t\t\t\t\n\t\t\t\t\t<\/div>\n\t\t\t\t\t\t\t\t\n<style>\n#image_1836379173 {\n  width: 100%;\n}\n<\/style>\n\t<\/div>\n\t\n\t\t<\/div>\n\t\t\t<\/div>\n\n\t\n<\/div>\n<div class=\"row\"  id=\"row-424607554\">\n\n\t<div id=\"col-1549244484\" class=\"col small-12 large-12\"  >\n\t\t<div class=\"col-inner\"  >\n\t\t\t\n\t\t\t\n<div class=\"container section-title-container\" ><h2 class=\"section-title section-title-center\"><b><\/b><span class=\"section-title-main\" style=\"color:rgb(14, 24, 184);\">Especificaci\u00f3n T\u00e9cnica<\/span><b><\/b><\/h2><\/div>\n<table class=\"table table-bordered table-hover\" data-sort=\"sortDisabled\">\n<tbody>\n<tr class=\"firstRow\">\n<td colspan=\"2\" align=\"left\" valign=\"middle\" width=\"339\">Modelo<\/td>\n<td colspan=\"2\" valign=\"center\" width=\"919\">Serie LF Pipe Fly Laser<\/td>\n<\/tr>\n<tr>\n<td colspan=\"2\" rowspan=\"9\" align=\"left\" valign=\"middle\">RENDIMIENTO<\/td>\n<td valign=\"center\" width=\"216\">Material del Marco<\/td>\n<td valign=\"center\" width=\"683\">ALUM.<\/td>\n<\/tr>\n<tr>\n<td valign=\"center\" width=\"216\">Dispositivo L\u00e1ser<\/td>\n<td valign=\"center\" width=\"683\">L\u00e1ser especializado para tubos pl\u00e1sticos y cables<\/td>\n<\/tr>\n<tr>\n<td valign=\"center\" width=\"216\">Potencia<\/td>\n<td valign=\"center\" width=\"683\">200W<\/td>\n<\/tr>\n<tr>\n<td valign=\"center\" width=\"216\">Longitud de Onda L\u00e1ser<\/td>\n<td valign=\"center\" width=\"683\">1064nm<\/td>\n<\/tr>\n<tr>\n<td valign=\"center\" width=\"216\">Desviaci\u00f3n del Galvan\u00f3metro<\/td>\n<td valign=\"center\" width=\"683\">Sistema de escaneo bidimensional de alta precisi\u00f3n<\/td>\n<\/tr>\n<tr>\n<td valign=\"center\" width=\"216\">Velocidad de Marcado<\/td>\n<td valign=\"center\" width=\"683\">\u226412000mm\/s<\/td>\n<\/tr>\n<tr>\n<td valign=\"center\" width=\"216\">Control Maestro<\/td>\n<td valign=\"center\" width=\"683\">Placa altamente integrada con pantalla t\u00e1ctil a color de 10 pulgadas<\/td>\n<\/tr>\n<tr>\n<td valign=\"center\" width=\"216\">Sistema Operativo<\/td>\n<td valign=\"center\" width=\"683\">Basado en LINUX con software de marcado r\u00e1pido para tubos<\/td>\n<\/tr>\n<tr>\n<td valign=\"center\" width=\"216\">Refrigeraci\u00f3n<\/td>\n<td valign=\"center\" width=\"683\">6 grupos de ventiladores de refrigeraci\u00f3n<\/td>\n<\/tr>\n<tr>\n<td colspan=\"2\" rowspan=\"10\" align=\"left\" valign=\"middle\">Especificaciones de Marcado<\/td>\n<td valign=\"center\" width=\"216\">Distancia de Enfoque<\/td>\n<td valign=\"center\" width=\"683\">Enfoque 192mm<\/td>\n<\/tr>\n<tr>\n<td valign=\"center\" width=\"216\">Tipo de l\u00ednea de marcado<\/td>\n<td valign=\"center\" width=\"683\">Matriz de puntos, negrita, vector todo en uno (matriz y vector)<\/td>\n<\/tr>\n<tr>\n<td valign=\"center\" width=\"216\">Ancho m\u00ednimo de l\u00ednea<\/td>\n<td valign=\"center\" width=\"683\">0.012mm<\/td>\n<\/tr>\n<tr>\n<td valign=\"center\" width=\"216\">Repetibilidad y posicionamiento preciso<\/td>\n<td valign=\"center\" width=\"683\">0.003mm<\/td>\n<\/tr>\n<tr>\n<td valign=\"center\" width=\"216\">\u00c1rea de marcado<\/td>\n<td valign=\"center\" width=\"683\">Est\u00e1ndar 110mm\u00d7110mm (personalizable)<\/td>\n<\/tr>\n<tr>\n<td valign=\"center\" width=\"216\">Altura de marcado<\/td>\n<td valign=\"center\" width=\"683\">Altura est\u00e1ndar del car\u00e1cter 110mm<\/td>\n<\/tr>\n<tr>\n<td valign=\"center\" width=\"216\">Longitud de marcado<\/td>\n<td valign=\"center\" width=\"683\">Ilimitada<\/td>\n<\/tr>\n<tr>\n<td valign=\"center\" width=\"319\">Modo de posicionamiento<\/td>\n<td valign=\"center\" width=\"683\">Posicionamiento y enfoque con luz roja<\/td>\n<\/tr>\n<tr>\n<td valign=\"center\" width=\"216\">N\u00famero de caracteres<\/td>\n<td valign=\"center\" width=\"683\">Cualquier l\u00ednea (multi-l\u00ednea) dentro del rango de marcado<\/td>\n<\/tr>\n<tr>\n<td valign=\"center\" width=\"216\">Velocidad de l\u00ednea<\/td>\n<td valign=\"center\" width=\"683\">Est\u00e1ndar 0~200m\/min (depende del material y texto)<\/td>\n<\/tr>\n<tr>\n<td colspan=\"2\" rowspan=\"4\" align=\"left\" valign=\"middle\">Tipos de soporte<\/td>\n<td valign=\"center\" width=\"216\">Tipograf\u00eda<\/td>\n<td valign=\"center\" width=\"683\">Chino, Ingl\u00e9s, personalizable<\/td>\n<\/tr>\n<tr>\n<td valign=\"center\" width=\"216\">Marcado<\/td>\n<td valign=\"center\" width=\"683\">N\u00famero, logo, imagen, letra, n\u00famero serial, fecha y hora del sistema, etc.<\/td>\n<\/tr>\n<tr>\n<td valign=\"center\" width=\"216\">Formato de archivo<\/td>\n<td valign=\"center\" width=\"683\">CNF\/PLT<\/td>\n<\/tr>\n<tr>\n<td valign=\"center\" width=\"216\">C\u00f3digo de barras<\/td>\n<td valign=\"center\" width=\"683\">CODE39, CODE128, CODE126, QR, Z-Code, DM<\/td>\n<\/tr>\n<tr>\n<td colspan=\"2\" rowspan=\"4\" align=\"left\" valign=\"middle\">Otros<\/td>\n<td valign=\"center\" width=\"216\">Fuente de alimentaci\u00f3n<\/td>\n<td valign=\"center\" width=\"683\">100-220V\/50-60HZ<\/td>\n<\/tr>\n<tr>\n<td valign=\"center\" width=\"216\">Consumo de energ\u00eda<\/td>\n<td valign=\"center\" width=\"683\">600W<\/td>\n<\/tr>\n<tr>\n<td valign=\"center\" width=\"216\">Peso Neto<\/td>\n<td valign=\"center\" width=\"683\">68kg<\/td>\n<\/tr>\n<tr>\n<td valign=\"center\" width=\"216\">Dimensiones<\/td>\n<td valign=\"center\" width=\"683\">500mmX450mmX150MM<\/td>\n<\/tr>\n<tr>\n<td colspan=\"3\" valign=\"center\" width=\"454\">Requisitos ambientales<\/td>\n<td valign=\"center\" width=\"683\">0\u2103\uff0d45\u2103; humedad \u226495%; sin condensaci\u00f3n; sin vibraciones<\/td>\n<\/tr>\n<tr>\n<td colspan=\"4\" valign=\"center\" nowrap=\"nowrap\" width=\"1137\"><strong>Est\u00e1ndar de calidad de la m\u00e1quina de marcado l\u00e1ser CYCJET Fly Laser<\/strong><\/td>\n<\/tr>\n<tr>\n<td valign=\"center\" width=\"105\">GB 7247-87<\/td>\n<td colspan=\"3\" valign=\"center\" width=\"1032\">Seguridad por radiaci\u00f3n de productos l\u00e1ser, requisitos para clasificaci\u00f3n del equipo y gu\u00eda del usuario<\/td>\n<\/tr>\n<tr>\n<td valign=\"center\" width=\"105\">GB10320-88<\/td>\n<td colspan=\"3\" valign=\"center\" width=\"1032\">Seguridad el\u00e9ctrica de equipos y facilidades l\u00e1ser<\/td>\n<\/tr>\n<tr>\n<td valign=\"center\" width=\"105\">ISO 9000-3<\/td>\n<td colspan=\"3\" valign=\"center\" width=\"1032\">Est\u00e1ndares internacionales de software<\/td>\n<\/tr>\n<tr>\n<td valign=\"center\" width=\"105\">GB\/T12123-89<\/td>\n<td colspan=\"3\" valign=\"center\" width=\"1032\">Proceso de embalaje para ventas<\/td>\n<\/tr>\n<tr>\n<td valign=\"center\" width=\"105\">IEC 536<\/td>\n<td colspan=\"3\" valign=\"center\" width=\"1032\">Clasificaci\u00f3n de equipos el\u00e9ctricos y electr\u00f3nicos para protecci\u00f3n contra choques el\u00e9ctricos<\/td>\n<\/tr>\n<\/tbody>\n<\/table>\n\t\t<\/div>\n\t\t\t<\/div>\n\n\t\n<\/div>\n","protected":false},"excerpt":{"rendered":"<table style=\"font-size: 14.4px\">\n<tbody>\n<tr>\n<td width=\"176\"><strong>Modelo:<\/strong><\/td>\n<td width=\"182\">LMP200F<\/td>\n<\/tr>\n<tr>\n<td width=\"176\"><strong>Marca:<\/strong><\/td>\n<td width=\"182\">CYCJET<\/td>\n<\/tr>\n<tr>\n<td width=\"176\"><strong>Cantidad m\u00ednima de pedido (MOQ):<\/strong><\/td>\n<td width=\"182\">1 Set<\/td>\n<\/tr>\n<tr>\n<td width=\"176\"><strong>Pago:<\/strong><\/td>\n<td width=\"182\">L\/C, D\/P, T\/T<\/td>\n<\/tr>\n<\/tbody>\n<\/table>\n","protected":false},"featured_media":233,"comment_status":"closed","ping_status":"closed","template":"","meta":[],"product_brand":[],"product_cat":[15,16],"product_tag":[],"class_list":{"0":"post-93","1":"product","2":"type-product","3":"status-publish","4":"has-post-thumbnail","6":"product_cat-laser-marking-machine","7":"product_cat-flying-laser-marking-machine","9":"first","10":"instock","11":"shipping-taxable","12":"product-type-simple"},"yoast_head":"<!-- This site is optimized with the Yoast SEO plugin v25.2 - https:\/\/yoast.com\/wordpress\/plugins\/seo\/ -->\n<title>M\u00e1quina de marcado l\u00e1ser voladora multifuncional CYCJET LMP200F - CYCJET<\/title>\n<meta name=\"robots\" content=\"index, follow, max-snippet:-1, max-image-preview:large, max-video-preview:-1\" \/>\n<link rel=\"canonical\" href=\"https:\/\/www.cycjetes.com\/?product=cycjet-lmp200f-multi-functional-flying-laser-marking-machine\" \/>\n<meta property=\"og:locale\" content=\"en_US\" \/>\n<meta property=\"og:type\" content=\"article\" \/>\n<meta property=\"og:title\" content=\"M\u00e1quina de marcado l\u00e1ser voladora multifuncional CYCJET LMP200F - CYCJET\" \/>\n<meta property=\"og:description\" content=\"Modelo: LMP200F  Marca: CYCJET  Cantidad m\u00ednima de pedido (MOQ): 1 Set  Pago: L\/C, D\/P, T\/T\" \/>\n<meta property=\"og:url\" content=\"https:\/\/www.cycjetes.com\/?product=cycjet-lmp200f-multi-functional-flying-laser-marking-machine\" \/>\n<meta property=\"og:site_name\" content=\"CYCJET\" \/>\n<meta property=\"article:modified_time\" content=\"2025-06-06T09:37:07+00:00\" \/>\n<meta property=\"og:image\" content=\"https:\/\/www.cycjetes.com\/wp-content\/uploads\/2021\/08\/16224500412234.jpg\" \/>\n\t<meta property=\"og:image:width\" content=\"1000\" \/>\n\t<meta property=\"og:image:height\" content=\"1000\" \/>\n\t<meta property=\"og:image:type\" content=\"image\/jpeg\" \/>\n<meta name=\"twitter:card\" content=\"summary_large_image\" \/>\n<meta name=\"twitter:label1\" content=\"Est. reading time\" \/>\n\t<meta name=\"twitter:data1\" content=\"2 minutes\" \/>\n<script type=\"application\/ld+json\" class=\"yoast-schema-graph\">{\"@context\":\"https:\/\/schema.org\",\"@graph\":[{\"@type\":\"WebPage\",\"@id\":\"https:\/\/www.cycjetes.com\/?product=cycjet-lmp200f-multi-functional-flying-laser-marking-machine\",\"url\":\"https:\/\/www.cycjetes.com\/?product=cycjet-lmp200f-multi-functional-flying-laser-marking-machine\",\"name\":\"M\u00e1quina de marcado l\u00e1ser voladora multifuncional CYCJET LMP200F - CYCJET\",\"isPartOf\":{\"@id\":\"https:\/\/www.cycjetes.com\/#website\"},\"primaryImageOfPage\":{\"@id\":\"https:\/\/www.cycjetes.com\/?product=cycjet-lmp200f-multi-functional-flying-laser-marking-machine#primaryimage\"},\"image\":{\"@id\":\"https:\/\/www.cycjetes.com\/?product=cycjet-lmp200f-multi-functional-flying-laser-marking-machine#primaryimage\"},\"thumbnailUrl\":\"https:\/\/www.cycjetes.com\/wp-content\/uploads\/2021\/08\/16224500412234.jpg\",\"datePublished\":\"2021-08-09T05:59:21+00:00\",\"dateModified\":\"2025-06-06T09:37:07+00:00\",\"breadcrumb\":{\"@id\":\"https:\/\/www.cycjetes.com\/?product=cycjet-lmp200f-multi-functional-flying-laser-marking-machine#breadcrumb\"},\"inLanguage\":\"en-US\",\"potentialAction\":[{\"@type\":\"ReadAction\",\"target\":[\"https:\/\/www.cycjetes.com\/?product=cycjet-lmp200f-multi-functional-flying-laser-marking-machine\"]}]},{\"@type\":\"ImageObject\",\"inLanguage\":\"en-US\",\"@id\":\"https:\/\/www.cycjetes.com\/?product=cycjet-lmp200f-multi-functional-flying-laser-marking-machine#primaryimage\",\"url\":\"https:\/\/www.cycjetes.com\/wp-content\/uploads\/2021\/08\/16224500412234.jpg\",\"contentUrl\":\"https:\/\/www.cycjetes.com\/wp-content\/uploads\/2021\/08\/16224500412234.jpg\",\"width\":1000,\"height\":1000},{\"@type\":\"BreadcrumbList\",\"@id\":\"https:\/\/www.cycjetes.com\/?product=cycjet-lmp200f-multi-functional-flying-laser-marking-machine#breadcrumb\",\"itemListElement\":[{\"@type\":\"ListItem\",\"position\":1,\"name\":\"Home\",\"item\":\"https:\/\/www.cycjetes.com\/\"},{\"@type\":\"ListItem\",\"position\":2,\"name\":\"Products\",\"item\":\"https:\/\/www.cycjetes.com\/?page_id=7\"},{\"@type\":\"ListItem\",\"position\":3,\"name\":\"M\u00e1quina de marcado l\u00e1ser voladora multifuncional CYCJET LMP200F\"}]},{\"@type\":\"WebSite\",\"@id\":\"https:\/\/www.cycjetes.com\/#website\",\"url\":\"https:\/\/www.cycjetes.com\/\",\"name\":\"CYCJET\",\"description\":\"\",\"potentialAction\":[{\"@type\":\"SearchAction\",\"target\":{\"@type\":\"EntryPoint\",\"urlTemplate\":\"https:\/\/www.cycjetes.com\/?s={search_term_string}\"},\"query-input\":{\"@type\":\"PropertyValueSpecification\",\"valueRequired\":true,\"valueName\":\"search_term_string\"}}],\"inLanguage\":\"en-US\"}]}<\/script>\n<!-- \/ Yoast SEO plugin. -->","yoast_head_json":{"title":"M\u00e1quina de marcado l\u00e1ser voladora multifuncional CYCJET LMP200F - CYCJET","robots":{"index":"index","follow":"follow","max-snippet":"max-snippet:-1","max-image-preview":"max-image-preview:large","max-video-preview":"max-video-preview:-1"},"canonical":"https:\/\/www.cycjetes.com\/?product=cycjet-lmp200f-multi-functional-flying-laser-marking-machine","og_locale":"en_US","og_type":"article","og_title":"M\u00e1quina de marcado l\u00e1ser voladora multifuncional CYCJET LMP200F - CYCJET","og_description":"Modelo: LMP200F  Marca: CYCJET  Cantidad m\u00ednima de pedido (MOQ): 1 Set  Pago: L\/C, D\/P, T\/T","og_url":"https:\/\/www.cycjetes.com\/?product=cycjet-lmp200f-multi-functional-flying-laser-marking-machine","og_site_name":"CYCJET","article_modified_time":"2025-06-06T09:37:07+00:00","og_image":[{"width":1000,"height":1000,"url":"https:\/\/www.cycjetes.com\/wp-content\/uploads\/2021\/08\/16224500412234.jpg","type":"image\/jpeg"}],"twitter_card":"summary_large_image","twitter_misc":{"Est. reading time":"2 minutes"},"schema":{"@context":"https:\/\/schema.org","@graph":[{"@type":"WebPage","@id":"https:\/\/www.cycjetes.com\/?product=cycjet-lmp200f-multi-functional-flying-laser-marking-machine","url":"https:\/\/www.cycjetes.com\/?product=cycjet-lmp200f-multi-functional-flying-laser-marking-machine","name":"M\u00e1quina de marcado l\u00e1ser voladora multifuncional CYCJET LMP200F - CYCJET","isPartOf":{"@id":"https:\/\/www.cycjetes.com\/#website"},"primaryImageOfPage":{"@id":"https:\/\/www.cycjetes.com\/?product=cycjet-lmp200f-multi-functional-flying-laser-marking-machine#primaryimage"},"image":{"@id":"https:\/\/www.cycjetes.com\/?product=cycjet-lmp200f-multi-functional-flying-laser-marking-machine#primaryimage"},"thumbnailUrl":"https:\/\/www.cycjetes.com\/wp-content\/uploads\/2021\/08\/16224500412234.jpg","datePublished":"2021-08-09T05:59:21+00:00","dateModified":"2025-06-06T09:37:07+00:00","breadcrumb":{"@id":"https:\/\/www.cycjetes.com\/?product=cycjet-lmp200f-multi-functional-flying-laser-marking-machine#breadcrumb"},"inLanguage":"en-US","potentialAction":[{"@type":"ReadAction","target":["https:\/\/www.cycjetes.com\/?product=cycjet-lmp200f-multi-functional-flying-laser-marking-machine"]}]},{"@type":"ImageObject","inLanguage":"en-US","@id":"https:\/\/www.cycjetes.com\/?product=cycjet-lmp200f-multi-functional-flying-laser-marking-machine#primaryimage","url":"https:\/\/www.cycjetes.com\/wp-content\/uploads\/2021\/08\/16224500412234.jpg","contentUrl":"https:\/\/www.cycjetes.com\/wp-content\/uploads\/2021\/08\/16224500412234.jpg","width":1000,"height":1000},{"@type":"BreadcrumbList","@id":"https:\/\/www.cycjetes.com\/?product=cycjet-lmp200f-multi-functional-flying-laser-marking-machine#breadcrumb","itemListElement":[{"@type":"ListItem","position":1,"name":"Home","item":"https:\/\/www.cycjetes.com\/"},{"@type":"ListItem","position":2,"name":"Products","item":"https:\/\/www.cycjetes.com\/?page_id=7"},{"@type":"ListItem","position":3,"name":"M\u00e1quina de marcado l\u00e1ser voladora multifuncional CYCJET LMP200F"}]},{"@type":"WebSite","@id":"https:\/\/www.cycjetes.com\/#website","url":"https:\/\/www.cycjetes.com\/","name":"CYCJET","description":"","potentialAction":[{"@type":"SearchAction","target":{"@type":"EntryPoint","urlTemplate":"https:\/\/www.cycjetes.com\/?s={search_term_string}"},"query-input":{"@type":"PropertyValueSpecification","valueRequired":true,"valueName":"search_term_string"}}],"inLanguage":"en-US"}]}},"_links":{"self":[{"href":"https:\/\/www.cycjetes.com\/index.php?rest_route=\/wp\/v2\/product\/93","targetHints":{"allow":["GET"]}}],"collection":[{"href":"https:\/\/www.cycjetes.com\/index.php?rest_route=\/wp\/v2\/product"}],"about":[{"href":"https:\/\/www.cycjetes.com\/index.php?rest_route=\/wp\/v2\/types\/product"}],"replies":[{"embeddable":true,"href":"https:\/\/www.cycjetes.com\/index.php?rest_route=%2Fwp%2Fv2%2Fcomments&post=93"}],"wp:featuredmedia":[{"embeddable":true,"href":"https:\/\/www.cycjetes.com\/index.php?rest_route=\/wp\/v2\/media\/233"}],"wp:attachment":[{"href":"https:\/\/www.cycjetes.com\/index.php?rest_route=%2Fwp%2Fv2%2Fmedia&parent=93"}],"wp:term":[{"taxonomy":"product_brand","embeddable":true,"href":"https:\/\/www.cycjetes.com\/index.php?rest_route=%2Fwp%2Fv2%2Fproduct_brand&post=93"},{"taxonomy":"product_cat","embeddable":true,"href":"https:\/\/www.cycjetes.com\/index.php?rest_route=%2Fwp%2Fv2%2Fproduct_cat&post=93"},{"taxonomy":"product_tag","embeddable":true,"href":"https:\/\/www.cycjetes.com\/index.php?rest_route=%2Fwp%2Fv2%2Fproduct_tag&post=93"}],"curies":[{"name":"wp","href":"https:\/\/api.w.org\/{rel}","templated":true}]}}