{"id":813,"date":"2021-09-20T06:26:55","date_gmt":"2021-09-20T06:26:55","guid":{"rendered":"https:\/\/spcycjet.tradeoptimize-clients.com\/?post_type=product&#038;p=813"},"modified":"2025-06-06T07:11:12","modified_gmt":"2025-06-06T07:11:12","slug":"cycjet-portable-fiber-laser-printer-20w-30w-lf20-lf30","status":"publish","type":"product","link":"https:\/\/www.cycjetes.com\/?product=cycjet-portable-fiber-laser-printer-20w-30w-lf20-lf30","title":{"rendered":"Impresora l\u00e1ser de fibra port\u00e1til CYCJET 20w &amp; 30w LF20\/LF30"},"content":{"rendered":"<div class=\"row row-full-width\"  id=\"row-7189187\">\n\n\t<div id=\"col-153531183\" class=\"col medium-6 small-12 large-6\"  data-animate=\"fadeInLeft\">\n\t\t<div class=\"col-inner\"  >\n\t\t\t\n\t\t\t\n<div class=\"tem378-irregular noScrollMove bgFixed clearBg\">\n<div class=\"content-right content-section noScrollMove tem44-irregular\">\n<div class=\"container\">\n<div class=\"row\">\n<div class=\"flexBoxStem irregular-item\">\n<div class=\"flexBoxFill col-lg-9 col-md-9 col-sm-9 col-xs-12 content-float\">\n<div class=\"tem06-irregular-textwow animated fadeInUp animated animated animated animated animated animated animated animated animated animated animated animated animated animated animated animated animated animated animated animated animated animated animated animated animated animated animated animated animated animated animated animated animated animated animated animated animated\">\n<div class=\"h2 bg-color-after font-color-gray-level-3 title\">\n<section>\n<h3><span style=\"color: #333399;\">DESCRIPCI\u00d3N DEL PRODUCTO<\/span><\/h3>\n<\/section>\n<\/div>\n<div class=\"text description\">\n<section>Tipo port\u00e1til de fibra l\u00e1ser m\u00e1quina de marcado es una m\u00e1quina que tiene una amplia gama de aplicaciones, casi cualquier material puede ser grabado, marcado, codificado, por ejemplo, placa de acero inoxidable, palo de acero, tubo de metal, marco de metal o perfil, todo tipo de piezas de inyecci\u00f3n de pl\u00e1stico (PVC, PPR, PE, ABS), envases de alimentos de pl\u00e1stico (bolsa, bolsas de vac\u00edo), caja de papel y tarjeta, etc Debido a que el tama\u00f1o m\u00e1s peque\u00f1o y compacto, el peso es ligero, f\u00e1cil de mover a otro lugar por las manos humanas. Combine el dispositivo giratorio, es ampliamente utilizado en la joyer\u00eda, para marcar el mensaje en el anillo de diamantes, oro y plata anillo, pulsera, Chink etc.No hay necesidad de abrir el molde, s\u00f3lo el equipo para editar el mensaje, la deformaci\u00f3n es conveniente, no est\u00e1 sujeto a restricciones de producci\u00f3n, acortando en gran medida el ciclo de desarrollo de nuevos productos y reducir los costes de desarrollo, proteger el medio ambiente, sin ning\u00fan producto que no son propicias para el medio ambiente, adem\u00e1s de crear valor de beneficio sobre la base de respeto al medio ambiente.<\/section>\n<\/div>\n<\/div>\n<\/div>\n<\/div>\n<\/div>\n<\/div>\n<\/div>\n<\/div>\n\t\t<\/div>\n\t\t\t<\/div>\n\n\t\n\n\t<div id=\"col-48012724\" class=\"col medium-6 small-12 large-6\"  data-animate=\"fadeInRight\">\n\t\t<div class=\"col-inner\"  >\n\t\t\t\n\t\t\t\n\t<div class=\"img has-hover x md-x lg-x y md-y lg-y\" id=\"image_1343685897\">\n\t\t\t\t\t\t\t\t<div class=\"img-inner dark\" >\n\t\t\t<img loading=\"lazy\" decoding=\"async\" width=\"750\" height=\"750\" src=\"https:\/\/www.cycjetes.com\/wp-content\/uploads\/2021\/09\/machine-cooding-p1-1.jpg\" class=\"attachment-large size-large\" alt=\"\" srcset=\"https:\/\/www.cycjetes.com\/wp-content\/uploads\/2021\/09\/machine-cooding-p1-1.jpg 750w, https:\/\/www.cycjetes.com\/wp-content\/uploads\/2021\/09\/machine-cooding-p1-1-300x300.jpg 300w, https:\/\/www.cycjetes.com\/wp-content\/uploads\/2021\/09\/machine-cooding-p1-1-150x150.jpg 150w, https:\/\/www.cycjetes.com\/wp-content\/uploads\/2021\/09\/machine-cooding-p1-1-600x600.jpg 600w, https:\/\/www.cycjetes.com\/wp-content\/uploads\/2021\/09\/machine-cooding-p1-1-100x100.jpg 100w\" sizes=\"auto, (max-width: 750px) 100vw, 750px\" \/>\t\t\t\t\t\t\n\t\t\t\t\t<\/div>\n\t\t\t\t\t\t\t\t\n<style>\n#image_1343685897 {\n  width: 100%;\n}\n<\/style>\n\t<\/div>\n\t\n\t\t<\/div>\n\t\t\t<\/div>\n\n\t\n<\/div>\n<div class=\"row\"  id=\"row-1718862442\">\n\n\t<div id=\"col-87168318\" class=\"col medium-4 small-12 large-4\"  >\n\t\t<div class=\"col-inner\"  >\n\t\t\t\n\t<div class=\"is-border\"\n\t\tstyle=\"border-color:rgb(255, 195, 0);border-radius:50px;border-width:2px 2px 2px 2;\">\n\t<\/div>\n\t\t\t\n\t<div class=\"box has-hover   has-hover box-text-bottom\" >\n\n\t\t<div class=\"box-image\" >\n\t\t\t\t\t\t<div class=\"\" >\n\t\t\t\t<img loading=\"lazy\" decoding=\"async\" width=\"750\" height=\"421\" src=\"https:\/\/www.cycjetes.com\/wp-content\/uploads\/2021\/09\/machine-cooding-p1-c1.webp\" class=\"attachment- size-\" alt=\"\" srcset=\"https:\/\/www.cycjetes.com\/wp-content\/uploads\/2021\/09\/machine-cooding-p1-c1.webp 750w, https:\/\/www.cycjetes.com\/wp-content\/uploads\/2021\/09\/machine-cooding-p1-c1-300x168.webp 300w, https:\/\/www.cycjetes.com\/wp-content\/uploads\/2021\/09\/machine-cooding-p1-c1-600x337.webp 600w\" sizes=\"auto, (max-width: 750px) 100vw, 750px\" \/>\t\t\t\t\t\t\t\t\t\t\t<\/div>\n\t\t\t\t\t<\/div>\n\n\t\t<div class=\"box-text text-center\" >\n\t\t\t<div class=\"box-text-inner\">\n\t\t\t\t\n<p><strong>Acero inoxidable<\/strong><\/p>\n<p>Alta precisi\u00f3n, buena calidad y peque\u00f1a deformaci\u00f3n, mejorando en gran medida la imagen de apariencia y el efecto de marca del producto; Tales como acero inoxidable, alumbre, cobre.<\/p>\n\t\t\t<\/div>\n\t\t<\/div>\n\t<\/div>\n\t\n\t\t<\/div>\n\t\t\t<\/div>\n\n\t\n\n\t<div id=\"col-2096685766\" class=\"col medium-4 small-12 large-4\"  >\n\t\t<div class=\"col-inner\"  >\n\t\t\t\n\t<div class=\"is-border\"\n\t\tstyle=\"border-color:rgb(255, 195, 0);border-radius:50px;border-width:2px 2px 2px 2;\">\n\t<\/div>\n\t\t\t\n\t<div class=\"box has-hover   has-hover box-text-bottom\" >\n\n\t\t<div class=\"box-image\" >\n\t\t\t\t\t\t<div class=\"\" >\n\t\t\t\t<img loading=\"lazy\" decoding=\"async\" width=\"750\" height=\"421\" src=\"https:\/\/www.cycjetes.com\/wp-content\/uploads\/2021\/09\/machine-cooding-p1-c2.webp\" class=\"attachment- size-\" alt=\"\" srcset=\"https:\/\/www.cycjetes.com\/wp-content\/uploads\/2021\/09\/machine-cooding-p1-c2.webp 750w, https:\/\/www.cycjetes.com\/wp-content\/uploads\/2021\/09\/machine-cooding-p1-c2-300x168.webp 300w, https:\/\/www.cycjetes.com\/wp-content\/uploads\/2021\/09\/machine-cooding-p1-c2-600x337.webp 600w\" sizes=\"auto, (max-width: 750px) 100vw, 750px\" \/>\t\t\t\t\t\t\t\t\t\t\t<\/div>\n\t\t\t\t\t<\/div>\n\n\t\t<div class=\"box-text text-center\" >\n\t\t\t<div class=\"box-text-inner\">\n\t\t\t\t\n<p><strong>Joyer\u00eda<\/strong><\/p>\n<p>Combine el dispositivo rotatorio, marcador l\u00e1ser puede grabar mensaje (nombre, logotipo) en diferentes joyas de forma.<\/p>\n\t\t\t<\/div>\n\t\t<\/div>\n\t<\/div>\n\t\n\t\t<\/div>\n\t\t\t<\/div>\n\n\t\n\n\t<div id=\"col-598614391\" class=\"col medium-4 small-12 large-4\"  >\n\t\t<div class=\"col-inner\"  >\n\t\t\t\n\t<div class=\"is-border\"\n\t\tstyle=\"border-color:rgb(255, 195, 0);border-radius:50px;border-width:2px 2px 2px 2;\">\n\t<\/div>\n\t\t\t\n\t<div class=\"box has-hover   has-hover box-text-bottom\" >\n\n\t\t<div class=\"box-image\" >\n\t\t\t\t\t\t<div class=\"\" >\n\t\t\t\t<img loading=\"lazy\" decoding=\"async\" width=\"750\" height=\"421\" src=\"https:\/\/www.cycjetes.com\/wp-content\/uploads\/2021\/09\/machine-cooding-p1-c3.webp\" class=\"attachment- size-\" alt=\"\" srcset=\"https:\/\/www.cycjetes.com\/wp-content\/uploads\/2021\/09\/machine-cooding-p1-c3.webp 750w, https:\/\/www.cycjetes.com\/wp-content\/uploads\/2021\/09\/machine-cooding-p1-c3-300x168.webp 300w, https:\/\/www.cycjetes.com\/wp-content\/uploads\/2021\/09\/machine-cooding-p1-c3-600x337.webp 600w\" sizes=\"auto, (max-width: 750px) 100vw, 750px\" \/>\t\t\t\t\t\t\t\t\t\t\t<\/div>\n\t\t\t\t\t<\/div>\n\n\t\t<div class=\"box-text text-center\" >\n\t\t\t<div class=\"box-text-inner\">\n\t\t\t\t\n<p><strong>Etiquetas de pl\u00e1stico &amp; Cinta de flejado &amp; Etiquetas para orejas de animales<\/strong><\/p>\n<p>La impresora l\u00e1ser port\u00e1til puede marcar mensajes en etiquetas de diferentes materiales, como cinta de flejado, etiquetas de seguimiento expr\u00e9s (material PE), etiquetas de oreja de animal (TPU).<\/p>\n\t\t\t<\/div>\n\t\t<\/div>\n\t<\/div>\n\t\n\t\t<\/div>\n\t\t\t<\/div>\n\n\t\n<\/div>\n<div class=\"row row-full-width\"  id=\"row-1894472995\">\n\n\t<div id=\"col-1952086441\" class=\"col small-12 large-12\"  data-animate=\"fadeInLeft\">\n\t\t<div class=\"col-inner\"  >\n\t\t\t\n\t\t\t\n<div class=\"title\" data-content=\"title\">\n<section>\n<h1 style=\"text-align: center;\"><span style=\"color: #333399;\"><strong>ESPECIFICACIONES T\u00c9CNICAS<\/strong><\/span><\/h1>\n<\/section>\n<\/div>\n\t\t<\/div>\n\t\t\t<\/div>\n\n\t\n\n\t<div id=\"col-211216102\" class=\"col small-12 large-12\"  data-animate=\"fadeInLeft\">\n\t\t<div class=\"col-inner\"  >\n\t\t\t\n\t\t\t\n<p>Posicionamiento y enfoque de la luz roja<\/p>\n<table class=\"table table-bordered table-hover\" data-sort=\"sortDisabled\">\n<tbody>\n<tr class=\"firstRow\">\n<td colspan=\"2\" valign=\"center\" width=\"331\">Modelo Art\u00edculo<\/td>\n<td colspan=\"2\" valign=\"center\" width=\"941\">M\u00e1quina de Marcado L\u00e1ser Port\u00e1til LF<\/td>\n<\/tr>\n<tr>\n<td colspan=\"2\" rowspan=\"9\" align=\"left\" valign=\"middle\">RENDIMIENTO<\/td>\n<td valign=\"center\" width=\"173\">Material del marco<\/td>\n<td valign=\"center\" width=\"748\">ALUM &amp; Acero<\/td>\n<\/tr>\n<tr>\n<td valign=\"center\" width=\"173\">Dispositivo l\u00e1ser<\/td>\n<td valign=\"center\" width=\"748\">Fuente l\u00e1ser de fibra<\/td>\n<\/tr>\n<tr>\n<td valign=\"center\" width=\"173\">Potencia<\/td>\n<td valign=\"center\" width=\"748\">Longitud de onda l\u00e1ser 1064nm Galvan\u00f3metro width=&#8221;748&#8243;&gt;20W\/30W\/50W<\/td>\n<\/tr>\n<tr>\n<td valign=\"center\" width=\"173\">Longitud de onda l\u00e1ser<\/td>\n<td valign=\"center\" width=\"748\">1064nm<\/td>\n<\/tr>\n<tr>\n<td valign=\"center\" width=\"173\">Galvan\u00f3metro desviaci\u00f3n<\/td>\n<td valign=\"center\" width=\"748\">Sistema de escaneo bidimensional de alta precisi\u00f3n<\/td>\n<\/tr>\n<tr>\n<td valign=\"center\" width=\"173\">Velocidad de marcado<\/td>\n<td valign=\"center\" width=\"748\">\u22647000mm\/s<\/td>\n<\/tr>\n<tr>\n<td valign=\"center\" width=\"173\">Master Control<\/td>\n<td valign=\"center\" width=\"748\">Placa altamente integrada con pantalla t\u00e1ctil en color de 10 pulgadas<\/td>\n<\/tr>\n<tr>\n<td valign=\"center\" width=\"173\">Sistema operativo<\/td>\n<td valign=\"center\" width=\"748\">Basado en LINUX con software de marcaje de alta velocidad<\/td>\n<\/tr>\n<tr>\n<td valign=\"center\" width=\"173\">Enfriamiento<\/td>\n<td valign=\"center\" width=\"748\">Enfriamiento por aire<\/td>\n<\/tr>\n<tr>\n<td colspan=\"2\" rowspan=\"9\" align=\"left\" valign=\"middle\">Especificaciones de marcado<\/td>\n<td valign=\"center\" width=\"173\">Distancia de enfoque<\/td>\n<td valign=\"center\" width=\"748\">Enfoque 165mm<\/td>\n<\/tr>\n<tr>\n<td valign=\"center\" width=\"173\">Tipo de l\u00ednea de marcado<\/td>\n<td valign=\"center\" width=\"748\">Matriz de puntos, negrita, vector todo en uno(tanto matriz de puntos como vector)<\/td>\n<\/tr>\n<tr>\n<td valign=\"center\" width=\"173\">Ancho de l\u00ednea m\u00ednimo<\/td>\n<td valign=\"center\" width=\"748\">0. 012mm<\/td>\n<\/tr>\n<tr>\n<td valign=\"center\" width=\"173\">Repetibilidad posicionamiento preciso<\/td>\n<td valign=\"center\" width=\"748\">0. 003mm<\/td>\n<\/tr>\n<tr>\n<td valign=\"center\" width=\"173\">\u00c1rea de marcado<\/td>\n<td valign=\"center\" width=\"748\">Est\u00e1ndar 110mm\u00d7110mm\uff08Personalizado disponible\uff09<\/td>\n<\/tr>\n<tr>\n<td valign=\"center\" width=\"173\">Altura de marcado<\/td>\n<td valign=\"center\" width=\"748\">Altura de car\u00e1cter est\u00e1ndar 110mm<\/td>\n<\/tr>\n<tr>\n<td valign=\"center\" width=\"173\">Longitud de marcado<\/td>\n<td valign=\"center\" width=\"748\">Sin l\u00edmite<\/td>\n<\/tr>\n<tr>\n<td valign=\"center\" width=\"173\">Modo de posicionamiento<\/td>\n<\/tr>\n<tr>\n<td valign=\"center\" width=\"173\">N\u00famero de caracteres<\/td>\n<td valign=\"center\" width=\"748\">Cualquier l\u00ednea(multi l\u00ednea) dentro del rango de marcado<\/td>\n<\/tr>\n<tr>\n<td colspan=\"2\" rowspan=\"4\" align=\"left\" valign=\"middle\">Tipo de soporte<\/td>\n<td valign=\"center\" width=\"173\">Tipo de letra<\/td>\n<td valign=\"center\" width=\"748\">Chino , Ingl\u00e9s, disponible para personalizar<\/td>\n<\/tr>\n<tr>\n<td valign=\"center\" width=\"173\">Marcado<\/td>\n<td valign=\"center\" width=\"748\">N\u00famero, logotipo, imagen, letra, n\u00famero de serie, fecha y hora del sistema, etc; sistema, etc. ..<\/td>\n<\/tr>\n<tr>\n<td valign=\"center\" width=\"173\">Formato de archivo<\/td>\n<td valign=\"center\" width=\"748\">PLT<\/td>\n<\/tr>\n<tr>\n<td valign=\"center\" width=\"262\">C\u00f3digo de barras<\/td>\n<td valign=\"center\" width=\"748\">CODE39\u3001CODE128\u3001CODE126\u3001QR\u3001Z- Code<\/td>\n<\/tr>\n<tr>\n<td colspan=\"2\" rowspan=\"4\" align=\"left\" valign=\"middle\">Otros<\/td>\n<td valign=\"center\" width=\"173\">Fuente de alimentaci\u00f3n<\/td>\n<td valign=\"center\" width=\"748\">100- 220V\/50-60HZ<\/td>\n<\/tr>\n<tr>\n<td valign=\"center\" width=\"173\">Consumo de energ\u00eda<\/td>\n<td valign=\"center\" width=\"748\">600W<\/td>\n<\/tr>\n<tr>\n<td valign=\"center\" width=\"173\">Peso neto<\/td>\n<td valign=\"center\" width=\"748\">40kg<\/td>\n<\/tr>\n<tr>\n<td valign=\"center\" width=\"173\">Sobredimensionado<\/td>\n<td valign=\"center\">500mmX450mmX150MM width=&#8221;748&#8243;&gt;500mmX450mmX150MM<\/td>\n<\/tr>\n<tr>\n<td colspan=\"3\" valign=\"center\" width=\"403\">Requisitos Ambientales<\/td>\n<td valign=\"center\" width=\"748\">0\u2103-45\u2103; humedad\u226495%; sin condensaci\u00f3n; sin agitaci\u00f3n<\/td>\n<\/tr>\n<tr>\n<td colspan=\"4\" valign=\"center\" nowrap=\"nowrap\" width=\"1151\"><strong>Norma de calidad de la m\u00e1quina de marcado l\u00e1ser de fibra CYCJET<\/strong><\/td>\n<\/tr>\n<tr>\n<td valign=\"center\" width=\"105\">GB 7247-87<\/td>\n<td colspan=\"3\" valign=\"center\" width=\"1046\">Seguridad de radiaci\u00f3n de los productos l\u00e1ser, requisitos para la clasificaci\u00f3n de equipos y gu\u00eda del usuario<\/td>\n<\/tr>\n<tr>\n<td valign=\"center\" width=\"105\">GB10320-88<\/td>\n<td colspan=\"3\" valign=\"center\" width=\"1046\">Seguridad el\u00e9ctrica de los equipos e instalaciones l\u00e1ser<\/td>\n<\/tr>\n<tr>\n<td valign=\"center\" width=\"105\">ISO 9000- 3<\/td>\n<td colspan=\"3\" valign=\"center\" width=\"1046\">Normas internacionales de software<\/td>\n<\/tr>\n<tr>\n<td valign=\"center\" width=\"105\">GB\/T12123- 89<\/td>\n<td colspan=\"3\" valign=\"center\" width=\"1046\">Proceso de envasado para la venta<\/td>\n<\/tr>\n<tr>\n<td valign=\"center\" width=\"105\">IEC 536<\/td>\n<td colspan=\"3\" valign=\"center\" width=\"1046\">Clasificaci\u00f3n de equipos el\u00e9ctricos y electr\u00f3nicos para la protecci\u00f3n contra descargas el\u00e9ctricas<\/td>\n<\/tr>\n<\/tbody>\n<\/table>\n\t\t<\/div>\n\t\t\t<\/div>\n\n\t\n<\/div>\n","protected":false},"excerpt":{"rendered":"<table>\n<tbody>\n<tr>\n<td width=\"176\"><strong>Marca:<\/strong><\/td>\n<td width=\"182\">CYCJET<\/td>\n<\/tr>\n<tr>\n<td width=\"176\"><strong>MOQ<\/strong>:<\/td>\n<td width=\"182\">1sets<\/td>\n<\/tr>\n<tr>\n<td width=\"176\"><strong>Certificaci\u00f3n: <\/strong><\/td>\n<td width=\"182\">CE, SGS, FDA<\/td>\n<\/tr>\n<tr>\n<td width=\"176\"><strong>Pago: <\/strong><\/td>\n<td width=\"182\">L\/C,Efectivo,Western Union,T\/T, Paypal<\/td>\n<\/tr>\n<tr>\n<td width=\"176\"><strong>Garant\u00eda:<\/strong><\/td>\n<td width=\"182\">1A\u00f1o<\/td>\n<\/tr>\n<\/tbody>\n<\/table>\n","protected":false},"featured_media":814,"comment_status":"closed","ping_status":"closed","template":"","meta":[],"product_brand":[],"product_cat":[15,18],"product_tag":[],"class_list":{"0":"post-813","1":"product","2":"type-product","3":"status-publish","4":"has-post-thumbnail","6":"product_cat-laser-marking-machine","7":"product_cat-laser-coding-machinery","9":"first","10":"instock","11":"shipping-taxable","12":"product-type-simple"},"yoast_head":"<!-- This site is optimized with the Yoast SEO plugin v25.2 - https:\/\/yoast.com\/wordpress\/plugins\/seo\/ -->\n<title>Impresora l\u00e1ser de fibra port\u00e1til CYCJET 20w &amp; 30w LF20\/LF30 - CYCJET<\/title>\n<meta name=\"robots\" content=\"index, follow, max-snippet:-1, max-image-preview:large, max-video-preview:-1\" \/>\n<link rel=\"canonical\" href=\"https:\/\/www.cycjetes.com\/?product=cycjet-portable-fiber-laser-printer-20w-30w-lf20-lf30\" \/>\n<meta property=\"og:locale\" content=\"en_US\" \/>\n<meta property=\"og:type\" content=\"article\" \/>\n<meta property=\"og:title\" content=\"Impresora l\u00e1ser de fibra port\u00e1til CYCJET 20w &amp; 30w LF20\/LF30 - CYCJET\" \/>\n<meta property=\"og:description\" content=\"Marca: CYCJET   MOQ: 1sets   Certificaci\u00f3n:  CE, SGS, FDA   Pago:  L\/C,Efectivo,Western Union,T\/T, Paypal   Garant\u00eda: 1A\u00f1o\" \/>\n<meta property=\"og:url\" content=\"https:\/\/www.cycjetes.com\/?product=cycjet-portable-fiber-laser-printer-20w-30w-lf20-lf30\" \/>\n<meta property=\"og:site_name\" content=\"CYCJET\" \/>\n<meta property=\"article:modified_time\" content=\"2025-06-06T07:11:12+00:00\" \/>\n<meta property=\"og:image\" content=\"https:\/\/www.cycjetes.com\/wp-content\/uploads\/2021\/09\/machine-cooding-p1-1.jpg\" \/>\n\t<meta property=\"og:image:width\" content=\"750\" \/>\n\t<meta property=\"og:image:height\" content=\"750\" \/>\n\t<meta property=\"og:image:type\" content=\"image\/jpeg\" \/>\n<meta name=\"twitter:card\" content=\"summary_large_image\" \/>\n<script type=\"application\/ld+json\" class=\"yoast-schema-graph\">{\"@context\":\"https:\/\/schema.org\",\"@graph\":[{\"@type\":\"WebPage\",\"@id\":\"https:\/\/www.cycjetes.com\/?product=cycjet-portable-fiber-laser-printer-20w-30w-lf20-lf30\",\"url\":\"https:\/\/www.cycjetes.com\/?product=cycjet-portable-fiber-laser-printer-20w-30w-lf20-lf30\",\"name\":\"Impresora l\u00e1ser de fibra port\u00e1til CYCJET 20w &amp; 30w LF20\/LF30 - CYCJET\",\"isPartOf\":{\"@id\":\"https:\/\/www.cycjetes.com\/#website\"},\"primaryImageOfPage\":{\"@id\":\"https:\/\/www.cycjetes.com\/?product=cycjet-portable-fiber-laser-printer-20w-30w-lf20-lf30#primaryimage\"},\"image\":{\"@id\":\"https:\/\/www.cycjetes.com\/?product=cycjet-portable-fiber-laser-printer-20w-30w-lf20-lf30#primaryimage\"},\"thumbnailUrl\":\"https:\/\/www.cycjetes.com\/wp-content\/uploads\/2021\/09\/machine-cooding-p1-1.jpg\",\"datePublished\":\"2021-09-20T06:26:55+00:00\",\"dateModified\":\"2025-06-06T07:11:12+00:00\",\"breadcrumb\":{\"@id\":\"https:\/\/www.cycjetes.com\/?product=cycjet-portable-fiber-laser-printer-20w-30w-lf20-lf30#breadcrumb\"},\"inLanguage\":\"en-US\",\"potentialAction\":[{\"@type\":\"ReadAction\",\"target\":[\"https:\/\/www.cycjetes.com\/?product=cycjet-portable-fiber-laser-printer-20w-30w-lf20-lf30\"]}]},{\"@type\":\"ImageObject\",\"inLanguage\":\"en-US\",\"@id\":\"https:\/\/www.cycjetes.com\/?product=cycjet-portable-fiber-laser-printer-20w-30w-lf20-lf30#primaryimage\",\"url\":\"https:\/\/www.cycjetes.com\/wp-content\/uploads\/2021\/09\/machine-cooding-p1-1.jpg\",\"contentUrl\":\"https:\/\/www.cycjetes.com\/wp-content\/uploads\/2021\/09\/machine-cooding-p1-1.jpg\",\"width\":750,\"height\":750},{\"@type\":\"BreadcrumbList\",\"@id\":\"https:\/\/www.cycjetes.com\/?product=cycjet-portable-fiber-laser-printer-20w-30w-lf20-lf30#breadcrumb\",\"itemListElement\":[{\"@type\":\"ListItem\",\"position\":1,\"name\":\"Home\",\"item\":\"https:\/\/www.cycjetes.com\/\"},{\"@type\":\"ListItem\",\"position\":2,\"name\":\"Products\",\"item\":\"https:\/\/www.cycjetes.com\/?page_id=7\"},{\"@type\":\"ListItem\",\"position\":3,\"name\":\"Impresora l\u00e1ser de fibra port\u00e1til CYCJET 20w &amp; 30w LF20\/LF30\"}]},{\"@type\":\"WebSite\",\"@id\":\"https:\/\/www.cycjetes.com\/#website\",\"url\":\"https:\/\/www.cycjetes.com\/\",\"name\":\"CYCJET\",\"description\":\"\",\"potentialAction\":[{\"@type\":\"SearchAction\",\"target\":{\"@type\":\"EntryPoint\",\"urlTemplate\":\"https:\/\/www.cycjetes.com\/?s={search_term_string}\"},\"query-input\":{\"@type\":\"PropertyValueSpecification\",\"valueRequired\":true,\"valueName\":\"search_term_string\"}}],\"inLanguage\":\"en-US\"}]}<\/script>\n<!-- \/ Yoast SEO plugin. -->","yoast_head_json":{"title":"Impresora l\u00e1ser de fibra port\u00e1til CYCJET 20w &amp; 30w LF20\/LF30 - CYCJET","robots":{"index":"index","follow":"follow","max-snippet":"max-snippet:-1","max-image-preview":"max-image-preview:large","max-video-preview":"max-video-preview:-1"},"canonical":"https:\/\/www.cycjetes.com\/?product=cycjet-portable-fiber-laser-printer-20w-30w-lf20-lf30","og_locale":"en_US","og_type":"article","og_title":"Impresora l\u00e1ser de fibra port\u00e1til CYCJET 20w &amp; 30w LF20\/LF30 - CYCJET","og_description":"Marca: CYCJET   MOQ: 1sets   Certificaci\u00f3n:  CE, SGS, FDA   Pago:  L\/C,Efectivo,Western Union,T\/T, Paypal   Garant\u00eda: 1A\u00f1o","og_url":"https:\/\/www.cycjetes.com\/?product=cycjet-portable-fiber-laser-printer-20w-30w-lf20-lf30","og_site_name":"CYCJET","article_modified_time":"2025-06-06T07:11:12+00:00","og_image":[{"width":750,"height":750,"url":"https:\/\/www.cycjetes.com\/wp-content\/uploads\/2021\/09\/machine-cooding-p1-1.jpg","type":"image\/jpeg"}],"twitter_card":"summary_large_image","schema":{"@context":"https:\/\/schema.org","@graph":[{"@type":"WebPage","@id":"https:\/\/www.cycjetes.com\/?product=cycjet-portable-fiber-laser-printer-20w-30w-lf20-lf30","url":"https:\/\/www.cycjetes.com\/?product=cycjet-portable-fiber-laser-printer-20w-30w-lf20-lf30","name":"Impresora l\u00e1ser de fibra port\u00e1til CYCJET 20w &amp; 30w LF20\/LF30 - CYCJET","isPartOf":{"@id":"https:\/\/www.cycjetes.com\/#website"},"primaryImageOfPage":{"@id":"https:\/\/www.cycjetes.com\/?product=cycjet-portable-fiber-laser-printer-20w-30w-lf20-lf30#primaryimage"},"image":{"@id":"https:\/\/www.cycjetes.com\/?product=cycjet-portable-fiber-laser-printer-20w-30w-lf20-lf30#primaryimage"},"thumbnailUrl":"https:\/\/www.cycjetes.com\/wp-content\/uploads\/2021\/09\/machine-cooding-p1-1.jpg","datePublished":"2021-09-20T06:26:55+00:00","dateModified":"2025-06-06T07:11:12+00:00","breadcrumb":{"@id":"https:\/\/www.cycjetes.com\/?product=cycjet-portable-fiber-laser-printer-20w-30w-lf20-lf30#breadcrumb"},"inLanguage":"en-US","potentialAction":[{"@type":"ReadAction","target":["https:\/\/www.cycjetes.com\/?product=cycjet-portable-fiber-laser-printer-20w-30w-lf20-lf30"]}]},{"@type":"ImageObject","inLanguage":"en-US","@id":"https:\/\/www.cycjetes.com\/?product=cycjet-portable-fiber-laser-printer-20w-30w-lf20-lf30#primaryimage","url":"https:\/\/www.cycjetes.com\/wp-content\/uploads\/2021\/09\/machine-cooding-p1-1.jpg","contentUrl":"https:\/\/www.cycjetes.com\/wp-content\/uploads\/2021\/09\/machine-cooding-p1-1.jpg","width":750,"height":750},{"@type":"BreadcrumbList","@id":"https:\/\/www.cycjetes.com\/?product=cycjet-portable-fiber-laser-printer-20w-30w-lf20-lf30#breadcrumb","itemListElement":[{"@type":"ListItem","position":1,"name":"Home","item":"https:\/\/www.cycjetes.com\/"},{"@type":"ListItem","position":2,"name":"Products","item":"https:\/\/www.cycjetes.com\/?page_id=7"},{"@type":"ListItem","position":3,"name":"Impresora l\u00e1ser de fibra port\u00e1til CYCJET 20w &amp; 30w LF20\/LF30"}]},{"@type":"WebSite","@id":"https:\/\/www.cycjetes.com\/#website","url":"https:\/\/www.cycjetes.com\/","name":"CYCJET","description":"","potentialAction":[{"@type":"SearchAction","target":{"@type":"EntryPoint","urlTemplate":"https:\/\/www.cycjetes.com\/?s={search_term_string}"},"query-input":{"@type":"PropertyValueSpecification","valueRequired":true,"valueName":"search_term_string"}}],"inLanguage":"en-US"}]}},"_links":{"self":[{"href":"https:\/\/www.cycjetes.com\/index.php?rest_route=\/wp\/v2\/product\/813","targetHints":{"allow":["GET"]}}],"collection":[{"href":"https:\/\/www.cycjetes.com\/index.php?rest_route=\/wp\/v2\/product"}],"about":[{"href":"https:\/\/www.cycjetes.com\/index.php?rest_route=\/wp\/v2\/types\/product"}],"replies":[{"embeddable":true,"href":"https:\/\/www.cycjetes.com\/index.php?rest_route=%2Fwp%2Fv2%2Fcomments&post=813"}],"wp:featuredmedia":[{"embeddable":true,"href":"https:\/\/www.cycjetes.com\/index.php?rest_route=\/wp\/v2\/media\/814"}],"wp:attachment":[{"href":"https:\/\/www.cycjetes.com\/index.php?rest_route=%2Fwp%2Fv2%2Fmedia&parent=813"}],"wp:term":[{"taxonomy":"product_brand","embeddable":true,"href":"https:\/\/www.cycjetes.com\/index.php?rest_route=%2Fwp%2Fv2%2Fproduct_brand&post=813"},{"taxonomy":"product_cat","embeddable":true,"href":"https:\/\/www.cycjetes.com\/index.php?rest_route=%2Fwp%2Fv2%2Fproduct_cat&post=813"},{"taxonomy":"product_tag","embeddable":true,"href":"https:\/\/www.cycjetes.com\/index.php?rest_route=%2Fwp%2Fv2%2Fproduct_tag&post=813"}],"curies":[{"name":"wp","href":"https:\/\/api.w.org\/{rel}","templated":true}]}}