{"id":167,"date":"2021-08-11T03:52:34","date_gmt":"2021-08-11T03:52:34","guid":{"rendered":"https:\/\/spcycjet.tradeoptimize-clients.com\/?post_type=product&#038;p=167"},"modified":"2025-06-06T07:14:37","modified_gmt":"2025-06-06T07:14:37","slug":"cycjet-high-speed-small-character-inkjet-printer-model-b3020","status":"publish","type":"product","link":"https:\/\/www.cycjetes.com\/?product=cycjet-high-speed-small-character-inkjet-printer-model-b3020","title":{"rendered":"Impresora de inyecci\u00f3n de tinta de caracteres peque\u00f1os de alta velocidad CYCJET modelo B3020"},"content":{"rendered":"<div class=\"row row-full-width\"  id=\"row-1997079390\">\n\n\t<div id=\"col-248420810\" class=\"col medium-6 small-12 large-6\"  data-animate=\"fadeInLeft\">\n\t\t<div class=\"col-inner\"  >\n\t\t\t\n\t\t\t\n<div class=\"tem378-irregular noScrollMove bgFixed clearBg\">\n<div class=\"content-right content-section noScrollMove tem44-irregular\">\n<div class=\"container\">\n<div class=\"row\">\n<div class=\"flexBoxStem irregular-item\">\n<div class=\"flexBoxFill col-lg-9 col-md-9 col-sm-9 col-xs-12 content-float\">\n<div class=\"tem06-irregular-textwow animated fadeInUp animated animated animated animated animated animated animated animated animated animated animated animated animated animated animated animated animated animated animated animated animated animated animated animated animated animated animated animated animated\">\n<div class=\"h2 bg-color-after font-color-gray-level-3 title\">\n<section>\n<h3><span style=\"color: #333399;\"><strong>DESCRIPCI\u00d3N DEL PRODUCTO<\/strong><\/span><\/h3>\n<\/section>\n<\/div>\n<div class=\"text description\">\n<section>La impresora de inyecci\u00f3n de tinta CYCJET B3020 de alta velocidad y caracteres peque\u00f1os puede imprimir un m\u00e1ximo de 32 caracteres de matriz de puntos. Gracias a su dise\u00f1o innovador, los sistemas el\u00e9ctricos, los sistemas de tinta y la boquilla hacen que la impresora de inyecci\u00f3n de tinta logre una mayor estabilidad. Es muy utilizada en l\u00edneas de producci\u00f3n de alta velocidad como alimentos, bebidas, cerveza, vino, aceite, cables, tuber\u00edas, etc. Respetuosa con el medio ambiente, f\u00e1cil de usar y f\u00e1cil de manejar, la impresora industrial de inyecci\u00f3n de tinta B3020 no necesita limpiarse a diario, ya que los cabezales de impresi\u00f3n se limpian autom\u00e1ticamente al final de cada ciclo para un rendimiento de arranque\/parada fiable.<\/section>\n<\/div>\n<\/div>\n<\/div>\n<div class=\"clearfix\"><\/div>\n<\/div>\n<\/div>\n<\/div>\n<\/div>\n<\/div>\n\t\t<\/div>\n\t\t\t<\/div>\n\n\t\n\n\t<div id=\"col-470044474\" class=\"col medium-6 small-12 large-6\"  data-animate=\"fadeInRight\">\n\t\t<div class=\"col-inner\"  >\n\t\t\t\n\t\t\t\n\t<div class=\"img has-hover x md-x lg-x y md-y lg-y\" id=\"image_1371647616\">\n\t\t\t\t\t\t\t\t<div class=\"img-inner dark\" >\n\t\t\t<img loading=\"lazy\" decoding=\"async\" width=\"750\" height=\"500\" src=\"https:\/\/www.cycjetes.com\/wp-content\/uploads\/2021\/09\/ICM-SCIPL-02.webp\" class=\"attachment-large size-large\" alt=\"\" srcset=\"https:\/\/www.cycjetes.com\/wp-content\/uploads\/2021\/09\/ICM-SCIPL-02.webp 750w, https:\/\/www.cycjetes.com\/wp-content\/uploads\/2021\/09\/ICM-SCIPL-02-300x200.webp 300w, https:\/\/www.cycjetes.com\/wp-content\/uploads\/2021\/09\/ICM-SCIPL-02-600x400.webp 600w\" sizes=\"auto, (max-width: 750px) 100vw, 750px\" \/>\t\t\t\t\t\t\n\t\t\t\t\t<\/div>\n\t\t\t\t\t\t\t\t\n<style>\n#image_1371647616 {\n  width: 100%;\n}\n<\/style>\n\t<\/div>\n\t\n\t\t<\/div>\n\t\t\t<\/div>\n\n\t\n<\/div>\n<div class=\"row\"  id=\"row-1976636751\">\n\n\t<div id=\"col-347155211\" class=\"col medium-4 small-12 large-4\"  >\n\t\t<div class=\"col-inner\"  >\n\t\t\t\n\t<div class=\"is-border\"\n\t\tstyle=\"border-color:rgb(255, 195, 0);border-radius:50px;border-width:2px 2px 2px 2;\">\n\t<\/div>\n\t\t\t\n\t<div class=\"box has-hover   has-hover box-text-bottom\" >\n\n\t\t<div class=\"box-image\" >\n\t\t\t\t\t\t<div class=\"\" >\n\t\t\t\t<img loading=\"lazy\" decoding=\"async\" width=\"700\" height=\"534\" src=\"https:\/\/www.cycjetes.com\/wp-content\/uploads\/2021\/09\/b3020-content-1.webp\" class=\"attachment- size-\" alt=\"\" srcset=\"https:\/\/www.cycjetes.com\/wp-content\/uploads\/2021\/09\/b3020-content-1.webp 700w, https:\/\/www.cycjetes.com\/wp-content\/uploads\/2021\/09\/b3020-content-1-300x229.webp 300w, https:\/\/www.cycjetes.com\/wp-content\/uploads\/2021\/09\/b3020-content-1-600x458.webp 600w\" sizes=\"auto, (max-width: 700px) 100vw, 700px\" \/>\t\t\t\t\t\t\t\t\t\t\t<\/div>\n\t\t\t\t\t<\/div>\n\n\t\t<div class=\"box-text text-center\" >\n\t\t\t<div class=\"box-text-inner\">\n\t\t\t\t\n<p>Componentes Electr\u00f3nicos<\/p>\n<p>Los componentes electr\u00f3nicos tienen miles de formas y tama\u00f1os diferentes, y debido a la gran demanda del mercado, la l\u00ednea de producci\u00f3n suele funcionar a alta velocidad. Esto requiere que la m\u00e1quina de codificaci\u00f3n por inyecci\u00f3n de tinta tenga alta estabilidad y velocidad para cumplir con la producci\u00f3n. Adem\u00e1s, los componentes electr\u00f3nicos suelen ser de tama\u00f1o muy reducido, lo que exige un sistema de impresi\u00f3n preciso para cada componente.<\/p>\n\t\t\t<\/div>\n\t\t<\/div>\n\t<\/div>\n\t\n\t\t<\/div>\n\t\t\t<\/div>\n\n\t\n\n\t<div id=\"col-444610773\" class=\"col medium-4 small-12 large-4\"  >\n\t\t<div class=\"col-inner\"  >\n\t\t\t\n\t<div class=\"is-border\"\n\t\tstyle=\"border-color:rgb(255, 195, 0);border-radius:50px;border-width:2px 2px 2px 2;\">\n\t<\/div>\n\t\t\t\n\t<div class=\"box has-hover   has-hover box-text-bottom\" >\n\n\t\t<div class=\"box-image\" >\n\t\t\t\t\t\t<div class=\"\" >\n\t\t\t\t<img loading=\"lazy\" decoding=\"async\" width=\"700\" height=\"534\" src=\"https:\/\/www.cycjetes.com\/wp-content\/uploads\/2021\/09\/b3020-content-2.webp\" class=\"attachment- size-\" alt=\"\" srcset=\"https:\/\/www.cycjetes.com\/wp-content\/uploads\/2021\/09\/b3020-content-2.webp 700w, https:\/\/www.cycjetes.com\/wp-content\/uploads\/2021\/09\/b3020-content-2-300x229.webp 300w, https:\/\/www.cycjetes.com\/wp-content\/uploads\/2021\/09\/b3020-content-2-600x458.webp 600w\" sizes=\"auto, (max-width: 700px) 100vw, 700px\" \/>\t\t\t\t\t\t\t\t\t\t\t<\/div>\n\t\t\t\t\t<\/div>\n\n\t\t<div class=\"box-text text-center\" >\n\t\t\t<div class=\"box-text-inner\">\n\t\t\t\t\n<p>Tubo de Pl\u00e1stico<\/p>\n<p>Los diferentes tubos de pl\u00e1stico tienen distintas aplicaciones. Por ello, las f\u00e1bricas deben marcar claramente los tubos durante la producci\u00f3n, incluyendo tama\u00f1o, fecha, uso, est\u00e1ndar, etc. Las l\u00edneas de producci\u00f3n no se detienen, trabajan 24\/7, lo que requiere que la impresora CIJ tenga alta estabilidad. Adem\u00e1s, el costo operativo es muy importante. La impresora de inyecci\u00f3n de tinta de alta velocidad CYCJET B3020 utiliza boquillas de rub\u00ed y un sistema de tinta especial, lo que permite un bajo consumo de tinta para cumplir con el trabajo continuo 24\/7.<\/p>\n\t\t\t<\/div>\n\t\t<\/div>\n\t<\/div>\n\t\n\t\t<\/div>\n\t\t\t<\/div>\n\n\t\n\n\t<div id=\"col-2046047532\" class=\"col medium-4 small-12 large-4\"  >\n\t\t<div class=\"col-inner\"  >\n\t\t\t\n\t<div class=\"is-border\"\n\t\tstyle=\"border-color:rgb(255, 195, 0);border-radius:50px;border-width:2px 2px 2px 2;\">\n\t<\/div>\n\t\t\t\n\t<div class=\"box has-hover   has-hover box-text-bottom\" >\n\n\t\t<div class=\"box-image\" >\n\t\t\t\t\t\t<div class=\"\" >\n\t\t\t\t<img loading=\"lazy\" decoding=\"async\" width=\"700\" height=\"534\" src=\"https:\/\/www.cycjetes.com\/wp-content\/uploads\/2021\/09\/b3020-content-3.webp\" class=\"attachment- size-\" alt=\"\" srcset=\"https:\/\/www.cycjetes.com\/wp-content\/uploads\/2021\/09\/b3020-content-3.webp 700w, https:\/\/www.cycjetes.com\/wp-content\/uploads\/2021\/09\/b3020-content-3-300x229.webp 300w, https:\/\/www.cycjetes.com\/wp-content\/uploads\/2021\/09\/b3020-content-3-600x458.webp 600w\" sizes=\"auto, (max-width: 700px) 100vw, 700px\" \/>\t\t\t\t\t\t\t\t\t\t\t<\/div>\n\t\t\t\t\t<\/div>\n\n\t\t<div class=\"box-text text-center\" >\n\t\t\t<div class=\"box-text-inner\">\n\t\t\t\t\n<p>Productos de Higiene Personal<\/p>\n<p>Todos sabemos que al comprar productos de uso diario, revisamos la fecha de fabricaci\u00f3n (MFG) y de vencimiento (EXP). Un marcado claro de fecha y lote es un requisito b\u00e1sico, y tambi\u00e9n mejora la aprobaci\u00f3n del producto por parte del cliente. Cuando la impresora industrial de inyecci\u00f3n de tinta trabaja con l\u00edneas de producci\u00f3n de alta velocidad, adem\u00e1s de la estabilidad, tambi\u00e9n es importante la capacidad de adaptaci\u00f3n entre la impresora y la l\u00ednea de producci\u00f3n.<\/p>\n\t\t\t<\/div>\n\t\t<\/div>\n\t<\/div>\n\t\n\t\t<\/div>\n\t\t\t<\/div>\n\n\t\n<\/div>\n<div class=\"row row-full-width\"  id=\"row-1359939477\">\n\n\t<div id=\"col-1814798331\" class=\"col small-12 large-12\"  data-animate=\"fadeInLeft\">\n\t\t<div class=\"col-inner\"  >\n\t\t\t\n\t\t\t\n<p>ESPECIFICACIONES T\u00c9CNICAS<\/p>\n\t\t<\/div>\n\t\t\t<\/div>\n\n\t\n\n\t<div id=\"col-1871480746\" class=\"col medium-6 small-12 large-6\"  data-animate=\"fadeInRight\">\n\t\t<div class=\"col-inner\"  >\n\t\t\t\n\t\t\t\n\t<div class=\"img has-hover x md-x lg-x y md-y lg-y\" id=\"image_515047427\">\n\t\t\t\t\t\t\t\t<div class=\"img-inner dark\" >\n\t\t\t<img loading=\"lazy\" decoding=\"async\" width=\"750\" height=\"500\" src=\"https:\/\/www.cycjetes.com\/wp-content\/uploads\/2021\/09\/ICM-SCIPL-02.webp\" class=\"attachment-large size-large\" alt=\"\" srcset=\"https:\/\/www.cycjetes.com\/wp-content\/uploads\/2021\/09\/ICM-SCIPL-02.webp 750w, https:\/\/www.cycjetes.com\/wp-content\/uploads\/2021\/09\/ICM-SCIPL-02-300x200.webp 300w, https:\/\/www.cycjetes.com\/wp-content\/uploads\/2021\/09\/ICM-SCIPL-02-600x400.webp 600w\" sizes=\"auto, (max-width: 750px) 100vw, 750px\" \/>\t\t\t\t\t\t\n\t\t\t\t\t<\/div>\n\t\t\t\t\t\t\t\t\n<style>\n#image_515047427 {\n  width: 100%;\n}\n<\/style>\n\t<\/div>\n\t\n\t\t<\/div>\n\t\t\n<style>\n#col-1871480746 > .col-inner {\n  margin: 50% 0px 0px 0px;\n}\n<\/style>\n\t<\/div>\n\n\t\n\n\t<div id=\"col-1936024366\" class=\"col medium-6 small-12 large-6\"  data-animate=\"fadeInLeft\">\n\t\t<div class=\"col-inner\"  >\n\t\t\t\n\t\t\t\n<p>\u25cf Impresi\u00f3n de 1 a 5 l\u00edneas, funci\u00f3n de desplazamiento punto por punto para una edici\u00f3n completa, mejorando la flexibilidad para el cliente.<br \/>\n\u25cf Impresi\u00f3n en matriz de 5&#215;5 puntos, velocidad hasta 345 m\/min.<br \/>\n\u25cf M\u00e1s de seis mil caracteres chinos integrados, entrada directa en Pinyin.<br \/>\n\u25cf Conteo autom\u00e1tico y conteo anidado.<br \/>\n\u25cf Fecha y hora se actualizan autom\u00e1ticamente; impresi\u00f3n continua, con n\u00famero de serie, impresi\u00f3n por turnos, n\u00famero de repeticiones.<br \/>\n\u25cf Matrices de impresi\u00f3n: 5\u00d75, 5\u00d77, 7\u00d79, 12\u00d716, 18\u00d724, 12\u00d712, 16\u00d716, 16\u00d732.<br \/>\n\u25cf Edici\u00f3n de mensajes largos, cubre mayores necesidades de producci\u00f3n.<br \/>\n\u25cf Almacenamiento integrado de par\u00e1metros y contenido de impresi\u00f3n, permite impresi\u00f3n r\u00e1pida en distintos productos, reduciendo el tiempo perdido en ajustes, mejorando la eficiencia.<br \/>\n\u25cf Los gr\u00e1ficos pueden editarse directamente desde una computadora; los mensajes, gr\u00e1ficos y fuentes se pueden importar o exportar mediante USB.<br \/>\n\u25cf Gran capacidad de almacenamiento, impresi\u00f3n de mensajes largos, almacenamiento masivo de informaci\u00f3n, memoria expandible v\u00eda USB.<br \/>\n\u25cf Capacidades de fuente personalizadas s\u00faper flexibles, se pueden personalizar fuentes y modos de impresi\u00f3n especiales seg\u00fan los requisitos del cliente, mejorando la seguridad, anticopia y control regional.<br \/>\n\u25cf Impresi\u00f3n de c\u00f3digos de barras (c\u00f3digo 128), c\u00f3digos QR, funci\u00f3n extendida de impresi\u00f3n en l\u00ednea desde computadora.<br \/>\n\u25cf Panel LCD con pantalla LED, muestra en tiempo real el estado con textos, f\u00e1cil para observar en el taller; tambi\u00e9n puede incorporar l\u00e1mpara de advertencia si se requiere.<\/p>\n\t\t<\/div>\n\t\t\t<\/div>\n\n\t\n<\/div>\n","protected":false},"excerpt":{"rendered":"<table>\n<tbody>\n<tr>\n<td width=\"176\"><strong>Modelo:<\/strong><\/td>\n<td width=\"182\">B3020<\/td>\n<\/tr>\n<tr>\n<td width=\"176\"><strong>Marca: <\/strong><\/td>\n<td width=\"182\">CYCJET<\/td>\n<\/tr>\n<tr>\n<td width=\"176\"><strong>MOQ<\/strong>:<\/td>\n<td width=\"182\">1 Set<\/td>\n<\/tr>\n<tr>\n<td width=\"176\"><strong>Certificaci\u00f3n: <\/strong><\/td>\n<td width=\"182\">CE, SGS<\/td>\n<\/tr>\n<tr>\n<td width=\"176\"><strong>Pago:<\/strong><\/td>\n<td width=\"182\">L\/C, D\/P, T\/T, Western Union<\/td>\n<\/tr>\n<tr>\n<td width=\"176\"><strong>Garant\u00eda:<\/strong><\/td>\n<td width=\"182\">1 A\u00f1o<\/td>\n<\/tr>\n<\/tbody>\n<\/table>\n","protected":false},"featured_media":1198,"comment_status":"closed","ping_status":"closed","template":"","meta":[],"product_brand":[],"product_cat":[19,24],"product_tag":[],"class_list":{"0":"post-167","1":"product","2":"type-product","3":"status-publish","4":"has-post-thumbnail","6":"product_cat-inkjet-coding-machines","7":"product_cat-small-character-inkjet-printer","9":"first","10":"instock","11":"shipping-taxable","12":"product-type-simple"},"yoast_head":"<!-- This site is optimized with the Yoast SEO plugin v25.2 - https:\/\/yoast.com\/wordpress\/plugins\/seo\/ -->\n<title>Impresora de inyecci\u00f3n de tinta de caracteres peque\u00f1os de alta velocidad CYCJET modelo B3020 - CYCJET<\/title>\n<meta name=\"robots\" content=\"index, follow, max-snippet:-1, max-image-preview:large, max-video-preview:-1\" \/>\n<link rel=\"canonical\" href=\"https:\/\/www.cycjetes.com\/?product=cycjet-high-speed-small-character-inkjet-printer-model-b3020\" \/>\n<meta property=\"og:locale\" content=\"en_US\" \/>\n<meta property=\"og:type\" content=\"article\" \/>\n<meta property=\"og:title\" content=\"Impresora de inyecci\u00f3n de tinta de caracteres peque\u00f1os de alta velocidad CYCJET modelo B3020 - CYCJET\" \/>\n<meta property=\"og:description\" content=\"Modelo: B3020   Marca:  CYCJET   MOQ: 1 Set   Certificaci\u00f3n:  CE, SGS   Pago: L\/C, D\/P, T\/T, Western Union   Garant\u00eda: 1 A\u00f1o\" \/>\n<meta property=\"og:url\" content=\"https:\/\/www.cycjetes.com\/?product=cycjet-high-speed-small-character-inkjet-printer-model-b3020\" \/>\n<meta property=\"og:site_name\" content=\"CYCJET\" \/>\n<meta property=\"article:modified_time\" content=\"2025-06-06T07:14:37+00:00\" \/>\n<meta property=\"og:image\" content=\"https:\/\/www.cycjetes.com\/wp-content\/uploads\/2021\/08\/CYCJET-B3020-Industrial-Inkjet-Printer-01.jpg\" \/>\n\t<meta property=\"og:image:width\" content=\"600\" \/>\n\t<meta property=\"og:image:height\" content=\"600\" \/>\n\t<meta property=\"og:image:type\" content=\"image\/jpeg\" \/>\n<meta name=\"twitter:card\" content=\"summary_large_image\" \/>\n<script type=\"application\/ld+json\" class=\"yoast-schema-graph\">{\"@context\":\"https:\/\/schema.org\",\"@graph\":[{\"@type\":\"WebPage\",\"@id\":\"https:\/\/www.cycjetes.com\/?product=cycjet-high-speed-small-character-inkjet-printer-model-b3020\",\"url\":\"https:\/\/www.cycjetes.com\/?product=cycjet-high-speed-small-character-inkjet-printer-model-b3020\",\"name\":\"Impresora de inyecci\u00f3n de tinta de caracteres peque\u00f1os de alta velocidad CYCJET modelo B3020 - CYCJET\",\"isPartOf\":{\"@id\":\"https:\/\/www.cycjetes.com\/#website\"},\"primaryImageOfPage\":{\"@id\":\"https:\/\/www.cycjetes.com\/?product=cycjet-high-speed-small-character-inkjet-printer-model-b3020#primaryimage\"},\"image\":{\"@id\":\"https:\/\/www.cycjetes.com\/?product=cycjet-high-speed-small-character-inkjet-printer-model-b3020#primaryimage\"},\"thumbnailUrl\":\"https:\/\/www.cycjetes.com\/wp-content\/uploads\/2021\/08\/CYCJET-B3020-Industrial-Inkjet-Printer-01.jpg\",\"datePublished\":\"2021-08-11T03:52:34+00:00\",\"dateModified\":\"2025-06-06T07:14:37+00:00\",\"breadcrumb\":{\"@id\":\"https:\/\/www.cycjetes.com\/?product=cycjet-high-speed-small-character-inkjet-printer-model-b3020#breadcrumb\"},\"inLanguage\":\"en-US\",\"potentialAction\":[{\"@type\":\"ReadAction\",\"target\":[\"https:\/\/www.cycjetes.com\/?product=cycjet-high-speed-small-character-inkjet-printer-model-b3020\"]}]},{\"@type\":\"ImageObject\",\"inLanguage\":\"en-US\",\"@id\":\"https:\/\/www.cycjetes.com\/?product=cycjet-high-speed-small-character-inkjet-printer-model-b3020#primaryimage\",\"url\":\"https:\/\/www.cycjetes.com\/wp-content\/uploads\/2021\/08\/CYCJET-B3020-Industrial-Inkjet-Printer-01.jpg\",\"contentUrl\":\"https:\/\/www.cycjetes.com\/wp-content\/uploads\/2021\/08\/CYCJET-B3020-Industrial-Inkjet-Printer-01.jpg\",\"width\":600,\"height\":600},{\"@type\":\"BreadcrumbList\",\"@id\":\"https:\/\/www.cycjetes.com\/?product=cycjet-high-speed-small-character-inkjet-printer-model-b3020#breadcrumb\",\"itemListElement\":[{\"@type\":\"ListItem\",\"position\":1,\"name\":\"Home\",\"item\":\"https:\/\/www.cycjetes.com\/\"},{\"@type\":\"ListItem\",\"position\":2,\"name\":\"Products\",\"item\":\"https:\/\/www.cycjetes.com\/?page_id=7\"},{\"@type\":\"ListItem\",\"position\":3,\"name\":\"Impresora de inyecci\u00f3n de tinta de caracteres peque\u00f1os de alta velocidad CYCJET modelo B3020\"}]},{\"@type\":\"WebSite\",\"@id\":\"https:\/\/www.cycjetes.com\/#website\",\"url\":\"https:\/\/www.cycjetes.com\/\",\"name\":\"CYCJET\",\"description\":\"\",\"potentialAction\":[{\"@type\":\"SearchAction\",\"target\":{\"@type\":\"EntryPoint\",\"urlTemplate\":\"https:\/\/www.cycjetes.com\/?s={search_term_string}\"},\"query-input\":{\"@type\":\"PropertyValueSpecification\",\"valueRequired\":true,\"valueName\":\"search_term_string\"}}],\"inLanguage\":\"en-US\"}]}<\/script>\n<!-- \/ Yoast SEO plugin. -->","yoast_head_json":{"title":"Impresora de inyecci\u00f3n de tinta de caracteres peque\u00f1os de alta velocidad CYCJET modelo B3020 - CYCJET","robots":{"index":"index","follow":"follow","max-snippet":"max-snippet:-1","max-image-preview":"max-image-preview:large","max-video-preview":"max-video-preview:-1"},"canonical":"https:\/\/www.cycjetes.com\/?product=cycjet-high-speed-small-character-inkjet-printer-model-b3020","og_locale":"en_US","og_type":"article","og_title":"Impresora de inyecci\u00f3n de tinta de caracteres peque\u00f1os de alta velocidad CYCJET modelo B3020 - CYCJET","og_description":"Modelo: B3020   Marca:  CYCJET   MOQ: 1 Set   Certificaci\u00f3n:  CE, SGS   Pago: L\/C, D\/P, T\/T, Western Union   Garant\u00eda: 1 A\u00f1o","og_url":"https:\/\/www.cycjetes.com\/?product=cycjet-high-speed-small-character-inkjet-printer-model-b3020","og_site_name":"CYCJET","article_modified_time":"2025-06-06T07:14:37+00:00","og_image":[{"width":600,"height":600,"url":"https:\/\/www.cycjetes.com\/wp-content\/uploads\/2021\/08\/CYCJET-B3020-Industrial-Inkjet-Printer-01.jpg","type":"image\/jpeg"}],"twitter_card":"summary_large_image","schema":{"@context":"https:\/\/schema.org","@graph":[{"@type":"WebPage","@id":"https:\/\/www.cycjetes.com\/?product=cycjet-high-speed-small-character-inkjet-printer-model-b3020","url":"https:\/\/www.cycjetes.com\/?product=cycjet-high-speed-small-character-inkjet-printer-model-b3020","name":"Impresora de inyecci\u00f3n de tinta de caracteres peque\u00f1os de alta velocidad CYCJET modelo B3020 - CYCJET","isPartOf":{"@id":"https:\/\/www.cycjetes.com\/#website"},"primaryImageOfPage":{"@id":"https:\/\/www.cycjetes.com\/?product=cycjet-high-speed-small-character-inkjet-printer-model-b3020#primaryimage"},"image":{"@id":"https:\/\/www.cycjetes.com\/?product=cycjet-high-speed-small-character-inkjet-printer-model-b3020#primaryimage"},"thumbnailUrl":"https:\/\/www.cycjetes.com\/wp-content\/uploads\/2021\/08\/CYCJET-B3020-Industrial-Inkjet-Printer-01.jpg","datePublished":"2021-08-11T03:52:34+00:00","dateModified":"2025-06-06T07:14:37+00:00","breadcrumb":{"@id":"https:\/\/www.cycjetes.com\/?product=cycjet-high-speed-small-character-inkjet-printer-model-b3020#breadcrumb"},"inLanguage":"en-US","potentialAction":[{"@type":"ReadAction","target":["https:\/\/www.cycjetes.com\/?product=cycjet-high-speed-small-character-inkjet-printer-model-b3020"]}]},{"@type":"ImageObject","inLanguage":"en-US","@id":"https:\/\/www.cycjetes.com\/?product=cycjet-high-speed-small-character-inkjet-printer-model-b3020#primaryimage","url":"https:\/\/www.cycjetes.com\/wp-content\/uploads\/2021\/08\/CYCJET-B3020-Industrial-Inkjet-Printer-01.jpg","contentUrl":"https:\/\/www.cycjetes.com\/wp-content\/uploads\/2021\/08\/CYCJET-B3020-Industrial-Inkjet-Printer-01.jpg","width":600,"height":600},{"@type":"BreadcrumbList","@id":"https:\/\/www.cycjetes.com\/?product=cycjet-high-speed-small-character-inkjet-printer-model-b3020#breadcrumb","itemListElement":[{"@type":"ListItem","position":1,"name":"Home","item":"https:\/\/www.cycjetes.com\/"},{"@type":"ListItem","position":2,"name":"Products","item":"https:\/\/www.cycjetes.com\/?page_id=7"},{"@type":"ListItem","position":3,"name":"Impresora de inyecci\u00f3n de tinta de caracteres peque\u00f1os de alta velocidad CYCJET modelo B3020"}]},{"@type":"WebSite","@id":"https:\/\/www.cycjetes.com\/#website","url":"https:\/\/www.cycjetes.com\/","name":"CYCJET","description":"","potentialAction":[{"@type":"SearchAction","target":{"@type":"EntryPoint","urlTemplate":"https:\/\/www.cycjetes.com\/?s={search_term_string}"},"query-input":{"@type":"PropertyValueSpecification","valueRequired":true,"valueName":"search_term_string"}}],"inLanguage":"en-US"}]}},"_links":{"self":[{"href":"https:\/\/www.cycjetes.com\/index.php?rest_route=\/wp\/v2\/product\/167","targetHints":{"allow":["GET"]}}],"collection":[{"href":"https:\/\/www.cycjetes.com\/index.php?rest_route=\/wp\/v2\/product"}],"about":[{"href":"https:\/\/www.cycjetes.com\/index.php?rest_route=\/wp\/v2\/types\/product"}],"replies":[{"embeddable":true,"href":"https:\/\/www.cycjetes.com\/index.php?rest_route=%2Fwp%2Fv2%2Fcomments&post=167"}],"wp:featuredmedia":[{"embeddable":true,"href":"https:\/\/www.cycjetes.com\/index.php?rest_route=\/wp\/v2\/media\/1198"}],"wp:attachment":[{"href":"https:\/\/www.cycjetes.com\/index.php?rest_route=%2Fwp%2Fv2%2Fmedia&parent=167"}],"wp:term":[{"taxonomy":"product_brand","embeddable":true,"href":"https:\/\/www.cycjetes.com\/index.php?rest_route=%2Fwp%2Fv2%2Fproduct_brand&post=167"},{"taxonomy":"product_cat","embeddable":true,"href":"https:\/\/www.cycjetes.com\/index.php?rest_route=%2Fwp%2Fv2%2Fproduct_cat&post=167"},{"taxonomy":"product_tag","embeddable":true,"href":"https:\/\/www.cycjetes.com\/index.php?rest_route=%2Fwp%2Fv2%2Fproduct_tag&post=167"}],"curies":[{"name":"wp","href":"https:\/\/api.w.org\/{rel}","templated":true}]}}