{"id":165,"date":"2021-08-11T03:50:13","date_gmt":"2021-08-11T03:50:13","guid":{"rendered":"https:\/\/spcycjet.tradeoptimize-clients.com\/?post_type=product&#038;p=165"},"modified":"2025-06-06T07:24:58","modified_gmt":"2025-06-06T07:24:58","slug":"cycjet-large-character-hand-inkjet-printer-model-alt160plus","status":"publish","type":"product","link":"https:\/\/www.cycjetes.com\/?product=cycjet-large-character-hand-inkjet-printer-model-alt160plus","title":{"rendered":"Impresora manual de inyecci\u00f3n de tinta de caracteres grandes CYCJET Modelo ALT160Plus"},"content":{"rendered":"<div class=\"row row-full-width\"  id=\"row-618660121\">\n\n\t<div id=\"col-712073560\" class=\"col medium-6 small-12 large-6\"  data-animate=\"fadeInLeft\">\n\t\t<div class=\"col-inner\"  >\n\t\t\t\n\t\t\t\n\t<div id=\"text-3125895541\" class=\"text\">\n\t\t\n<div class=\"tem378-irregular noScrollMove bgFixed clearBg\">\n<div class=\"content-right content-section noScrollMove tem44-irregular\">\n<div class=\"container\">\n<div class=\"row\">\n<div class=\"flexBoxStem irregular-item\">\n<div class=\"flexBoxFill col-lg-9 col-md-9 col-sm-9 col-xs-12 content-float\">\n<div>\n<div class=\"tem06-irregular-text wow animated fadeInUp\">\n<div class=\"h2 bg-color-after font-color-gray-level-3 title\">\n<section>\n<h3><span style=\"color: #333399\"><strong>DESCRIPCI\u00d3N DEL PRODUCTO<\/strong><\/span><\/h3>\n<\/section>\n<\/div>\n<div class=\"text description\">\n<section>\n<ol>\n<li>Sistema de impresi\u00f3n de caracteres grandes.<\/li>\n<li>F\u00e1cil instalaci\u00f3n y operaci\u00f3n sencilla.<\/li>\n<li>Dise\u00f1o simple, compacto y f\u00e1cil de instalar.<\/li>\n<li>Operaci\u00f3n en chino e ingl\u00e9s, men\u00fa inteligente.<\/li>\n<li>No necesita aire comprimido.<\/li>\n<li>Dise\u00f1o de voltaje amplio, adecuado para varios entornos industriales.<\/li>\n<li>Pantalla t\u00e1ctil con larga vida \u00fatil y teclado laminado, f\u00e1cil de leer e ingresar informaci\u00f3n.<\/li>\n<li>Almacenamiento de informaci\u00f3n de hasta cien entradas, m\u00e1s de 8,000 caracteres chinos para satisfacer las necesidades de producci\u00f3n.<\/li>\n<\/ol>\n<\/section>\n<\/div>\n<\/div>\n<\/div>\n<\/div>\n<\/div>\n<\/div>\n<\/div>\n<\/div>\n<\/div>\n\t\t\n<style>\n#text-3125895541 {\n  line-height: 1.5;\n}\n<\/style>\n\t<\/div>\n\t\n\t\t<\/div>\n\t\t\t<\/div>\n\n\t\n\n\t<div id=\"col-49505491\" class=\"col medium-6 small-12 large-6\"  data-animate=\"fadeInRight\">\n\t\t<div class=\"col-inner\"  >\n\t\t\t\n\t\t\t\n\t<div class=\"img has-hover x md-x lg-x y md-y lg-y\" id=\"image_404910114\">\n\t\t\t\t\t\t\t\t<div class=\"img-inner dark\" >\n\t\t\t<img loading=\"lazy\" decoding=\"async\" width=\"600\" height=\"394\" src=\"https:\/\/www.cycjetes.com\/wp-content\/uploads\/2021\/09\/ICM-LCIP-03.webp\" class=\"attachment-large size-large\" alt=\"\" srcset=\"https:\/\/www.cycjetes.com\/wp-content\/uploads\/2021\/09\/ICM-LCIP-03.webp 600w, https:\/\/www.cycjetes.com\/wp-content\/uploads\/2021\/09\/ICM-LCIP-03-300x197.webp 300w\" sizes=\"auto, (max-width: 600px) 100vw, 600px\" \/>\t\t\t\t\t\t\n\t\t\t\t\t<\/div>\n\t\t\t\t\t\t\t\t\n<style>\n#image_404910114 {\n  width: 100%;\n}\n<\/style>\n\t<\/div>\n\t\n\t\t<\/div>\n\t\t\t<\/div>\n\n\t\n<\/div>\n<div class=\"row row-full-width\"  id=\"row-801274598\">\n\n\t<div id=\"col-420003888\" class=\"col medium-4 small-12 large-4\"  >\n\t\t<div class=\"col-inner\"  >\n\t\t\t\n\t<div class=\"is-border\"\n\t\tstyle=\"border-color:rgb(255, 195, 0);border-radius:50px;border-width:2px 2px 2px 2;\">\n\t<\/div>\n\t\t\t\n\t<div class=\"box has-hover   has-hover box-text-bottom\" >\n\n\t\t<div class=\"box-image\" >\n\t\t\t\t\t\t<div class=\"\" >\n\t\t\t\t<img loading=\"lazy\" decoding=\"async\" width=\"750\" height=\"563\" src=\"https:\/\/www.cycjetes.com\/wp-content\/uploads\/2021\/09\/ICM-LCIP-03-App-1.webp\" class=\"attachment- size-\" alt=\"\" srcset=\"https:\/\/www.cycjetes.com\/wp-content\/uploads\/2021\/09\/ICM-LCIP-03-App-1.webp 750w, https:\/\/www.cycjetes.com\/wp-content\/uploads\/2021\/09\/ICM-LCIP-03-App-1-300x225.webp 300w, https:\/\/www.cycjetes.com\/wp-content\/uploads\/2021\/09\/ICM-LCIP-03-App-1-600x450.webp 600w\" sizes=\"auto, (max-width: 750px) 100vw, 750px\" \/>\t\t\t\t\t\t\t\t\t\t\t<\/div>\n\t\t\t\t\t<\/div>\n\n\t\t<div class=\"box-text text-center\" >\n\t\t\t<div class=\"box-text-inner\">\n\t\t\t\t\n<h4><span style=\"color: #333399\">Estructura de Acero<\/span><\/h4>\n<p>El acero es un material indispensable en la construcci\u00f3n nacional, la fabricaci\u00f3n y la vida diaria de las personas. Tiene un uso amplio y vers\u00e1til. Seg\u00fan la forma de la secci\u00f3n, el acero se divide en cuatro categor\u00edas: perfiles, placas, tubos y productos met\u00e1licos. Cada tipo requiere la identificaci\u00f3n correspondiente del est\u00e1ndar nacional, modelo, n\u00famero de lote, especificaciones, informaci\u00f3n de la empresa, etc. El dise\u00f1o compacto y elegante del CYCJET ALT160Plus facilita el transporte de logotipos en cualquier escenario.<br \/>\n\t\t\t<\/div>\n\t\t<\/div>\n\t<\/div>\n\t\n\t\t<\/div>\n\t\t\t<\/div>\n\n\t\n\n\t<div id=\"col-332454507\" class=\"col medium-4 small-12 large-4\"  >\n\t\t<div class=\"col-inner\"  >\n\t\t\t\n\t<div class=\"is-border\"\n\t\tstyle=\"border-color:rgb(255, 195, 0);border-radius:50px;border-width:2px 2px 2px 2;\">\n\t<\/div>\n\t\t\t\n\t<div class=\"box has-hover   has-hover box-text-bottom\" >\n\n\t\t<div class=\"box-image\" >\n\t\t\t\t\t\t<div class=\"\" >\n\t\t\t\t<img loading=\"lazy\" decoding=\"async\" width=\"619\" height=\"429\" src=\"https:\/\/www.cycjetes.com\/wp-content\/uploads\/2021\/09\/ICM-LCIP-03-App-2-e.webp\" class=\"attachment- size-\" alt=\"\" srcset=\"https:\/\/www.cycjetes.com\/wp-content\/uploads\/2021\/09\/ICM-LCIP-03-App-2-e.webp 619w, https:\/\/www.cycjetes.com\/wp-content\/uploads\/2021\/09\/ICM-LCIP-03-App-2-e-300x208.webp 300w, https:\/\/www.cycjetes.com\/wp-content\/uploads\/2021\/09\/ICM-LCIP-03-App-2-e-600x416.webp 600w\" sizes=\"auto, (max-width: 619px) 100vw, 619px\" \/>\t\t\t\t\t\t\t\t\t\t\t<\/div>\n\t\t\t\t\t<\/div>\n\n\t\t<div class=\"box-text text-center\" >\n\t\t\t<div class=\"box-text-inner\">\n\t\t\t\t\n<h4><span style=\"color: #333399\">Tuber\u00edas de Acero<\/span><\/h4>\n<p>Debido a sus diferentes di\u00e1metros y formas, las tuber\u00edas de acero pueden dividirse en tuber\u00edas redondas, cuadradas, rectangulares y de formas especiales. El dise\u00f1o compacto y exquisito del CYCJET ALT160Plus ofrece una duraci\u00f3n de hasta 16 horas. Se puede utilizar f\u00e1cilmente en exteriores u otros entornos durante largos periodos de tiempo.<br \/>\n\t\t\t<\/div>\n\t\t<\/div>\n\t<\/div>\n\t\n\t\t<\/div>\n\t\t\t<\/div>\n\n\t\n\n\t<div id=\"col-1093572222\" class=\"col medium-4 small-12 large-4\"  >\n\t\t<div class=\"col-inner\"  >\n\t\t\t\n\t<div class=\"is-border\"\n\t\tstyle=\"border-color:rgb(255, 195, 0);border-radius:50px;border-width:2px 2px 2px 2;\">\n\t<\/div>\n\t\t\t\n\t<div class=\"box has-hover   has-hover box-text-bottom\" >\n\n\t\t<div class=\"box-image\" >\n\t\t\t\t\t\t<div class=\"\" >\n\t\t\t\t<img loading=\"lazy\" decoding=\"async\" width=\"619\" height=\"429\" src=\"https:\/\/www.cycjetes.com\/wp-content\/uploads\/2021\/09\/ICM-LCIP-03-App-3-e.webp\" class=\"attachment- size-\" alt=\"\" srcset=\"https:\/\/www.cycjetes.com\/wp-content\/uploads\/2021\/09\/ICM-LCIP-03-App-3-e.webp 619w, https:\/\/www.cycjetes.com\/wp-content\/uploads\/2021\/09\/ICM-LCIP-03-App-3-e-300x208.webp 300w, https:\/\/www.cycjetes.com\/wp-content\/uploads\/2021\/09\/ICM-LCIP-03-App-3-e-600x416.webp 600w\" sizes=\"auto, (max-width: 619px) 100vw, 619px\" \/>\t\t\t\t\t\t\t\t\t\t\t<\/div>\n\t\t\t\t\t<\/div>\n\n\t\t<div class=\"box-text text-center\" >\n\t\t\t<div class=\"box-text-inner\">\n\t\t\t\t\n<h4><span style=\"color: #333399\">Hormig\u00f3n<\/span><\/h4>\n<p>El edificio de hormig\u00f3n prefabricado es un tipo de estructura construida principalmente con componentes de hormig\u00f3n reforzado prefabricado y ensamblado en el sitio, lo que mejora la calidad y eficiencia de la construcci\u00f3n. CYCJET ha eliminado estos inconvenientes. Su dise\u00f1o compacto est\u00e1 equipado con una gran pantalla t\u00e1ctil LCD. No requiere muchas plantillas, lo que permite a este codificador manual editar y ajustar el tama\u00f1o de fuente seg\u00fan diferentes componentes prefabricados de hormig\u00f3n en cualquier momento y lugar.<br \/>\n\t\t\t<\/div>\n\t\t<\/div>\n\t<\/div>\n\t\n\t\t<\/div>\n\t\t\t<\/div>\n\n\t\n<\/div>\n<div class=\"row\"  id=\"row-1343597326\">\n\n\t<div id=\"col-486199122\" class=\"col small-12 large-12\"  >\n\t\t<div class=\"col-inner\"  >\n\t\t\t\n\t\t\t\n<div class=\"container section-title-container\" ><h2 class=\"section-title section-title-center\"><b><\/b><span class=\"section-title-main\" style=\"color:rgb(14, 24, 184);\">Especificaciones T\u00e9cnicas<\/span><b><\/b><\/h2><\/div>\n\t\t<\/div>\n\t\t\t<\/div>\n\n\t\n\n\t<div id=\"col-780997949\" class=\"col small-12 large-12\"  >\n\t\t<div class=\"col-inner\"  >\n\t\t\t\n\t\t\t\n<table class=\"table table-bordered table-hover\">\n<tbody>\n<tr class=\"firstRow\">\n<td valign=\"center\" width=\"185\">Altura de Impresi\u00f3n<\/td>\n<td valign=\"center\" width=\"497\">25&#8211;60mm<\/td>\n<\/tr>\n<tr>\n<td valign=\"center\" width=\"185\">Espaciado de Impresi\u00f3n<\/td>\n<td valign=\"center\" width=\"497\">8&#8211;10mm<\/td>\n<\/tr>\n<tr>\n<td valign=\"center\" width=\"185\">L\u00edneas de Impresi\u00f3n<\/td>\n<td valign=\"center\" width=\"497\">M\u00e1ximo 2 l\u00edneas<\/td>\n<\/tr>\n<tr>\n<td valign=\"center\" width=\"185\">Configuraci\u00f3n B\u00e1sica<\/td>\n<td valign=\"center\" width=\"497\">Impresi\u00f3n de hasta dos l\u00edneas de n\u00fameros o letras (chino, ingl\u00e9s), gr\u00e1ficos simples. No requiere fuente de gas externa. Garant\u00eda de un a\u00f1o.<\/td>\n<\/tr>\n<tr>\n<td valign=\"center\" width=\"185\">Velocidad de Impresi\u00f3n<\/td>\n<td valign=\"center\" width=\"497\">Control manual<\/td>\n<\/tr>\n<tr>\n<td valign=\"center\" width=\"185\">Funci\u00f3n de Software<\/td>\n<td valign=\"center\" width=\"497\">Fecha y hora en tiempo real, conteo de productos, frecuencia<\/td>\n<\/tr>\n<tr>\n<td valign=\"center\" width=\"185\">Funci\u00f3n de Operaci\u00f3n<\/td>\n<td valign=\"center\" width=\"497\">Sistema operativo en ingl\u00e9s, retraso de impresi\u00f3n, ancho y altura de fuente, orientaci\u00f3n, autolimpieza, configuraci\u00f3n del sensor<\/td>\n<\/tr>\n<tr>\n<td valign=\"center\" width=\"185\">Contenido de Impresi\u00f3n<\/td>\n<td valign=\"center\" width=\"497\">Fecha real, hora real, letras, grupo de turno, n\u00famero de serie, n\u00famero de lote, impresi\u00f3n libre<\/td>\n<\/tr>\n<tr>\n<td valign=\"center\" width=\"185\">Direcci\u00f3n de Impresi\u00f3n<\/td>\n<td valign=\"center\" width=\"497\">Impresi\u00f3n hacia arriba, hacia abajo, lateral (impresi\u00f3n en 360\u00b0)<\/td>\n<\/tr>\n<tr>\n<td valign=\"center\" width=\"185\">Interfaz del Operador<\/td>\n<td valign=\"center\" width=\"497\">Estilo gr\u00e1fico y men\u00fa en chino o ingl\u00e9s (espa\u00f1ol, portugu\u00e9s, \u00e1rabe), vista previa en tiempo real<\/td>\n<\/tr>\n<tr>\n<td valign=\"center\" width=\"185\">Funci\u00f3n de Memoria<\/td>\n<td valign=\"center\" width=\"497\">M\u00e1s de 60 textos almacenables<\/td>\n<\/tr>\n<tr>\n<td valign=\"center\" width=\"185\">Color de Tinta<\/td>\n<td valign=\"center\" width=\"497\">Negro, rojo, amarillo, azul, blanco<\/td>\n<\/tr>\n<tr>\n<td valign=\"center\" width=\"185\">Nivel de Protecci\u00f3n<\/td>\n<td valign=\"center\" width=\"497\">No apto para ambientes con mucho polvo o alta humedad<\/td>\n<\/tr>\n<tr>\n<td valign=\"center\" width=\"185\">Peso de la M\u00e1quina<\/td>\n<td valign=\"center\" width=\"497\">1.80kg<\/td>\n<\/tr>\n<tr>\n<td valign=\"center\" width=\"185\">Alimentaci\u00f3n<\/td>\n<td valign=\"center\" width=\"497\">AC220V\u00b110%, 50-60HZ, 5 W<\/td>\n<\/tr>\n<tr>\n<td valign=\"center\" width=\"185\">Rango de Humedad<\/td>\n<td valign=\"center\" width=\"497\">10-90% sin condensaci\u00f3n<\/td>\n<\/tr>\n<tr>\n<td valign=\"center\" width=\"185\">Rango de Temperatura<\/td>\n<td valign=\"center\" width=\"497\">5-40\u00b0C<\/td>\n<\/tr>\n<tr>\n<td valign=\"center\" width=\"185\">Otros<\/td>\n<td valign=\"center\" width=\"497\">No necesita aire comprimido externo ni disolventes<\/td>\n<\/tr>\n<\/tbody>\n<\/table>\n\t\t<\/div>\n\t\t\t<\/div>\n\n\t\n<\/div>\n","protected":false},"excerpt":{"rendered":"<table>\n<tbody>\n<tr>\n<td width=\"176\"><strong>Modelo:<\/strong><\/td>\n<td width=\"182\">ALT160PLUS<\/td>\n<\/tr>\n<tr>\n<td width=\"176\"><strong>Marca: <\/strong><\/td>\n<td width=\"182\">CYCJET<\/td>\n<\/tr>\n<tr>\n<td width=\"176\"><strong>MOQ<\/strong>:<\/td>\n<td width=\"182\">1 Set<\/td>\n<\/tr>\n<tr>\n<td width=\"176\"><strong>Certificaci\u00f3n: <\/strong><\/td>\n<td width=\"182\">CE, SGS<\/td>\n<\/tr>\n<tr>\n<td width=\"176\"><strong>Pago:<\/strong><\/td>\n<td width=\"182\">L\/C, Efectivo, Western Union, T\/T, Paypal<\/td>\n<\/tr>\n<\/tr>\n<td width=\"176\"><strong>Garant\u00eda:<\/strong><\/td>\n<td width=\"182\">1 A\u00f1o<\/td>\n<\/tr>\n<\/tbody>\n<\/table>\n<\/table>\n","protected":false},"featured_media":493,"comment_status":"closed","ping_status":"closed","template":"","meta":[],"product_brand":[],"product_cat":[19,23],"product_tag":[],"class_list":{"0":"post-165","1":"product","2":"type-product","3":"status-publish","4":"has-post-thumbnail","6":"product_cat-inkjet-coding-machines","7":"product_cat-large-character-inkjet-printer","9":"first","10":"instock","11":"shipping-taxable","12":"product-type-simple"},"yoast_head":"<!-- This site is optimized with the Yoast SEO plugin v25.2 - https:\/\/yoast.com\/wordpress\/plugins\/seo\/ -->\n<title>Impresora manual de inyecci\u00f3n de tinta de caracteres grandes CYCJET Modelo ALT160Plus - CYCJET<\/title>\n<meta name=\"robots\" content=\"index, follow, max-snippet:-1, max-image-preview:large, max-video-preview:-1\" \/>\n<link rel=\"canonical\" href=\"https:\/\/www.cycjetes.com\/?product=cycjet-large-character-hand-inkjet-printer-model-alt160plus\" \/>\n<meta property=\"og:locale\" content=\"en_US\" \/>\n<meta property=\"og:type\" content=\"article\" \/>\n<meta property=\"og:title\" content=\"Impresora manual de inyecci\u00f3n de tinta de caracteres grandes CYCJET Modelo ALT160Plus - CYCJET\" \/>\n<meta property=\"og:description\" content=\"Modelo: ALT160PLUS   Marca:  CYCJET   MOQ: 1 Set   Certificaci\u00f3n:  CE, SGS   Pago: L\/C, Efectivo, Western Union, T\/T, Paypal   Garant\u00eda: 1 A\u00f1o\" \/>\n<meta property=\"og:url\" content=\"https:\/\/www.cycjetes.com\/?product=cycjet-large-character-hand-inkjet-printer-model-alt160plus\" \/>\n<meta property=\"og:site_name\" content=\"CYCJET\" \/>\n<meta property=\"article:modified_time\" content=\"2025-06-06T07:24:58+00:00\" \/>\n<meta property=\"og:image\" content=\"https:\/\/www.cycjetes.com\/wp-content\/uploads\/2021\/08\/16124021843353.jpg\" \/>\n\t<meta property=\"og:image:width\" content=\"1000\" \/>\n\t<meta property=\"og:image:height\" content=\"1000\" \/>\n\t<meta property=\"og:image:type\" content=\"image\/jpeg\" \/>\n<meta name=\"twitter:card\" content=\"summary_large_image\" \/>\n<script type=\"application\/ld+json\" class=\"yoast-schema-graph\">{\"@context\":\"https:\/\/schema.org\",\"@graph\":[{\"@type\":\"WebPage\",\"@id\":\"https:\/\/www.cycjetes.com\/?product=cycjet-large-character-hand-inkjet-printer-model-alt160plus\",\"url\":\"https:\/\/www.cycjetes.com\/?product=cycjet-large-character-hand-inkjet-printer-model-alt160plus\",\"name\":\"Impresora manual de inyecci\u00f3n de tinta de caracteres grandes CYCJET Modelo ALT160Plus - CYCJET\",\"isPartOf\":{\"@id\":\"https:\/\/www.cycjetes.com\/#website\"},\"primaryImageOfPage\":{\"@id\":\"https:\/\/www.cycjetes.com\/?product=cycjet-large-character-hand-inkjet-printer-model-alt160plus#primaryimage\"},\"image\":{\"@id\":\"https:\/\/www.cycjetes.com\/?product=cycjet-large-character-hand-inkjet-printer-model-alt160plus#primaryimage\"},\"thumbnailUrl\":\"https:\/\/www.cycjetes.com\/wp-content\/uploads\/2021\/08\/16124021843353.jpg\",\"datePublished\":\"2021-08-11T03:50:13+00:00\",\"dateModified\":\"2025-06-06T07:24:58+00:00\",\"breadcrumb\":{\"@id\":\"https:\/\/www.cycjetes.com\/?product=cycjet-large-character-hand-inkjet-printer-model-alt160plus#breadcrumb\"},\"inLanguage\":\"en-US\",\"potentialAction\":[{\"@type\":\"ReadAction\",\"target\":[\"https:\/\/www.cycjetes.com\/?product=cycjet-large-character-hand-inkjet-printer-model-alt160plus\"]}]},{\"@type\":\"ImageObject\",\"inLanguage\":\"en-US\",\"@id\":\"https:\/\/www.cycjetes.com\/?product=cycjet-large-character-hand-inkjet-printer-model-alt160plus#primaryimage\",\"url\":\"https:\/\/www.cycjetes.com\/wp-content\/uploads\/2021\/08\/16124021843353.jpg\",\"contentUrl\":\"https:\/\/www.cycjetes.com\/wp-content\/uploads\/2021\/08\/16124021843353.jpg\",\"width\":1000,\"height\":1000},{\"@type\":\"BreadcrumbList\",\"@id\":\"https:\/\/www.cycjetes.com\/?product=cycjet-large-character-hand-inkjet-printer-model-alt160plus#breadcrumb\",\"itemListElement\":[{\"@type\":\"ListItem\",\"position\":1,\"name\":\"Home\",\"item\":\"https:\/\/www.cycjetes.com\/\"},{\"@type\":\"ListItem\",\"position\":2,\"name\":\"Products\",\"item\":\"https:\/\/www.cycjetes.com\/?page_id=7\"},{\"@type\":\"ListItem\",\"position\":3,\"name\":\"Impresora manual de inyecci\u00f3n de tinta de caracteres grandes CYCJET Modelo ALT160Plus\"}]},{\"@type\":\"WebSite\",\"@id\":\"https:\/\/www.cycjetes.com\/#website\",\"url\":\"https:\/\/www.cycjetes.com\/\",\"name\":\"CYCJET\",\"description\":\"\",\"potentialAction\":[{\"@type\":\"SearchAction\",\"target\":{\"@type\":\"EntryPoint\",\"urlTemplate\":\"https:\/\/www.cycjetes.com\/?s={search_term_string}\"},\"query-input\":{\"@type\":\"PropertyValueSpecification\",\"valueRequired\":true,\"valueName\":\"search_term_string\"}}],\"inLanguage\":\"en-US\"}]}<\/script>\n<!-- \/ Yoast SEO plugin. -->","yoast_head_json":{"title":"Impresora manual de inyecci\u00f3n de tinta de caracteres grandes CYCJET Modelo ALT160Plus - CYCJET","robots":{"index":"index","follow":"follow","max-snippet":"max-snippet:-1","max-image-preview":"max-image-preview:large","max-video-preview":"max-video-preview:-1"},"canonical":"https:\/\/www.cycjetes.com\/?product=cycjet-large-character-hand-inkjet-printer-model-alt160plus","og_locale":"en_US","og_type":"article","og_title":"Impresora manual de inyecci\u00f3n de tinta de caracteres grandes CYCJET Modelo ALT160Plus - CYCJET","og_description":"Modelo: ALT160PLUS   Marca:  CYCJET   MOQ: 1 Set   Certificaci\u00f3n:  CE, SGS   Pago: L\/C, Efectivo, Western Union, T\/T, Paypal   Garant\u00eda: 1 A\u00f1o","og_url":"https:\/\/www.cycjetes.com\/?product=cycjet-large-character-hand-inkjet-printer-model-alt160plus","og_site_name":"CYCJET","article_modified_time":"2025-06-06T07:24:58+00:00","og_image":[{"width":1000,"height":1000,"url":"https:\/\/www.cycjetes.com\/wp-content\/uploads\/2021\/08\/16124021843353.jpg","type":"image\/jpeg"}],"twitter_card":"summary_large_image","schema":{"@context":"https:\/\/schema.org","@graph":[{"@type":"WebPage","@id":"https:\/\/www.cycjetes.com\/?product=cycjet-large-character-hand-inkjet-printer-model-alt160plus","url":"https:\/\/www.cycjetes.com\/?product=cycjet-large-character-hand-inkjet-printer-model-alt160plus","name":"Impresora manual de inyecci\u00f3n de tinta de caracteres grandes CYCJET Modelo ALT160Plus - CYCJET","isPartOf":{"@id":"https:\/\/www.cycjetes.com\/#website"},"primaryImageOfPage":{"@id":"https:\/\/www.cycjetes.com\/?product=cycjet-large-character-hand-inkjet-printer-model-alt160plus#primaryimage"},"image":{"@id":"https:\/\/www.cycjetes.com\/?product=cycjet-large-character-hand-inkjet-printer-model-alt160plus#primaryimage"},"thumbnailUrl":"https:\/\/www.cycjetes.com\/wp-content\/uploads\/2021\/08\/16124021843353.jpg","datePublished":"2021-08-11T03:50:13+00:00","dateModified":"2025-06-06T07:24:58+00:00","breadcrumb":{"@id":"https:\/\/www.cycjetes.com\/?product=cycjet-large-character-hand-inkjet-printer-model-alt160plus#breadcrumb"},"inLanguage":"en-US","potentialAction":[{"@type":"ReadAction","target":["https:\/\/www.cycjetes.com\/?product=cycjet-large-character-hand-inkjet-printer-model-alt160plus"]}]},{"@type":"ImageObject","inLanguage":"en-US","@id":"https:\/\/www.cycjetes.com\/?product=cycjet-large-character-hand-inkjet-printer-model-alt160plus#primaryimage","url":"https:\/\/www.cycjetes.com\/wp-content\/uploads\/2021\/08\/16124021843353.jpg","contentUrl":"https:\/\/www.cycjetes.com\/wp-content\/uploads\/2021\/08\/16124021843353.jpg","width":1000,"height":1000},{"@type":"BreadcrumbList","@id":"https:\/\/www.cycjetes.com\/?product=cycjet-large-character-hand-inkjet-printer-model-alt160plus#breadcrumb","itemListElement":[{"@type":"ListItem","position":1,"name":"Home","item":"https:\/\/www.cycjetes.com\/"},{"@type":"ListItem","position":2,"name":"Products","item":"https:\/\/www.cycjetes.com\/?page_id=7"},{"@type":"ListItem","position":3,"name":"Impresora manual de inyecci\u00f3n de tinta de caracteres grandes CYCJET Modelo ALT160Plus"}]},{"@type":"WebSite","@id":"https:\/\/www.cycjetes.com\/#website","url":"https:\/\/www.cycjetes.com\/","name":"CYCJET","description":"","potentialAction":[{"@type":"SearchAction","target":{"@type":"EntryPoint","urlTemplate":"https:\/\/www.cycjetes.com\/?s={search_term_string}"},"query-input":{"@type":"PropertyValueSpecification","valueRequired":true,"valueName":"search_term_string"}}],"inLanguage":"en-US"}]}},"_links":{"self":[{"href":"https:\/\/www.cycjetes.com\/index.php?rest_route=\/wp\/v2\/product\/165","targetHints":{"allow":["GET"]}}],"collection":[{"href":"https:\/\/www.cycjetes.com\/index.php?rest_route=\/wp\/v2\/product"}],"about":[{"href":"https:\/\/www.cycjetes.com\/index.php?rest_route=\/wp\/v2\/types\/product"}],"replies":[{"embeddable":true,"href":"https:\/\/www.cycjetes.com\/index.php?rest_route=%2Fwp%2Fv2%2Fcomments&post=165"}],"wp:featuredmedia":[{"embeddable":true,"href":"https:\/\/www.cycjetes.com\/index.php?rest_route=\/wp\/v2\/media\/493"}],"wp:attachment":[{"href":"https:\/\/www.cycjetes.com\/index.php?rest_route=%2Fwp%2Fv2%2Fmedia&parent=165"}],"wp:term":[{"taxonomy":"product_brand","embeddable":true,"href":"https:\/\/www.cycjetes.com\/index.php?rest_route=%2Fwp%2Fv2%2Fproduct_brand&post=165"},{"taxonomy":"product_cat","embeddable":true,"href":"https:\/\/www.cycjetes.com\/index.php?rest_route=%2Fwp%2Fv2%2Fproduct_cat&post=165"},{"taxonomy":"product_tag","embeddable":true,"href":"https:\/\/www.cycjetes.com\/index.php?rest_route=%2Fwp%2Fv2%2Fproduct_tag&post=165"}],"curies":[{"name":"wp","href":"https:\/\/api.w.org\/{rel}","templated":true}]}}