{"id":161,"date":"2021-08-11T03:47:43","date_gmt":"2021-08-11T03:47:43","guid":{"rendered":"https:\/\/spcycjet.tradeoptimize-clients.com\/?post_type=product&#038;p=161"},"modified":"2025-06-06T07:32:37","modified_gmt":"2025-06-06T07:32:37","slug":"cycjet-alt260plus-dod-handjet-printer","status":"publish","type":"product","link":"https:\/\/www.cycjetes.com\/?product=cycjet-alt260plus-dod-handjet-printer","title":{"rendered":"Impresora manual CYCJET ALT260Plus DOD"},"content":{"rendered":"<div class=\"row row-full-width\"  id=\"row-823650131\">\n\n\t<div id=\"col-594327786\" class=\"col medium-6 small-12 large-6\"  data-animate=\"fadeInLeft\">\n\t\t<div class=\"col-inner\"  >\n\t\t\t\n\t<div class=\"is-border\"\n\t\tstyle=\"border-width:2px 2 0px 0px;\">\n\t<\/div>\n\t\t\t\n<div class=\"tem378-irregular noScrollMove bgFixed clearBg\">\n<div class=\"content-right content-section noScrollMove tem44-irregular\">\n<div class=\"container\">\n<div class=\"row\">\n<div class=\"flexBoxStem irregular-item\">\n<div class=\"flexBoxFill col-lg-9 col-md-9 col-sm-9 col-xs-12 content-float\">\n<div>\n<div class=\"tem06-irregular-text wow animated fadeInUp animated animated animated animated animated animated animated animated animated animated animated animated animated animated animated animated animated animated animated animated animated animated animated animated animated animated animated animated animated animated animated animated animated\">\n<div class=\"h2 bg-color-after font-color-gray-level-3 title\">\n<section>\n<h3><span style=\"color: #333399\"><strong>DESCRIPCI\u00d3N DEL PRODUCTO<\/strong><\/span><\/h3>\n<\/section>\n<\/div>\n<div class=\"text description\">\n<section>1. Sistema de impresi\u00f3n de caracteres grandes;<br \/>\n2. F\u00e1cil instalaci\u00f3n, operaci\u00f3n sencilla;<br \/>\n3. Dise\u00f1o simple, compacto, f\u00e1cil de instalar;<br \/>\n4. Operaci\u00f3n en chino e ingl\u00e9s, men\u00fa inteligente;<br \/>\n5. No requiere aire comprimido;<br \/>\n6. Dise\u00f1o de voltaje amplio, adecuado para diversos entornos industriales;<br \/>\n7. Pantalla t\u00e1ctil con larga vida \u00fatil y teclado laminado, f\u00e1cil de leer e ingresar informaci\u00f3n;<br \/>\n8. Almacenamiento de informaci\u00f3n hasta cien, m\u00e1s de 8,000 caracteres chinos para satisfacer las necesidades de producci\u00f3n;<\/section>\n<\/div>\n<\/div>\n<\/div>\n<\/div>\n<\/div>\n<\/div>\n<\/div>\n<\/div>\n<\/div>\n\t\t<\/div>\n\t\t\t<\/div>\n\n\t\n\n\t<div id=\"col-1272653971\" class=\"col medium-6 small-12 large-6\"  data-animate=\"fadeInRight\">\n\t\t<div class=\"col-inner\"  >\n\t\t\t\n\t\t\t\n\t<div class=\"img has-hover x md-x lg-x y md-y lg-y\" id=\"image_1650782810\">\n\t\t\t\t\t\t\t\t<div class=\"img-inner dark\" >\n\t\t\t<img loading=\"lazy\" decoding=\"async\" width=\"930\" height=\"622\" src=\"https:\/\/www.cycjetes.com\/wp-content\/uploads\/2021\/09\/ICM-LCIP-01.webp\" class=\"attachment-large size-large\" alt=\"\" srcset=\"https:\/\/www.cycjetes.com\/wp-content\/uploads\/2021\/09\/ICM-LCIP-01.webp 930w, https:\/\/www.cycjetes.com\/wp-content\/uploads\/2021\/09\/ICM-LCIP-01-300x201.webp 300w, https:\/\/www.cycjetes.com\/wp-content\/uploads\/2021\/09\/ICM-LCIP-01-768x514.webp 768w, https:\/\/www.cycjetes.com\/wp-content\/uploads\/2021\/09\/ICM-LCIP-01-600x401.webp 600w\" sizes=\"auto, (max-width: 930px) 100vw, 930px\" \/>\t\t\t\t\t\t\n\t\t\t\t\t<\/div>\n\t\t\t\t\t\t\t\t\n<style>\n#image_1650782810 {\n  width: 100%;\n}\n<\/style>\n\t<\/div>\n\t\n\t\t<\/div>\n\t\t\t<\/div>\n\n\t\n<\/div>\n<div class=\"row\"  id=\"row-1998209538\">\n\n\t<div id=\"col-1946956427\" class=\"col small-12 large-12\"  >\n\t\t<div class=\"col-inner\"  >\n\t\t\t\n\t\t\t\n<div class=\"container section-title-container\" ><h2 class=\"section-title section-title-center\"><b><\/b><span class=\"section-title-main\" style=\"color:rgb(14, 24, 184);\">APLICACI\u00d3N<\/span><b><\/b><\/h2><\/div>\n\t\t<\/div>\n\t\t\t<\/div>\n\n\t\n\n\t<div id=\"col-3664471\" class=\"col medium-4 small-12 large-4\"  >\n\t\t<div class=\"col-inner\"  >\n\t\t\t\n\t<div class=\"is-border\"\n\t\tstyle=\"border-color:rgb(255, 195, 0);border-radius:50px;border-width:2px 2px 2px 2;\">\n\t<\/div>\n\t\t\t\n\t<div class=\"box has-hover   has-hover box-text-bottom\" >\n\n\t\t<div class=\"box-image\" >\n\t\t\t\t\t\t<div class=\"\" >\n\t\t\t\t<img loading=\"lazy\" decoding=\"async\" width=\"750\" height=\"563\" src=\"https:\/\/www.cycjetes.com\/wp-content\/uploads\/2021\/09\/ICM-LCIP-03-App-1.webp\" class=\"attachment- size-\" alt=\"\" srcset=\"https:\/\/www.cycjetes.com\/wp-content\/uploads\/2021\/09\/ICM-LCIP-03-App-1.webp 750w, https:\/\/www.cycjetes.com\/wp-content\/uploads\/2021\/09\/ICM-LCIP-03-App-1-300x225.webp 300w, https:\/\/www.cycjetes.com\/wp-content\/uploads\/2021\/09\/ICM-LCIP-03-App-1-600x450.webp 600w\" sizes=\"auto, (max-width: 750px) 100vw, 750px\" \/>\t\t\t\t\t\t\t\t\t\t\t<\/div>\n\t\t\t\t\t<\/div>\n\n\t\t<div class=\"box-text text-center\" >\n\t\t\t<div class=\"box-text-inner\">\n\t\t\t\t\n<h4><span style=\"color: #333399\">Estructura de Acero<\/span><\/h4>\n<p>El acero es un material indispensable en la construcci\u00f3n nacional, la fabricaci\u00f3n y la vida diaria de las personas. Es muy utilizado y ampliamente empleado. Seg\u00fan la forma de la secci\u00f3n, el acero generalmente se divide en cuatro categor\u00edas: perfiles, placas, tuber\u00edas y productos met\u00e1licos. Los diferentes aceros necesitan identificaci\u00f3n conforme al est\u00e1ndar nacional relacionada con modelo, n\u00famero de lote, especificaci\u00f3n, informaci\u00f3n de la empresa, etc. CYCJET ALT160Plus con dise\u00f1o elegante y compacto para facilitar el marcado de logotipos en cualquier escenario.<\/p>\n\t\t\t<\/div>\n\t\t<\/div>\n\t<\/div>\n\t\n\t\t<\/div>\n\t\t\t<\/div>\n\n\t\n\n\t<div id=\"col-992536908\" class=\"col medium-4 small-12 large-4\"  >\n\t\t<div class=\"col-inner\"  >\n\t\t\t\n\t<div class=\"is-border\"\n\t\tstyle=\"border-color:rgb(255, 195, 0);border-radius:50px;border-width:2px 2px 2px 2;\">\n\t<\/div>\n\t\t\t\n\t<div class=\"box has-hover   has-hover box-text-bottom\" >\n\n\t\t<div class=\"box-image\" >\n\t\t\t\t\t\t<div class=\"\" >\n\t\t\t\t<img loading=\"lazy\" decoding=\"async\" width=\"619\" height=\"429\" src=\"https:\/\/www.cycjetes.com\/wp-content\/uploads\/2021\/09\/ICM-LCIP-03-App-2-e.webp\" class=\"attachment- size-\" alt=\"\" srcset=\"https:\/\/www.cycjetes.com\/wp-content\/uploads\/2021\/09\/ICM-LCIP-03-App-2-e.webp 619w, https:\/\/www.cycjetes.com\/wp-content\/uploads\/2021\/09\/ICM-LCIP-03-App-2-e-300x208.webp 300w, https:\/\/www.cycjetes.com\/wp-content\/uploads\/2021\/09\/ICM-LCIP-03-App-2-e-600x416.webp 600w\" sizes=\"auto, (max-width: 619px) 100vw, 619px\" \/>\t\t\t\t\t\t\t\t\t\t\t<\/div>\n\t\t\t\t\t<\/div>\n\n\t\t<div class=\"box-text text-center\" >\n\t\t\t<div class=\"box-text-inner\">\n\t\t\t\t\n<h4><span style=\"color: #333399\">Paquetes<\/span><\/h4>\n<p>CYCJET ALT260Plus puede imprimir logotipos y etiquetas de fr\u00e1gil con claridad. Puede imprimir con altura m\u00e1xima de 120 mm, ideal para cajas de cart\u00f3n grandes, cajas de madera y palets de madera.<\/p>\n\t\t\t<\/div>\n\t\t<\/div>\n\t<\/div>\n\t\n\t\t<\/div>\n\t\t\t<\/div>\n\n\t\n\n\t<div id=\"col-1411956715\" class=\"col medium-4 small-12 large-4\"  >\n\t\t<div class=\"col-inner\"  >\n\t\t\t\n\t<div class=\"is-border\"\n\t\tstyle=\"border-color:rgb(255, 195, 0);border-radius:50px;border-width:2px 2px 2px 2;\">\n\t<\/div>\n\t\t\t\n\t<div class=\"box has-hover   has-hover box-text-bottom\" >\n\n\t\t<div class=\"box-image\" >\n\t\t\t\t\t\t<div class=\"\" >\n\t\t\t\t<img loading=\"lazy\" decoding=\"async\" width=\"619\" height=\"429\" src=\"https:\/\/www.cycjetes.com\/wp-content\/uploads\/2021\/09\/ICM-LCIP-03-App-3-e.webp\" class=\"attachment- size-\" alt=\"\" srcset=\"https:\/\/www.cycjetes.com\/wp-content\/uploads\/2021\/09\/ICM-LCIP-03-App-3-e.webp 619w, https:\/\/www.cycjetes.com\/wp-content\/uploads\/2021\/09\/ICM-LCIP-03-App-3-e-300x208.webp 300w, https:\/\/www.cycjetes.com\/wp-content\/uploads\/2021\/09\/ICM-LCIP-03-App-3-e-600x416.webp 600w\" sizes=\"auto, (max-width: 619px) 100vw, 619px\" \/>\t\t\t\t\t\t\t\t\t\t\t<\/div>\n\t\t\t\t\t<\/div>\n\n\t\t<div class=\"box-text text-center\" >\n\t\t\t<div class=\"box-text-inner\">\n\t\t\t\t\n<h4><span style=\"color: #333399\">Productos Prefabricados<\/span><\/h4>\n<p>Los productos prefabricados deben etiquetarse con diferentes aplicaciones y n\u00fameros de serie, as\u00ed como con el logo del fabricante, para facilitar el reconocimiento y uso por parte de los trabajadores. CYCJET ALT260Plus puede soportar las condiciones laborales duras de la producci\u00f3n de concreto. Su alto nivel de protecci\u00f3n lo hace ideal para aplicaciones industriales exigentes.<\/p>\n\t\t\t<\/div>\n\t\t<\/div>\n\t<\/div>\n\t\n\t\t<\/div>\n\t\t\t<\/div>\n\n\t\n<\/div>\n<div class=\"row\"  id=\"row-875200963\">\n\n\t<div id=\"col-59204610\" class=\"col small-12 large-12\"  >\n\t\t<div class=\"col-inner\"  >\n\t\t\t\n\t\t\t\n<div class=\"container section-title-container\" ><h2 class=\"section-title section-title-center\"><b><\/b><span class=\"section-title-main\" style=\"color:rgb(14, 24, 184);\">ESPECIFICACIONES T\u00c9CNICAS<\/span><b><\/b><\/h2><\/div>\n\t\t<\/div>\n\t\t\t<\/div>\n\n\t\n\n\t<div id=\"col-55275867\" class=\"col small-12 large-12\"  >\n\t\t<div class=\"col-inner\"  >\n\t\t\t\n\t\t\t\n<table class=\"table table-bordered table-hover\">\n<tbody>\n<tr class=\"firstRow\">\n<td valign=\"center\" width=\"185\">Altura de Impresi\u00f3n<\/td>\n<td valign=\"center\" width=\"497\">M\u00ednimo 25mm, m\u00e1ximo 60mm, 80mm, 120mm, tres modelos diferentes disponibles<\/td>\n<\/tr>\n<tr>\n<td valign=\"center\" width=\"185\">Espaciado de Impresi\u00f3n<\/td>\n<td valign=\"center\" width=\"497\">8&#8211;10 mm<\/td>\n<\/tr>\n<tr>\n<td valign=\"center\" width=\"185\">L\u00edneas de Impresi\u00f3n<\/td>\n<td valign=\"center\" width=\"497\">M\u00e1ximo 4 l\u00edneas<\/td>\n<\/tr>\n<tr>\n<td valign=\"center\" width=\"185\">Configuraci\u00f3n B\u00e1sica<\/td>\n<td valign=\"center\" width=\"497\">Impresi\u00f3n de hasta dos l\u00edneas de n\u00fameros o letras en ingl\u00e9s, base de datos nacional est\u00e1ndar de caracteres chinos y letras inglesas, gr\u00e1ficos simples, sin necesidad de fuente de aire externa, garant\u00eda gratuita por un a\u00f1o.<\/td>\n<\/tr>\n<tr>\n<td valign=\"center\" width=\"185\">Velocidad de Impresi\u00f3n<\/td>\n<td valign=\"center\" width=\"497\">Control manual<\/td>\n<\/tr>\n<tr>\n<td valign=\"center\" width=\"185\">Funciones del Software<\/td>\n<td valign=\"center\" width=\"497\">Fecha con reloj en tiempo real, conteo de productos, frecuencia<\/td>\n<\/tr>\n<tr>\n<td valign=\"center\" width=\"185\">Funciones de Operaci\u00f3n<\/td>\n<td valign=\"center\" width=\"497\">Sistema operativo en ingl\u00e9s, retardo en impresi\u00f3n, ancho y alto de fuente, orientaci\u00f3n, autolimpieza, configuraci\u00f3n de sensores.<\/td>\n<\/tr>\n<tr>\n<td valign=\"center\" width=\"185\">Contenido de Impresi\u00f3n<\/td>\n<td valign=\"center\" width=\"497\">Fecha real, hora real, letras, turno, n\u00famero de serie, n\u00famero de lote, n\u00famero de partida pueden imprimirse libremente.<\/td>\n<\/tr>\n<tr>\n<td valign=\"center\" width=\"185\">Direcci\u00f3n de Impresi\u00f3n<\/td>\n<td valign=\"center\" width=\"497\">Impresi\u00f3n hacia arriba, hacia abajo, lateral (impresi\u00f3n en direcci\u00f3n 360\u00b0)<\/td>\n<\/tr>\n<tr>\n<td valign=\"center\" width=\"185\">Interfaz de Usuario<\/td>\n<td valign=\"center\" width=\"497\">Men\u00fa con im\u00e1genes y en chino o ingl\u00e9s (espa\u00f1ol, portugu\u00e9s, \u00e1rabe), lo que ves es lo que obtienes.<\/td>\n<\/tr>\n<tr>\n<td valign=\"center\" width=\"185\">Funci\u00f3n de Memoria<\/td>\n<td valign=\"center\" width=\"497\">M\u00e1s de 60 textos almacenables<\/td>\n<\/tr>\n<tr>\n<td valign=\"center\" width=\"185\">Color de Tinta<\/td>\n<td valign=\"center\" width=\"497\">Negro, Rojo, Amarillo, Azul, Blanco<\/td>\n<\/tr>\n<tr>\n<td valign=\"center\" width=\"185\">Nivel de Protecci\u00f3n<\/td>\n<td valign=\"center\" width=\"497\">No apto para ambientes con mucho polvo o alta humedad<\/td>\n<\/tr>\n<tr>\n<td valign=\"center\" width=\"185\">Peso de la M\u00e1quina<\/td>\n<td valign=\"center\" width=\"497\">1.80 kg<\/td>\n<\/tr>\n<tr>\n<td valign=\"center\" width=\"185\">Alimentaci\u00f3n<\/td>\n<td valign=\"center\" width=\"497\">AC220V\u00b110%, 50-60HZ, 5 W;<\/td>\n<\/tr>\n<tr>\n<td valign=\"center\" width=\"185\">Rango de Humedad<\/td>\n<td valign=\"center\" width=\"497\">10-90% sin condensaci\u00f3n<\/td>\n<\/tr>\n<tr>\n<td valign=\"center\" width=\"185\">Rango de Temperatura<\/td>\n<td valign=\"center\" width=\"497\">5-40\u00b0C<\/td>\n<\/tr>\n<tr>\n<td valign=\"center\" width=\"185\">Otros<\/td>\n<td valign=\"center\" width=\"497\">No requiere conexi\u00f3n a aire comprimido externo ni uso de diluyentes (disolventes)<\/td>\n<\/tr>\n<\/tbody>\n<\/table>\n\t\t<\/div>\n\t\t\t<\/div>\n\n\t\n<\/div>\n","protected":false},"excerpt":{"rendered":"<table>\n<tbody>\n<tr>\n<td width=\"176\"><strong>Modelo:<\/strong><\/td>\n<td width=\"182\">ALT260Plus<\/td>\n<\/tr>\n<tr>\n<td width=\"176\"><strong>Marca: <\/strong><\/td>\n<td width=\"182\">CYCJET<\/td>\n<\/tr>\n<tr>\n<td width=\"176\"><strong>MOQ<\/strong>:<\/td>\n<td width=\"182\">1 Set<\/td>\n<\/tr>\n<tr>\n<td width=\"176\"><strong>Certificaci\u00f3n: <\/strong><\/td>\n<td width=\"182\">CE, SGS<\/td>\n<\/tr>\n<tr>\n<td width=\"176\"><strong>Pago:<\/strong><\/td>\n<td width=\"182\">L\/C, D\/P, T\/T, Western Union<\/td>\n<\/tr>\n<\/tr>\n<td width=\"176\"><strong>Garant\u00eda:<\/strong><\/td>\n<td width=\"182\">1 A\u00f1o<\/td>\n<\/tr>\n<\/tbody>\n<\/table>\n","protected":false},"featured_media":491,"comment_status":"closed","ping_status":"closed","template":"","meta":[],"product_brand":[],"product_cat":[19,23],"product_tag":[],"class_list":{"0":"post-161","1":"product","2":"type-product","3":"status-publish","4":"has-post-thumbnail","6":"product_cat-inkjet-coding-machines","7":"product_cat-large-character-inkjet-printer","9":"first","10":"instock","11":"shipping-taxable","12":"product-type-simple"},"yoast_head":"<!-- This site is optimized with the Yoast SEO plugin v25.2 - https:\/\/yoast.com\/wordpress\/plugins\/seo\/ -->\n<title>Impresora manual CYCJET ALT260Plus DOD - CYCJET<\/title>\n<meta name=\"robots\" content=\"index, follow, max-snippet:-1, max-image-preview:large, max-video-preview:-1\" \/>\n<link rel=\"canonical\" href=\"https:\/\/www.cycjetes.com\/?product=cycjet-alt260plus-dod-handjet-printer\" \/>\n<meta property=\"og:locale\" content=\"en_US\" \/>\n<meta property=\"og:type\" content=\"article\" \/>\n<meta property=\"og:title\" content=\"Impresora manual CYCJET ALT260Plus DOD - CYCJET\" \/>\n<meta property=\"og:description\" content=\"Modelo: ALT260Plus   Marca:  CYCJET   MOQ: 1 Set   Certificaci\u00f3n:  CE, SGS   Pago: L\/C, D\/P, T\/T, Western Union   Garant\u00eda: 1 A\u00f1o\" \/>\n<meta property=\"og:url\" content=\"https:\/\/www.cycjetes.com\/?product=cycjet-alt260plus-dod-handjet-printer\" \/>\n<meta property=\"og:site_name\" content=\"CYCJET\" \/>\n<meta property=\"article:modified_time\" content=\"2025-06-06T07:32:37+00:00\" \/>\n<meta property=\"og:image\" content=\"https:\/\/www.cycjetes.com\/wp-content\/uploads\/2021\/08\/16124067864907.jpg\" \/>\n\t<meta property=\"og:image:width\" content=\"1000\" \/>\n\t<meta property=\"og:image:height\" content=\"1000\" \/>\n\t<meta property=\"og:image:type\" content=\"image\/jpeg\" \/>\n<meta name=\"twitter:card\" content=\"summary_large_image\" \/>\n<script type=\"application\/ld+json\" class=\"yoast-schema-graph\">{\"@context\":\"https:\/\/schema.org\",\"@graph\":[{\"@type\":\"WebPage\",\"@id\":\"https:\/\/www.cycjetes.com\/?product=cycjet-alt260plus-dod-handjet-printer\",\"url\":\"https:\/\/www.cycjetes.com\/?product=cycjet-alt260plus-dod-handjet-printer\",\"name\":\"Impresora manual CYCJET ALT260Plus DOD - CYCJET\",\"isPartOf\":{\"@id\":\"https:\/\/www.cycjetes.com\/#website\"},\"primaryImageOfPage\":{\"@id\":\"https:\/\/www.cycjetes.com\/?product=cycjet-alt260plus-dod-handjet-printer#primaryimage\"},\"image\":{\"@id\":\"https:\/\/www.cycjetes.com\/?product=cycjet-alt260plus-dod-handjet-printer#primaryimage\"},\"thumbnailUrl\":\"https:\/\/www.cycjetes.com\/wp-content\/uploads\/2021\/08\/16124067864907.jpg\",\"datePublished\":\"2021-08-11T03:47:43+00:00\",\"dateModified\":\"2025-06-06T07:32:37+00:00\",\"breadcrumb\":{\"@id\":\"https:\/\/www.cycjetes.com\/?product=cycjet-alt260plus-dod-handjet-printer#breadcrumb\"},\"inLanguage\":\"en-US\",\"potentialAction\":[{\"@type\":\"ReadAction\",\"target\":[\"https:\/\/www.cycjetes.com\/?product=cycjet-alt260plus-dod-handjet-printer\"]}]},{\"@type\":\"ImageObject\",\"inLanguage\":\"en-US\",\"@id\":\"https:\/\/www.cycjetes.com\/?product=cycjet-alt260plus-dod-handjet-printer#primaryimage\",\"url\":\"https:\/\/www.cycjetes.com\/wp-content\/uploads\/2021\/08\/16124067864907.jpg\",\"contentUrl\":\"https:\/\/www.cycjetes.com\/wp-content\/uploads\/2021\/08\/16124067864907.jpg\",\"width\":1000,\"height\":1000},{\"@type\":\"BreadcrumbList\",\"@id\":\"https:\/\/www.cycjetes.com\/?product=cycjet-alt260plus-dod-handjet-printer#breadcrumb\",\"itemListElement\":[{\"@type\":\"ListItem\",\"position\":1,\"name\":\"Home\",\"item\":\"https:\/\/www.cycjetes.com\/\"},{\"@type\":\"ListItem\",\"position\":2,\"name\":\"Products\",\"item\":\"https:\/\/www.cycjetes.com\/?page_id=7\"},{\"@type\":\"ListItem\",\"position\":3,\"name\":\"Impresora manual CYCJET ALT260Plus DOD\"}]},{\"@type\":\"WebSite\",\"@id\":\"https:\/\/www.cycjetes.com\/#website\",\"url\":\"https:\/\/www.cycjetes.com\/\",\"name\":\"CYCJET\",\"description\":\"\",\"potentialAction\":[{\"@type\":\"SearchAction\",\"target\":{\"@type\":\"EntryPoint\",\"urlTemplate\":\"https:\/\/www.cycjetes.com\/?s={search_term_string}\"},\"query-input\":{\"@type\":\"PropertyValueSpecification\",\"valueRequired\":true,\"valueName\":\"search_term_string\"}}],\"inLanguage\":\"en-US\"}]}<\/script>\n<!-- \/ Yoast SEO plugin. -->","yoast_head_json":{"title":"Impresora manual CYCJET ALT260Plus DOD - CYCJET","robots":{"index":"index","follow":"follow","max-snippet":"max-snippet:-1","max-image-preview":"max-image-preview:large","max-video-preview":"max-video-preview:-1"},"canonical":"https:\/\/www.cycjetes.com\/?product=cycjet-alt260plus-dod-handjet-printer","og_locale":"en_US","og_type":"article","og_title":"Impresora manual CYCJET ALT260Plus DOD - CYCJET","og_description":"Modelo: ALT260Plus   Marca:  CYCJET   MOQ: 1 Set   Certificaci\u00f3n:  CE, SGS   Pago: L\/C, D\/P, T\/T, Western Union   Garant\u00eda: 1 A\u00f1o","og_url":"https:\/\/www.cycjetes.com\/?product=cycjet-alt260plus-dod-handjet-printer","og_site_name":"CYCJET","article_modified_time":"2025-06-06T07:32:37+00:00","og_image":[{"width":1000,"height":1000,"url":"https:\/\/www.cycjetes.com\/wp-content\/uploads\/2021\/08\/16124067864907.jpg","type":"image\/jpeg"}],"twitter_card":"summary_large_image","schema":{"@context":"https:\/\/schema.org","@graph":[{"@type":"WebPage","@id":"https:\/\/www.cycjetes.com\/?product=cycjet-alt260plus-dod-handjet-printer","url":"https:\/\/www.cycjetes.com\/?product=cycjet-alt260plus-dod-handjet-printer","name":"Impresora manual CYCJET ALT260Plus DOD - CYCJET","isPartOf":{"@id":"https:\/\/www.cycjetes.com\/#website"},"primaryImageOfPage":{"@id":"https:\/\/www.cycjetes.com\/?product=cycjet-alt260plus-dod-handjet-printer#primaryimage"},"image":{"@id":"https:\/\/www.cycjetes.com\/?product=cycjet-alt260plus-dod-handjet-printer#primaryimage"},"thumbnailUrl":"https:\/\/www.cycjetes.com\/wp-content\/uploads\/2021\/08\/16124067864907.jpg","datePublished":"2021-08-11T03:47:43+00:00","dateModified":"2025-06-06T07:32:37+00:00","breadcrumb":{"@id":"https:\/\/www.cycjetes.com\/?product=cycjet-alt260plus-dod-handjet-printer#breadcrumb"},"inLanguage":"en-US","potentialAction":[{"@type":"ReadAction","target":["https:\/\/www.cycjetes.com\/?product=cycjet-alt260plus-dod-handjet-printer"]}]},{"@type":"ImageObject","inLanguage":"en-US","@id":"https:\/\/www.cycjetes.com\/?product=cycjet-alt260plus-dod-handjet-printer#primaryimage","url":"https:\/\/www.cycjetes.com\/wp-content\/uploads\/2021\/08\/16124067864907.jpg","contentUrl":"https:\/\/www.cycjetes.com\/wp-content\/uploads\/2021\/08\/16124067864907.jpg","width":1000,"height":1000},{"@type":"BreadcrumbList","@id":"https:\/\/www.cycjetes.com\/?product=cycjet-alt260plus-dod-handjet-printer#breadcrumb","itemListElement":[{"@type":"ListItem","position":1,"name":"Home","item":"https:\/\/www.cycjetes.com\/"},{"@type":"ListItem","position":2,"name":"Products","item":"https:\/\/www.cycjetes.com\/?page_id=7"},{"@type":"ListItem","position":3,"name":"Impresora manual CYCJET ALT260Plus DOD"}]},{"@type":"WebSite","@id":"https:\/\/www.cycjetes.com\/#website","url":"https:\/\/www.cycjetes.com\/","name":"CYCJET","description":"","potentialAction":[{"@type":"SearchAction","target":{"@type":"EntryPoint","urlTemplate":"https:\/\/www.cycjetes.com\/?s={search_term_string}"},"query-input":{"@type":"PropertyValueSpecification","valueRequired":true,"valueName":"search_term_string"}}],"inLanguage":"en-US"}]}},"_links":{"self":[{"href":"https:\/\/www.cycjetes.com\/index.php?rest_route=\/wp\/v2\/product\/161","targetHints":{"allow":["GET"]}}],"collection":[{"href":"https:\/\/www.cycjetes.com\/index.php?rest_route=\/wp\/v2\/product"}],"about":[{"href":"https:\/\/www.cycjetes.com\/index.php?rest_route=\/wp\/v2\/types\/product"}],"replies":[{"embeddable":true,"href":"https:\/\/www.cycjetes.com\/index.php?rest_route=%2Fwp%2Fv2%2Fcomments&post=161"}],"wp:featuredmedia":[{"embeddable":true,"href":"https:\/\/www.cycjetes.com\/index.php?rest_route=\/wp\/v2\/media\/491"}],"wp:attachment":[{"href":"https:\/\/www.cycjetes.com\/index.php?rest_route=%2Fwp%2Fv2%2Fmedia&parent=161"}],"wp:term":[{"taxonomy":"product_brand","embeddable":true,"href":"https:\/\/www.cycjetes.com\/index.php?rest_route=%2Fwp%2Fv2%2Fproduct_brand&post=161"},{"taxonomy":"product_cat","embeddable":true,"href":"https:\/\/www.cycjetes.com\/index.php?rest_route=%2Fwp%2Fv2%2Fproduct_cat&post=161"},{"taxonomy":"product_tag","embeddable":true,"href":"https:\/\/www.cycjetes.com\/index.php?rest_route=%2Fwp%2Fv2%2Fproduct_tag&post=161"}],"curies":[{"name":"wp","href":"https:\/\/api.w.org\/{rel}","templated":true}]}}