{"id":159,"date":"2021-08-11T03:45:14","date_gmt":"2021-08-11T03:45:14","guid":{"rendered":"https:\/\/spcycjet.tradeoptimize-clients.com\/?post_type=product&#038;p=159"},"modified":"2025-06-06T08:00:56","modified_gmt":"2025-06-06T08:00:56","slug":"cycjet-alt200-online-industrial-inkjet-printer","status":"publish","type":"product","link":"https:\/\/www.cycjetes.com\/?product=cycjet-alt200-online-industrial-inkjet-printer","title":{"rendered":"Impresora industrial de inyecci\u00f3n de tinta en l\u00ednea CYCJET ALT200"},"content":{"rendered":"<div class=\"row\"  id=\"row-990700312\">\n\n\t<div id=\"col-2050301480\" class=\"col medium-6 small-12 large-6\"  >\n\t\t<div class=\"col-inner\"  >\n\t\t\t\n\t\t\t\n<div class=\"tem378-irregular noScrollMove bgFixed clearBg\">\n<div class=\"content-right content-section noScrollMove tem44-irregular\">\n<div class=\"container\">\n<div class=\"row\">\n<div class=\"flexBoxStem irregular-item\">\n<div class=\"flexBoxFill col-lg-9 col-md-9 col-sm-9 col-xs-12 content-float\">\n<div>\n<div class=\"tem06-irregular-textwow animated fadeInUp\">\n<div class=\"h2 bg-color-after font-color-gray-level-3 title\">\n<section>\n<h3><span style=\"color: #333399;\"><strong>DESCRIPCI\u00d3N DEL PRODUCTO<\/strong><\/span><\/h3>\n<\/section>\n<\/div>\n<div class=\"text description\">\n<section>\n<ul>\n<li>La impresora de inyecci\u00f3n de tinta en l\u00ednea ALT200 permite edici\u00f3n desde PC o directamente desde su pantalla t\u00e1ctil a color de 4.3 pulgadas. Lo que ves es lo que imprimes. Muy f\u00e1cil de usar.<\/li>\n<li>La altura de los caracteres y el tama\u00f1o de los puntos pueden ajustarse libremente. Su fuente \u00fanica anti-falsificaci\u00f3n satisface necesidades de seguridad y evita conflictos de canal.<\/li>\n<li>Con un alto grado de protecci\u00f3n industrial, puede usarse en condiciones extremas como polvo o humedad. Su dise\u00f1o anti-obstrucci\u00f3n reduce el riesgo de atascos y permite un funcionamiento continuo y confiable.<\/li>\n<li>Protecci\u00f3n m\u00faltiple de la cabeza de impresi\u00f3n contra rayaduras, m\u00e1s confiable que otras impresoras similares.<\/li>\n<\/ul>\n<\/section>\n<\/div>\n<\/div>\n<\/div>\n<\/div>\n<\/div>\n<\/div>\n<\/div>\n<\/div>\n<\/div>\n\t\t<\/div>\n\t\t\t<\/div>\n\n\t\n<\/div>\n<div class=\"row\"  id=\"row-453342379\">\n\n\t<div id=\"col-88491464\" class=\"col small-12 large-12\"  >\n\t\t<div class=\"col-inner\"  >\n\t\t\t\n\t\t\t\n<div class=\"container section-title-container\" ><h2 class=\"section-title section-title-center\"><b><\/b><span class=\"section-title-main\" style=\"color:rgb(14, 24, 184);\">Especificaciones T\u00e9cnicas<\/span><b><\/b><\/h2><\/div>\n\t\t<\/div>\n\t\t\t<\/div>\n\n\t\n\n\t<div id=\"col-1759695140\" class=\"col small-12 large-12\"  >\n\t\t<div class=\"col-inner\"  >\n\t\t\t\n\t\t\t\n<table class=\"table table-bordered table-hover\">\n<tbody>\n<tr class=\"firstRow\">\n<td valign=\"center\" width=\"92\"><strong>Tipo<\/strong><\/td>\n<td valign=\"center\" width=\"469\">Alta resoluci\u00f3n \/ Piezoel\u00e9ctrica \/ Peque\u00f1a impresora port\u00e1til de mano<\/td>\n<\/tr>\n<tr>\n<td valign=\"center\" width=\"92\"><strong>Altura de impresi\u00f3n<\/strong><\/td>\n<td valign=\"center\" width=\"469\">1\u201318 mm<\/td>\n<\/tr>\n<tr>\n<td valign=\"center\" width=\"92\"><strong>Espaciado de impresi\u00f3n<\/strong><\/td>\n<td valign=\"center\" width=\"469\">8\u201310 mm, depende del contenido e tipo de tinta<\/td>\n<\/tr>\n<tr>\n<td valign=\"center\" width=\"92\"><strong>L\u00edneas de impresi\u00f3n<\/strong><\/td>\n<td valign=\"center\" width=\"469\">Ilimitadas dentro de una altura m\u00e1xima de 18 mm<\/td>\n<\/tr>\n<tr>\n<td valign=\"center\" width=\"92\"><strong>Longitud de impresi\u00f3n<\/strong><\/td>\n<td valign=\"center\" width=\"469\">Longitud m\u00e1xima por archivo: 90 mm<\/td>\n<\/tr>\n<tr>\n<td valign=\"center\" width=\"92\"><strong>Velocidad de impresi\u00f3n<\/strong><\/td>\n<td valign=\"center\" width=\"469\">40 m\/min (resoluci\u00f3n en direcci\u00f3n transversal 100 DPI)<\/td>\n<\/tr>\n<tr>\n<td valign=\"center\" width=\"92\"><strong>Resoluci\u00f3n de impresi\u00f3n<\/strong><\/td>\n<td valign=\"center\" width=\"469\">Altura de resoluci\u00f3n: 185 DPI; resoluci\u00f3n transversal ajustable de 100 a 600 DPI<\/td>\n<\/tr>\n<tr>\n<td valign=\"center\" width=\"92\"><strong>Fuentes de impresi\u00f3n<\/strong><\/td>\n<td valign=\"center\" width=\"469\">Fuentes integradas varias: barra horizontal, barra vertical, matriz de puntos, negrita, todas intercambiables<\/td>\n<\/tr>\n<tr>\n<td valign=\"center\" width=\"92\"><strong>Contenido de impresi\u00f3n<\/strong><\/td>\n<td valign=\"center\" width=\"469\">Fecha y hora reales, im\u00e1genes, letras, turnos, n\u00famero de serie, n\u00famero de lote, c\u00f3digo de barras y c\u00f3digo 2D<\/td>\n<\/tr>\n<tr>\n<td valign=\"center\" width=\"92\"><strong>Direcci\u00f3n de impresi\u00f3n<\/strong><\/td>\n<td valign=\"center\" width=\"469\">Impresi\u00f3n lateral (opcional hacia arriba o hacia abajo)<\/td>\n<\/tr>\n<tr>\n<td valign=\"center\" width=\"92\"><strong>Biblioteca de fuentes<\/strong><\/td>\n<td valign=\"center\" width=\"469\">Biblioteca est\u00e1ndar en chino e ingl\u00e9s; opcional en espa\u00f1ol, portugu\u00e9s y \u00e1rabe<\/td>\n<\/tr>\n<tr>\n<td valign=\"center\" width=\"92\"><strong>Interfaz del operador<\/strong><\/td>\n<td valign=\"center\" width=\"469\">Men\u00fa estilo imagen en chino o ingl\u00e9s (espa\u00f1ol, portugu\u00e9s, \u00e1rabe opcional), estilo WYSIWYG<\/td>\n<\/tr>\n<tr>\n<td valign=\"center\" width=\"92\"><strong>Funci\u00f3n de memoria<\/strong><\/td>\n<td valign=\"center\" width=\"469\">Capacidad para almacenar m\u00e1s de 1000 textos<\/td>\n<\/tr>\n<tr>\n<td valign=\"center\" width=\"92\"><strong>Pantalla<\/strong><\/td>\n<td valign=\"center\" width=\"469\">Pantalla t\u00e1ctil a color de 4.3 pulgadas<\/td>\n<\/tr>\n<tr>\n<td valign=\"center\" width=\"92\"><strong>Tipo de tinta<\/strong><\/td>\n<td valign=\"center\" width=\"469\">Tinta original del Reino Unido:<br \/>\n&#8211; Tinta a base de solvente (requiere mantenimiento regular)<br \/>\n&#8211; Tinta invisible (requiere mantenimiento regular)<br \/>\n&#8211; Tinta a base de aceite (libre de mantenimiento)<\/td>\n<\/tr>\n<tr>\n<td valign=\"center\" width=\"92\"><\/td>\n<td valign=\"center\" width=\"469\">Puede imprimir en superficies de pl\u00e1stico, vidrio, metal, papel, madera, etc.<\/td>\n<\/tr>\n<tr>\n<td valign=\"center\" width=\"92\"><strong>Colores de tinta<\/strong><\/td>\n<td valign=\"center\" width=\"469\">Negro, rojo, amarillo, azul, verde, blanco, etc.<\/td>\n<\/tr>\n<tr>\n<td valign=\"center\" width=\"92\"><strong>Cada cartucho de tinta<\/strong><\/td>\n<td valign=\"center\" width=\"469\">Cada cartucho puede imprimir 1.25 mil millones de puntos de tinta en producci\u00f3n eficiente:<\/td>\n<\/tr>\n<tr>\n<td valign=\"center\" width=\"92\"><\/td>\n<td valign=\"center\" width=\"469\">*Cada cartucho puede imprimir 1.2 millones de tapas de botella o cajas de medicina con 2 l\u00edneas (fuente matriz de puntos peque\u00f1a, 1\u00d71.7 cm\u00b2); costo por unidad: RMB 0.0005<\/td>\n<\/tr>\n<tr>\n<td valign=\"center\" width=\"92\"><\/td>\n<td valign=\"center\" width=\"469\">*Cada cartucho puede imprimir 120,000 cajas grandes con fuente de matriz de puntos grande (1.75\u00d710 cm\u00b2); costo por unidad: RMB 0.005<\/td>\n<\/tr>\n<tr>\n<td valign=\"center\" width=\"92\"><\/td>\n<td valign=\"center\" width=\"469\">*Cada cartucho puede imprimir 60,000 cajas grandes con fuente en negrita (1.75\u00d710 cm\u00b2); costo por unidad: RMB 0.01<\/td>\n<\/tr>\n<tr>\n<td valign=\"center\" width=\"92\"><strong>Peso y dimensiones<\/strong><\/td>\n<td valign=\"center\" width=\"469\">5.1 KG<\/td>\n<\/tr>\n<tr>\n<td valign=\"center\" width=\"92\"><\/td>\n<td valign=\"center\" width=\"469\">500\u00d7150\u00d7250 mm<\/td>\n<\/tr>\n<tr>\n<td valign=\"center\" width=\"92\"><strong>Alimentaci\u00f3n<\/strong><\/td>\n<td valign=\"center\" width=\"469\">Entrada: AC100V\u2013260V, 50\u201360Hz; Salida: DC 12V<\/td>\n<\/tr>\n<tr>\n<td valign=\"center\" width=\"92\"><strong>Rango de humedad<\/strong><\/td>\n<td valign=\"center\" width=\"469\">10\u201390% sin condensaci\u00f3n<\/td>\n<\/tr>\n<tr>\n<td valign=\"center\" width=\"92\"><strong>Rango de temperatura<\/strong><\/td>\n<td valign=\"center\" width=\"469\">5\u201340 \u00b0C<\/td>\n<\/tr>\n<tr>\n<td valign=\"center\" width=\"92\"><strong>Interfaz externa<\/strong><\/td>\n<td valign=\"center\" width=\"469\">Puerto USB, sensor (opcional), sincronizador (opcional)<\/td>\n<\/tr>\n<tr>\n<td valign=\"center\" width=\"92\"><strong>Otros<\/strong><\/td>\n<td valign=\"center\" width=\"469\">No requiere conexi\u00f3n de aire comprimido externo ni diluyente (solvente)<\/td>\n<\/tr>\n<\/tbody>\n<\/table>\n\t\t<\/div>\n\t\t\t<\/div>\n\n\t\n<\/div>\n","protected":false},"excerpt":{"rendered":"<table>\n<tbody>\n<tr>\n<td width=\"176\"><strong>Modelo:<\/strong><\/td>\n<td width=\"182\">ALT200<\/td>\n<\/tr>\n<tr>\n<td width=\"176\"><strong>Marca: <\/strong><\/td>\n<td width=\"182\">CYCJET<\/td>\n<\/tr>\n<tr>\n<td width=\"176\"><strong>MOQ<\/strong>:<\/td>\n<td width=\"182\">1 Set<\/td>\n<\/tr>\n<tr>\n<td width=\"176\"><strong>Certificaci\u00f3n: <\/strong><\/td>\n<td width=\"182\">CE, SGS, FDA<\/td>\n<\/tr>\n<tr>\n<td width=\"176\"><strong>Pago:<\/strong><\/td>\n<td width=\"182\">L\/C,Efectivo,Western Union,T\/T, Paypal<\/td>\n<\/tr>\n<tr>\n<td width=\"176\"><strong>Garant\u00eda:<\/strong><\/td>\n<td width=\"182\">1 A\u00f1o<\/td>\n<\/tr>\n<\/tbody>\n<\/table>\n","protected":false},"featured_media":486,"comment_status":"closed","ping_status":"closed","template":"","meta":[],"product_brand":[],"product_cat":[22,19],"product_tag":[],"class_list":{"0":"post-159","1":"product","2":"type-product","3":"status-publish","4":"has-post-thumbnail","6":"product_cat-high-resolution-inkjet-coder","7":"product_cat-inkjet-coding-machines","9":"first","10":"instock","11":"shipping-taxable","12":"product-type-simple"},"yoast_head":"<!-- This site is optimized with the Yoast SEO plugin v25.2 - https:\/\/yoast.com\/wordpress\/plugins\/seo\/ -->\n<title>Impresora industrial de inyecci\u00f3n de tinta en l\u00ednea CYCJET ALT200 - CYCJET<\/title>\n<meta name=\"robots\" content=\"index, follow, max-snippet:-1, max-image-preview:large, max-video-preview:-1\" \/>\n<link rel=\"canonical\" href=\"https:\/\/www.cycjetes.com\/?product=cycjet-alt200-online-industrial-inkjet-printer\" \/>\n<meta property=\"og:locale\" content=\"en_US\" \/>\n<meta property=\"og:type\" content=\"article\" \/>\n<meta property=\"og:title\" content=\"Impresora industrial de inyecci\u00f3n de tinta en l\u00ednea CYCJET ALT200 - CYCJET\" \/>\n<meta property=\"og:description\" content=\"Modelo: ALT200   Marca:  CYCJET   MOQ: 1 Set   Certificaci\u00f3n:  CE, SGS, FDA   Pago: L\/C,Efectivo,Western Union,T\/T, Paypal   Garant\u00eda: 1 A\u00f1o\" \/>\n<meta property=\"og:url\" content=\"https:\/\/www.cycjetes.com\/?product=cycjet-alt200-online-industrial-inkjet-printer\" \/>\n<meta property=\"og:site_name\" content=\"CYCJET\" \/>\n<meta property=\"article:modified_time\" content=\"2025-06-06T08:00:56+00:00\" \/>\n<meta property=\"og:image\" content=\"https:\/\/www.cycjetes.com\/wp-content\/uploads\/2021\/08\/15729201475693.jpg\" \/>\n\t<meta property=\"og:image:width\" content=\"750\" \/>\n\t<meta property=\"og:image:height\" content=\"750\" \/>\n\t<meta property=\"og:image:type\" content=\"image\/jpeg\" \/>\n<meta name=\"twitter:card\" content=\"summary_large_image\" \/>\n<script type=\"application\/ld+json\" class=\"yoast-schema-graph\">{\"@context\":\"https:\/\/schema.org\",\"@graph\":[{\"@type\":\"WebPage\",\"@id\":\"https:\/\/www.cycjetes.com\/?product=cycjet-alt200-online-industrial-inkjet-printer\",\"url\":\"https:\/\/www.cycjetes.com\/?product=cycjet-alt200-online-industrial-inkjet-printer\",\"name\":\"Impresora industrial de inyecci\u00f3n de tinta en l\u00ednea CYCJET ALT200 - CYCJET\",\"isPartOf\":{\"@id\":\"https:\/\/www.cycjetes.com\/#website\"},\"primaryImageOfPage\":{\"@id\":\"https:\/\/www.cycjetes.com\/?product=cycjet-alt200-online-industrial-inkjet-printer#primaryimage\"},\"image\":{\"@id\":\"https:\/\/www.cycjetes.com\/?product=cycjet-alt200-online-industrial-inkjet-printer#primaryimage\"},\"thumbnailUrl\":\"https:\/\/www.cycjetes.com\/wp-content\/uploads\/2021\/08\/15729201475693.jpg\",\"datePublished\":\"2021-08-11T03:45:14+00:00\",\"dateModified\":\"2025-06-06T08:00:56+00:00\",\"breadcrumb\":{\"@id\":\"https:\/\/www.cycjetes.com\/?product=cycjet-alt200-online-industrial-inkjet-printer#breadcrumb\"},\"inLanguage\":\"en-US\",\"potentialAction\":[{\"@type\":\"ReadAction\",\"target\":[\"https:\/\/www.cycjetes.com\/?product=cycjet-alt200-online-industrial-inkjet-printer\"]}]},{\"@type\":\"ImageObject\",\"inLanguage\":\"en-US\",\"@id\":\"https:\/\/www.cycjetes.com\/?product=cycjet-alt200-online-industrial-inkjet-printer#primaryimage\",\"url\":\"https:\/\/www.cycjetes.com\/wp-content\/uploads\/2021\/08\/15729201475693.jpg\",\"contentUrl\":\"https:\/\/www.cycjetes.com\/wp-content\/uploads\/2021\/08\/15729201475693.jpg\",\"width\":750,\"height\":750},{\"@type\":\"BreadcrumbList\",\"@id\":\"https:\/\/www.cycjetes.com\/?product=cycjet-alt200-online-industrial-inkjet-printer#breadcrumb\",\"itemListElement\":[{\"@type\":\"ListItem\",\"position\":1,\"name\":\"Home\",\"item\":\"https:\/\/www.cycjetes.com\/\"},{\"@type\":\"ListItem\",\"position\":2,\"name\":\"Products\",\"item\":\"https:\/\/www.cycjetes.com\/?page_id=7\"},{\"@type\":\"ListItem\",\"position\":3,\"name\":\"Impresora industrial de inyecci\u00f3n de tinta en l\u00ednea CYCJET ALT200\"}]},{\"@type\":\"WebSite\",\"@id\":\"https:\/\/www.cycjetes.com\/#website\",\"url\":\"https:\/\/www.cycjetes.com\/\",\"name\":\"CYCJET\",\"description\":\"\",\"potentialAction\":[{\"@type\":\"SearchAction\",\"target\":{\"@type\":\"EntryPoint\",\"urlTemplate\":\"https:\/\/www.cycjetes.com\/?s={search_term_string}\"},\"query-input\":{\"@type\":\"PropertyValueSpecification\",\"valueRequired\":true,\"valueName\":\"search_term_string\"}}],\"inLanguage\":\"en-US\"}]}<\/script>\n<!-- \/ Yoast SEO plugin. -->","yoast_head_json":{"title":"Impresora industrial de inyecci\u00f3n de tinta en l\u00ednea CYCJET ALT200 - CYCJET","robots":{"index":"index","follow":"follow","max-snippet":"max-snippet:-1","max-image-preview":"max-image-preview:large","max-video-preview":"max-video-preview:-1"},"canonical":"https:\/\/www.cycjetes.com\/?product=cycjet-alt200-online-industrial-inkjet-printer","og_locale":"en_US","og_type":"article","og_title":"Impresora industrial de inyecci\u00f3n de tinta en l\u00ednea CYCJET ALT200 - CYCJET","og_description":"Modelo: ALT200   Marca:  CYCJET   MOQ: 1 Set   Certificaci\u00f3n:  CE, SGS, FDA   Pago: L\/C,Efectivo,Western Union,T\/T, Paypal   Garant\u00eda: 1 A\u00f1o","og_url":"https:\/\/www.cycjetes.com\/?product=cycjet-alt200-online-industrial-inkjet-printer","og_site_name":"CYCJET","article_modified_time":"2025-06-06T08:00:56+00:00","og_image":[{"width":750,"height":750,"url":"https:\/\/www.cycjetes.com\/wp-content\/uploads\/2021\/08\/15729201475693.jpg","type":"image\/jpeg"}],"twitter_card":"summary_large_image","schema":{"@context":"https:\/\/schema.org","@graph":[{"@type":"WebPage","@id":"https:\/\/www.cycjetes.com\/?product=cycjet-alt200-online-industrial-inkjet-printer","url":"https:\/\/www.cycjetes.com\/?product=cycjet-alt200-online-industrial-inkjet-printer","name":"Impresora industrial de inyecci\u00f3n de tinta en l\u00ednea CYCJET ALT200 - CYCJET","isPartOf":{"@id":"https:\/\/www.cycjetes.com\/#website"},"primaryImageOfPage":{"@id":"https:\/\/www.cycjetes.com\/?product=cycjet-alt200-online-industrial-inkjet-printer#primaryimage"},"image":{"@id":"https:\/\/www.cycjetes.com\/?product=cycjet-alt200-online-industrial-inkjet-printer#primaryimage"},"thumbnailUrl":"https:\/\/www.cycjetes.com\/wp-content\/uploads\/2021\/08\/15729201475693.jpg","datePublished":"2021-08-11T03:45:14+00:00","dateModified":"2025-06-06T08:00:56+00:00","breadcrumb":{"@id":"https:\/\/www.cycjetes.com\/?product=cycjet-alt200-online-industrial-inkjet-printer#breadcrumb"},"inLanguage":"en-US","potentialAction":[{"@type":"ReadAction","target":["https:\/\/www.cycjetes.com\/?product=cycjet-alt200-online-industrial-inkjet-printer"]}]},{"@type":"ImageObject","inLanguage":"en-US","@id":"https:\/\/www.cycjetes.com\/?product=cycjet-alt200-online-industrial-inkjet-printer#primaryimage","url":"https:\/\/www.cycjetes.com\/wp-content\/uploads\/2021\/08\/15729201475693.jpg","contentUrl":"https:\/\/www.cycjetes.com\/wp-content\/uploads\/2021\/08\/15729201475693.jpg","width":750,"height":750},{"@type":"BreadcrumbList","@id":"https:\/\/www.cycjetes.com\/?product=cycjet-alt200-online-industrial-inkjet-printer#breadcrumb","itemListElement":[{"@type":"ListItem","position":1,"name":"Home","item":"https:\/\/www.cycjetes.com\/"},{"@type":"ListItem","position":2,"name":"Products","item":"https:\/\/www.cycjetes.com\/?page_id=7"},{"@type":"ListItem","position":3,"name":"Impresora industrial de inyecci\u00f3n de tinta en l\u00ednea CYCJET ALT200"}]},{"@type":"WebSite","@id":"https:\/\/www.cycjetes.com\/#website","url":"https:\/\/www.cycjetes.com\/","name":"CYCJET","description":"","potentialAction":[{"@type":"SearchAction","target":{"@type":"EntryPoint","urlTemplate":"https:\/\/www.cycjetes.com\/?s={search_term_string}"},"query-input":{"@type":"PropertyValueSpecification","valueRequired":true,"valueName":"search_term_string"}}],"inLanguage":"en-US"}]}},"_links":{"self":[{"href":"https:\/\/www.cycjetes.com\/index.php?rest_route=\/wp\/v2\/product\/159","targetHints":{"allow":["GET"]}}],"collection":[{"href":"https:\/\/www.cycjetes.com\/index.php?rest_route=\/wp\/v2\/product"}],"about":[{"href":"https:\/\/www.cycjetes.com\/index.php?rest_route=\/wp\/v2\/types\/product"}],"replies":[{"embeddable":true,"href":"https:\/\/www.cycjetes.com\/index.php?rest_route=%2Fwp%2Fv2%2Fcomments&post=159"}],"wp:featuredmedia":[{"embeddable":true,"href":"https:\/\/www.cycjetes.com\/index.php?rest_route=\/wp\/v2\/media\/486"}],"wp:attachment":[{"href":"https:\/\/www.cycjetes.com\/index.php?rest_route=%2Fwp%2Fv2%2Fmedia&parent=159"}],"wp:term":[{"taxonomy":"product_brand","embeddable":true,"href":"https:\/\/www.cycjetes.com\/index.php?rest_route=%2Fwp%2Fv2%2Fproduct_brand&post=159"},{"taxonomy":"product_cat","embeddable":true,"href":"https:\/\/www.cycjetes.com\/index.php?rest_route=%2Fwp%2Fv2%2Fproduct_cat&post=159"},{"taxonomy":"product_tag","embeddable":true,"href":"https:\/\/www.cycjetes.com\/index.php?rest_route=%2Fwp%2Fv2%2Fproduct_tag&post=159"}],"curies":[{"name":"wp","href":"https:\/\/api.w.org\/{rel}","templated":true}]}}