{"id":158,"date":"2021-08-11T03:44:17","date_gmt":"2021-08-11T03:44:17","guid":{"rendered":"https:\/\/spcycjet.tradeoptimize-clients.com\/?post_type=product&#038;p=158"},"modified":"2025-06-06T07:58:42","modified_gmt":"2025-06-06T07:58:42","slug":"cycjet-alt390-desktop-inkjet-printer","status":"publish","type":"product","link":"https:\/\/www.cycjetes.com\/?product=cycjet-alt390-desktop-inkjet-printer","title":{"rendered":"Impresora de inyecci\u00f3n de tinta de sobremesa CYCJET ALT390"},"content":{"rendered":"<div class=\"row\"  id=\"row-1206993591\">\n\n\t<div id=\"col-1359115446\" class=\"col medium-6 small-12 large-6\"  >\n\t\t<div class=\"col-inner\"  >\n\t\t\t\n\t\t\t\n<div class=\"tem378-irregular noScrollMove bgFixed clearBg\">\n<div class=\"content-right content-section noScrollMove tem44-irregular\">\n<div class=\"container\">\n<div class=\"row\">\n<div class=\"flexBoxStem irregular-item\">\n<div class=\"flexBoxFill col-lg-9 col-md-9 col-sm-9 col-xs-12 content-float\">\n<div>\n<div class=\"tem06-irregular-text wow animated fadeInUp\">\n<div class=\"h2 bg-color-after font-color-gray-level-3 title\">\n<section>\n<h3><span style=\"color: #333399\"><strong>DESCRIPCI\u00d3N DEL PRODUCTO<\/strong><\/span><\/h3>\n<\/section>\n<\/div>\n<div class=\"text description\">\n<section>\n<ul>\n<li>Para la impresora de inyecci\u00f3n de tinta de escritorio ALT390. Completamente independiente del PC, pantalla t\u00e1ctil a color grande, tan f\u00e1cil de usar como un tel\u00e9fono m\u00f3vil.<\/li>\n<li>Vista previa WYSIWYG, fuentes integradas: fuentes de matriz de puntos, rayas horizontales, rayas verticales, negrita; altura y tama\u00f1o de fuente ajustables, fuentes de seguridad exclusivas para diversas necesidades.<\/li>\n<li>Dise\u00f1o estructural ergon\u00f3mico, peso razonable, no cansa f\u00e1cilmente en operaciones prolongadas.<\/li>\n<li>Sistema cerrado de cartuchos y tinta, cambio de cartucho conveniente.<\/li>\n<\/ul>\n<\/section>\n<\/div>\n<\/div>\n<\/div>\n<\/div>\n<\/div>\n<\/div>\n<\/div>\n<\/div>\n<\/div>\n\t\t<\/div>\n\t\t\t<\/div>\n\n\t\n<\/div>\n<div class=\"row\"  id=\"row-1220406487\">\n\n\t<div id=\"col-777715832\" class=\"col small-12 large-12\"  >\n\t\t<div class=\"col-inner\"  >\n\t\t\t\n\t\t\t\n<div class=\"container section-title-container\" ><h2 class=\"section-title section-title-center\"><b><\/b><span class=\"section-title-main\" style=\"color:rgb(14, 24, 184);\">Especificaciones T\u00e9cnicas<\/span><b><\/b><\/h2><\/div>\n\t\t<\/div>\n\t\t\t<\/div>\n\n\t\n\n\t<div id=\"col-1166567685\" class=\"col small-12 large-12\"  >\n\t\t<div class=\"col-inner\"  >\n\t\t\t\n\t\t\t\n<table class=\"table table-bordered table-hover\">\n<tbody>\n<tr class=\"firstRow\">\n<td valign=\"center\" width=\"92\">Tipo<\/td>\n<td valign=\"center\" width=\"469\">Alta Resoluci\u00f3n\/Piezoel\u00e9ctrica\/Peque\u00f1a impresora port\u00e1til de mano<\/td>\n<\/tr>\n<tr>\n<td valign=\"center\" width=\"92\">Altura de impresi\u00f3n<\/td>\n<td valign=\"center\" width=\"469\">1\u201318 mm<\/td>\n<\/tr>\n<tr>\n<td valign=\"center\" width=\"92\">Espaciado de impresi\u00f3n<\/td>\n<td valign=\"center\" width=\"469\">8\u201310 mm, seg\u00fan el contenido e tipo de tinta<\/td>\n<\/tr>\n<tr>\n<td valign=\"center\" width=\"92\">L\u00edneas de impresi\u00f3n<\/td>\n<td valign=\"center\" width=\"469\">Ilimitadas dentro de una altura m\u00e1xima de 18 mm<\/td>\n<\/tr>\n<tr>\n<td valign=\"center\" width=\"92\">Longitud de impresi\u00f3n<\/td>\n<td valign=\"center\" width=\"469\">Longitud m\u00e1xima por archivo: 90 mm<\/td>\n<\/tr>\n<tr>\n<td valign=\"center\" width=\"92\">Velocidad de impresi\u00f3n<\/td>\n<td valign=\"center\" width=\"469\">1.5 segundos\/impresi\u00f3n<\/td>\n<\/tr>\n<tr>\n<td valign=\"center\" width=\"92\">Resoluci\u00f3n de impresi\u00f3n<\/td>\n<td valign=\"center\" width=\"469\">M\u00e1x. 180 dpi<\/td>\n<\/tr>\n<tr>\n<td valign=\"center\" width=\"92\">Fuentes de impresi\u00f3n<\/td>\n<td valign=\"center\" width=\"469\">Fuentes integradas variadas: barra horizontal, barra vertical, matriz de puntos, negrita; intercambiables libremente<\/td>\n<\/tr>\n<tr>\n<td valign=\"center\" width=\"92\">Contenido de impresi\u00f3n<\/td>\n<td valign=\"center\" width=\"469\">Fecha real, hora real, imagen, letras, turno, n\u00famero de serie, n\u00famero de lote, c\u00f3digo de barras y c\u00f3digo 2D<\/td>\n<\/tr>\n<tr>\n<td valign=\"center\" width=\"92\">Direcci\u00f3n de impresi\u00f3n<\/td>\n<td valign=\"center\" width=\"469\">Impresi\u00f3n lateral (hacia arriba o hacia abajo opcional)<\/td>\n<\/tr>\n<tr>\n<td valign=\"center\" width=\"92\">Biblioteca de fuentes<\/td>\n<td valign=\"center\" width=\"469\">Fuentes est\u00e1ndar: chino e ingl\u00e9s; espa\u00f1ol, portugu\u00e9s y \u00e1rabe opcionales<\/td>\n<\/tr>\n<tr>\n<td valign=\"center\" width=\"92\">Interfaz de usuario<\/td>\n<td valign=\"center\" width=\"469\">Men\u00fa visual tipo imagen en chino o ingl\u00e9s (opcional: espa\u00f1ol, portugu\u00e9s, \u00e1rabe), estilo WYSIWYG<\/td>\n<\/tr>\n<tr>\n<td valign=\"center\" width=\"92\">Funci\u00f3n de memoria<\/td>\n<td valign=\"center\" width=\"469\">M\u00e1s de 1000 textos almacenables<\/td>\n<\/tr>\n<tr>\n<td valign=\"center\" width=\"92\">Pantalla<\/td>\n<td valign=\"center\" width=\"469\">Pantalla t\u00e1ctil a color de 4.3 pulgadas<\/td>\n<\/tr>\n<tr>\n<td rowspan=\"2\" valign=\"center\" width=\"92\">Tipo de tinta<\/td>\n<td valign=\"center\" width=\"469\">Tinta original del Reino Unido.<br \/>\n&#8211; Tinta a base de solvente (requiere mantenimiento regular);<br \/>\n&#8211; Tinta invisible (requiere mantenimiento regular);<br \/>\n&#8211; Tinta a base de aceite (sin mantenimiento)<\/td>\n<\/tr>\n<tr>\n<td valign=\"center\" width=\"469\">Se puede imprimir sobre pl\u00e1stico, vidrio, metal, papel, madera\u2026<\/td>\n<\/tr>\n<tr>\n<td valign=\"center\" width=\"92\">Color de tinta<\/td>\n<td valign=\"center\" width=\"469\">Negro, rojo, amarillo, azul, verde, blanco, etc.<\/td>\n<\/tr>\n<tr>\n<td rowspan=\"4\" valign=\"center\" width=\"92\">Cada cartucho de tinta<\/td>\n<td valign=\"center\" width=\"469\">Cada cartucho puede imprimir 1.25 mil millones de puntos de tinta durante la producci\u00f3n eficiente:<\/td>\n<\/tr>\n<tr>\n<td valign=\"center\" width=\"469\">*Cada cartucho puede imprimir 1.2 millones de tapas de botella o cajas de medicina con 2 l\u00edneas de fuente peque\u00f1a (1\u00d71.7 cm\u00b2); costo por unidad: RMB 0.0005<\/td>\n<\/tr>\n<tr>\n<td valign=\"center\" width=\"469\">*Cada cartucho puede imprimir 120,000 cajas grandes con fuente de matriz de puntos grande (1.75\u00d710 cm\u00b2); costo por unidad: RMB 0.005<\/td>\n<\/tr>\n<tr>\n<td valign=\"center\" width=\"469\">*Cada cartucho puede imprimir 60,000 cajas grandes con fuente en negrita (1.75\u00d710 cm\u00b2); costo por unidad: RMB 0.01<\/td>\n<\/tr>\n<tr>\n<td rowspan=\"2\" valign=\"center\" width=\"92\">Peso y dimensiones<\/td>\n<td valign=\"center\" width=\"469\">9.0 KG<\/td>\n<\/tr>\n<tr>\n<td valign=\"center\" width=\"469\">500\u00d7150\u00d7250 mm<\/td>\n<\/tr>\n<tr>\n<td valign=\"center\" width=\"92\">Alimentaci\u00f3n<\/td>\n<td valign=\"center\" width=\"469\">Entrada: AC100V\u2013260V, 50\u201360Hz; Salida: DC 12V<\/td>\n<\/tr>\n<tr>\n<td valign=\"center\" width=\"92\">Rango de humedad<\/td>\n<td valign=\"center\" width=\"469\">10\u201390% sin condensaci\u00f3n<\/td>\n<\/tr>\n<tr>\n<td valign=\"center\" width=\"92\">Rango de temperatura<\/td>\n<td valign=\"center\" width=\"469\">5\u201340 \u00b0C<\/td>\n<\/tr>\n<tr>\n<td valign=\"center\" width=\"92\">Interfaz externa<\/td>\n<td valign=\"center\" width=\"469\">Puerto USB, sensor (opcional), sincronizador (opcional)<\/td>\n<\/tr>\n<tr>\n<td valign=\"center\" width=\"92\">Otros<\/td>\n<td valign=\"center\" width=\"469\">No requiere aire comprimido externo ni disolvente<\/td>\n<\/tr>\n<\/tbody>\n<\/table>\n\t\t<\/div>\n\t\t\t<\/div>\n\n\t\n<\/div>\n","protected":false},"excerpt":{"rendered":"<table>\n<tbody>\n<tr>\n<td width=\"176\"><strong>Modelo:<\/strong><\/td>\n<td width=\"182\">ALT390<\/td>\n<\/tr>\n<tr>\n<td width=\"176\"><strong>Marca: <\/strong><\/td>\n<td width=\"182\">CYCJET<\/td>\n<\/tr>\n<tr>\n<td width=\"176\"><strong>MOQ<\/strong>:<\/td>\n<td width=\"182\">1 Set<\/td>\n<\/tr>\n<tr>\n<td width=\"176\"><strong>Certificaci\u00f3n: <\/strong><\/td>\n<td width=\"182\">CE, SGS, FDA<\/td>\n<\/tr>\n<tr>\n<td width=\"176\"><strong>Pago: <\/strong><\/td>\n<td width=\"182\">L \/ C, D \/ P, T \/ T, Western Union<\/td>\n<\/tr>\n<tr>\n<td width=\"176\"><strong>Garant\u00eda:<\/strong><\/td>\n<td width=\"182\">1 A\u00f1o<\/td>\n<\/tr>\n<\/tbody>\n<\/table>\n","protected":false},"featured_media":484,"comment_status":"closed","ping_status":"closed","template":"","meta":[],"product_brand":[],"product_cat":[22,19],"product_tag":[],"class_list":{"0":"post-158","1":"product","2":"type-product","3":"status-publish","4":"has-post-thumbnail","6":"product_cat-high-resolution-inkjet-coder","7":"product_cat-inkjet-coding-machines","9":"first","10":"instock","11":"shipping-taxable","12":"product-type-simple"},"yoast_head":"<!-- This site is optimized with the Yoast SEO plugin v25.2 - https:\/\/yoast.com\/wordpress\/plugins\/seo\/ -->\n<title>Impresora de inyecci\u00f3n de tinta de sobremesa CYCJET ALT390 - CYCJET<\/title>\n<meta name=\"robots\" content=\"index, follow, max-snippet:-1, max-image-preview:large, max-video-preview:-1\" \/>\n<link rel=\"canonical\" href=\"https:\/\/www.cycjetes.com\/?product=cycjet-alt390-desktop-inkjet-printer\" \/>\n<meta property=\"og:locale\" content=\"en_US\" \/>\n<meta property=\"og:type\" content=\"article\" \/>\n<meta property=\"og:title\" content=\"Impresora de inyecci\u00f3n de tinta de sobremesa CYCJET ALT390 - CYCJET\" \/>\n<meta property=\"og:description\" content=\"Modelo: ALT390   Marca:  CYCJET   MOQ: 1 Set   Certificaci\u00f3n:  CE, SGS, FDA   Pago:  L \/ C, D \/ P, T \/ T, Western Union   Garant\u00eda: 1 A\u00f1o\" \/>\n<meta property=\"og:url\" content=\"https:\/\/www.cycjetes.com\/?product=cycjet-alt390-desktop-inkjet-printer\" \/>\n<meta property=\"og:site_name\" content=\"CYCJET\" \/>\n<meta property=\"article:modified_time\" content=\"2025-06-06T07:58:42+00:00\" \/>\n<meta property=\"og:image\" content=\"https:\/\/www.cycjetes.com\/wp-content\/uploads\/2021\/08\/15846061154994.jpg\" \/>\n\t<meta property=\"og:image:width\" content=\"800\" \/>\n\t<meta property=\"og:image:height\" content=\"800\" \/>\n\t<meta property=\"og:image:type\" content=\"image\/jpeg\" \/>\n<meta name=\"twitter:card\" content=\"summary_large_image\" \/>\n<script type=\"application\/ld+json\" class=\"yoast-schema-graph\">{\"@context\":\"https:\/\/schema.org\",\"@graph\":[{\"@type\":\"WebPage\",\"@id\":\"https:\/\/www.cycjetes.com\/?product=cycjet-alt390-desktop-inkjet-printer\",\"url\":\"https:\/\/www.cycjetes.com\/?product=cycjet-alt390-desktop-inkjet-printer\",\"name\":\"Impresora de inyecci\u00f3n de tinta de sobremesa CYCJET ALT390 - CYCJET\",\"isPartOf\":{\"@id\":\"https:\/\/www.cycjetes.com\/#website\"},\"primaryImageOfPage\":{\"@id\":\"https:\/\/www.cycjetes.com\/?product=cycjet-alt390-desktop-inkjet-printer#primaryimage\"},\"image\":{\"@id\":\"https:\/\/www.cycjetes.com\/?product=cycjet-alt390-desktop-inkjet-printer#primaryimage\"},\"thumbnailUrl\":\"https:\/\/www.cycjetes.com\/wp-content\/uploads\/2021\/08\/15846061154994.jpg\",\"datePublished\":\"2021-08-11T03:44:17+00:00\",\"dateModified\":\"2025-06-06T07:58:42+00:00\",\"breadcrumb\":{\"@id\":\"https:\/\/www.cycjetes.com\/?product=cycjet-alt390-desktop-inkjet-printer#breadcrumb\"},\"inLanguage\":\"en-US\",\"potentialAction\":[{\"@type\":\"ReadAction\",\"target\":[\"https:\/\/www.cycjetes.com\/?product=cycjet-alt390-desktop-inkjet-printer\"]}]},{\"@type\":\"ImageObject\",\"inLanguage\":\"en-US\",\"@id\":\"https:\/\/www.cycjetes.com\/?product=cycjet-alt390-desktop-inkjet-printer#primaryimage\",\"url\":\"https:\/\/www.cycjetes.com\/wp-content\/uploads\/2021\/08\/15846061154994.jpg\",\"contentUrl\":\"https:\/\/www.cycjetes.com\/wp-content\/uploads\/2021\/08\/15846061154994.jpg\",\"width\":800,\"height\":800},{\"@type\":\"BreadcrumbList\",\"@id\":\"https:\/\/www.cycjetes.com\/?product=cycjet-alt390-desktop-inkjet-printer#breadcrumb\",\"itemListElement\":[{\"@type\":\"ListItem\",\"position\":1,\"name\":\"Home\",\"item\":\"https:\/\/www.cycjetes.com\/\"},{\"@type\":\"ListItem\",\"position\":2,\"name\":\"Products\",\"item\":\"https:\/\/www.cycjetes.com\/?page_id=7\"},{\"@type\":\"ListItem\",\"position\":3,\"name\":\"Impresora de inyecci\u00f3n de tinta de sobremesa CYCJET ALT390\"}]},{\"@type\":\"WebSite\",\"@id\":\"https:\/\/www.cycjetes.com\/#website\",\"url\":\"https:\/\/www.cycjetes.com\/\",\"name\":\"CYCJET\",\"description\":\"\",\"potentialAction\":[{\"@type\":\"SearchAction\",\"target\":{\"@type\":\"EntryPoint\",\"urlTemplate\":\"https:\/\/www.cycjetes.com\/?s={search_term_string}\"},\"query-input\":{\"@type\":\"PropertyValueSpecification\",\"valueRequired\":true,\"valueName\":\"search_term_string\"}}],\"inLanguage\":\"en-US\"}]}<\/script>\n<!-- \/ Yoast SEO plugin. -->","yoast_head_json":{"title":"Impresora de inyecci\u00f3n de tinta de sobremesa CYCJET ALT390 - CYCJET","robots":{"index":"index","follow":"follow","max-snippet":"max-snippet:-1","max-image-preview":"max-image-preview:large","max-video-preview":"max-video-preview:-1"},"canonical":"https:\/\/www.cycjetes.com\/?product=cycjet-alt390-desktop-inkjet-printer","og_locale":"en_US","og_type":"article","og_title":"Impresora de inyecci\u00f3n de tinta de sobremesa CYCJET ALT390 - CYCJET","og_description":"Modelo: ALT390   Marca:  CYCJET   MOQ: 1 Set   Certificaci\u00f3n:  CE, SGS, FDA   Pago:  L \/ C, D \/ P, T \/ T, Western Union   Garant\u00eda: 1 A\u00f1o","og_url":"https:\/\/www.cycjetes.com\/?product=cycjet-alt390-desktop-inkjet-printer","og_site_name":"CYCJET","article_modified_time":"2025-06-06T07:58:42+00:00","og_image":[{"width":800,"height":800,"url":"https:\/\/www.cycjetes.com\/wp-content\/uploads\/2021\/08\/15846061154994.jpg","type":"image\/jpeg"}],"twitter_card":"summary_large_image","schema":{"@context":"https:\/\/schema.org","@graph":[{"@type":"WebPage","@id":"https:\/\/www.cycjetes.com\/?product=cycjet-alt390-desktop-inkjet-printer","url":"https:\/\/www.cycjetes.com\/?product=cycjet-alt390-desktop-inkjet-printer","name":"Impresora de inyecci\u00f3n de tinta de sobremesa CYCJET ALT390 - CYCJET","isPartOf":{"@id":"https:\/\/www.cycjetes.com\/#website"},"primaryImageOfPage":{"@id":"https:\/\/www.cycjetes.com\/?product=cycjet-alt390-desktop-inkjet-printer#primaryimage"},"image":{"@id":"https:\/\/www.cycjetes.com\/?product=cycjet-alt390-desktop-inkjet-printer#primaryimage"},"thumbnailUrl":"https:\/\/www.cycjetes.com\/wp-content\/uploads\/2021\/08\/15846061154994.jpg","datePublished":"2021-08-11T03:44:17+00:00","dateModified":"2025-06-06T07:58:42+00:00","breadcrumb":{"@id":"https:\/\/www.cycjetes.com\/?product=cycjet-alt390-desktop-inkjet-printer#breadcrumb"},"inLanguage":"en-US","potentialAction":[{"@type":"ReadAction","target":["https:\/\/www.cycjetes.com\/?product=cycjet-alt390-desktop-inkjet-printer"]}]},{"@type":"ImageObject","inLanguage":"en-US","@id":"https:\/\/www.cycjetes.com\/?product=cycjet-alt390-desktop-inkjet-printer#primaryimage","url":"https:\/\/www.cycjetes.com\/wp-content\/uploads\/2021\/08\/15846061154994.jpg","contentUrl":"https:\/\/www.cycjetes.com\/wp-content\/uploads\/2021\/08\/15846061154994.jpg","width":800,"height":800},{"@type":"BreadcrumbList","@id":"https:\/\/www.cycjetes.com\/?product=cycjet-alt390-desktop-inkjet-printer#breadcrumb","itemListElement":[{"@type":"ListItem","position":1,"name":"Home","item":"https:\/\/www.cycjetes.com\/"},{"@type":"ListItem","position":2,"name":"Products","item":"https:\/\/www.cycjetes.com\/?page_id=7"},{"@type":"ListItem","position":3,"name":"Impresora de inyecci\u00f3n de tinta de sobremesa CYCJET ALT390"}]},{"@type":"WebSite","@id":"https:\/\/www.cycjetes.com\/#website","url":"https:\/\/www.cycjetes.com\/","name":"CYCJET","description":"","potentialAction":[{"@type":"SearchAction","target":{"@type":"EntryPoint","urlTemplate":"https:\/\/www.cycjetes.com\/?s={search_term_string}"},"query-input":{"@type":"PropertyValueSpecification","valueRequired":true,"valueName":"search_term_string"}}],"inLanguage":"en-US"}]}},"_links":{"self":[{"href":"https:\/\/www.cycjetes.com\/index.php?rest_route=\/wp\/v2\/product\/158","targetHints":{"allow":["GET"]}}],"collection":[{"href":"https:\/\/www.cycjetes.com\/index.php?rest_route=\/wp\/v2\/product"}],"about":[{"href":"https:\/\/www.cycjetes.com\/index.php?rest_route=\/wp\/v2\/types\/product"}],"replies":[{"embeddable":true,"href":"https:\/\/www.cycjetes.com\/index.php?rest_route=%2Fwp%2Fv2%2Fcomments&post=158"}],"wp:featuredmedia":[{"embeddable":true,"href":"https:\/\/www.cycjetes.com\/index.php?rest_route=\/wp\/v2\/media\/484"}],"wp:attachment":[{"href":"https:\/\/www.cycjetes.com\/index.php?rest_route=%2Fwp%2Fv2%2Fmedia&parent=158"}],"wp:term":[{"taxonomy":"product_brand","embeddable":true,"href":"https:\/\/www.cycjetes.com\/index.php?rest_route=%2Fwp%2Fv2%2Fproduct_brand&post=158"},{"taxonomy":"product_cat","embeddable":true,"href":"https:\/\/www.cycjetes.com\/index.php?rest_route=%2Fwp%2Fv2%2Fproduct_cat&post=158"},{"taxonomy":"product_tag","embeddable":true,"href":"https:\/\/www.cycjetes.com\/index.php?rest_route=%2Fwp%2Fv2%2Fproduct_tag&post=158"}],"curies":[{"name":"wp","href":"https:\/\/api.w.org\/{rel}","templated":true}]}}