{"id":1577,"date":"2022-11-25T09:57:50","date_gmt":"2022-11-25T09:57:50","guid":{"rendered":"https:\/\/www.cycjetcoder.com\/?post_type=product&#038;p=1577"},"modified":"2025-06-05T12:36:00","modified_gmt":"2025-06-05T12:36:00","slug":"cycjet-bh6040-industrial-inkjet-printer","status":"publish","type":"product","link":"https:\/\/www.cycjetes.com\/?product=cycjet-bh6040-industrial-inkjet-printer","title":{"rendered":"Impresora industrial de inyecci\u00f3n de tinta CYCJET BH6040"},"content":{"rendered":"<h3><span style=\"color: #333399;\">DESCRIPCI\u00d3N DEL PRODUCTO:<\/span><\/h3>\n<p>La impresora de inyecci\u00f3n de tinta de caracteres peque\u00f1os de la serie B puede alcanzar el punto 32 de impresi\u00f3n m\u00e1ximo m\u00e1s alto, funciona con una pantalla t\u00e1ctil en color de 10,1 pulgadas, interfaz de usuario en chino, ingl\u00e9s, \u00e1rabe, Rusia, Tailandia, Italia; sistemas el\u00e9ctricos, sistemas de tinta, cabezal de impresi\u00f3n, inyectores de dise\u00f1o innovador, la impresora de inyecci\u00f3n de tinta para lograr una mayor estabilidad.<\/p>\n<h3><span style=\"color: #333399;\">ESPECIFICACIONES T\u00c9CNICAS: <\/span><\/h3>\n<ul>\n<li>*Impresi\u00f3n de 1-5 l\u00edneas, funci\u00f3n offset punto por punto, para lograr cualquier edici\u00f3n, satisfacer mejor el requisito de edici\u00f3n del cliente;<\/li>\n<li>*Impresi\u00f3n de matriz de puntos 5&#215;5, velocidad de hasta 400 m\/min;<\/li>\n<li>*Incorporaci\u00f3n de m\u00e1s de seis mil caracteres chinos, entrada Pinyin directa;<\/li>\n<li>*Conteo autom\u00e1tico y anidamiento de conteo;<\/li>\n<li>*La fecha y la hora se actualiza autom\u00e1ticamente la impresi\u00f3n; continua, n\u00famero de serie, el n\u00famero de veces para repetir la impresi\u00f3n, la impresi\u00f3n por turnos;<\/li>\n<li>*5&#215;5, 5&#215;7, 7&#215;9, 12&#215;16, 18&#215;24, 12&#215;12, 16&#215;16, 16&#215;32 impresi\u00f3n.<\/li>\n<\/ul>\n<h3><span style=\"color: #333399;\">Especificaciones:<\/span><\/h3>\n<table width=\"746\">\n<tbody>\n<tr>\n<td>Interfaz de funcionamiento:<\/td>\n<td>Pantalla t\u00e1ctil en color de 13&#8243;<\/td>\n<td>Pantalla:<\/td>\n<td>Visualizaci\u00f3n de alta resoluci\u00f3n e interfaz de usuario autodise\u00f1ada<\/td>\n<\/tr>\n<tr>\n<td>L\u00edneas de impresi\u00f3n:<\/td>\n<td>1&#8211;5 l\u00edneas<\/td>\n<td>Tipo de fuente:<\/td>\n<td>5*5, 5*7, 7*9, 12*16, 18*24, 12*12, 16*16, 16*32<\/td>\n<\/tr>\n<tr>\n<td>Velocidad de impresi\u00f3n:<\/td>\n<td>Fuentes de 5*5 puntos, velocidad de hasta 400m\/min<\/td>\n<td>Funci\u00f3n de software:<\/td>\n<td>Fecha y hora, n\u00famero de serie, impresi\u00f3n repetida, impresi\u00f3n por turnos<\/td>\n<\/tr>\n<tr>\n<td>Sistema de boquillas:<\/td>\n<td>Limpieza autom\u00e1tica de inyectores, funcionamiento estable durante mucho tiempo<\/td>\n<td>Cabezal de impresi\u00f3n:<\/td>\n<td>Dise\u00f1o especial de inyectores, impresi\u00f3n continua a alta velocidad<\/td>\n<\/tr>\n<tr>\n<td>Sistema de tinta:<\/td>\n<td>simple sistema de tinta inteligente, funcionamiento estable<\/td>\n<td>Sistema electr\u00f3nico:<\/td>\n<td>placa base integrada, bajo fallo el\u00e9ctrico<\/td>\n<\/tr>\n<tr>\n<td>Modo de impresi\u00f3n:<\/td>\n<td>Impresi\u00f3n con sensor, impresi\u00f3n continua<\/td>\n<td>Sistema de software:<\/td>\n<td>Sistema operativo de I+D independiente, reduce la inestabilidad<\/td>\n<\/tr>\n<\/tbody>\n<\/table>\n<h3><span style=\"color: #333399;\">Im\u00e1genes de aplicaci\u00f3n:<\/span><\/h3>\n<p><img loading=\"lazy\" decoding=\"async\" class=\"alignnone wp-image-1578 size-full\" src=\"https:\/\/www.cycjetes.com\/wp-content\/uploads\/2022\/11\/11-2.jpg\" alt=\"\" width=\"1493\" height=\"399\" srcset=\"https:\/\/www.cycjetes.com\/wp-content\/uploads\/2022\/11\/11-2.jpg 1493w, https:\/\/www.cycjetes.com\/wp-content\/uploads\/2022\/11\/11-2-300x80.jpg 300w, https:\/\/www.cycjetes.com\/wp-content\/uploads\/2022\/11\/11-2-1024x274.jpg 1024w, https:\/\/www.cycjetes.com\/wp-content\/uploads\/2022\/11\/11-2-768x205.jpg 768w, https:\/\/www.cycjetes.com\/wp-content\/uploads\/2022\/11\/11-2-600x160.jpg 600w\" sizes=\"auto, (max-width: 1493px) 100vw, 1493px\" \/><\/p>\n","protected":false},"excerpt":{"rendered":"<p>DESCRIPCI\u00d3N DEL PRODUCTO: La impresora de inyecci\u00f3n de tinta de caracteres peque\u00f1os de la serie B puede alcanzar el punto 32 de impresi\u00f3n m\u00e1ximo m\u00e1s alto, funciona con una pantalla t\u00e1ctil en color de 10,1 pulgadas, interfaz de usuario en chino, ingl\u00e9s, \u00e1rabe, Rusia, Tailandia, Italia; sistemas el\u00e9ctricos, sistemas de tinta, cabezal de impresi\u00f3n, inyectores [&#8230;]\n","protected":false},"featured_media":1578,"comment_status":"open","ping_status":"closed","template":"","meta":[],"product_brand":[],"product_cat":[19,148],"product_tag":[],"class_list":{"0":"post-1577","1":"product","2":"type-product","3":"status-publish","4":"has-post-thumbnail","6":"product_cat-inkjet-coding-machines","7":"product_cat-industrial-inkjet-printer","9":"first","10":"instock","11":"shipping-taxable","12":"product-type-simple"},"yoast_head":"<!-- This site is optimized with the Yoast SEO plugin v25.2 - https:\/\/yoast.com\/wordpress\/plugins\/seo\/ -->\n<title>Impresora industrial de inyecci\u00f3n de tinta CYCJET BH6040 - CYCJET<\/title>\n<meta name=\"robots\" content=\"index, follow, max-snippet:-1, max-image-preview:large, max-video-preview:-1\" \/>\n<link rel=\"canonical\" href=\"https:\/\/www.cycjetes.com\/?product=cycjet-bh6040-industrial-inkjet-printer\" \/>\n<meta property=\"og:locale\" content=\"en_US\" \/>\n<meta property=\"og:type\" content=\"article\" \/>\n<meta property=\"og:title\" content=\"Impresora industrial de inyecci\u00f3n de tinta CYCJET BH6040 - CYCJET\" \/>\n<meta property=\"og:description\" content=\"DESCRIPCI\u00d3N DEL PRODUCTO: La impresora de inyecci\u00f3n de tinta de caracteres peque\u00f1os de la serie B puede alcanzar el punto 32 de impresi\u00f3n m\u00e1ximo m\u00e1s alto, funciona con una pantalla t\u00e1ctil en color de 10,1 pulgadas, interfaz de usuario en chino, ingl\u00e9s, \u00e1rabe, Rusia, Tailandia, Italia; sistemas el\u00e9ctricos, sistemas de tinta, cabezal de impresi\u00f3n, inyectores [...]\" \/>\n<meta property=\"og:url\" content=\"https:\/\/www.cycjetes.com\/?product=cycjet-bh6040-industrial-inkjet-printer\" \/>\n<meta property=\"og:site_name\" content=\"CYCJET\" \/>\n<meta property=\"article:modified_time\" content=\"2025-06-05T12:36:00+00:00\" \/>\n<meta property=\"og:image\" content=\"https:\/\/www.cycjetes.com\/wp-content\/uploads\/2022\/11\/11-2.jpg\" \/>\n\t<meta property=\"og:image:width\" content=\"1493\" \/>\n\t<meta property=\"og:image:height\" content=\"399\" \/>\n\t<meta property=\"og:image:type\" content=\"image\/jpeg\" \/>\n<meta name=\"twitter:card\" content=\"summary_large_image\" \/>\n<meta name=\"twitter:label1\" content=\"Est. reading time\" \/>\n\t<meta name=\"twitter:data1\" content=\"2 minutes\" \/>\n<script type=\"application\/ld+json\" class=\"yoast-schema-graph\">{\"@context\":\"https:\/\/schema.org\",\"@graph\":[{\"@type\":\"WebPage\",\"@id\":\"https:\/\/www.cycjetes.com\/?product=cycjet-bh6040-industrial-inkjet-printer\",\"url\":\"https:\/\/www.cycjetes.com\/?product=cycjet-bh6040-industrial-inkjet-printer\",\"name\":\"Impresora industrial de inyecci\u00f3n de tinta CYCJET BH6040 - CYCJET\",\"isPartOf\":{\"@id\":\"https:\/\/www.cycjetes.com\/#website\"},\"primaryImageOfPage\":{\"@id\":\"https:\/\/www.cycjetes.com\/?product=cycjet-bh6040-industrial-inkjet-printer#primaryimage\"},\"image\":{\"@id\":\"https:\/\/www.cycjetes.com\/?product=cycjet-bh6040-industrial-inkjet-printer#primaryimage\"},\"thumbnailUrl\":\"https:\/\/www.cycjetes.com\/wp-content\/uploads\/2022\/11\/11-2.jpg\",\"datePublished\":\"2022-11-25T09:57:50+00:00\",\"dateModified\":\"2025-06-05T12:36:00+00:00\",\"breadcrumb\":{\"@id\":\"https:\/\/www.cycjetes.com\/?product=cycjet-bh6040-industrial-inkjet-printer#breadcrumb\"},\"inLanguage\":\"en-US\",\"potentialAction\":[{\"@type\":\"ReadAction\",\"target\":[\"https:\/\/www.cycjetes.com\/?product=cycjet-bh6040-industrial-inkjet-printer\"]}]},{\"@type\":\"ImageObject\",\"inLanguage\":\"en-US\",\"@id\":\"https:\/\/www.cycjetes.com\/?product=cycjet-bh6040-industrial-inkjet-printer#primaryimage\",\"url\":\"https:\/\/www.cycjetes.com\/wp-content\/uploads\/2022\/11\/11-2.jpg\",\"contentUrl\":\"https:\/\/www.cycjetes.com\/wp-content\/uploads\/2022\/11\/11-2.jpg\",\"width\":1493,\"height\":399},{\"@type\":\"BreadcrumbList\",\"@id\":\"https:\/\/www.cycjetes.com\/?product=cycjet-bh6040-industrial-inkjet-printer#breadcrumb\",\"itemListElement\":[{\"@type\":\"ListItem\",\"position\":1,\"name\":\"Home\",\"item\":\"https:\/\/www.cycjetes.com\/\"},{\"@type\":\"ListItem\",\"position\":2,\"name\":\"Products\",\"item\":\"https:\/\/www.cycjetes.com\/?page_id=7\"},{\"@type\":\"ListItem\",\"position\":3,\"name\":\"Impresora industrial de inyecci\u00f3n de tinta CYCJET BH6040\"}]},{\"@type\":\"WebSite\",\"@id\":\"https:\/\/www.cycjetes.com\/#website\",\"url\":\"https:\/\/www.cycjetes.com\/\",\"name\":\"CYCJET\",\"description\":\"\",\"potentialAction\":[{\"@type\":\"SearchAction\",\"target\":{\"@type\":\"EntryPoint\",\"urlTemplate\":\"https:\/\/www.cycjetes.com\/?s={search_term_string}\"},\"query-input\":{\"@type\":\"PropertyValueSpecification\",\"valueRequired\":true,\"valueName\":\"search_term_string\"}}],\"inLanguage\":\"en-US\"}]}<\/script>\n<!-- \/ Yoast SEO plugin. -->","yoast_head_json":{"title":"Impresora industrial de inyecci\u00f3n de tinta CYCJET BH6040 - CYCJET","robots":{"index":"index","follow":"follow","max-snippet":"max-snippet:-1","max-image-preview":"max-image-preview:large","max-video-preview":"max-video-preview:-1"},"canonical":"https:\/\/www.cycjetes.com\/?product=cycjet-bh6040-industrial-inkjet-printer","og_locale":"en_US","og_type":"article","og_title":"Impresora industrial de inyecci\u00f3n de tinta CYCJET BH6040 - CYCJET","og_description":"DESCRIPCI\u00d3N DEL PRODUCTO: La impresora de inyecci\u00f3n de tinta de caracteres peque\u00f1os de la serie B puede alcanzar el punto 32 de impresi\u00f3n m\u00e1ximo m\u00e1s alto, funciona con una pantalla t\u00e1ctil en color de 10,1 pulgadas, interfaz de usuario en chino, ingl\u00e9s, \u00e1rabe, Rusia, Tailandia, Italia; sistemas el\u00e9ctricos, sistemas de tinta, cabezal de impresi\u00f3n, inyectores [...]","og_url":"https:\/\/www.cycjetes.com\/?product=cycjet-bh6040-industrial-inkjet-printer","og_site_name":"CYCJET","article_modified_time":"2025-06-05T12:36:00+00:00","og_image":[{"width":1493,"height":399,"url":"https:\/\/www.cycjetes.com\/wp-content\/uploads\/2022\/11\/11-2.jpg","type":"image\/jpeg"}],"twitter_card":"summary_large_image","twitter_misc":{"Est. reading time":"2 minutes"},"schema":{"@context":"https:\/\/schema.org","@graph":[{"@type":"WebPage","@id":"https:\/\/www.cycjetes.com\/?product=cycjet-bh6040-industrial-inkjet-printer","url":"https:\/\/www.cycjetes.com\/?product=cycjet-bh6040-industrial-inkjet-printer","name":"Impresora industrial de inyecci\u00f3n de tinta CYCJET BH6040 - CYCJET","isPartOf":{"@id":"https:\/\/www.cycjetes.com\/#website"},"primaryImageOfPage":{"@id":"https:\/\/www.cycjetes.com\/?product=cycjet-bh6040-industrial-inkjet-printer#primaryimage"},"image":{"@id":"https:\/\/www.cycjetes.com\/?product=cycjet-bh6040-industrial-inkjet-printer#primaryimage"},"thumbnailUrl":"https:\/\/www.cycjetes.com\/wp-content\/uploads\/2022\/11\/11-2.jpg","datePublished":"2022-11-25T09:57:50+00:00","dateModified":"2025-06-05T12:36:00+00:00","breadcrumb":{"@id":"https:\/\/www.cycjetes.com\/?product=cycjet-bh6040-industrial-inkjet-printer#breadcrumb"},"inLanguage":"en-US","potentialAction":[{"@type":"ReadAction","target":["https:\/\/www.cycjetes.com\/?product=cycjet-bh6040-industrial-inkjet-printer"]}]},{"@type":"ImageObject","inLanguage":"en-US","@id":"https:\/\/www.cycjetes.com\/?product=cycjet-bh6040-industrial-inkjet-printer#primaryimage","url":"https:\/\/www.cycjetes.com\/wp-content\/uploads\/2022\/11\/11-2.jpg","contentUrl":"https:\/\/www.cycjetes.com\/wp-content\/uploads\/2022\/11\/11-2.jpg","width":1493,"height":399},{"@type":"BreadcrumbList","@id":"https:\/\/www.cycjetes.com\/?product=cycjet-bh6040-industrial-inkjet-printer#breadcrumb","itemListElement":[{"@type":"ListItem","position":1,"name":"Home","item":"https:\/\/www.cycjetes.com\/"},{"@type":"ListItem","position":2,"name":"Products","item":"https:\/\/www.cycjetes.com\/?page_id=7"},{"@type":"ListItem","position":3,"name":"Impresora industrial de inyecci\u00f3n de tinta CYCJET BH6040"}]},{"@type":"WebSite","@id":"https:\/\/www.cycjetes.com\/#website","url":"https:\/\/www.cycjetes.com\/","name":"CYCJET","description":"","potentialAction":[{"@type":"SearchAction","target":{"@type":"EntryPoint","urlTemplate":"https:\/\/www.cycjetes.com\/?s={search_term_string}"},"query-input":{"@type":"PropertyValueSpecification","valueRequired":true,"valueName":"search_term_string"}}],"inLanguage":"en-US"}]}},"_links":{"self":[{"href":"https:\/\/www.cycjetes.com\/index.php?rest_route=\/wp\/v2\/product\/1577","targetHints":{"allow":["GET"]}}],"collection":[{"href":"https:\/\/www.cycjetes.com\/index.php?rest_route=\/wp\/v2\/product"}],"about":[{"href":"https:\/\/www.cycjetes.com\/index.php?rest_route=\/wp\/v2\/types\/product"}],"replies":[{"embeddable":true,"href":"https:\/\/www.cycjetes.com\/index.php?rest_route=%2Fwp%2Fv2%2Fcomments&post=1577"}],"wp:featuredmedia":[{"embeddable":true,"href":"https:\/\/www.cycjetes.com\/index.php?rest_route=\/wp\/v2\/media\/1578"}],"wp:attachment":[{"href":"https:\/\/www.cycjetes.com\/index.php?rest_route=%2Fwp%2Fv2%2Fmedia&parent=1577"}],"wp:term":[{"taxonomy":"product_brand","embeddable":true,"href":"https:\/\/www.cycjetes.com\/index.php?rest_route=%2Fwp%2Fv2%2Fproduct_brand&post=1577"},{"taxonomy":"product_cat","embeddable":true,"href":"https:\/\/www.cycjetes.com\/index.php?rest_route=%2Fwp%2Fv2%2Fproduct_cat&post=1577"},{"taxonomy":"product_tag","embeddable":true,"href":"https:\/\/www.cycjetes.com\/index.php?rest_route=%2Fwp%2Fv2%2Fproduct_tag&post=1577"}],"curies":[{"name":"wp","href":"https:\/\/api.w.org\/{rel}","templated":true}]}}