{"id":156,"date":"2021-08-11T03:41:17","date_gmt":"2021-08-11T03:41:17","guid":{"rendered":"https:\/\/spcycjet.tradeoptimize-clients.com\/?post_type=product&#038;p=156"},"modified":"2025-06-06T08:39:39","modified_gmt":"2025-06-06T08:39:39","slug":"cycjet-c700uv-high-resolution-inkjet-printer","status":"publish","type":"product","link":"https:\/\/www.cycjetes.com\/?product=cycjet-c700uv-high-resolution-inkjet-printer","title":{"rendered":"Impresora de inyecci\u00f3n de tinta de alta resoluci\u00f3n CYCJET C700UV"},"content":{"rendered":"<div class=\"row row-full-width\"  id=\"row-54990938\">\n\n\t<div id=\"col-645011068\" class=\"col medium-6 small-12 large-6\"  data-animate=\"fadeInLeft\">\n\t\t<div class=\"col-inner\"  >\n\t\t\t\n\t\t\t\n<h3><span style=\"color: #000080;\"><strong>DESCRIPCI\u00d3N DEL PRODUCTO<\/strong><\/span><\/h3>\n<p><span style=\"color: #000000;\">La impresora de inyecci\u00f3n de tinta de alta resoluci\u00f3n CYCJET C700UV adopta una pantalla t\u00e1ctil a color de 7 pulgadas, lo que hace que la entrada de texto sea m\u00e1s f\u00e1cil y clara. El cuerpo completamente de acero inoxidable hace que la impresora sea m\u00e1s duradera y atractiva, y m\u00e1s adecuada para talleres industriales. La impresora industrial incluye un cabezal de impresi\u00f3n piezoel\u00e9ctrico, que puede imprimir caracteres de hasta 71.8mm de altura en una sola l\u00ednea, y un microchip Samsung, lo que la hace m\u00e1s estable. Utiliza tecnolog\u00eda de microinyecci\u00f3n piezoel\u00e9ctrica.<\/span><\/p>\n<p><span style=\"color: #000000;\">La impresora de caracteres grandes no solo puede imprimir fecha y hora autom\u00e1ticas, logotipo, n\u00famero de serie, c\u00f3digo aleatorio, c\u00f3digo de barras, c\u00f3digo QR, sino tambi\u00e9n elementos variables como c\u00f3digos de barras y c\u00f3digos QR variables. Adem\u00e1s, cuenta con funci\u00f3n de enlace de archivos: si hay varias informaciones diferentes que deben imprimirse en secuencia, simplemente activa el bot\u00f3n de enlace de archivos, elige lo que se necesita imprimir en secuencia, y el sistema imprimir\u00e1 autom\u00e1ticamente la informaci\u00f3n de forma continua. Estas son funciones b\u00e1sicas del sistema de impresi\u00f3n industrial CYCJET.<\/span><\/p>\n\t\t<\/div>\n\t\t\t<\/div>\n\n\t\n\n\t<div id=\"col-1427109388\" class=\"col medium-6 small-12 large-6\"  data-animate=\"fadeInRight\">\n\t\t<div class=\"col-inner\"  >\n\t\t\t\n\t\t\t\n\t<div class=\"img has-hover x md-x lg-x y md-y lg-y\" id=\"image_1766177354\">\n\t\t\t\t\t\t\t\t<div class=\"img-inner dark\" >\n\t\t\t<img loading=\"lazy\" decoding=\"async\" width=\"750\" height=\"564\" src=\"https:\/\/www.cycjetes.com\/wp-content\/uploads\/2021\/09\/ICM-HRIC-03.webp\" class=\"attachment-large size-large\" alt=\"\" srcset=\"https:\/\/www.cycjetes.com\/wp-content\/uploads\/2021\/09\/ICM-HRIC-03.webp 750w, https:\/\/www.cycjetes.com\/wp-content\/uploads\/2021\/09\/ICM-HRIC-03-300x226.webp 300w, https:\/\/www.cycjetes.com\/wp-content\/uploads\/2021\/09\/ICM-HRIC-03-600x451.webp 600w\" sizes=\"auto, (max-width: 750px) 100vw, 750px\" \/>\t\t\t\t\t\t\n\t\t\t\t\t<\/div>\n\t\t\t\t\t\t\t\t\n<style>\n#image_1766177354 {\n  width: 100%;\n}\n<\/style>\n\t<\/div>\n\t\n\t\t<\/div>\n\t\t\t<\/div>\n\n\t\n<\/div>\n<div class=\"row row-full-width\"  id=\"row-460583212\">\n\n\t<div id=\"col-1899243536\" class=\"col small-12 large-12\"  >\n\t\t<div class=\"col-inner\"  >\n\t\t\t\n\t\t\t\n<div class=\"container section-title-container\" ><h2 class=\"section-title section-title-center\"><b><\/b><span class=\"section-title-main\" style=\"color:rgb(14, 24, 184);\">APLICACI\u00d3N<\/span><b><\/b><\/h2><\/div>\n\t\t<\/div>\n\t\t\t<\/div>\n\n\t\n\n\t<div id=\"col-1888087843\" class=\"col medium-4 small-12 large-4\"  >\n\t\t<div class=\"col-inner\"  >\n\t\t\t\n\t<div class=\"is-border\"\n\t\tstyle=\"border-color:rgb(255, 195, 0);border-radius:50px;border-width:2px 2px 2px 2;\">\n\t<\/div>\n\t\t\t\n\t<div class=\"box has-hover   has-hover box-text-bottom\" >\n\n\t\t<div class=\"box-image\" >\n\t\t\t\t\t\t<div class=\"\" >\n\t\t\t\t<img loading=\"lazy\" decoding=\"async\" width=\"750\" height=\"563\" src=\"https:\/\/www.cycjetes.com\/wp-content\/uploads\/2021\/09\/ICM-HRIC-07-app-1.webp\" class=\"attachment- size-\" alt=\"\" srcset=\"https:\/\/www.cycjetes.com\/wp-content\/uploads\/2021\/09\/ICM-HRIC-07-app-1.webp 750w, https:\/\/www.cycjetes.com\/wp-content\/uploads\/2021\/09\/ICM-HRIC-07-app-1-300x225.webp 300w, https:\/\/www.cycjetes.com\/wp-content\/uploads\/2021\/09\/ICM-HRIC-07-app-1-600x450.webp 600w\" sizes=\"auto, (max-width: 750px) 100vw, 750px\" \/>\t\t\t\t\t\t\t\t\t\t\t<\/div>\n\t\t\t\t\t<\/div>\n\n\t\t<div class=\"box-text text-center\" >\n\t\t\t<div class=\"box-text-inner\">\n\t\t\t\t\n<h4><span style=\"color: #333399;\">Cart\u00f3n\/Paquete de cart\u00f3n<\/span><\/h4>\n<p>La impresora de inyecci\u00f3n de tinta de alta resoluci\u00f3n CYCJET C700UV puede integrarse con la l\u00ednea de producci\u00f3n del cliente para realizar trabajos de impresi\u00f3n como fecha, lote, logotipo, c\u00f3digo de barras y ficha t\u00e9cnica del material. Su alta resoluci\u00f3n y eficiencia la hacen destacar en la impresi\u00f3n sobre cajas de cart\u00f3n. Adem\u00e1s, utiliza cabezales piezoel\u00e9ctricos que ahorran tinta, lo que ayuda considerablemente a reducir costos para las f\u00e1bricas.<\/p>\n\t\t\t<\/div>\n\t\t<\/div>\n\t<\/div>\n\t\n\t\t<\/div>\n\t\t\t<\/div>\n\n\t\n\n\t<div id=\"col-1090184483\" class=\"col medium-4 small-12 large-4\"  >\n\t\t<div class=\"col-inner\"  >\n\t\t\t\n\t<div class=\"is-border\"\n\t\tstyle=\"border-color:rgb(255, 195, 0);border-radius:50px;border-width:2px 2px 2px 2;\">\n\t<\/div>\n\t\t\t\n\t<div class=\"box has-hover   has-hover box-text-bottom\" >\n\n\t\t<div class=\"box-image\" >\n\t\t\t\t\t\t<div class=\"\" >\n\t\t\t\t<img loading=\"lazy\" decoding=\"async\" width=\"750\" height=\"563\" src=\"https:\/\/www.cycjetes.com\/wp-content\/uploads\/2021\/09\/ICM-HRIC-07-app-2.webp\" class=\"attachment- size-\" alt=\"\" srcset=\"https:\/\/www.cycjetes.com\/wp-content\/uploads\/2021\/09\/ICM-HRIC-07-app-2.webp 750w, https:\/\/www.cycjetes.com\/wp-content\/uploads\/2021\/09\/ICM-HRIC-07-app-2-300x225.webp 300w, https:\/\/www.cycjetes.com\/wp-content\/uploads\/2021\/09\/ICM-HRIC-07-app-2-600x450.webp 600w\" sizes=\"auto, (max-width: 750px) 100vw, 750px\" \/>\t\t\t\t\t\t\t\t\t\t\t<\/div>\n\t\t\t\t\t<\/div>\n\n\t\t<div class=\"box-text text-center\" >\n\t\t\t<div class=\"box-text-inner\">\n\t\t\t\t\n<h4><span style=\"color: #333399;\">Pel\u00edcula pl\u00e1stica\/Etiquetas<\/span><\/h4>\n<p>La CYCJET C700UV puede utilizar tinta UV, especial para materiales pl\u00e1sticos. Con tinta UV, la impresora es m\u00e1s estable y no requiere mantenimiento, y las impresiones son permanentes, resistentes a la abrasi\u00f3n. Adem\u00e1s, las l\u00edneas de producci\u00f3n de pel\u00edculas pl\u00e1sticas suelen ser de alta velocidad y en rollo, por lo que la tinta debe secarse r\u00e1pidamente. La C700UV, junto con su sistema de curado UV, permite que la impresi\u00f3n se seque instant\u00e1neamente.<\/p>\n\t\t\t<\/div>\n\t\t<\/div>\n\t<\/div>\n\t\n\t\t<\/div>\n\t\t\t<\/div>\n\n\t\n\n\t<div id=\"col-729119788\" class=\"col medium-4 small-12 large-4\"  >\n\t\t<div class=\"col-inner\"  >\n\t\t\t\n\t<div class=\"is-border\"\n\t\tstyle=\"border-color:rgb(255, 195, 0);border-radius:50px;border-width:2px 2px 2px 2;\">\n\t<\/div>\n\t\t\t\n\t<div class=\"box has-hover   has-hover box-text-bottom\" >\n\n\t\t<div class=\"box-image\" >\n\t\t\t\t\t\t<div class=\"\" >\n\t\t\t\t<img loading=\"lazy\" decoding=\"async\" width=\"800\" height=\"640\" src=\"https:\/\/www.cycjetes.com\/wp-content\/uploads\/2021\/09\/ICM-HRIC-03-app-4.webp\" class=\"attachment- size-\" alt=\"\" srcset=\"https:\/\/www.cycjetes.com\/wp-content\/uploads\/2021\/09\/ICM-HRIC-03-app-4.webp 800w, https:\/\/www.cycjetes.com\/wp-content\/uploads\/2021\/09\/ICM-HRIC-03-app-4-300x240.webp 300w, https:\/\/www.cycjetes.com\/wp-content\/uploads\/2021\/09\/ICM-HRIC-03-app-4-768x614.webp 768w, https:\/\/www.cycjetes.com\/wp-content\/uploads\/2021\/09\/ICM-HRIC-03-app-4-600x480.webp 600w\" sizes=\"auto, (max-width: 800px) 100vw, 800px\" \/>\t\t\t\t\t\t\t\t\t\t\t<\/div>\n\t\t\t\t\t<\/div>\n\n\t\t<div class=\"box-text text-center\" >\n\t\t\t<div class=\"box-text-inner\">\n\t\t\t\t\n<h4><span style=\"color: #333399;\">L\u00e1mina de Techo de Acero<\/span><\/h4>\n<p>La velocidad m\u00e1xima de impresi\u00f3n de la CYCJET C700UV puede alcanzar 70m\/min, ideal para l\u00edneas de producci\u00f3n de l\u00e1minas galvanizadas de alta velocidad con impresi\u00f3n de logotipos de gran tama\u00f1o. Funciona con tinta UV, lo que garantiza cero mantenimiento y funcionamiento estable.<\/p>\n\t\t\t<\/div>\n\t\t<\/div>\n\t<\/div>\n\t\n\t\t<\/div>\n\t\t\t<\/div>\n\n\t\n<\/div>\n<div class=\"row\"  id=\"row-2073004317\">\n\n\t<div id=\"col-932411365\" class=\"col small-12 large-12\"  >\n\t\t<div class=\"col-inner\"  >\n\t\t\t\n\t\t\t\n<div class=\"container section-title-container\" ><h2 class=\"section-title section-title-center\"><b><\/b><span class=\"section-title-main\" style=\"color:rgb(14, 24, 184);\">Especificaciones T\u00e9cnicas<\/span><b><\/b><\/h2><\/div>\n\t\t<\/div>\n\t\t\t<\/div>\n\n\t\n\n\t<div id=\"col-1907745000\" class=\"col small-12 large-12\"  >\n\t\t<div class=\"col-inner\"  >\n\t\t\t\n\t\t\t\n<table class=\"table table-bordered table-hover\">\n<tbody>\n<tr class=\"firstRow\">\n<td valign=\"center\" width=\"185\">Altura de Impresi\u00f3n<\/td>\n<td valign=\"center\" width=\"497\">1&#8211;71.8mm<\/td>\n<\/tr>\n<tr>\n<td valign=\"center\" width=\"185\">Espaciado de Impresi\u00f3n<\/td>\n<td valign=\"center\" width=\"497\">8mm-10mm, depende del contenido e tipo de tinta<\/td>\n<\/tr>\n<tr>\n<td valign=\"center\" width=\"185\">L\u00edneas de Impresi\u00f3n<\/td>\n<td valign=\"center\" width=\"497\">Ilimitadas dentro de la altura m\u00e1xima de 71mm<\/td>\n<\/tr>\n<tr>\n<td valign=\"center\" width=\"185\">Longitud de Impresi\u00f3n<\/td>\n<td valign=\"center\" width=\"497\">Longitud m\u00e1xima por archivo: 20000 puntos<\/td>\n<\/tr>\n<tr>\n<td valign=\"center\" width=\"185\">Velocidad de Impresi\u00f3n<\/td>\n<td valign=\"center\" width=\"497\">70m\/min (resoluci\u00f3n transversal de 100DPI)<\/td>\n<\/tr>\n<tr>\n<td valign=\"center\" width=\"185\">Resoluci\u00f3n de Impresi\u00f3n<\/td>\n<td valign=\"center\" width=\"497\">M\u00e1x. 360dpi<\/td>\n<\/tr>\n<tr>\n<td valign=\"center\" width=\"185\">Fuentes de Impresi\u00f3n<\/td>\n<td valign=\"center\" width=\"497\">Diversas fuentes integradas, barras horizontales, verticales, matriz de puntos, negrita, libremente configurables<\/td>\n<\/tr>\n<tr>\n<td valign=\"center\" width=\"185\">Contenido de Impresi\u00f3n<\/td>\n<td valign=\"center\" width=\"497\">Fecha real, hora real, imagen, texto, turno, n\u00famero de serie, n\u00famero de lote, c\u00f3digo de barras, c\u00f3digo 2D<\/td>\n<\/tr>\n<tr>\n<td valign=\"center\" width=\"185\">Direcci\u00f3n de Impresi\u00f3n<\/td>\n<td valign=\"center\" width=\"497\">Impresi\u00f3n hacia arriba, hacia abajo, lateral (360\u00b0)<\/td>\n<\/tr>\n<tr>\n<td valign=\"center\" width=\"185\">Biblioteca de Fuentes<\/td>\n<td valign=\"center\" width=\"497\">Bibliotecas est\u00e1ndar: chino e ingl\u00e9s; opcionales: espa\u00f1ol, portugu\u00e9s, \u00e1rabe<\/td>\n<\/tr>\n<tr>\n<td valign=\"center\" width=\"185\">Interfaz de Usuario<\/td>\n<td valign=\"center\" width=\"497\">Estilo gr\u00e1fico en chino o ingl\u00e9s (opcional espa\u00f1ol, portugu\u00e9s, \u00e1rabe). Vista previa tipo &#8220;lo que ves es lo que obtienes&#8221;<\/td>\n<\/tr>\n<tr>\n<td valign=\"center\" width=\"185\">Funci\u00f3n de Memoria<\/td>\n<td valign=\"center\" width=\"497\">M\u00e1s de 1000 textos almacenables<\/td>\n<\/tr>\n<tr>\n<td valign=\"center\" width=\"185\">Tipo de Tinta<\/td>\n<td valign=\"center\" width=\"497\">Tinta original del Reino Unido. Tintas disponibles: a base de solvente (requiere mantenimiento), tinta invisible (requiere mantenimiento), a base de aceite (sin mantenimiento)<\/td>\n<\/tr>\n<tr>\n<td valign=\"center\" width=\"185\">Color de Tinta<\/td>\n<td valign=\"center\" width=\"497\">Negro, rojo, amarillo, azul, verde, blanco, p\u00farpura<\/td>\n<\/tr>\n<tr>\n<td valign=\"center\" width=\"185\">Nivel de Protecci\u00f3n<\/td>\n<td valign=\"center\" width=\"497\">No apta para ambientes de alta humedad o con mucho polvo<\/td>\n<\/tr>\n<tr>\n<td valign=\"center\" width=\"185\">Peso Bruto<\/td>\n<td valign=\"center\" width=\"497\"><span style=\"font-family: arial,helvetica,sans-serif;\">62.0kg<\/span><\/td>\n<\/tr>\n<tr>\n<td valign=\"center\" width=\"185\">Alimentaci\u00f3n<\/td>\n<td valign=\"center\" width=\"497\">110&#8211;220V, 50\/60HZ<\/td>\n<\/tr>\n<tr>\n<td valign=\"center\" width=\"185\">Rango de Humedad<\/td>\n<td valign=\"center\" width=\"497\">10-90% sin condensaci\u00f3n<\/td>\n<\/tr>\n<tr>\n<td valign=\"center\" width=\"185\">Rango de Temperatura<\/td>\n<td valign=\"center\" width=\"497\">5-40\u00b0C<\/td>\n<\/tr>\n<tr>\n<td valign=\"center\" width=\"185\">Otros<\/td>\n<td valign=\"center\" width=\"497\">No necesita conexi\u00f3n a aire comprimido externo ni diluyentes (solventes)<\/td>\n<\/tr>\n<\/tbody>\n<\/table>\n\t\t<\/div>\n\t\t\t<\/div>\n\n\t\n<\/div>\n","protected":false},"excerpt":{"rendered":"<table style=\"font-size: 14. 4px;\">\n<tbody>\n<tr>\n<td width=\"176\"><strong>Modelo:<\/strong><\/td>\n<td width=\"182\">C700UV<\/td>\n<\/tr>\n<tr>\n<td width=\"176\"><strong>Marca: <\/strong><\/td>\n<td width=\"182\">CYCJET<\/td>\n<\/tr>\n<tr>\n<td width=\"176\"><strong>MOQ<\/strong>:<\/td>\n<td width=\"182\">1 Set<\/td>\n<\/tr>\n<tr>\n<td width=\"176\"><strong>Certificaci\u00f3n: <\/strong><\/td>\n<td width=\"182\">CE<\/td>\n<\/tr>\n<tr>\n<td width=\"176\"><strong>Pago:<\/strong><\/td>\n<td width=\"182\">T\/T, L\/C, West union, Paypal<\/td>\n<\/tr>\n<tr>\n<td width=\"176\"><strong>Garant\u00eda:<\/strong><\/td>\n<td width=\"182\">1 A\u00f1o<\/td>\n<\/tr>\n<\/tbody>\n<\/table>\n","protected":false},"featured_media":0,"comment_status":"closed","ping_status":"closed","template":"","meta":[],"product_brand":[],"product_cat":[22,19],"product_tag":[],"class_list":{"0":"post-156","1":"product","2":"type-product","3":"status-publish","5":"product_cat-high-resolution-inkjet-coder","6":"product_cat-inkjet-coding-machines","8":"first","9":"instock","10":"shipping-taxable","11":"product-type-simple"},"yoast_head":"<!-- This site is optimized with the Yoast SEO plugin v25.2 - https:\/\/yoast.com\/wordpress\/plugins\/seo\/ -->\n<title>Impresora de inyecci\u00f3n de tinta de alta resoluci\u00f3n CYCJET C700UV - CYCJET<\/title>\n<meta name=\"robots\" content=\"index, follow, max-snippet:-1, max-image-preview:large, max-video-preview:-1\" \/>\n<link rel=\"canonical\" href=\"https:\/\/www.cycjetes.com\/?product=cycjet-c700uv-high-resolution-inkjet-printer\" \/>\n<meta property=\"og:locale\" content=\"en_US\" \/>\n<meta property=\"og:type\" content=\"article\" \/>\n<meta property=\"og:title\" content=\"Impresora de inyecci\u00f3n de tinta de alta resoluci\u00f3n CYCJET C700UV - CYCJET\" \/>\n<meta property=\"og:description\" content=\"Modelo: C700UV   Marca:  CYCJET   MOQ: 1 Set   Certificaci\u00f3n:  CE   Pago: T\/T, L\/C, West union, Paypal   Garant\u00eda: 1 A\u00f1o\" \/>\n<meta property=\"og:url\" content=\"https:\/\/www.cycjetes.com\/?product=cycjet-c700uv-high-resolution-inkjet-printer\" \/>\n<meta property=\"og:site_name\" content=\"CYCJET\" \/>\n<meta property=\"article:modified_time\" content=\"2025-06-06T08:39:39+00:00\" \/>\n<meta name=\"twitter:card\" content=\"summary_large_image\" \/>\n<script type=\"application\/ld+json\" class=\"yoast-schema-graph\">{\"@context\":\"https:\/\/schema.org\",\"@graph\":[{\"@type\":\"WebPage\",\"@id\":\"https:\/\/www.cycjetes.com\/?product=cycjet-c700uv-high-resolution-inkjet-printer\",\"url\":\"https:\/\/www.cycjetes.com\/?product=cycjet-c700uv-high-resolution-inkjet-printer\",\"name\":\"Impresora de inyecci\u00f3n de tinta de alta resoluci\u00f3n CYCJET C700UV - CYCJET\",\"isPartOf\":{\"@id\":\"https:\/\/www.cycjetes.com\/#website\"},\"datePublished\":\"2021-08-11T03:41:17+00:00\",\"dateModified\":\"2025-06-06T08:39:39+00:00\",\"breadcrumb\":{\"@id\":\"https:\/\/www.cycjetes.com\/?product=cycjet-c700uv-high-resolution-inkjet-printer#breadcrumb\"},\"inLanguage\":\"en-US\",\"potentialAction\":[{\"@type\":\"ReadAction\",\"target\":[\"https:\/\/www.cycjetes.com\/?product=cycjet-c700uv-high-resolution-inkjet-printer\"]}]},{\"@type\":\"BreadcrumbList\",\"@id\":\"https:\/\/www.cycjetes.com\/?product=cycjet-c700uv-high-resolution-inkjet-printer#breadcrumb\",\"itemListElement\":[{\"@type\":\"ListItem\",\"position\":1,\"name\":\"Home\",\"item\":\"https:\/\/www.cycjetes.com\/\"},{\"@type\":\"ListItem\",\"position\":2,\"name\":\"Products\",\"item\":\"https:\/\/www.cycjetes.com\/?page_id=7\"},{\"@type\":\"ListItem\",\"position\":3,\"name\":\"Impresora de inyecci\u00f3n de tinta de alta resoluci\u00f3n CYCJET C700UV\"}]},{\"@type\":\"WebSite\",\"@id\":\"https:\/\/www.cycjetes.com\/#website\",\"url\":\"https:\/\/www.cycjetes.com\/\",\"name\":\"CYCJET\",\"description\":\"\",\"potentialAction\":[{\"@type\":\"SearchAction\",\"target\":{\"@type\":\"EntryPoint\",\"urlTemplate\":\"https:\/\/www.cycjetes.com\/?s={search_term_string}\"},\"query-input\":{\"@type\":\"PropertyValueSpecification\",\"valueRequired\":true,\"valueName\":\"search_term_string\"}}],\"inLanguage\":\"en-US\"}]}<\/script>\n<!-- \/ Yoast SEO plugin. -->","yoast_head_json":{"title":"Impresora de inyecci\u00f3n de tinta de alta resoluci\u00f3n CYCJET C700UV - CYCJET","robots":{"index":"index","follow":"follow","max-snippet":"max-snippet:-1","max-image-preview":"max-image-preview:large","max-video-preview":"max-video-preview:-1"},"canonical":"https:\/\/www.cycjetes.com\/?product=cycjet-c700uv-high-resolution-inkjet-printer","og_locale":"en_US","og_type":"article","og_title":"Impresora de inyecci\u00f3n de tinta de alta resoluci\u00f3n CYCJET C700UV - CYCJET","og_description":"Modelo: C700UV   Marca:  CYCJET   MOQ: 1 Set   Certificaci\u00f3n:  CE   Pago: T\/T, L\/C, West union, Paypal   Garant\u00eda: 1 A\u00f1o","og_url":"https:\/\/www.cycjetes.com\/?product=cycjet-c700uv-high-resolution-inkjet-printer","og_site_name":"CYCJET","article_modified_time":"2025-06-06T08:39:39+00:00","twitter_card":"summary_large_image","schema":{"@context":"https:\/\/schema.org","@graph":[{"@type":"WebPage","@id":"https:\/\/www.cycjetes.com\/?product=cycjet-c700uv-high-resolution-inkjet-printer","url":"https:\/\/www.cycjetes.com\/?product=cycjet-c700uv-high-resolution-inkjet-printer","name":"Impresora de inyecci\u00f3n de tinta de alta resoluci\u00f3n CYCJET C700UV - CYCJET","isPartOf":{"@id":"https:\/\/www.cycjetes.com\/#website"},"datePublished":"2021-08-11T03:41:17+00:00","dateModified":"2025-06-06T08:39:39+00:00","breadcrumb":{"@id":"https:\/\/www.cycjetes.com\/?product=cycjet-c700uv-high-resolution-inkjet-printer#breadcrumb"},"inLanguage":"en-US","potentialAction":[{"@type":"ReadAction","target":["https:\/\/www.cycjetes.com\/?product=cycjet-c700uv-high-resolution-inkjet-printer"]}]},{"@type":"BreadcrumbList","@id":"https:\/\/www.cycjetes.com\/?product=cycjet-c700uv-high-resolution-inkjet-printer#breadcrumb","itemListElement":[{"@type":"ListItem","position":1,"name":"Home","item":"https:\/\/www.cycjetes.com\/"},{"@type":"ListItem","position":2,"name":"Products","item":"https:\/\/www.cycjetes.com\/?page_id=7"},{"@type":"ListItem","position":3,"name":"Impresora de inyecci\u00f3n de tinta de alta resoluci\u00f3n CYCJET C700UV"}]},{"@type":"WebSite","@id":"https:\/\/www.cycjetes.com\/#website","url":"https:\/\/www.cycjetes.com\/","name":"CYCJET","description":"","potentialAction":[{"@type":"SearchAction","target":{"@type":"EntryPoint","urlTemplate":"https:\/\/www.cycjetes.com\/?s={search_term_string}"},"query-input":{"@type":"PropertyValueSpecification","valueRequired":true,"valueName":"search_term_string"}}],"inLanguage":"en-US"}]}},"_links":{"self":[{"href":"https:\/\/www.cycjetes.com\/index.php?rest_route=\/wp\/v2\/product\/156","targetHints":{"allow":["GET"]}}],"collection":[{"href":"https:\/\/www.cycjetes.com\/index.php?rest_route=\/wp\/v2\/product"}],"about":[{"href":"https:\/\/www.cycjetes.com\/index.php?rest_route=\/wp\/v2\/types\/product"}],"replies":[{"embeddable":true,"href":"https:\/\/www.cycjetes.com\/index.php?rest_route=%2Fwp%2Fv2%2Fcomments&post=156"}],"wp:attachment":[{"href":"https:\/\/www.cycjetes.com\/index.php?rest_route=%2Fwp%2Fv2%2Fmedia&parent=156"}],"wp:term":[{"taxonomy":"product_brand","embeddable":true,"href":"https:\/\/www.cycjetes.com\/index.php?rest_route=%2Fwp%2Fv2%2Fproduct_brand&post=156"},{"taxonomy":"product_cat","embeddable":true,"href":"https:\/\/www.cycjetes.com\/index.php?rest_route=%2Fwp%2Fv2%2Fproduct_cat&post=156"},{"taxonomy":"product_tag","embeddable":true,"href":"https:\/\/www.cycjetes.com\/index.php?rest_route=%2Fwp%2Fv2%2Fproduct_tag&post=156"}],"curies":[{"name":"wp","href":"https:\/\/api.w.org\/{rel}","templated":true}]}}