{"id":155,"date":"2021-08-11T03:42:22","date_gmt":"2021-08-11T03:42:22","guid":{"rendered":"https:\/\/spcycjet.tradeoptimize-clients.com\/?post_type=product&#038;p=155"},"modified":"2025-06-06T08:36:33","modified_gmt":"2025-06-06T08:36:33","slug":"cycjet-alt300-high-resolution-inkjet-printer","status":"publish","type":"product","link":"https:\/\/www.cycjetes.com\/?product=cycjet-alt300-high-resolution-inkjet-printer","title":{"rendered":"Impresora de inyecci\u00f3n de tinta de alta resoluci\u00f3n CYCJET ALT300"},"content":{"rendered":"<div class=\"row row-full-width\"  id=\"row-242674008\">\n\n\t<div id=\"col-297348700\" class=\"col medium-6 small-12 large-6\"  data-animate=\"fadeInLeft\">\n\t\t<div class=\"col-inner\"  >\n\t\t\t\n\t\t\t\n<div class=\"tem378-irregular noScrollMove bgFixed clearBg\">\n<div class=\"content-right content-section noScrollMove tem44-irregular\">\n<div class=\"container\">\n<div class=\"row\">\n<div class=\"flexBoxStem irregular-item\">\n<div class=\"flexBoxFill col-lg-9 col-md-9 col-sm-9 col-xs-12 content-float\">\n<div class=\"tem06-irregular-text wow animated fadeInUp animated animated animated animated animated animated animated animated animated animated animated animated animated animated animated animated animated animated animated animated animated animated animated animated animated animated animated animated animated animated animated animated animated animated\">\n<div class=\"h2 bg-color-after font-color-gray-level-3 title\">\n<section>\n<h3><span style=\"color: #333399\">DESCRIPCI\u00d3N DEL PRODUCTO<\/span><\/h3>\n<\/section>\n<\/div>\n<div class=\"text description\">\n<section>\nLa impresora de inyecci\u00f3n de tinta de alta resoluci\u00f3n CYCJET ALT300 adopta una pantalla t\u00e1ctil a color de 7 pulgadas, lo que facilita y aclara la entrada de texto. Su cuerpo totalmente de acero inoxidable hace que la impresora sea m\u00e1s duradera y est\u00e9tica, siendo m\u00e1s adecuada para talleres industriales.<br \/>\nLa impresora industrial de inyecci\u00f3n de tinta incluye un cabezal piezoel\u00e9ctrico que puede imprimir caracteres de hasta 36 mm de altura en una sola l\u00ednea, adem\u00e1s de un microchip Samsung que garantiza mayor estabilidad. Utiliza tecnolog\u00eda Micro Piezo.<br \/>\nLa impresora de gran formato no solo puede imprimir autom\u00e1ticamente fecha y hora, logo, n\u00famero de serie, c\u00f3digo aleatorio, c\u00f3digo de barras y c\u00f3digo QR, sino tambi\u00e9n elementos variables como c\u00f3digos de barras y c\u00f3digos QR variables.<br \/>\nAsimismo, cuenta con funci\u00f3n de enlace de archivos: si hay varias informaciones distintas para imprimir en secuencia, solo hay que activar el bot\u00f3n de enlace de archivo y seleccionar lo que se desea imprimir en orden, y la impresora imprimir\u00e1 autom\u00e1ticamente la informaci\u00f3n diferente en secuencia.<br \/>\nEstas son todas las funciones b\u00e1sicas del sistema industrial de impresi\u00f3n por inyecci\u00f3n de tinta CYCJET.<br \/>\n<\/section>\n<\/div>\n<\/div>\n<\/div>\n<\/div>\n<\/div>\n<\/div>\n<\/div>\n<\/div>\n\t\t<\/div>\n\t\t\t<\/div>\n\n\t\n\n\t<div id=\"col-482421782\" class=\"col medium-6 small-12 large-6\"  data-animate=\"fadeInRight\">\n\t\t<div class=\"col-inner\"  >\n\t\t\t\n\t\t\t\n\t<div class=\"img has-hover x md-x lg-x y md-y lg-y\" id=\"image_1740569823\">\n\t\t\t\t\t\t\t\t<div class=\"img-inner dark\" >\n\t\t\t<img loading=\"lazy\" decoding=\"async\" width=\"800\" height=\"644\" src=\"https:\/\/www.cycjetes.com\/wp-content\/uploads\/2021\/09\/ICM-HRIC-02.webp\" class=\"attachment-large size-large\" alt=\"\" srcset=\"https:\/\/www.cycjetes.com\/wp-content\/uploads\/2021\/09\/ICM-HRIC-02.webp 800w, https:\/\/www.cycjetes.com\/wp-content\/uploads\/2021\/09\/ICM-HRIC-02-300x242.webp 300w, https:\/\/www.cycjetes.com\/wp-content\/uploads\/2021\/09\/ICM-HRIC-02-768x618.webp 768w, https:\/\/www.cycjetes.com\/wp-content\/uploads\/2021\/09\/ICM-HRIC-02-600x483.webp 600w\" sizes=\"auto, (max-width: 800px) 100vw, 800px\" \/>\t\t\t\t\t\t\n\t\t\t\t\t<\/div>\n\t\t\t\t\t\t\t\t\n<style>\n#image_1740569823 {\n  width: 100%;\n}\n<\/style>\n\t<\/div>\n\t\n\t\t<\/div>\n\t\t\t<\/div>\n\n\t\n<\/div>\n<div class=\"row row-full-width\"  id=\"row-640143818\">\n\n\t<div id=\"col-1726214996\" class=\"col small-12 large-12\"  >\n\t\t<div class=\"col-inner\"  >\n\t\t\t\n\t\t\t\n<div class=\"container section-title-container\" ><h2 class=\"section-title section-title-center\"><b><\/b><span class=\"section-title-main\" style=\"color:rgb(14, 24, 184);\">Aplicaciones<\/span><b><\/b><\/h2><\/div>\n\t\t<\/div>\n\t\t\t<\/div>\n\n\t\n\n\t<div id=\"col-765730143\" class=\"col medium-4 small-12 large-4\"  >\n\t\t<div class=\"col-inner\"  >\n\t\t\t\n\t<div class=\"is-border\"\n\t\tstyle=\"border-color:rgb(255, 195, 0);border-radius:50px;border-width:2px 2px 2px 2;\">\n\t<\/div>\n\t\t\t\n\t<div class=\"box has-hover   has-hover box-text-bottom\" >\n\n\t\t<div class=\"box-image\" >\n\t\t\t\t\t\t<div class=\"\" >\n\t\t\t\t<img loading=\"lazy\" decoding=\"async\" width=\"750\" height=\"563\" src=\"https:\/\/www.cycjetes.com\/wp-content\/uploads\/2021\/09\/ICM-HRIC-07-app-1.webp\" class=\"attachment- size-\" alt=\"\" srcset=\"https:\/\/www.cycjetes.com\/wp-content\/uploads\/2021\/09\/ICM-HRIC-07-app-1.webp 750w, https:\/\/www.cycjetes.com\/wp-content\/uploads\/2021\/09\/ICM-HRIC-07-app-1-300x225.webp 300w, https:\/\/www.cycjetes.com\/wp-content\/uploads\/2021\/09\/ICM-HRIC-07-app-1-600x450.webp 600w\" sizes=\"auto, (max-width: 750px) 100vw, 750px\" \/>\t\t\t\t\t\t\t\t\t\t\t<\/div>\n\t\t\t\t\t<\/div>\n\n\t\t<div class=\"box-text text-center\" >\n\t\t\t<div class=\"box-text-inner\">\n\t\t\t\t\n<h4><span style=\"color: #333399\">Paquetes de Cart\u00f3n<\/span><\/h4>\n<p>La impresora de inyecci\u00f3n de tinta de alta resoluci\u00f3n CYCJET ALT300 puede integrarse con la l\u00ednea de producci\u00f3n del cliente para realizar trabajos de impresi\u00f3n como fecha y lote, logo, c\u00f3digo de barras, as\u00ed como impresi\u00f3n de hojas de datos del material.<br \/>\nSu alta resoluci\u00f3n y eficiencia la hacen destacarse en la impresi\u00f3n en cajas de cart\u00f3n. Adem\u00e1s, la impresora de gran formato CYCJET C700 utiliza un cabezal piezoel\u00e9ctrico que ahorra tinta, lo que resulta muy \u00fatil para reducir costos en las f\u00e1bricas.<br \/>\n\t\t\t<\/div>\n\t\t<\/div>\n\t<\/div>\n\t\n\t\t<\/div>\n\t\t\t<\/div>\n\n\t\n\n\t<div id=\"col-836688499\" class=\"col medium-4 small-12 large-4\"  >\n\t\t<div class=\"col-inner\"  >\n\t\t\t\n\t<div class=\"is-border\"\n\t\tstyle=\"border-color:rgb(255, 195, 0);border-radius:50px;border-width:2px 2px 2px 2;\">\n\t<\/div>\n\t\t\t\n\t<div class=\"box has-hover   has-hover box-text-bottom\" >\n\n\t\t<div class=\"box-image\" >\n\t\t\t\t\t\t<div class=\"\" >\n\t\t\t\t<img loading=\"lazy\" decoding=\"async\" width=\"750\" height=\"563\" src=\"https:\/\/www.cycjetes.com\/wp-content\/uploads\/2021\/09\/ICM-HRIC-07-app-2.webp\" class=\"attachment- size-\" alt=\"\" srcset=\"https:\/\/www.cycjetes.com\/wp-content\/uploads\/2021\/09\/ICM-HRIC-07-app-2.webp 750w, https:\/\/www.cycjetes.com\/wp-content\/uploads\/2021\/09\/ICM-HRIC-07-app-2-300x225.webp 300w, https:\/\/www.cycjetes.com\/wp-content\/uploads\/2021\/09\/ICM-HRIC-07-app-2-600x450.webp 600w\" sizes=\"auto, (max-width: 750px) 100vw, 750px\" \/>\t\t\t\t\t\t\t\t\t\t\t<\/div>\n\t\t\t\t\t<\/div>\n\n\t\t<div class=\"box-text text-center\" >\n\t\t\t<div class=\"box-text-inner\">\n\t\t\t\t\n<h4><span style=\"color: #333399\">Pel\u00edcula Pl\u00e1stica\/Etiquetas<\/span><\/h4>\n<p>La CYCJET ALT300 puede usar tinta UV, especial para material pl\u00e1stico. Con tinta UV, la impresora es m\u00e1s estable y no requiere mantenimiento, y las impresiones sobre pl\u00e1stico son permanentes, dif\u00edciles de borrar.<br \/>\nAdem\u00e1s, la producci\u00f3n de pel\u00edculas pl\u00e1sticas suele ser de alta velocidad y en rollo, por lo que la tinta debe secarse r\u00e1pido tras la impresi\u00f3n. La CYCJET C700, combinada con tinta UV y sistema de solidificaci\u00f3n UV, permite que la tinta seque inmediatamente al imprimir.<br \/>\n\t\t\t<\/div>\n\t\t<\/div>\n\t<\/div>\n\t\n\t\t<\/div>\n\t\t\t<\/div>\n\n\t\n\n\t<div id=\"col-410385114\" class=\"col medium-4 small-12 large-4\"  >\n\t\t<div class=\"col-inner\"  >\n\t\t\t\n\t<div class=\"is-border\"\n\t\tstyle=\"border-color:rgb(255, 195, 0);border-radius:50px;border-width:2px 2px 2px 2;\">\n\t<\/div>\n\t\t\t\n\t<div class=\"box has-hover   has-hover box-text-bottom\" >\n\n\t\t<div class=\"box-image\" >\n\t\t\t\t\t\t<div class=\"\" >\n\t\t\t\t<img loading=\"lazy\" decoding=\"async\" width=\"750\" height=\"563\" src=\"https:\/\/www.cycjetes.com\/wp-content\/uploads\/2021\/09\/ICM-HRIC-07-app-3.webp\" class=\"attachment- size-\" alt=\"\" srcset=\"https:\/\/www.cycjetes.com\/wp-content\/uploads\/2021\/09\/ICM-HRIC-07-app-3.webp 750w, https:\/\/www.cycjetes.com\/wp-content\/uploads\/2021\/09\/ICM-HRIC-07-app-3-300x225.webp 300w, https:\/\/www.cycjetes.com\/wp-content\/uploads\/2021\/09\/ICM-HRIC-07-app-3-600x450.webp 600w\" sizes=\"auto, (max-width: 750px) 100vw, 750px\" \/>\t\t\t\t\t\t\t\t\t\t\t<\/div>\n\t\t\t\t\t<\/div>\n\n\t\t<div class=\"box-text text-center\" >\n\t\t\t<div class=\"box-text-inner\">\n\t\t\t\t\n<h4><span style=\"color: #333399\">Materiales de Construcci\u00f3n<\/span><\/h4>\n<p>Materiales de construcci\u00f3n como tableros WPC, tableros ign\u00edfugos, cuyo material no se utiliza para decoraci\u00f3n o publicidad, pero donde las f\u00e1bricas desean marcar identificaci\u00f3n publicitaria como logos de proveedores o certificados.<br \/>\nLa CYCJET ALT300 satisface perfectamente estas demandas de impresi\u00f3n y ofrece una soluci\u00f3n adecuada para estas aplicaciones.<br \/>\n\t\t\t<\/div>\n\t\t<\/div>\n\t<\/div>\n\t\n\t\t<\/div>\n\t\t\t<\/div>\n\n\t\n<\/div>\n<div class=\"row\"  id=\"row-1366134150\">\n\n\t<div id=\"col-113157572\" class=\"col small-12 large-12\"  >\n\t\t<div class=\"col-inner\"  >\n\t\t\t\n\t\t\t\n<div class=\"container section-title-container\" ><h2 class=\"section-title section-title-center\"><b><\/b><span class=\"section-title-main\" style=\"color:rgb(14, 24, 184);\">Especificaciones T\u00e9cnicas<\/span><b><\/b><\/h2><\/div>\n\t\t<\/div>\n\t\t\t<\/div>\n\n\t\n\n\t<div id=\"col-1694091877\" class=\"col small-12 large-12\"  >\n\t\t<div class=\"col-inner\"  >\n\t\t\t\n\t\t\t\n<table class=\"table table-bordered table-hover\">\n<tbody>\n<tr class=\"firstRow\">\n<td valign=\"center\" width=\"185\">Altura de impresi\u00f3n<\/td>\n<td valign=\"center\" width=\"497\">1\u201336 mm<\/td>\n<\/tr>\n<tr>\n<td valign=\"center\" width=\"185\">Espaciado de impresi\u00f3n<\/td>\n<td valign=\"center\" width=\"497\">8 mm\u201310 mm, sujeto al contenido de impresi\u00f3n y tipo de tinta<\/td>\n<\/tr>\n<tr>\n<td valign=\"center\" width=\"185\">L\u00edneas de impresi\u00f3n<\/td>\n<td valign=\"center\" width=\"497\">L\u00edneas ilimitadas dentro de una altura m\u00e1xima de 36 mm.<\/td>\n<\/tr>\n<tr>\n<td valign=\"center\" width=\"185\">Longitud de impresi\u00f3n<\/td>\n<td valign=\"center\" width=\"497\">Longitud m\u00e1xima por archivo: 20,000 puntos<\/td>\n<\/tr>\n<tr>\n<td valign=\"center\" width=\"185\">Velocidad de impresi\u00f3n<\/td>\n<td valign=\"center\" width=\"497\">70 m\/min (resoluci\u00f3n en direcci\u00f3n transversal 100 DPI)<\/td>\n<\/tr>\n<tr>\n<td valign=\"center\" width=\"185\">Resoluci\u00f3n de impresi\u00f3n<\/td>\n<td valign=\"center\" width=\"497\">M\u00e1x. 180 dpi<\/td>\n<\/tr>\n<tr>\n<td valign=\"center\" width=\"185\">Fuentes de impresi\u00f3n<\/td>\n<td valign=\"center\" width=\"497\">Fuentes integradas variadas, barra horizontal, barra vertical, matriz de puntos y negrita, modificables libremente.<\/td>\n<\/tr>\n<tr>\n<td valign=\"center\" width=\"185\">Contenido de impresi\u00f3n<\/td>\n<td valign=\"center\" width=\"497\">Fecha real, hora real, foto, letras, grupo de turnos, n\u00famero de serie, n\u00famero de lote, c\u00f3digo de barras y c\u00f3digo 2D imprimibles libremente.<\/td>\n<\/tr>\n<tr>\n<td valign=\"center\" width=\"185\">Direcci\u00f3n de impresi\u00f3n<\/td>\n<td valign=\"center\" width=\"497\">Impresi\u00f3n hacia arriba, hacia abajo, impresi\u00f3n lateral (impresi\u00f3n en direcci\u00f3n 360\u00b0)<\/td>\n<\/tr>\n<tr>\n<td valign=\"center\" width=\"185\">Biblioteca de fuentes<\/td>\n<td valign=\"center\" width=\"497\">Bibliotecas est\u00e1ndar en chino e ingl\u00e9s, opciones disponibles para espa\u00f1ol, portugu\u00e9s y \u00e1rabe.<\/td>\n<\/tr>\n<tr>\n<td valign=\"center\" width=\"185\">Interfaz de usuario<\/td>\n<td valign=\"center\" width=\"497\">Men\u00fa estilo imagen en chino o ingl\u00e9s (opcional en espa\u00f1ol, portugu\u00e9s, \u00e1rabe), WYSIWYG (lo que ves es lo que obtienes).<\/td>\n<\/tr>\n<tr>\n<td valign=\"center\" width=\"185\">Funci\u00f3n de memoria<\/td>\n<td valign=\"center\" width=\"497\">Almacenamiento de m\u00e1s de 1000 textos.<\/td>\n<\/tr>\n<tr>\n<td valign=\"center\" width=\"185\">Tipo de tinta<\/td>\n<td valign=\"center\" width=\"497\">Tinta original del Reino Unido. Disponible tinta base solvente (requiere mantenimiento regular), tinta invisible (requiere mantenimiento regular) y tinta base aceite (sin mantenimiento).<\/td>\n<\/tr>\n<tr>\n<td valign=\"center\" width=\"185\">Color de tinta<\/td>\n<td valign=\"center\" width=\"497\">Negro, rojo, amarillo, azul, verde, blanco, p\u00farpura<\/td>\n<\/tr>\n<tr>\n<td valign=\"center\" width=\"185\">Nivel de protecci\u00f3n<\/td>\n<td valign=\"center\" width=\"497\">No apta para ambientes con mucho polvo o alta humedad.<\/td>\n<\/tr>\n<tr>\n<td valign=\"center\" width=\"185\">Peso de la m\u00e1quina<\/td>\n<td valign=\"center\" width=\"497\">9.0 kg<\/td>\n<\/tr>\n<tr>\n<td valign=\"center\" width=\"185\">Alimentaci\u00f3n el\u00e9ctrica<\/td>\n<td valign=\"center\" width=\"497\">110\u2013220 V, 50\/60 Hz<\/td>\n<\/tr>\n<tr>\n<td valign=\"center\" width=\"185\">Rango de humedad<\/td>\n<td valign=\"center\" width=\"497\">10\u201390% sin condensaci\u00f3n<\/td>\n<\/tr>\n<tr>\n<td valign=\"center\" width=\"185\">Rango de temperatura<\/td>\n<td valign=\"center\" width=\"497\">5\u201340 \u00b0C<\/td>\n<\/tr>\n<tr>\n<td valign=\"center\" width=\"185\">Otros<\/td>\n<td valign=\"center\" width=\"497\">No necesita conexi\u00f3n externa de aire comprimido ni diluyente (es decir, solvente)<\/td>\n<\/tr>\n<\/tbody>\n<\/table>\n\t\t<\/div>\n\t\t\t<\/div>\n\n\t\n<\/div>\n","protected":false},"excerpt":{"rendered":"<table style=\"font-size: 14. 4px\">\n<tbody>\n<tr>\n<td width=\"176\"><strong>Modelo:<\/strong><\/td>\n<td width=\"182\">ALT300<\/td>\n<\/tr>\n<tr>\n<td width=\"176\"><strong>Marca: <\/strong><\/td>\n<td width=\"182\">CYCJET<\/td>\n<\/tr>\n<tr>\n<td width=\"176\"><strong>MOQ<\/strong>:<\/td>\n<td width=\"182\">1 Set<\/td>\n<\/tr>\n<tr>\n<td width=\"176\"><strong>Certificaci\u00f3n: <\/strong><\/td>\n<td width=\"182\">CE<\/td>\n<\/tr>\n<tr>\n<td width=\"176\"><strong>Pago:<\/strong><\/td>\n<td width=\"182\">T\/T, L\/C, West union, Paypal<\/td>\n<\/tr>\n<tr>\n<td width=\"176\"><strong>Garant\u00eda:<\/strong><\/td>\n<td width=\"182\">1A\u00f1o<\/td>\n<\/tr>\n<\/tbody>\n<\/table>\n","protected":false},"featured_media":479,"comment_status":"closed","ping_status":"closed","template":"","meta":[],"product_brand":[],"product_cat":[22,19],"product_tag":[],"class_list":{"0":"post-155","1":"product","2":"type-product","3":"status-publish","4":"has-post-thumbnail","6":"product_cat-high-resolution-inkjet-coder","7":"product_cat-inkjet-coding-machines","9":"first","10":"instock","11":"shipping-taxable","12":"product-type-simple"},"yoast_head":"<!-- This site is optimized with the Yoast SEO plugin v25.2 - https:\/\/yoast.com\/wordpress\/plugins\/seo\/ -->\n<title>Impresora de inyecci\u00f3n de tinta de alta resoluci\u00f3n CYCJET ALT300 - CYCJET<\/title>\n<meta name=\"robots\" content=\"index, follow, max-snippet:-1, max-image-preview:large, max-video-preview:-1\" \/>\n<link rel=\"canonical\" href=\"https:\/\/www.cycjetes.com\/?product=cycjet-alt300-high-resolution-inkjet-printer\" \/>\n<meta property=\"og:locale\" content=\"en_US\" \/>\n<meta property=\"og:type\" content=\"article\" \/>\n<meta property=\"og:title\" content=\"Impresora de inyecci\u00f3n de tinta de alta resoluci\u00f3n CYCJET ALT300 - CYCJET\" \/>\n<meta property=\"og:description\" content=\"Modelo: ALT300   Marca:  CYCJET   MOQ: 1 Set   Certificaci\u00f3n:  CE   Pago: T\/T, L\/C, West union, Paypal   Garant\u00eda: 1A\u00f1o\" \/>\n<meta property=\"og:url\" content=\"https:\/\/www.cycjetes.com\/?product=cycjet-alt300-high-resolution-inkjet-printer\" \/>\n<meta property=\"og:site_name\" content=\"CYCJET\" \/>\n<meta property=\"article:modified_time\" content=\"2025-06-06T08:36:33+00:00\" \/>\n<meta property=\"og:image\" content=\"https:\/\/www.cycjetes.com\/wp-content\/uploads\/2021\/08\/15972026048451.jpg\" \/>\n\t<meta property=\"og:image:width\" content=\"800\" \/>\n\t<meta property=\"og:image:height\" content=\"800\" \/>\n\t<meta property=\"og:image:type\" content=\"image\/jpeg\" \/>\n<meta name=\"twitter:card\" content=\"summary_large_image\" \/>\n<script type=\"application\/ld+json\" class=\"yoast-schema-graph\">{\"@context\":\"https:\/\/schema.org\",\"@graph\":[{\"@type\":\"WebPage\",\"@id\":\"https:\/\/www.cycjetes.com\/?product=cycjet-alt300-high-resolution-inkjet-printer\",\"url\":\"https:\/\/www.cycjetes.com\/?product=cycjet-alt300-high-resolution-inkjet-printer\",\"name\":\"Impresora de inyecci\u00f3n de tinta de alta resoluci\u00f3n CYCJET ALT300 - CYCJET\",\"isPartOf\":{\"@id\":\"https:\/\/www.cycjetes.com\/#website\"},\"primaryImageOfPage\":{\"@id\":\"https:\/\/www.cycjetes.com\/?product=cycjet-alt300-high-resolution-inkjet-printer#primaryimage\"},\"image\":{\"@id\":\"https:\/\/www.cycjetes.com\/?product=cycjet-alt300-high-resolution-inkjet-printer#primaryimage\"},\"thumbnailUrl\":\"https:\/\/www.cycjetes.com\/wp-content\/uploads\/2021\/08\/15972026048451.jpg\",\"datePublished\":\"2021-08-11T03:42:22+00:00\",\"dateModified\":\"2025-06-06T08:36:33+00:00\",\"breadcrumb\":{\"@id\":\"https:\/\/www.cycjetes.com\/?product=cycjet-alt300-high-resolution-inkjet-printer#breadcrumb\"},\"inLanguage\":\"en-US\",\"potentialAction\":[{\"@type\":\"ReadAction\",\"target\":[\"https:\/\/www.cycjetes.com\/?product=cycjet-alt300-high-resolution-inkjet-printer\"]}]},{\"@type\":\"ImageObject\",\"inLanguage\":\"en-US\",\"@id\":\"https:\/\/www.cycjetes.com\/?product=cycjet-alt300-high-resolution-inkjet-printer#primaryimage\",\"url\":\"https:\/\/www.cycjetes.com\/wp-content\/uploads\/2021\/08\/15972026048451.jpg\",\"contentUrl\":\"https:\/\/www.cycjetes.com\/wp-content\/uploads\/2021\/08\/15972026048451.jpg\",\"width\":800,\"height\":800},{\"@type\":\"BreadcrumbList\",\"@id\":\"https:\/\/www.cycjetes.com\/?product=cycjet-alt300-high-resolution-inkjet-printer#breadcrumb\",\"itemListElement\":[{\"@type\":\"ListItem\",\"position\":1,\"name\":\"Home\",\"item\":\"https:\/\/www.cycjetes.com\/\"},{\"@type\":\"ListItem\",\"position\":2,\"name\":\"Products\",\"item\":\"https:\/\/www.cycjetes.com\/?page_id=7\"},{\"@type\":\"ListItem\",\"position\":3,\"name\":\"Impresora de inyecci\u00f3n de tinta de alta resoluci\u00f3n CYCJET ALT300\"}]},{\"@type\":\"WebSite\",\"@id\":\"https:\/\/www.cycjetes.com\/#website\",\"url\":\"https:\/\/www.cycjetes.com\/\",\"name\":\"CYCJET\",\"description\":\"\",\"potentialAction\":[{\"@type\":\"SearchAction\",\"target\":{\"@type\":\"EntryPoint\",\"urlTemplate\":\"https:\/\/www.cycjetes.com\/?s={search_term_string}\"},\"query-input\":{\"@type\":\"PropertyValueSpecification\",\"valueRequired\":true,\"valueName\":\"search_term_string\"}}],\"inLanguage\":\"en-US\"}]}<\/script>\n<!-- \/ Yoast SEO plugin. -->","yoast_head_json":{"title":"Impresora de inyecci\u00f3n de tinta de alta resoluci\u00f3n CYCJET ALT300 - CYCJET","robots":{"index":"index","follow":"follow","max-snippet":"max-snippet:-1","max-image-preview":"max-image-preview:large","max-video-preview":"max-video-preview:-1"},"canonical":"https:\/\/www.cycjetes.com\/?product=cycjet-alt300-high-resolution-inkjet-printer","og_locale":"en_US","og_type":"article","og_title":"Impresora de inyecci\u00f3n de tinta de alta resoluci\u00f3n CYCJET ALT300 - CYCJET","og_description":"Modelo: ALT300   Marca:  CYCJET   MOQ: 1 Set   Certificaci\u00f3n:  CE   Pago: T\/T, L\/C, West union, Paypal   Garant\u00eda: 1A\u00f1o","og_url":"https:\/\/www.cycjetes.com\/?product=cycjet-alt300-high-resolution-inkjet-printer","og_site_name":"CYCJET","article_modified_time":"2025-06-06T08:36:33+00:00","og_image":[{"width":800,"height":800,"url":"https:\/\/www.cycjetes.com\/wp-content\/uploads\/2021\/08\/15972026048451.jpg","type":"image\/jpeg"}],"twitter_card":"summary_large_image","schema":{"@context":"https:\/\/schema.org","@graph":[{"@type":"WebPage","@id":"https:\/\/www.cycjetes.com\/?product=cycjet-alt300-high-resolution-inkjet-printer","url":"https:\/\/www.cycjetes.com\/?product=cycjet-alt300-high-resolution-inkjet-printer","name":"Impresora de inyecci\u00f3n de tinta de alta resoluci\u00f3n CYCJET ALT300 - CYCJET","isPartOf":{"@id":"https:\/\/www.cycjetes.com\/#website"},"primaryImageOfPage":{"@id":"https:\/\/www.cycjetes.com\/?product=cycjet-alt300-high-resolution-inkjet-printer#primaryimage"},"image":{"@id":"https:\/\/www.cycjetes.com\/?product=cycjet-alt300-high-resolution-inkjet-printer#primaryimage"},"thumbnailUrl":"https:\/\/www.cycjetes.com\/wp-content\/uploads\/2021\/08\/15972026048451.jpg","datePublished":"2021-08-11T03:42:22+00:00","dateModified":"2025-06-06T08:36:33+00:00","breadcrumb":{"@id":"https:\/\/www.cycjetes.com\/?product=cycjet-alt300-high-resolution-inkjet-printer#breadcrumb"},"inLanguage":"en-US","potentialAction":[{"@type":"ReadAction","target":["https:\/\/www.cycjetes.com\/?product=cycjet-alt300-high-resolution-inkjet-printer"]}]},{"@type":"ImageObject","inLanguage":"en-US","@id":"https:\/\/www.cycjetes.com\/?product=cycjet-alt300-high-resolution-inkjet-printer#primaryimage","url":"https:\/\/www.cycjetes.com\/wp-content\/uploads\/2021\/08\/15972026048451.jpg","contentUrl":"https:\/\/www.cycjetes.com\/wp-content\/uploads\/2021\/08\/15972026048451.jpg","width":800,"height":800},{"@type":"BreadcrumbList","@id":"https:\/\/www.cycjetes.com\/?product=cycjet-alt300-high-resolution-inkjet-printer#breadcrumb","itemListElement":[{"@type":"ListItem","position":1,"name":"Home","item":"https:\/\/www.cycjetes.com\/"},{"@type":"ListItem","position":2,"name":"Products","item":"https:\/\/www.cycjetes.com\/?page_id=7"},{"@type":"ListItem","position":3,"name":"Impresora de inyecci\u00f3n de tinta de alta resoluci\u00f3n CYCJET ALT300"}]},{"@type":"WebSite","@id":"https:\/\/www.cycjetes.com\/#website","url":"https:\/\/www.cycjetes.com\/","name":"CYCJET","description":"","potentialAction":[{"@type":"SearchAction","target":{"@type":"EntryPoint","urlTemplate":"https:\/\/www.cycjetes.com\/?s={search_term_string}"},"query-input":{"@type":"PropertyValueSpecification","valueRequired":true,"valueName":"search_term_string"}}],"inLanguage":"en-US"}]}},"_links":{"self":[{"href":"https:\/\/www.cycjetes.com\/index.php?rest_route=\/wp\/v2\/product\/155","targetHints":{"allow":["GET"]}}],"collection":[{"href":"https:\/\/www.cycjetes.com\/index.php?rest_route=\/wp\/v2\/product"}],"about":[{"href":"https:\/\/www.cycjetes.com\/index.php?rest_route=\/wp\/v2\/types\/product"}],"replies":[{"embeddable":true,"href":"https:\/\/www.cycjetes.com\/index.php?rest_route=%2Fwp%2Fv2%2Fcomments&post=155"}],"wp:featuredmedia":[{"embeddable":true,"href":"https:\/\/www.cycjetes.com\/index.php?rest_route=\/wp\/v2\/media\/479"}],"wp:attachment":[{"href":"https:\/\/www.cycjetes.com\/index.php?rest_route=%2Fwp%2Fv2%2Fmedia&parent=155"}],"wp:term":[{"taxonomy":"product_brand","embeddable":true,"href":"https:\/\/www.cycjetes.com\/index.php?rest_route=%2Fwp%2Fv2%2Fproduct_brand&post=155"},{"taxonomy":"product_cat","embeddable":true,"href":"https:\/\/www.cycjetes.com\/index.php?rest_route=%2Fwp%2Fv2%2Fproduct_cat&post=155"},{"taxonomy":"product_tag","embeddable":true,"href":"https:\/\/www.cycjetes.com\/index.php?rest_route=%2Fwp%2Fv2%2Fproduct_tag&post=155"}],"curies":[{"name":"wp","href":"https:\/\/api.w.org\/{rel}","templated":true}]}}