{"id":153,"date":"2021-08-11T03:37:41","date_gmt":"2021-08-11T03:37:41","guid":{"rendered":"https:\/\/spcycjet.tradeoptimize-clients.com\/?post_type=product&#038;p=153"},"modified":"2025-06-06T08:44:02","modified_gmt":"2025-06-06T08:44:02","slug":"cycjet-alt500uv-high-resolution-inkjet-printing-system","status":"publish","type":"product","link":"https:\/\/www.cycjetes.com\/?product=cycjet-alt500uv-high-resolution-inkjet-printing-system","title":{"rendered":"Sistema de impresi\u00f3n inkjet de alta resoluci\u00f3n CYCJET ALT500UV"},"content":{"rendered":"<div class=\"row row-full-width\"  id=\"row-120091239\">\n\n\t<div id=\"col-2135314093\" class=\"col medium-6 small-12 large-6\"  data-animate=\"fadeInLeft\">\n\t\t<div class=\"col-inner\"  >\n\t\t\t\n\t\t\t\n<h3><span style=\"color: #000080;\"><strong>DESCRIPCI\u00d3N DEL PRODUCTO<\/strong><\/span><\/h3>\n<div class=\"tem378-irregular noScrollMove bgFixed clearBg\">\n<div class=\"content-right content-section noScrollMove tem44-irregular\">\n<div class=\"container\">\n<div class=\"row\">\n<div class=\"flexBoxStem irregular-item\">\n<div class=\"flexBoxFill col-lg-9 col-md-9 col-sm-9 col-xs-12 content-float\">\n<div>\n<div class=\"tem06-irregular-text wow animated fadeInUp\">\n<div class=\"text description\">\n<section>La impresora de inyecci\u00f3n de tinta de alta resoluci\u00f3n CYCJET ALT500UV adopta una pantalla t\u00e1ctil a color de 13 pulgadas, lo que facilita y clarifica la introducci\u00f3n de texto. Su cuerpo completamente de acero inoxidable hace que la impresora sea m\u00e1s duradera y atractiva, ideal para talleres industriales. Esta impresora industrial incluye un cabezal de impresi\u00f3n piezoel\u00e9ctrico que puede imprimir caracteres de hasta 50mm de altura en una sola l\u00ednea, y un microchip Samsung que la hace m\u00e1s estable. Adopta tecnolog\u00eda de microinyecci\u00f3n piezoel\u00e9ctrica, con una resoluci\u00f3n m\u00e1xima de 4400*600dpi. Esta impresora de caracteres grandes no solo puede imprimir fecha y hora autom\u00e1tica, logotipo, n\u00famero de serie, c\u00f3digo aleatorio, c\u00f3digo de barras, c\u00f3digo QR, sino tambi\u00e9n datos variables como c\u00f3digo de barras variable, c\u00f3digo QR variable. Adem\u00e1s, cuenta con una funci\u00f3n de enlace de archivos: si hay m\u00faltiples informaciones que deben imprimirse en secuencia, simplemente activa el bot\u00f3n de enlace de archivos y selecciona lo que deseas imprimir en orden; la impresora realizar\u00e1 autom\u00e1ticamente la impresi\u00f3n de manera secuencial. Estas son todas funciones b\u00e1sicas del sistema de impresi\u00f3n industrial CYCJET.<\/section>\n<\/div>\n<\/div>\n<\/div>\n<\/div>\n<\/div>\n<\/div>\n<\/div>\n<\/div>\n<\/div>\n\t\t<\/div>\n\t\t\t<\/div>\n\n\t\n\n\t<div id=\"col-1669479387\" class=\"col medium-6 small-12 large-6\"  data-animate=\"fadeInRight\">\n\t\t<div class=\"col-inner\"  >\n\t\t\t\n\t\t\t\n\t<div class=\"img has-hover x md-x lg-x y md-y lg-y\" id=\"image_363851956\">\n\t\t\t\t\t\t\t\t<div class=\"img-inner dark\" >\n\t\t\t<img loading=\"lazy\" decoding=\"async\" width=\"930\" height=\"930\" src=\"https:\/\/www.cycjetes.com\/wp-content\/uploads\/2021\/09\/ICM-HRIC-01.webp\" class=\"attachment-large size-large\" alt=\"\" srcset=\"https:\/\/www.cycjetes.com\/wp-content\/uploads\/2021\/09\/ICM-HRIC-01.webp 930w, https:\/\/www.cycjetes.com\/wp-content\/uploads\/2021\/09\/ICM-HRIC-01-300x300.webp 300w, https:\/\/www.cycjetes.com\/wp-content\/uploads\/2021\/09\/ICM-HRIC-01-150x150.webp 150w, https:\/\/www.cycjetes.com\/wp-content\/uploads\/2021\/09\/ICM-HRIC-01-768x768.webp 768w, https:\/\/www.cycjetes.com\/wp-content\/uploads\/2021\/09\/ICM-HRIC-01-600x600.webp 600w, https:\/\/www.cycjetes.com\/wp-content\/uploads\/2021\/09\/ICM-HRIC-01-100x100.webp 100w\" sizes=\"auto, (max-width: 930px) 100vw, 930px\" \/>\t\t\t\t\t\t\n\t\t\t\t\t<\/div>\n\t\t\t\t\t\t\t\t\n<style>\n#image_363851956 {\n  width: 100%;\n}\n<\/style>\n\t<\/div>\n\t\n\t\t<\/div>\n\t\t\t<\/div>\n\n\t\n<\/div>\n<div class=\"row row-full-width\"  id=\"row-1124315\">\n\n\t<div id=\"col-552251251\" class=\"col small-12 large-12\"  >\n\t\t<div class=\"col-inner\"  >\n\t\t\t\n\t\t\t\n<div class=\"container section-title-container\" ><h2 class=\"section-title section-title-center\"><b><\/b><span class=\"section-title-main\" style=\"color:rgb(14, 24, 184);\">APLICACI\u00d3N<\/span><b><\/b><\/h2><\/div>\n\t\t<\/div>\n\t\t\t<\/div>\n\n\t\n\n\t<div id=\"col-219677848\" class=\"col medium-4 small-12 large-4\"  >\n\t\t<div class=\"col-inner\"  >\n\t\t\t\n\t<div class=\"is-border\"\n\t\tstyle=\"border-color:rgb(255, 195, 0);border-radius:50px;border-width:2px 2px 2px 2;\">\n\t<\/div>\n\t\t\t\n\t<div class=\"box has-hover   has-hover box-text-bottom\" >\n\n\t\t<div class=\"box-image\" >\n\t\t\t\t\t\t<div class=\"\" >\n\t\t\t\t<img loading=\"lazy\" decoding=\"async\" width=\"619\" height=\"429\" src=\"https:\/\/www.cycjetes.com\/wp-content\/uploads\/2021\/09\/ICM-HRIC-01-app-1.webp\" class=\"attachment- size-\" alt=\"\" srcset=\"https:\/\/www.cycjetes.com\/wp-content\/uploads\/2021\/09\/ICM-HRIC-01-app-1.webp 619w, https:\/\/www.cycjetes.com\/wp-content\/uploads\/2021\/09\/ICM-HRIC-01-app-1-300x208.webp 300w, https:\/\/www.cycjetes.com\/wp-content\/uploads\/2021\/09\/ICM-HRIC-01-app-1-600x416.webp 600w\" sizes=\"auto, (max-width: 619px) 100vw, 619px\" \/>\t\t\t\t\t\t\t\t\t\t\t<\/div>\n\t\t\t\t\t<\/div>\n\n\t\t<div class=\"box-text text-center\" >\n\t\t\t<div class=\"box-text-inner\">\n\t\t\t\t\n<h3><span style=\"color: #333399;\">Etiqueta<\/span><\/h3>\n<p>Las etiquetas para ropa y textiles del hogar suelen incluir un c\u00f3digo de barras o c\u00f3digo QR \u00fanico. La impresi\u00f3n tradicional no permite impresi\u00f3n variable, y otras impresoras no alcanzan una resoluci\u00f3n lo suficientemente alta para garantizar una lectura f\u00e1cil. La CYCJET ALT500UV puede imprimir hasta 4400*600dpi y el software admite impresi\u00f3n de datos variables.<\/p>\n\t\t\t<\/div>\n\t\t<\/div>\n\t<\/div>\n\t\n\t\t<\/div>\n\t\t\t<\/div>\n\n\t\n\n\t<div id=\"col-242482054\" class=\"col medium-4 small-12 large-4\"  >\n\t\t<div class=\"col-inner\"  >\n\t\t\t\n\t<div class=\"is-border\"\n\t\tstyle=\"border-color:rgb(255, 195, 0);border-radius:50px;border-width:2px 2px 2px 2;\">\n\t<\/div>\n\t\t\t\n\t<div class=\"box has-hover   has-hover box-text-bottom\" >\n\n\t\t<div class=\"box-image\" >\n\t\t\t\t\t\t<div class=\"\" >\n\t\t\t\t<img loading=\"lazy\" decoding=\"async\" width=\"619\" height=\"429\" src=\"https:\/\/www.cycjetes.com\/wp-content\/uploads\/2021\/09\/ICM-HRIC-01-app-2.webp\" class=\"attachment- size-\" alt=\"\" srcset=\"https:\/\/www.cycjetes.com\/wp-content\/uploads\/2021\/09\/ICM-HRIC-01-app-2.webp 619w, https:\/\/www.cycjetes.com\/wp-content\/uploads\/2021\/09\/ICM-HRIC-01-app-2-300x208.webp 300w, https:\/\/www.cycjetes.com\/wp-content\/uploads\/2021\/09\/ICM-HRIC-01-app-2-600x416.webp 600w\" sizes=\"auto, (max-width: 619px) 100vw, 619px\" \/>\t\t\t\t\t\t\t\t\t\t\t<\/div>\n\t\t\t\t\t<\/div>\n\n\t\t<div class=\"box-text text-center\" >\n\t\t\t<div class=\"box-text-inner\">\n\t\t\t\t\n<h4><span style=\"color: #333399;\">Medicina<\/span><\/h4>\n<p>Todos los empaques de medicamentos como cajas, botellas, frascos y c\u00e1psulas deben tener un c\u00f3digo identificativo para reconocer la informaci\u00f3n de producci\u00f3n y evitar falsificaciones, algo crucial para la industria farmac\u00e9utica. La CYCJET ALT500UV puede imprimir hasta 4400*600dpi, admite datos variables y su tinta especial cumple con los requisitos qu\u00edmicos de los medicamentos.<\/p>\n\t\t\t<\/div>\n\t\t<\/div>\n\t<\/div>\n\t\n\t\t<\/div>\n\t\t\t<\/div>\n\n\t\n\n\t<div id=\"col-343361764\" class=\"col medium-4 small-12 large-4\"  >\n\t\t<div class=\"col-inner\"  >\n\t\t\t\n\t<div class=\"is-border\"\n\t\tstyle=\"border-color:rgb(255, 195, 0);border-radius:50px;border-width:2px 2px 2px 2;\">\n\t<\/div>\n\t\t\t\n\t<div class=\"box has-hover   has-hover box-text-bottom\" >\n\n\t\t<div class=\"box-image\" >\n\t\t\t\t\t\t<div class=\"\" >\n\t\t\t\t<img loading=\"lazy\" decoding=\"async\" width=\"619\" height=\"429\" src=\"https:\/\/www.cycjetes.com\/wp-content\/uploads\/2021\/09\/ICM-HRIC-01-app-3.webp\" class=\"attachment- size-\" alt=\"\" srcset=\"https:\/\/www.cycjetes.com\/wp-content\/uploads\/2021\/09\/ICM-HRIC-01-app-3.webp 619w, https:\/\/www.cycjetes.com\/wp-content\/uploads\/2021\/09\/ICM-HRIC-01-app-3-300x208.webp 300w, https:\/\/www.cycjetes.com\/wp-content\/uploads\/2021\/09\/ICM-HRIC-01-app-3-600x416.webp 600w\" sizes=\"auto, (max-width: 619px) 100vw, 619px\" \/>\t\t\t\t\t\t\t\t\t\t\t<\/div>\n\t\t\t\t\t<\/div>\n\n\t\t<div class=\"box-text text-center\" >\n\t\t\t<div class=\"box-text-inner\">\n\t\t\t\t\n<h4><span style=\"color: #333399;\">Tarjeta<\/span><\/h4>\n<p>Las tarjetas VIP, tarjetas rasca y gana y otras son muy comunes en la vida diaria. Cada tarjeta tiene un c\u00f3digo \u00fanico (n\u00famero de serie, c\u00f3digo de barras, c\u00f3digo QR, etc.), que debe ser permanente y no se puede borrar f\u00e1cilmente. La CYCJET ALT500UV puede imprimir hasta 4400*600dpi, admite datos variables y su tinta es permanente sobre pl\u00e1stico.<\/p>\n\t\t\t<\/div>\n\t\t<\/div>\n\t<\/div>\n\t\n\t\t<\/div>\n\t\t\t<\/div>\n\n\t\n<\/div>\n<div class=\"row\"  id=\"row-914395491\"><\/div>\n\n\t<div id=\"col-1361444152\" class=\"col small-12 large-12\"  >\n\t\t<div class=\"col-inner\"  >\n\t\t\t\n\t\t\t\n<div class=\"container section-title-container\" ><h2 class=\"section-title section-title-center\"><b><\/b><span class=\"section-title-main\" style=\"color:rgb(14, 24, 184);\">ESPECIFICACIONES T\u00c9CNICAS<\/span><b><\/b><\/h2><\/div>\n\t\t<\/div>\n\t\t\t<\/div>\n\n\t\n\n\t<div id=\"col-1839494991\" class=\"col small-12 large-12\"  >\n\t\t<div class=\"col-inner\"  >\n\t\t\t\n\t\t\t\n<table class=\"table table-bordered table-hover\">\n<tbody>\n<tr class=\"firstRow\">\n<td valign=\"center\" width=\"185\">Altura de impresi\u00f3n<\/td>\n<td valign=\"center\" width=\"497\">1&#8211;50mm<\/td>\n<\/tr>\n<tr>\n<td valign=\"center\" width=\"185\">Espaciado de impresi\u00f3n<\/td>\n<td valign=\"center\" width=\"497\">8mm-10mm, depende del contenido de impresi\u00f3n y tipo de tinta<\/td>\n<\/tr>\n<tr>\n<td valign=\"center\" width=\"185\">L\u00edneas de impresi\u00f3n<\/td>\n<td valign=\"center\" width=\"497\">Ilimitadas dentro de la altura m\u00e1xima de 50mm<\/td>\n<\/tr>\n<tr>\n<td valign=\"center\" width=\"185\">Longitud de impresi\u00f3n<\/td>\n<td valign=\"center\" width=\"497\">Longitud m\u00e1xima por archivo: 20000 puntos<\/td>\n<\/tr>\n<tr>\n<td valign=\"center\" width=\"185\">Velocidad de impresi\u00f3n<\/td>\n<td valign=\"center\" width=\"497\">110m\/min (resoluci\u00f3n transversal de 100DPI)<\/td>\n<\/tr>\n<tr>\n<td valign=\"center\" width=\"185\">Resoluci\u00f3n de impresi\u00f3n<\/td>\n<td valign=\"center\" width=\"497\">M\u00e1x. 4400*600dpi<\/td>\n<\/tr>\n<tr>\n<td valign=\"center\" width=\"185\">Fuentes de impresi\u00f3n<\/td>\n<td valign=\"center\" width=\"497\">Varias fuentes integradas, barras horizontales, verticales, matriz de puntos, negrita, todas configurables<\/td>\n<\/tr>\n<tr>\n<td valign=\"center\" width=\"185\">Contenido de impresi\u00f3n<\/td>\n<td valign=\"center\" width=\"497\">Fecha real, hora real, imagen, texto, grupo de turno, n\u00famero de serie, n\u00famero de lote, c\u00f3digo de barras y c\u00f3digo 2D<\/td>\n<\/tr>\n<tr>\n<td valign=\"center\" width=\"185\">Direcci\u00f3n de impresi\u00f3n<\/td>\n<td valign=\"center\" width=\"497\">Impresi\u00f3n hacia arriba, hacia abajo, lateral (impresi\u00f3n en 360\u00b0)<\/td>\n<\/tr>\n<tr>\n<td valign=\"center\" width=\"185\">Biblioteca de fuentes<\/td>\n<td valign=\"center\" width=\"497\">Biblioteca est\u00e1ndar: chino e ingl\u00e9s; opcional: espa\u00f1ol, portugu\u00e9s, \u00e1rabe<\/td>\n<\/tr>\n<tr>\n<td valign=\"center\" width=\"185\">Interfaz de usuario<\/td>\n<td valign=\"center\" width=\"497\">Estilo gr\u00e1fico con men\u00fa en chino o ingl\u00e9s (espa\u00f1ol, portugu\u00e9s, \u00e1rabe opcional). Vista previa tipo \u201clo que ves es lo que obtienes\u201d<\/td>\n<\/tr>\n<tr>\n<td valign=\"center\" width=\"185\">Funci\u00f3n de memoria<\/td>\n<td valign=\"center\" width=\"497\">Puede almacenar m\u00e1s de 1000 textos<\/td>\n<\/tr>\n<tr>\n<td valign=\"center\" width=\"185\">Tipo de tinta<\/td>\n<td valign=\"center\" width=\"497\">Tinta original del Reino Unido. Tipos: tinta a base de solvente (requiere mantenimiento regular); tinta invisible (requiere mantenimiento regular); tinta a base de aceite (sin mantenimiento)<\/td>\n<\/tr>\n<tr>\n<td valign=\"center\" width=\"185\">Color de tinta<\/td>\n<td valign=\"center\" width=\"497\">Negro, rojo, amarillo, azul, verde, blanco, p\u00farpura<\/td>\n<\/tr>\n<tr>\n<td valign=\"center\" width=\"185\">Nivel de protecci\u00f3n<\/td>\n<td valign=\"center\" width=\"497\">No apta para entornos con alta humedad o mucho polvo<\/td>\n<\/tr>\n<tr>\n<td valign=\"center\" width=\"185\">Peso bruto de la m\u00e1quina<\/td>\n<td valign=\"center\" width=\"497\">62.0kg<\/td>\n<\/tr>\n<tr>\n<td valign=\"center\" width=\"185\">Alimentaci\u00f3n el\u00e9ctrica<\/td>\n<td valign=\"center\" width=\"497\">110&#8211;220V, 50\/60HZ<\/td>\n<\/tr>\n<tr>\n<td valign=\"center\" width=\"185\">Rango de humedad<\/td>\n<td valign=\"center\" width=\"497\">10-90% sin condensaci\u00f3n<\/td>\n<\/tr>\n<tr>\n<td valign=\"center\" width=\"185\">Rango de temperatura<\/td>\n<td valign=\"center\" width=\"497\">5-40\u00b0C<\/td>\n<\/tr>\n<tr>\n<td valign=\"center\" width=\"185\">Otros<\/td>\n<td valign=\"center\" width=\"497\">No necesita conexi\u00f3n a aire comprimido externo ni uso de disolventes<\/td>\n<\/tr>\n<\/tbody>\n<\/table>\n\t\t<\/div>\n\t\t\t<\/div>\n\n\t\n[\/row<\/p>\n","protected":false},"excerpt":{"rendered":"<table style=\"font-size: 14. 4px;\">\n<tbody>\n<tr>\n<td width=\"176\"><strong>Modelo:<\/strong><\/td>\n<td width=\"182\">ALT500UV<\/td>\n<\/tr>\n<tr>\n<td width=\"176\"><strong>Marca: <\/strong><\/td>\n<td width=\"182\">CYCJET<\/td>\n<\/tr>\n<tr>\n<td width=\"176\"><strong>MOQ<\/strong>:<\/td>\n<td width=\"182\">1 Set<\/td>\n<\/tr>\n<tr>\n<td width=\"176\"><strong>Certificaci\u00f3n: <\/strong><\/td>\n<td width=\"182\">CE<\/td>\n<\/tr>\n<tr>\n<td width=\"176\"><strong>Pago: <\/strong><\/td>\n<td width=\"182\">L \/ C, D \/ P, T \/ T, Western Union<\/td>\n<\/tr>\n<tr>\n<td width=\"176\"><strong>Garant\u00eda:<\/strong><\/td>\n<td width=\"182\">1A\u00f1o<\/td>\n<\/tr>\n<\/tbody>\n<\/table>\n","protected":false},"featured_media":1196,"comment_status":"closed","ping_status":"closed","template":"","meta":[],"product_brand":[],"product_cat":[22,19],"product_tag":[],"class_list":{"0":"post-153","1":"product","2":"type-product","3":"status-publish","4":"has-post-thumbnail","6":"product_cat-high-resolution-inkjet-coder","7":"product_cat-inkjet-coding-machines","9":"first","10":"instock","11":"shipping-taxable","12":"product-type-simple"},"yoast_head":"<!-- This site is optimized with the Yoast SEO plugin v25.2 - https:\/\/yoast.com\/wordpress\/plugins\/seo\/ -->\n<title>Sistema de impresi\u00f3n inkjet de alta resoluci\u00f3n CYCJET ALT500UV - CYCJET<\/title>\n<meta name=\"robots\" content=\"index, follow, max-snippet:-1, max-image-preview:large, max-video-preview:-1\" \/>\n<link rel=\"canonical\" href=\"https:\/\/www.cycjetes.com\/?product=cycjet-alt500uv-high-resolution-inkjet-printing-system\" \/>\n<meta property=\"og:locale\" content=\"en_US\" \/>\n<meta property=\"og:type\" content=\"article\" \/>\n<meta property=\"og:title\" content=\"Sistema de impresi\u00f3n inkjet de alta resoluci\u00f3n CYCJET ALT500UV - CYCJET\" \/>\n<meta property=\"og:description\" content=\"Modelo: ALT500UV   Marca:  CYCJET   MOQ: 1 Set   Certificaci\u00f3n:  CE   Pago:  L \/ C, D \/ P, T \/ T, Western Union   Garant\u00eda: 1A\u00f1o\" \/>\n<meta property=\"og:url\" content=\"https:\/\/www.cycjetes.com\/?product=cycjet-alt500uv-high-resolution-inkjet-printing-system\" \/>\n<meta property=\"og:site_name\" content=\"CYCJET\" \/>\n<meta property=\"article:modified_time\" content=\"2025-06-06T08:44:02+00:00\" \/>\n<meta property=\"og:image\" content=\"https:\/\/www.cycjetes.com\/wp-content\/uploads\/2021\/08\/CYCJET-ALT500UV-Inkjet-System01.jpg\" \/>\n\t<meta property=\"og:image:width\" content=\"600\" \/>\n\t<meta property=\"og:image:height\" content=\"600\" \/>\n\t<meta property=\"og:image:type\" content=\"image\/jpeg\" \/>\n<meta name=\"twitter:card\" content=\"summary_large_image\" \/>\n<script type=\"application\/ld+json\" class=\"yoast-schema-graph\">{\"@context\":\"https:\/\/schema.org\",\"@graph\":[{\"@type\":\"WebPage\",\"@id\":\"https:\/\/www.cycjetes.com\/?product=cycjet-alt500uv-high-resolution-inkjet-printing-system\",\"url\":\"https:\/\/www.cycjetes.com\/?product=cycjet-alt500uv-high-resolution-inkjet-printing-system\",\"name\":\"Sistema de impresi\u00f3n inkjet de alta resoluci\u00f3n CYCJET ALT500UV - CYCJET\",\"isPartOf\":{\"@id\":\"https:\/\/www.cycjetes.com\/#website\"},\"primaryImageOfPage\":{\"@id\":\"https:\/\/www.cycjetes.com\/?product=cycjet-alt500uv-high-resolution-inkjet-printing-system#primaryimage\"},\"image\":{\"@id\":\"https:\/\/www.cycjetes.com\/?product=cycjet-alt500uv-high-resolution-inkjet-printing-system#primaryimage\"},\"thumbnailUrl\":\"https:\/\/www.cycjetes.com\/wp-content\/uploads\/2021\/08\/CYCJET-ALT500UV-Inkjet-System01.jpg\",\"datePublished\":\"2021-08-11T03:37:41+00:00\",\"dateModified\":\"2025-06-06T08:44:02+00:00\",\"breadcrumb\":{\"@id\":\"https:\/\/www.cycjetes.com\/?product=cycjet-alt500uv-high-resolution-inkjet-printing-system#breadcrumb\"},\"inLanguage\":\"en-US\",\"potentialAction\":[{\"@type\":\"ReadAction\",\"target\":[\"https:\/\/www.cycjetes.com\/?product=cycjet-alt500uv-high-resolution-inkjet-printing-system\"]}]},{\"@type\":\"ImageObject\",\"inLanguage\":\"en-US\",\"@id\":\"https:\/\/www.cycjetes.com\/?product=cycjet-alt500uv-high-resolution-inkjet-printing-system#primaryimage\",\"url\":\"https:\/\/www.cycjetes.com\/wp-content\/uploads\/2021\/08\/CYCJET-ALT500UV-Inkjet-System01.jpg\",\"contentUrl\":\"https:\/\/www.cycjetes.com\/wp-content\/uploads\/2021\/08\/CYCJET-ALT500UV-Inkjet-System01.jpg\",\"width\":600,\"height\":600},{\"@type\":\"BreadcrumbList\",\"@id\":\"https:\/\/www.cycjetes.com\/?product=cycjet-alt500uv-high-resolution-inkjet-printing-system#breadcrumb\",\"itemListElement\":[{\"@type\":\"ListItem\",\"position\":1,\"name\":\"Home\",\"item\":\"https:\/\/www.cycjetes.com\/\"},{\"@type\":\"ListItem\",\"position\":2,\"name\":\"Products\",\"item\":\"https:\/\/www.cycjetes.com\/?page_id=7\"},{\"@type\":\"ListItem\",\"position\":3,\"name\":\"Sistema de impresi\u00f3n inkjet de alta resoluci\u00f3n CYCJET ALT500UV\"}]},{\"@type\":\"WebSite\",\"@id\":\"https:\/\/www.cycjetes.com\/#website\",\"url\":\"https:\/\/www.cycjetes.com\/\",\"name\":\"CYCJET\",\"description\":\"\",\"potentialAction\":[{\"@type\":\"SearchAction\",\"target\":{\"@type\":\"EntryPoint\",\"urlTemplate\":\"https:\/\/www.cycjetes.com\/?s={search_term_string}\"},\"query-input\":{\"@type\":\"PropertyValueSpecification\",\"valueRequired\":true,\"valueName\":\"search_term_string\"}}],\"inLanguage\":\"en-US\"}]}<\/script>\n<!-- \/ Yoast SEO plugin. -->","yoast_head_json":{"title":"Sistema de impresi\u00f3n inkjet de alta resoluci\u00f3n CYCJET ALT500UV - CYCJET","robots":{"index":"index","follow":"follow","max-snippet":"max-snippet:-1","max-image-preview":"max-image-preview:large","max-video-preview":"max-video-preview:-1"},"canonical":"https:\/\/www.cycjetes.com\/?product=cycjet-alt500uv-high-resolution-inkjet-printing-system","og_locale":"en_US","og_type":"article","og_title":"Sistema de impresi\u00f3n inkjet de alta resoluci\u00f3n CYCJET ALT500UV - CYCJET","og_description":"Modelo: ALT500UV   Marca:  CYCJET   MOQ: 1 Set   Certificaci\u00f3n:  CE   Pago:  L \/ C, D \/ P, T \/ T, Western Union   Garant\u00eda: 1A\u00f1o","og_url":"https:\/\/www.cycjetes.com\/?product=cycjet-alt500uv-high-resolution-inkjet-printing-system","og_site_name":"CYCJET","article_modified_time":"2025-06-06T08:44:02+00:00","og_image":[{"width":600,"height":600,"url":"https:\/\/www.cycjetes.com\/wp-content\/uploads\/2021\/08\/CYCJET-ALT500UV-Inkjet-System01.jpg","type":"image\/jpeg"}],"twitter_card":"summary_large_image","schema":{"@context":"https:\/\/schema.org","@graph":[{"@type":"WebPage","@id":"https:\/\/www.cycjetes.com\/?product=cycjet-alt500uv-high-resolution-inkjet-printing-system","url":"https:\/\/www.cycjetes.com\/?product=cycjet-alt500uv-high-resolution-inkjet-printing-system","name":"Sistema de impresi\u00f3n inkjet de alta resoluci\u00f3n CYCJET ALT500UV - CYCJET","isPartOf":{"@id":"https:\/\/www.cycjetes.com\/#website"},"primaryImageOfPage":{"@id":"https:\/\/www.cycjetes.com\/?product=cycjet-alt500uv-high-resolution-inkjet-printing-system#primaryimage"},"image":{"@id":"https:\/\/www.cycjetes.com\/?product=cycjet-alt500uv-high-resolution-inkjet-printing-system#primaryimage"},"thumbnailUrl":"https:\/\/www.cycjetes.com\/wp-content\/uploads\/2021\/08\/CYCJET-ALT500UV-Inkjet-System01.jpg","datePublished":"2021-08-11T03:37:41+00:00","dateModified":"2025-06-06T08:44:02+00:00","breadcrumb":{"@id":"https:\/\/www.cycjetes.com\/?product=cycjet-alt500uv-high-resolution-inkjet-printing-system#breadcrumb"},"inLanguage":"en-US","potentialAction":[{"@type":"ReadAction","target":["https:\/\/www.cycjetes.com\/?product=cycjet-alt500uv-high-resolution-inkjet-printing-system"]}]},{"@type":"ImageObject","inLanguage":"en-US","@id":"https:\/\/www.cycjetes.com\/?product=cycjet-alt500uv-high-resolution-inkjet-printing-system#primaryimage","url":"https:\/\/www.cycjetes.com\/wp-content\/uploads\/2021\/08\/CYCJET-ALT500UV-Inkjet-System01.jpg","contentUrl":"https:\/\/www.cycjetes.com\/wp-content\/uploads\/2021\/08\/CYCJET-ALT500UV-Inkjet-System01.jpg","width":600,"height":600},{"@type":"BreadcrumbList","@id":"https:\/\/www.cycjetes.com\/?product=cycjet-alt500uv-high-resolution-inkjet-printing-system#breadcrumb","itemListElement":[{"@type":"ListItem","position":1,"name":"Home","item":"https:\/\/www.cycjetes.com\/"},{"@type":"ListItem","position":2,"name":"Products","item":"https:\/\/www.cycjetes.com\/?page_id=7"},{"@type":"ListItem","position":3,"name":"Sistema de impresi\u00f3n inkjet de alta resoluci\u00f3n CYCJET ALT500UV"}]},{"@type":"WebSite","@id":"https:\/\/www.cycjetes.com\/#website","url":"https:\/\/www.cycjetes.com\/","name":"CYCJET","description":"","potentialAction":[{"@type":"SearchAction","target":{"@type":"EntryPoint","urlTemplate":"https:\/\/www.cycjetes.com\/?s={search_term_string}"},"query-input":{"@type":"PropertyValueSpecification","valueRequired":true,"valueName":"search_term_string"}}],"inLanguage":"en-US"}]}},"_links":{"self":[{"href":"https:\/\/www.cycjetes.com\/index.php?rest_route=\/wp\/v2\/product\/153","targetHints":{"allow":["GET"]}}],"collection":[{"href":"https:\/\/www.cycjetes.com\/index.php?rest_route=\/wp\/v2\/product"}],"about":[{"href":"https:\/\/www.cycjetes.com\/index.php?rest_route=\/wp\/v2\/types\/product"}],"replies":[{"embeddable":true,"href":"https:\/\/www.cycjetes.com\/index.php?rest_route=%2Fwp%2Fv2%2Fcomments&post=153"}],"wp:featuredmedia":[{"embeddable":true,"href":"https:\/\/www.cycjetes.com\/index.php?rest_route=\/wp\/v2\/media\/1196"}],"wp:attachment":[{"href":"https:\/\/www.cycjetes.com\/index.php?rest_route=%2Fwp%2Fv2%2Fmedia&parent=153"}],"wp:term":[{"taxonomy":"product_brand","embeddable":true,"href":"https:\/\/www.cycjetes.com\/index.php?rest_route=%2Fwp%2Fv2%2Fproduct_brand&post=153"},{"taxonomy":"product_cat","embeddable":true,"href":"https:\/\/www.cycjetes.com\/index.php?rest_route=%2Fwp%2Fv2%2Fproduct_cat&post=153"},{"taxonomy":"product_tag","embeddable":true,"href":"https:\/\/www.cycjetes.com\/index.php?rest_route=%2Fwp%2Fv2%2Fproduct_tag&post=153"}],"curies":[{"name":"wp","href":"https:\/\/api.w.org\/{rel}","templated":true}]}}