{"id":1520,"date":"2022-11-16T14:16:57","date_gmt":"2022-11-16T14:16:57","guid":{"rendered":"https:\/\/www.cycjetcoder.com\/?post_type=product&#038;p=1520"},"modified":"2025-06-05T12:52:37","modified_gmt":"2025-06-05T12:52:37","slug":"cycjet-bw3020-inkjet-printer","status":"publish","type":"product","link":"https:\/\/www.cycjetes.com\/?product=cycjet-bw3020-inkjet-printer","title":{"rendered":"Impresora de inyecci\u00f3n de tinta CYCJET BW3020"},"content":{"rendered":"<div class=\"tem378-irregular noScrollMove bgFixed clearBg\">\n<div class=\"content-right content-section noScrollMove tem44-irregular\">\n<div class=\"container\">\n<div class=\"row\">\n<div class=\"flexBoxStem irregular-item\">\n<div class=\"flexBoxFill col-lg-9 col-md-9 col-sm-9 col-xs-12 content-float\">\n<div class=\"tem06- irregular-text wow animated fadeInUp animado animado animado animado animado animado animado animado animado animado animado animado animado animado animado animado animado animado animado animado animado animado animado animado animado animado animado animado animado animado animado animado animado >\n<div>\n<h3><span style=\"color: #333399;\"> DESCRIPCI\u00d3N DEL PRODUCTO:<\/span><\/h3>\n<\/div>\n<p>* Especial para tinta pigmentada, (Blanco, Amarillo)&#8221;.<\/p>\n<p>* Edici\u00f3n de mensajes largos, mayor satisfacer las necesidades de producci\u00f3n del cliente;<\/p>\n<p>* Los mensajes, gr\u00e1ficos y fuentes se pueden importar o exportar a trav\u00e9s de USB.<\/p>\n<p>* Capacidad de almacenamiento masivo, impresi\u00f3n de mensajes largos, una enorme cantidad de almacenamiento de informaci\u00f3n, Infinita memoria extendida a trav\u00e9s de USB.<\/p>\n<\/div>\n<\/div>\n<\/div>\n<\/div>\n<\/div>\n<\/div>\n<\/div>\n<h3><span style=\"color: #333399;\">DATOS DE LOS PAR\u00c1METROS:<\/span><\/h3>\n<table width=\"605\">\n<tbody>\n<tr>\n<td width=\"95\">L\u00edneas de impresi\u00f3n:<\/p>\n<p>&nbsp;<\/td>\n<td width=\"161\">1&#8211;5 l\u00edneas<\/td>\n<td width=\"19\"> <\/td>\n<td width=\"85\">Tipo de fuente:<\/td>\n<td width=\"246\">5*5, 5*7, 7*9, 12*16, 18*24, 12*12, 16*16, 16*32<\/td>\n<\/tr>\n<tr>\n<td width=\"95\">Velocidad de impresi\u00f3n: <\/td>\n<td width=\"161\">Velocidad de las fuentes de 5*5 puntos hasta 345m\/min<\/td>\n<td width=\"19\"> <\/td>\n<td width=\"85\">Funci\u00f3n del software:<\/td>\n<td width=\"246\">Fecha y hora, n\u00famero de serie, impresi\u00f3n repetida, impresi\u00f3n por turnos<\/td>\n<\/tr>\n<tr>\n<td width=\"95\">Sistema de boquillas: <\/td>\n<td width=\"161\">Limpieza autom\u00e1tica de inyectores, funcionamiento estable durante mucho tiempo<\/td>\n<td width=\"19\"> <\/td>\n<td width=\"85\">Cabezal de impresi\u00f3n:<\/td>\n<td width=\"246\">Dise\u00f1o especial de inyectores, impresi\u00f3n continua a alta velocidad<\/td>\n<\/tr>\n<tr>\n<td width=\"95\">Sistema de tinta: <\/td>\n<td width=\"161\">Sistema de tinta inteligente con caj\u00f3n simple, funcionamiento estable<\/td>\n<td width=\"19\"> <\/td>\n<td width=\"85\">Sistema el\u00e9ctrico:<\/td>\n<td width=\"246\">Placa base integrada, reduce los fallos el\u00e9ctricos<\/td>\n<\/tr>\n<tr>\n<td width=\"95\">Modo de impresi\u00f3n: <\/td>\n<td width=\"161\">Impresi\u00f3n con sensor, impresi\u00f3n continua<\/td>\n<td width=\"19\"> <\/td>\n<td width=\"85\">Pantalla:<\/td>\n<td width=\"246\">Pantalla de alta resoluci\u00f3n e interfaz gr\u00e1fica de usuario de dise\u00f1o propio<\/td>\n<\/tr>\n<tr>\n<td width=\"95\">Sistema de recarga: <\/td>\n<td width=\"161\">Sistema de recarga de tinta, recarga y funcionamiento simult\u00e1neos<\/td>\n<td width=\"19\"> <\/td>\n<td width=\"85\">Sistema de software:<\/td>\n<td width=\"246\">Sistema operativo de I+D independiente, que reduce la inestabilidad<\/td>\n<\/tr>\n<\/tbody>\n<\/table>\n<h3><span style=\"color: #333399;\">Im\u00e1genes de aplicaci\u00f3n:<\/span><\/h3>\n<p><img loading=\"lazy\" decoding=\"async\" class=\"alignnone wp-image-1522 size-large\" src=\"https:\/\/www.cycjetcoder.com\/wp-content\/uploads\/2022\/11\/BW3020-2-1024x452.jpg\" alt=\"\" width=\"1020\" height=\"450\" srcset=\"https:\/\/www.cycjetes.com\/wp-content\/uploads\/2022\/11\/BW3020-2-1024x452.jpg 1024w, https:\/\/www.cycjetes.com\/wp-content\/uploads\/2022\/11\/BW3020-2-300x132.jpg 300w, https:\/\/www.cycjetes.com\/wp-content\/uploads\/2022\/11\/BW3020-2-768x339.jpg 768w, https:\/\/www.cycjetes.com\/wp-content\/uploads\/2022\/11\/BW3020-2-1536x678.jpg 1536w, https:\/\/www.cycjetes.com\/wp-content\/uploads\/2022\/11\/BW3020-2-600x265.jpg 600w, https:\/\/www.cycjetes.com\/wp-content\/uploads\/2022\/11\/BW3020-2.jpg 1905w\" sizes=\"auto, (max-width: 1020px) 100vw, 1020px\" \/><\/p>\n<p>&nbsp;<\/p>\n","protected":false},"excerpt":{"rendered":"<p>Modelo: BW3020<\/p>\n<p>Marca: CYCJET<\/p>\n<p>MOQ: 1Set<\/p>\n<p>Certificaci\u00f3n: CE. SGS, FDA<\/p>\n<p>Forma de pago: L\/C, Efectivo, Western Union, T\/T, PayPal<\/p>\n<p>Garant\u00eda: 1 a\u00f1o<\/p>\n","protected":false},"featured_media":1524,"comment_status":"open","ping_status":"closed","template":"","meta":[],"product_brand":[],"product_cat":[19,148],"product_tag":[],"class_list":{"0":"post-1520","1":"product","2":"type-product","3":"status-publish","4":"has-post-thumbnail","6":"product_cat-inkjet-coding-machines","7":"product_cat-industrial-inkjet-printer","9":"first","10":"instock","11":"shipping-taxable","12":"product-type-simple"},"yoast_head":"<!-- This site is optimized with the Yoast SEO plugin v25.2 - https:\/\/yoast.com\/wordpress\/plugins\/seo\/ -->\n<title>Impresora de inyecci\u00f3n de tinta CYCJET BW3020 - CYCJET<\/title>\n<meta name=\"robots\" content=\"index, follow, max-snippet:-1, max-image-preview:large, max-video-preview:-1\" \/>\n<link rel=\"canonical\" href=\"https:\/\/www.cycjetes.com\/?product=cycjet-bw3020-inkjet-printer\" \/>\n<meta property=\"og:locale\" content=\"en_US\" \/>\n<meta property=\"og:type\" content=\"article\" \/>\n<meta property=\"og:title\" content=\"Impresora de inyecci\u00f3n de tinta CYCJET BW3020 - CYCJET\" \/>\n<meta property=\"og:description\" content=\"Modelo: BW3020  Marca: CYCJET  MOQ: 1Set  Certificaci\u00f3n: CE. SGS, FDA  Forma de pago: L\/C, Efectivo, Western Union, T\/T, PayPal  Garant\u00eda: 1 a\u00f1o\" \/>\n<meta property=\"og:url\" content=\"https:\/\/www.cycjetes.com\/?product=cycjet-bw3020-inkjet-printer\" \/>\n<meta property=\"og:site_name\" content=\"CYCJET\" \/>\n<meta property=\"article:modified_time\" content=\"2025-06-05T12:52:37+00:00\" \/>\n<meta property=\"og:image\" content=\"https:\/\/www.cycjetes.com\/wp-content\/uploads\/2022\/11\/CIJ-INKJET-PRINTER.jpg\" \/>\n\t<meta property=\"og:image:width\" content=\"1000\" \/>\n\t<meta property=\"og:image:height\" content=\"1012\" \/>\n\t<meta property=\"og:image:type\" content=\"image\/jpeg\" \/>\n<meta name=\"twitter:card\" content=\"summary_large_image\" \/>\n<meta name=\"twitter:label1\" content=\"Est. reading time\" \/>\n\t<meta name=\"twitter:data1\" content=\"1 minute\" \/>\n<script type=\"application\/ld+json\" class=\"yoast-schema-graph\">{\"@context\":\"https:\/\/schema.org\",\"@graph\":[{\"@type\":\"WebPage\",\"@id\":\"https:\/\/www.cycjetes.com\/?product=cycjet-bw3020-inkjet-printer\",\"url\":\"https:\/\/www.cycjetes.com\/?product=cycjet-bw3020-inkjet-printer\",\"name\":\"Impresora de inyecci\u00f3n de tinta CYCJET BW3020 - CYCJET\",\"isPartOf\":{\"@id\":\"https:\/\/www.cycjetes.com\/#website\"},\"primaryImageOfPage\":{\"@id\":\"https:\/\/www.cycjetes.com\/?product=cycjet-bw3020-inkjet-printer#primaryimage\"},\"image\":{\"@id\":\"https:\/\/www.cycjetes.com\/?product=cycjet-bw3020-inkjet-printer#primaryimage\"},\"thumbnailUrl\":\"https:\/\/www.cycjetes.com\/wp-content\/uploads\/2022\/11\/CIJ-INKJET-PRINTER.jpg\",\"datePublished\":\"2022-11-16T14:16:57+00:00\",\"dateModified\":\"2025-06-05T12:52:37+00:00\",\"breadcrumb\":{\"@id\":\"https:\/\/www.cycjetes.com\/?product=cycjet-bw3020-inkjet-printer#breadcrumb\"},\"inLanguage\":\"en-US\",\"potentialAction\":[{\"@type\":\"ReadAction\",\"target\":[\"https:\/\/www.cycjetes.com\/?product=cycjet-bw3020-inkjet-printer\"]}]},{\"@type\":\"ImageObject\",\"inLanguage\":\"en-US\",\"@id\":\"https:\/\/www.cycjetes.com\/?product=cycjet-bw3020-inkjet-printer#primaryimage\",\"url\":\"https:\/\/www.cycjetes.com\/wp-content\/uploads\/2022\/11\/CIJ-INKJET-PRINTER.jpg\",\"contentUrl\":\"https:\/\/www.cycjetes.com\/wp-content\/uploads\/2022\/11\/CIJ-INKJET-PRINTER.jpg\",\"width\":1000,\"height\":1012},{\"@type\":\"BreadcrumbList\",\"@id\":\"https:\/\/www.cycjetes.com\/?product=cycjet-bw3020-inkjet-printer#breadcrumb\",\"itemListElement\":[{\"@type\":\"ListItem\",\"position\":1,\"name\":\"Home\",\"item\":\"https:\/\/www.cycjetes.com\/\"},{\"@type\":\"ListItem\",\"position\":2,\"name\":\"Products\",\"item\":\"https:\/\/www.cycjetes.com\/?page_id=7\"},{\"@type\":\"ListItem\",\"position\":3,\"name\":\"Impresora de inyecci\u00f3n de tinta CYCJET BW3020\"}]},{\"@type\":\"WebSite\",\"@id\":\"https:\/\/www.cycjetes.com\/#website\",\"url\":\"https:\/\/www.cycjetes.com\/\",\"name\":\"CYCJET\",\"description\":\"\",\"potentialAction\":[{\"@type\":\"SearchAction\",\"target\":{\"@type\":\"EntryPoint\",\"urlTemplate\":\"https:\/\/www.cycjetes.com\/?s={search_term_string}\"},\"query-input\":{\"@type\":\"PropertyValueSpecification\",\"valueRequired\":true,\"valueName\":\"search_term_string\"}}],\"inLanguage\":\"en-US\"}]}<\/script>\n<!-- \/ Yoast SEO plugin. -->","yoast_head_json":{"title":"Impresora de inyecci\u00f3n de tinta CYCJET BW3020 - CYCJET","robots":{"index":"index","follow":"follow","max-snippet":"max-snippet:-1","max-image-preview":"max-image-preview:large","max-video-preview":"max-video-preview:-1"},"canonical":"https:\/\/www.cycjetes.com\/?product=cycjet-bw3020-inkjet-printer","og_locale":"en_US","og_type":"article","og_title":"Impresora de inyecci\u00f3n de tinta CYCJET BW3020 - CYCJET","og_description":"Modelo: BW3020  Marca: CYCJET  MOQ: 1Set  Certificaci\u00f3n: CE. SGS, FDA  Forma de pago: L\/C, Efectivo, Western Union, T\/T, PayPal  Garant\u00eda: 1 a\u00f1o","og_url":"https:\/\/www.cycjetes.com\/?product=cycjet-bw3020-inkjet-printer","og_site_name":"CYCJET","article_modified_time":"2025-06-05T12:52:37+00:00","og_image":[{"width":1000,"height":1012,"url":"https:\/\/www.cycjetes.com\/wp-content\/uploads\/2022\/11\/CIJ-INKJET-PRINTER.jpg","type":"image\/jpeg"}],"twitter_card":"summary_large_image","twitter_misc":{"Est. reading time":"1 minute"},"schema":{"@context":"https:\/\/schema.org","@graph":[{"@type":"WebPage","@id":"https:\/\/www.cycjetes.com\/?product=cycjet-bw3020-inkjet-printer","url":"https:\/\/www.cycjetes.com\/?product=cycjet-bw3020-inkjet-printer","name":"Impresora de inyecci\u00f3n de tinta CYCJET BW3020 - CYCJET","isPartOf":{"@id":"https:\/\/www.cycjetes.com\/#website"},"primaryImageOfPage":{"@id":"https:\/\/www.cycjetes.com\/?product=cycjet-bw3020-inkjet-printer#primaryimage"},"image":{"@id":"https:\/\/www.cycjetes.com\/?product=cycjet-bw3020-inkjet-printer#primaryimage"},"thumbnailUrl":"https:\/\/www.cycjetes.com\/wp-content\/uploads\/2022\/11\/CIJ-INKJET-PRINTER.jpg","datePublished":"2022-11-16T14:16:57+00:00","dateModified":"2025-06-05T12:52:37+00:00","breadcrumb":{"@id":"https:\/\/www.cycjetes.com\/?product=cycjet-bw3020-inkjet-printer#breadcrumb"},"inLanguage":"en-US","potentialAction":[{"@type":"ReadAction","target":["https:\/\/www.cycjetes.com\/?product=cycjet-bw3020-inkjet-printer"]}]},{"@type":"ImageObject","inLanguage":"en-US","@id":"https:\/\/www.cycjetes.com\/?product=cycjet-bw3020-inkjet-printer#primaryimage","url":"https:\/\/www.cycjetes.com\/wp-content\/uploads\/2022\/11\/CIJ-INKJET-PRINTER.jpg","contentUrl":"https:\/\/www.cycjetes.com\/wp-content\/uploads\/2022\/11\/CIJ-INKJET-PRINTER.jpg","width":1000,"height":1012},{"@type":"BreadcrumbList","@id":"https:\/\/www.cycjetes.com\/?product=cycjet-bw3020-inkjet-printer#breadcrumb","itemListElement":[{"@type":"ListItem","position":1,"name":"Home","item":"https:\/\/www.cycjetes.com\/"},{"@type":"ListItem","position":2,"name":"Products","item":"https:\/\/www.cycjetes.com\/?page_id=7"},{"@type":"ListItem","position":3,"name":"Impresora de inyecci\u00f3n de tinta CYCJET BW3020"}]},{"@type":"WebSite","@id":"https:\/\/www.cycjetes.com\/#website","url":"https:\/\/www.cycjetes.com\/","name":"CYCJET","description":"","potentialAction":[{"@type":"SearchAction","target":{"@type":"EntryPoint","urlTemplate":"https:\/\/www.cycjetes.com\/?s={search_term_string}"},"query-input":{"@type":"PropertyValueSpecification","valueRequired":true,"valueName":"search_term_string"}}],"inLanguage":"en-US"}]}},"_links":{"self":[{"href":"https:\/\/www.cycjetes.com\/index.php?rest_route=\/wp\/v2\/product\/1520","targetHints":{"allow":["GET"]}}],"collection":[{"href":"https:\/\/www.cycjetes.com\/index.php?rest_route=\/wp\/v2\/product"}],"about":[{"href":"https:\/\/www.cycjetes.com\/index.php?rest_route=\/wp\/v2\/types\/product"}],"replies":[{"embeddable":true,"href":"https:\/\/www.cycjetes.com\/index.php?rest_route=%2Fwp%2Fv2%2Fcomments&post=1520"}],"wp:featuredmedia":[{"embeddable":true,"href":"https:\/\/www.cycjetes.com\/index.php?rest_route=\/wp\/v2\/media\/1524"}],"wp:attachment":[{"href":"https:\/\/www.cycjetes.com\/index.php?rest_route=%2Fwp%2Fv2%2Fmedia&parent=1520"}],"wp:term":[{"taxonomy":"product_brand","embeddable":true,"href":"https:\/\/www.cycjetes.com\/index.php?rest_route=%2Fwp%2Fv2%2Fproduct_brand&post=1520"},{"taxonomy":"product_cat","embeddable":true,"href":"https:\/\/www.cycjetes.com\/index.php?rest_route=%2Fwp%2Fv2%2Fproduct_cat&post=1520"},{"taxonomy":"product_tag","embeddable":true,"href":"https:\/\/www.cycjetes.com\/index.php?rest_route=%2Fwp%2Fv2%2Fproduct_tag&post=1520"}],"curies":[{"name":"wp","href":"https:\/\/api.w.org\/{rel}","templated":true}]}}