{"id":152,"date":"2021-08-11T03:34:54","date_gmt":"2021-08-11T03:34:54","guid":{"rendered":"https:\/\/spcycjet.tradeoptimize-clients.com\/?post_type=product&#038;p=152"},"modified":"2025-06-06T08:47:05","modified_gmt":"2025-06-06T08:47:05","slug":"cycjet-ch7-large-character-handheld-inkjet-printer","status":"publish","type":"product","link":"https:\/\/www.cycjetes.com\/?product=cycjet-ch7-large-character-handheld-inkjet-printer","title":{"rendered":"Impresora manual de inyecci\u00f3n de tinta de caracteres grandes CYCJET CH7"},"content":{"rendered":"<div class=\"row row-full-width\"  id=\"row-1210247258\">\n\n\t<div id=\"col-1198621784\" class=\"col medium-6 small-12 large-6\"  data-animate=\"fadeInLeft\">\n\t\t<div class=\"col-inner\"  >\n\t\t\t\n\t\t\t\n<h3><span style=\"color: #000080;font-size: 100%\"><strong>DESCRIPCI\u00d3N DEL PRODUCTO<\/strong><\/span><\/h3>\n<div>\n<div class=\"tem378-irregular noScrollMove bgFixed clearBg\">\n<div class=\"content-right content-section noScrollMove tem44-irregular\">\n<div class=\"container\">\n<div class=\"row\">\n<div class=\"flexBoxStem irregular-item\">\n<div class=\"flexBoxFill col-lg-9 col-md-9 col-sm-9 col-xs-12 content-float\">\n<div>\n<div class=\"tem06-irregular-textwow animated fadeInUp\">\n<div class=\"text description\">\n<section>La impresora de inyecci\u00f3n de tinta port\u00e1til de caracteres grandes CYCJET CH7 es el nuevo modelo lanzado en 2019. Es una versi\u00f3n mejorada basada en el modelo anterior. La impresora manual CH7 puede imprimir un tama\u00f1o de fuente m\u00e1ximo de 71 mm y m\u00ednimo de 2 mm, incluyendo fecha y hora reales, n\u00famero de serie, logotipo, c\u00f3digo de barras, c\u00f3digo QR, etc. Las l\u00edneas de impresi\u00f3n no est\u00e1n limitadas dentro de la altura m\u00e1xima de impresi\u00f3n de 71 mm. El modelo CH7 es muy popular para imprimir marcas de env\u00edo en cajas de cart\u00f3n y cajas de madera. Gracias a su tinta a base de aceite, la impresora no requiere mantenimiento, tiene una baja tasa de fallos y es m\u00e1s estable. La CYCJET CH7 est\u00e1 dise\u00f1ada con mango doble debido al tama\u00f1o grande de su cabezal de impresi\u00f3n, lo que la convierte en una impresora de gran tama\u00f1o en comparaci\u00f3n con otras impresoras port\u00e1tiles peque\u00f1as. El dise\u00f1o de doble mango facilita su uso y evita la fatiga del operario al imprimir.<\/section>\n<\/div>\n<\/div>\n<\/div>\n<\/div>\n<\/div>\n<\/div>\n<\/div>\n<\/div>\n<\/div>\n<\/div>\n\t\t<\/div>\n\t\t\t<\/div>\n\n\t\n\n\t<div id=\"col-1770179231\" class=\"col medium-6 small-12 large-6\"  data-animate=\"fadeInRight\">\n\t\t<div class=\"col-inner\"  >\n\t\t\t\n\t\t\t\n\t<div class=\"img has-hover x md-x lg-x y md-y lg-y\" id=\"image_676858715\">\n\t\t\t\t\t\t\t\t<div class=\"img-inner dark\" >\n\t\t\t<img loading=\"lazy\" decoding=\"async\" width=\"930\" height=\"930\" src=\"https:\/\/www.cycjetes.com\/wp-content\/uploads\/2021\/09\/ICM-HIP-04.webp\" class=\"attachment-large size-large\" alt=\"\" srcset=\"https:\/\/www.cycjetes.com\/wp-content\/uploads\/2021\/09\/ICM-HIP-04.webp 930w, https:\/\/www.cycjetes.com\/wp-content\/uploads\/2021\/09\/ICM-HIP-04-300x300.webp 300w, https:\/\/www.cycjetes.com\/wp-content\/uploads\/2021\/09\/ICM-HIP-04-150x150.webp 150w, https:\/\/www.cycjetes.com\/wp-content\/uploads\/2021\/09\/ICM-HIP-04-768x768.webp 768w, https:\/\/www.cycjetes.com\/wp-content\/uploads\/2021\/09\/ICM-HIP-04-600x600.webp 600w, https:\/\/www.cycjetes.com\/wp-content\/uploads\/2021\/09\/ICM-HIP-04-100x100.webp 100w\" sizes=\"auto, (max-width: 930px) 100vw, 930px\" \/>\t\t\t\t\t\t\n\t\t\t\t\t<\/div>\n\t\t\t\t\t\t\t\t\n<style>\n#image_676858715 {\n  width: 100%;\n}\n<\/style>\n\t<\/div>\n\t\n\t\t<\/div>\n\t\t\t<\/div>\n\n\t\n<\/div>\n<div class=\"row row-full-width\"  id=\"row-925999881\">\n\n\t<div id=\"col-1380243392\" class=\"col small-12 large-12\"  >\n\t\t<div class=\"col-inner\"  >\n\t\t\t\n\t\t\t\n<div class=\"container section-title-container\" ><h2 class=\"section-title section-title-center\"><b><\/b><span class=\"section-title-main\" style=\"color:rgb(14, 24, 184);\">APLICACI\u00d3N<\/span><b><\/b><\/h2><\/div>\n\t\t<\/div>\n\t\t\t<\/div>\n\n\t\n\n\t<div id=\"col-1611992140\" class=\"col medium-4 small-12 large-4\"  >\n\t\t<div class=\"col-inner\"  >\n\t\t\t\n\t<div class=\"is-border\"\n\t\tstyle=\"border-color:rgb(255, 195, 0);border-radius:50px;border-width:2px 2px 2px 2;\">\n\t<\/div>\n\t\t\t\n\t<div class=\"box has-hover   has-hover box-text-bottom\" >\n\n\t\t<div class=\"box-image\" >\n\t\t\t\t\t\t<div class=\"\" >\n\t\t\t\t<img loading=\"lazy\" decoding=\"async\" width=\"750\" height=\"501\" src=\"https:\/\/www.cycjetes.com\/wp-content\/uploads\/2021\/09\/ICM-HIP-04-app-1.webp\" class=\"attachment- size-\" alt=\"\" srcset=\"https:\/\/www.cycjetes.com\/wp-content\/uploads\/2021\/09\/ICM-HIP-04-app-1.webp 750w, https:\/\/www.cycjetes.com\/wp-content\/uploads\/2021\/09\/ICM-HIP-04-app-1-300x200.webp 300w, https:\/\/www.cycjetes.com\/wp-content\/uploads\/2021\/09\/ICM-HIP-04-app-1-600x401.webp 600w\" sizes=\"auto, (max-width: 750px) 100vw, 750px\" \/>\t\t\t\t\t\t\t\t\t\t\t<\/div>\n\t\t\t\t\t<\/div>\n\n\t\t<div class=\"box-text text-center\" >\n\t\t\t<div class=\"box-text-inner\">\n\t\t\t\t\n<h4><span style=\"color: #333399\">Cart\u00f3n &amp; Caja\/Pallet de Madera<\/span><\/h4>\n<div class=\"text\">\n<div class=\"description\">La impresora de inyecci\u00f3n de tinta de caracteres grandes CYCJET CH7 puede imprimir un tama\u00f1o m\u00e1ximo de fuente y logotipo de 71 mm. Puede imprimir logotipos claramente en alta resoluci\u00f3n sobre cart\u00f3n y cajas de madera, especialmente \u00fatil para marcas de env\u00edo como logotipos, s\u00edmbolo de fr\u00e1gil, ventilaci\u00f3n, s\u00edmbolo de no fuego, as\u00ed como informaci\u00f3n de la empresa y descripci\u00f3n del producto.<\/div>\n<\/div>\n\t\t\t<\/div>\n\t\t<\/div>\n\t<\/div>\n\t\n\t\t<\/div>\n\t\t\t<\/div>\n\n\t\n\n\t<div id=\"col-512919608\" class=\"col medium-4 small-12 large-4\"  >\n\t\t<div class=\"col-inner\"  >\n\t\t\t\n\t<div class=\"is-border\"\n\t\tstyle=\"border-color:rgb(255, 195, 0);border-radius:50px;border-width:2px 2px 2px 2;\">\n\t<\/div>\n\t\t\t\n\t<div class=\"box has-hover   has-hover box-text-bottom\" >\n\n\t\t<div class=\"box-image\" >\n\t\t\t\t\t\t<div class=\"\" >\n\t\t\t\t<img loading=\"lazy\" decoding=\"async\" width=\"750\" height=\"501\" src=\"https:\/\/www.cycjetes.com\/wp-content\/uploads\/2021\/09\/ICM-HIP-04-app-2.webp\" class=\"attachment- size-\" alt=\"\" srcset=\"https:\/\/www.cycjetes.com\/wp-content\/uploads\/2021\/09\/ICM-HIP-04-app-2.webp 750w, https:\/\/www.cycjetes.com\/wp-content\/uploads\/2021\/09\/ICM-HIP-04-app-2-300x200.webp 300w, https:\/\/www.cycjetes.com\/wp-content\/uploads\/2021\/09\/ICM-HIP-04-app-2-600x401.webp 600w\" sizes=\"auto, (max-width: 750px) 100vw, 750px\" \/>\t\t\t\t\t\t\t\t\t\t\t<\/div>\n\t\t\t\t\t<\/div>\n\n\t\t<div class=\"box-text text-center\" >\n\t\t\t<div class=\"box-text-inner\">\n\t\t\t\t\n<h4><span style=\"color: #333399\">Cajas de Espuma EPS<\/span><\/h4>\n<p>Las cajas de espuma EPS se utilizan principalmente para el embalaje de mariscos. Para identificar los diferentes productos, los clientes necesitan imprimir el nombre del producto, logotipo, n\u00famero de lote en el embalaje exterior. Una impresora port\u00e1til de inyecci\u00f3n de tinta es esencial. Gracias a su portabilidad y su capacidad de impresi\u00f3n en alta resoluci\u00f3n sobre cajas de EPS, la CYCJET CH7 ha ganado gran popularidad en este sector.<\/p>\n\t\t\t<\/div>\n\t\t<\/div>\n\t<\/div>\n\t\n\t\t<\/div>\n\t\t\t<\/div>\n\n\t\n\n\t<div id=\"col-1293127149\" class=\"col medium-4 small-12 large-4\"  >\n\t\t<div class=\"col-inner\"  >\n\t\t\t\n\t<div class=\"is-border\"\n\t\tstyle=\"border-color:rgb(255, 195, 0);border-radius:50px;border-width:2px 2px 2px 2;\">\n\t<\/div>\n\t\t\t\n\t<div class=\"box has-hover   has-hover box-text-bottom\" >\n\n\t\t<div class=\"box-image\" >\n\t\t\t\t\t\t<div class=\"\" >\n\t\t\t\t<img loading=\"lazy\" decoding=\"async\" width=\"750\" height=\"501\" src=\"https:\/\/www.cycjetes.com\/wp-content\/uploads\/2021\/09\/ICM-HIP-04-app-3.webp\" class=\"attachment- size-\" alt=\"\" srcset=\"https:\/\/www.cycjetes.com\/wp-content\/uploads\/2021\/09\/ICM-HIP-04-app-3.webp 750w, https:\/\/www.cycjetes.com\/wp-content\/uploads\/2021\/09\/ICM-HIP-04-app-3-300x200.webp 300w, https:\/\/www.cycjetes.com\/wp-content\/uploads\/2021\/09\/ICM-HIP-04-app-3-600x401.webp 600w\" sizes=\"auto, (max-width: 750px) 100vw, 750px\" \/>\t\t\t\t\t\t\t\t\t\t\t<\/div>\n\t\t\t\t\t<\/div>\n\n\t\t<div class=\"box-text text-center\" >\n\t\t\t<div class=\"box-text-inner\">\n\t\t\t\t\n<h4><span style=\"color: #333399\">Hojas de Acero<\/span><\/h4>\n<p>Las hojas de acero, como las galvanizadas o pintadas, requieren impresi\u00f3n de logotipos grandes para identificar al proveedor en el mercado. Como las hojas de acero suelen ser de gran tama\u00f1o, el logotipo impreso debe ser lo suficientemente grande como para captar la atenci\u00f3n del cliente f\u00e1cilmente.<\/p>\n\t\t\t<\/div>\n\t\t<\/div>\n\t<\/div>\n\t\n\t\t<\/div>\n\t\t\t<\/div>\n\n\t\n<\/div>\n<div class=\"row\"  id=\"row-1061432282\">\n\n\t<div id=\"col-534108947\" class=\"col small-12 large-12\"  >\n\t\t<div class=\"col-inner\"  >\n\t\t\t\n\t\t\t\n<div class=\"container section-title-container\" ><h2 class=\"section-title section-title-center\"><b><\/b><span class=\"section-title-main\" style=\"color:rgb(14, 24, 184);\">ESPECIFICACIONES T\u00c9CNICAS<\/span><b><\/b><\/h2><\/div>\n\t\t<\/div>\n\t\t\t<\/div>\n\n\t\n\n\t<div id=\"col-1559926797\" class=\"col small-12 large-12\"  >\n\t\t<div class=\"col-inner\"  >\n\t\t\t\n\t\t\t\n<table class=\"table table-bordered table-hover\">\n<tbody>\n<tr class=\"firstRow\">\n<td valign=\"center\" width=\"185\">Altura de impresi\u00f3n<\/td>\n<td valign=\"center\" width=\"497\">1&#8211;71.8mm<\/td>\n<\/tr>\n<tr>\n<td valign=\"center\" width=\"185\">Espaciado de impresi\u00f3n<\/td>\n<td valign=\"center\" width=\"497\">8mm-10mm, depende del contenido de impresi\u00f3n y tipo de tinta<\/td>\n<\/tr>\n<tr>\n<td valign=\"center\" width=\"185\">L\u00edneas de impresi\u00f3n<\/td>\n<td valign=\"center\" width=\"497\">Ilimitadas dentro de la altura m\u00e1xima de 71mm<\/td>\n<\/tr>\n<tr>\n<td valign=\"center\" width=\"185\">Longitud de impresi\u00f3n<\/td>\n<td valign=\"center\" width=\"497\">Longitud m\u00e1xima por archivo: 20000 puntos<\/td>\n<\/tr>\n<tr>\n<td valign=\"center\" width=\"185\">Velocidad de impresi\u00f3n<\/td>\n<td valign=\"center\" width=\"497\">Control manual<\/td>\n<\/tr>\n<tr>\n<td valign=\"center\" width=\"185\">Resoluci\u00f3n de impresi\u00f3n<\/td>\n<td valign=\"center\" width=\"497\">M\u00e1x. 180dpi<\/td>\n<\/tr>\n<tr>\n<td valign=\"center\" width=\"185\">Fuentes de impresi\u00f3n<\/td>\n<td valign=\"center\" width=\"497\">Varias fuentes integradas, barras horizontales, verticales, matriz de puntos, negrita, todas configurables<\/td>\n<\/tr>\n<tr>\n<td valign=\"center\" width=\"185\">Contenido de impresi\u00f3n<\/td>\n<td valign=\"center\" width=\"497\">Fecha real, hora real, imagen, texto, grupo de turno, n\u00famero de serie, n\u00famero de lote, c\u00f3digo de barras y c\u00f3digo 2D<\/td>\n<\/tr>\n<tr>\n<td valign=\"center\" width=\"185\">Direcci\u00f3n de impresi\u00f3n<\/td>\n<td valign=\"center\" width=\"497\">Impresi\u00f3n hacia arriba, hacia abajo, lateral (impresi\u00f3n en 360\u00b0)<\/td>\n<\/tr>\n<tr>\n<td valign=\"center\" width=\"185\">Biblioteca de fuentes<\/td>\n<td valign=\"center\" width=\"497\">Biblioteca est\u00e1ndar: chino e ingl\u00e9s; opcional: espa\u00f1ol, portugu\u00e9s, \u00e1rabe<\/td>\n<\/tr>\n<tr>\n<td valign=\"center\" width=\"185\">Interfaz de usuario<\/td>\n<td valign=\"center\" width=\"497\">Estilo gr\u00e1fico con men\u00fa en chino o ingl\u00e9s (espa\u00f1ol, portugu\u00e9s, \u00e1rabe opcional). Vista previa tipo \u201clo que ves es lo que obtienes\u201d<\/td>\n<\/tr>\n<tr>\n<td valign=\"center\" width=\"185\">Funci\u00f3n de memoria<\/td>\n<td valign=\"center\" width=\"497\">Puede almacenar m\u00e1s de 1000 textos<\/td>\n<\/tr>\n<tr>\n<td valign=\"center\" width=\"185\">Tipo de tinta<\/td>\n<td valign=\"center\" width=\"497\">Tinta original del Reino Unido. Tipos: tinta a base de solvente (requiere mantenimiento regular); tinta invisible (requiere mantenimiento regular); tinta a base de aceite (sin mantenimiento)<\/td>\n<\/tr>\n<tr>\n<td valign=\"center\" width=\"185\">Color de tinta<\/td>\n<td valign=\"center\" width=\"497\">Negro, rojo, amarillo, azul, verde, blanco, p\u00farpura<\/td>\n<\/tr>\n<tr>\n<td valign=\"center\" width=\"185\">Nivel de protecci\u00f3n<\/td>\n<td valign=\"center\" width=\"497\">No apta para entornos con alta humedad o mucho polvo<\/td>\n<\/tr>\n<tr>\n<td valign=\"center\" width=\"185\">Peso de la m\u00e1quina<\/td>\n<td valign=\"center\" width=\"497\">2.30KG<\/td>\n<\/tr>\n<tr>\n<td valign=\"center\" width=\"185\">Dimensiones de la m\u00e1quina<\/td>\n<td valign=\"center\" width=\"497\">22*20*17cm<\/td>\n<\/tr>\n<tr>\n<td valign=\"center\" width=\"185\">Alimentaci\u00f3n el\u00e9ctrica<\/td>\n<td valign=\"center\" width=\"497\">100&#8211;240V, 50\/60HZ<\/td>\n<\/tr>\n<tr>\n<td valign=\"center\" width=\"185\">Rango de humedad<\/td>\n<td valign=\"center\" width=\"497\">10-90% sin condensaci\u00f3n<\/td>\n<\/tr>\n<tr>\n<td valign=\"center\" width=\"185\">Rango de temperatura<\/td>\n<td valign=\"center\" width=\"497\">5-40\u00b0C<\/td>\n<\/tr>\n<tr>\n<td valign=\"center\" width=\"185\">Otros<\/td>\n<td valign=\"center\" width=\"497\">No necesita conexi\u00f3n a aire comprimido externo ni uso de disolventes<\/td>\n<\/tr>\n<\/tbody>\n<\/table>\n\t\t<\/div>\n\t\t\t<\/div>\n\n\t\n<\/div>\n","protected":false},"excerpt":{"rendered":"<table style=\"font-size: 14. 4px\">\n<tbody>\n<tr>\n<td width=\"176\"><strong>Modelo:<\/strong><\/td>\n<td width=\"182\">CH7<\/td>\n<\/tr>\n<tr>\n<td width=\"176\"><strong>Marca: <\/strong><\/td>\n<td width=\"182\">CYCJET<\/td>\n<\/tr>\n<tr>\n<td width=\"176\"><strong>MOQ<\/strong>:<\/td>\n<td width=\"182\">1 Set<\/td>\n<\/tr>\n<tr>\n<td width=\"176\"><strong>Certificaci\u00f3n: <\/strong><\/td>\n<td width=\"182\">CE, SGS<\/td>\n<\/tr>\n<tr>\n<td width=\"176\"><strong>Pago:<\/strong><\/td>\n<td width=\"182\">L\/C, D\/P, T\/T, Western Union<\/td>\n<\/tr>\n<\/tr>\n<td width=\"176\"><strong>Garant\u00eda:<\/strong><\/td>\n<td width=\"182\">1 A\u00f1o<\/td>\n<\/tr>\n<\/tbody>\n<\/table>\n","protected":false},"featured_media":476,"comment_status":"closed","ping_status":"closed","template":"","meta":[],"product_brand":[],"product_cat":[19,21],"product_tag":[],"class_list":{"0":"post-152","1":"product","2":"type-product","3":"status-publish","4":"has-post-thumbnail","6":"product_cat-inkjet-coding-machines","7":"product_cat-handheld-inkjet-printer","9":"first","10":"instock","11":"shipping-taxable","12":"product-type-simple"},"yoast_head":"<!-- This site is optimized with the Yoast SEO plugin v25.2 - https:\/\/yoast.com\/wordpress\/plugins\/seo\/ -->\n<title>Impresora manual de inyecci\u00f3n de tinta de caracteres grandes CYCJET CH7 - CYCJET<\/title>\n<meta name=\"robots\" content=\"index, follow, max-snippet:-1, max-image-preview:large, max-video-preview:-1\" \/>\n<link rel=\"canonical\" href=\"https:\/\/www.cycjetes.com\/?product=cycjet-ch7-large-character-handheld-inkjet-printer\" \/>\n<meta property=\"og:locale\" content=\"en_US\" \/>\n<meta property=\"og:type\" content=\"article\" \/>\n<meta property=\"og:title\" content=\"Impresora manual de inyecci\u00f3n de tinta de caracteres grandes CYCJET CH7 - CYCJET\" \/>\n<meta property=\"og:description\" content=\"Modelo: CH7   Marca:  CYCJET   MOQ: 1 Set   Certificaci\u00f3n:  CE, SGS   Pago: L\/C, D\/P, T\/T, Western Union   Garant\u00eda: 1 A\u00f1o\" \/>\n<meta property=\"og:url\" content=\"https:\/\/www.cycjetes.com\/?product=cycjet-ch7-large-character-handheld-inkjet-printer\" \/>\n<meta property=\"og:site_name\" content=\"CYCJET\" \/>\n<meta property=\"article:modified_time\" content=\"2025-06-06T08:47:05+00:00\" \/>\n<meta property=\"og:image\" content=\"https:\/\/www.cycjetes.com\/wp-content\/uploads\/2021\/08\/16123639799114.jpg\" \/>\n\t<meta property=\"og:image:width\" content=\"1000\" \/>\n\t<meta property=\"og:image:height\" content=\"1000\" \/>\n\t<meta property=\"og:image:type\" content=\"image\/jpeg\" \/>\n<meta name=\"twitter:card\" content=\"summary_large_image\" \/>\n<script type=\"application\/ld+json\" class=\"yoast-schema-graph\">{\"@context\":\"https:\/\/schema.org\",\"@graph\":[{\"@type\":\"WebPage\",\"@id\":\"https:\/\/www.cycjetes.com\/?product=cycjet-ch7-large-character-handheld-inkjet-printer\",\"url\":\"https:\/\/www.cycjetes.com\/?product=cycjet-ch7-large-character-handheld-inkjet-printer\",\"name\":\"Impresora manual de inyecci\u00f3n de tinta de caracteres grandes CYCJET CH7 - CYCJET\",\"isPartOf\":{\"@id\":\"https:\/\/www.cycjetes.com\/#website\"},\"primaryImageOfPage\":{\"@id\":\"https:\/\/www.cycjetes.com\/?product=cycjet-ch7-large-character-handheld-inkjet-printer#primaryimage\"},\"image\":{\"@id\":\"https:\/\/www.cycjetes.com\/?product=cycjet-ch7-large-character-handheld-inkjet-printer#primaryimage\"},\"thumbnailUrl\":\"https:\/\/www.cycjetes.com\/wp-content\/uploads\/2021\/08\/16123639799114.jpg\",\"datePublished\":\"2021-08-11T03:34:54+00:00\",\"dateModified\":\"2025-06-06T08:47:05+00:00\",\"breadcrumb\":{\"@id\":\"https:\/\/www.cycjetes.com\/?product=cycjet-ch7-large-character-handheld-inkjet-printer#breadcrumb\"},\"inLanguage\":\"en-US\",\"potentialAction\":[{\"@type\":\"ReadAction\",\"target\":[\"https:\/\/www.cycjetes.com\/?product=cycjet-ch7-large-character-handheld-inkjet-printer\"]}]},{\"@type\":\"ImageObject\",\"inLanguage\":\"en-US\",\"@id\":\"https:\/\/www.cycjetes.com\/?product=cycjet-ch7-large-character-handheld-inkjet-printer#primaryimage\",\"url\":\"https:\/\/www.cycjetes.com\/wp-content\/uploads\/2021\/08\/16123639799114.jpg\",\"contentUrl\":\"https:\/\/www.cycjetes.com\/wp-content\/uploads\/2021\/08\/16123639799114.jpg\",\"width\":1000,\"height\":1000},{\"@type\":\"BreadcrumbList\",\"@id\":\"https:\/\/www.cycjetes.com\/?product=cycjet-ch7-large-character-handheld-inkjet-printer#breadcrumb\",\"itemListElement\":[{\"@type\":\"ListItem\",\"position\":1,\"name\":\"Home\",\"item\":\"https:\/\/www.cycjetes.com\/\"},{\"@type\":\"ListItem\",\"position\":2,\"name\":\"Products\",\"item\":\"https:\/\/www.cycjetes.com\/?page_id=7\"},{\"@type\":\"ListItem\",\"position\":3,\"name\":\"Impresora manual de inyecci\u00f3n de tinta de caracteres grandes CYCJET CH7\"}]},{\"@type\":\"WebSite\",\"@id\":\"https:\/\/www.cycjetes.com\/#website\",\"url\":\"https:\/\/www.cycjetes.com\/\",\"name\":\"CYCJET\",\"description\":\"\",\"potentialAction\":[{\"@type\":\"SearchAction\",\"target\":{\"@type\":\"EntryPoint\",\"urlTemplate\":\"https:\/\/www.cycjetes.com\/?s={search_term_string}\"},\"query-input\":{\"@type\":\"PropertyValueSpecification\",\"valueRequired\":true,\"valueName\":\"search_term_string\"}}],\"inLanguage\":\"en-US\"}]}<\/script>\n<!-- \/ Yoast SEO plugin. -->","yoast_head_json":{"title":"Impresora manual de inyecci\u00f3n de tinta de caracteres grandes CYCJET CH7 - CYCJET","robots":{"index":"index","follow":"follow","max-snippet":"max-snippet:-1","max-image-preview":"max-image-preview:large","max-video-preview":"max-video-preview:-1"},"canonical":"https:\/\/www.cycjetes.com\/?product=cycjet-ch7-large-character-handheld-inkjet-printer","og_locale":"en_US","og_type":"article","og_title":"Impresora manual de inyecci\u00f3n de tinta de caracteres grandes CYCJET CH7 - CYCJET","og_description":"Modelo: CH7   Marca:  CYCJET   MOQ: 1 Set   Certificaci\u00f3n:  CE, SGS   Pago: L\/C, D\/P, T\/T, Western Union   Garant\u00eda: 1 A\u00f1o","og_url":"https:\/\/www.cycjetes.com\/?product=cycjet-ch7-large-character-handheld-inkjet-printer","og_site_name":"CYCJET","article_modified_time":"2025-06-06T08:47:05+00:00","og_image":[{"width":1000,"height":1000,"url":"https:\/\/www.cycjetes.com\/wp-content\/uploads\/2021\/08\/16123639799114.jpg","type":"image\/jpeg"}],"twitter_card":"summary_large_image","schema":{"@context":"https:\/\/schema.org","@graph":[{"@type":"WebPage","@id":"https:\/\/www.cycjetes.com\/?product=cycjet-ch7-large-character-handheld-inkjet-printer","url":"https:\/\/www.cycjetes.com\/?product=cycjet-ch7-large-character-handheld-inkjet-printer","name":"Impresora manual de inyecci\u00f3n de tinta de caracteres grandes CYCJET CH7 - CYCJET","isPartOf":{"@id":"https:\/\/www.cycjetes.com\/#website"},"primaryImageOfPage":{"@id":"https:\/\/www.cycjetes.com\/?product=cycjet-ch7-large-character-handheld-inkjet-printer#primaryimage"},"image":{"@id":"https:\/\/www.cycjetes.com\/?product=cycjet-ch7-large-character-handheld-inkjet-printer#primaryimage"},"thumbnailUrl":"https:\/\/www.cycjetes.com\/wp-content\/uploads\/2021\/08\/16123639799114.jpg","datePublished":"2021-08-11T03:34:54+00:00","dateModified":"2025-06-06T08:47:05+00:00","breadcrumb":{"@id":"https:\/\/www.cycjetes.com\/?product=cycjet-ch7-large-character-handheld-inkjet-printer#breadcrumb"},"inLanguage":"en-US","potentialAction":[{"@type":"ReadAction","target":["https:\/\/www.cycjetes.com\/?product=cycjet-ch7-large-character-handheld-inkjet-printer"]}]},{"@type":"ImageObject","inLanguage":"en-US","@id":"https:\/\/www.cycjetes.com\/?product=cycjet-ch7-large-character-handheld-inkjet-printer#primaryimage","url":"https:\/\/www.cycjetes.com\/wp-content\/uploads\/2021\/08\/16123639799114.jpg","contentUrl":"https:\/\/www.cycjetes.com\/wp-content\/uploads\/2021\/08\/16123639799114.jpg","width":1000,"height":1000},{"@type":"BreadcrumbList","@id":"https:\/\/www.cycjetes.com\/?product=cycjet-ch7-large-character-handheld-inkjet-printer#breadcrumb","itemListElement":[{"@type":"ListItem","position":1,"name":"Home","item":"https:\/\/www.cycjetes.com\/"},{"@type":"ListItem","position":2,"name":"Products","item":"https:\/\/www.cycjetes.com\/?page_id=7"},{"@type":"ListItem","position":3,"name":"Impresora manual de inyecci\u00f3n de tinta de caracteres grandes CYCJET CH7"}]},{"@type":"WebSite","@id":"https:\/\/www.cycjetes.com\/#website","url":"https:\/\/www.cycjetes.com\/","name":"CYCJET","description":"","potentialAction":[{"@type":"SearchAction","target":{"@type":"EntryPoint","urlTemplate":"https:\/\/www.cycjetes.com\/?s={search_term_string}"},"query-input":{"@type":"PropertyValueSpecification","valueRequired":true,"valueName":"search_term_string"}}],"inLanguage":"en-US"}]}},"_links":{"self":[{"href":"https:\/\/www.cycjetes.com\/index.php?rest_route=\/wp\/v2\/product\/152","targetHints":{"allow":["GET"]}}],"collection":[{"href":"https:\/\/www.cycjetes.com\/index.php?rest_route=\/wp\/v2\/product"}],"about":[{"href":"https:\/\/www.cycjetes.com\/index.php?rest_route=\/wp\/v2\/types\/product"}],"replies":[{"embeddable":true,"href":"https:\/\/www.cycjetes.com\/index.php?rest_route=%2Fwp%2Fv2%2Fcomments&post=152"}],"wp:featuredmedia":[{"embeddable":true,"href":"https:\/\/www.cycjetes.com\/index.php?rest_route=\/wp\/v2\/media\/476"}],"wp:attachment":[{"href":"https:\/\/www.cycjetes.com\/index.php?rest_route=%2Fwp%2Fv2%2Fmedia&parent=152"}],"wp:term":[{"taxonomy":"product_brand","embeddable":true,"href":"https:\/\/www.cycjetes.com\/index.php?rest_route=%2Fwp%2Fv2%2Fproduct_brand&post=152"},{"taxonomy":"product_cat","embeddable":true,"href":"https:\/\/www.cycjetes.com\/index.php?rest_route=%2Fwp%2Fv2%2Fproduct_cat&post=152"},{"taxonomy":"product_tag","embeddable":true,"href":"https:\/\/www.cycjetes.com\/index.php?rest_route=%2Fwp%2Fv2%2Fproduct_tag&post=152"}],"curies":[{"name":"wp","href":"https:\/\/api.w.org\/{rel}","templated":true}]}}