{"id":1516,"date":"2022-11-16T13:31:10","date_gmt":"2022-11-16T13:31:10","guid":{"rendered":"https:\/\/www.cycjetcoder.com\/?post_type=product&#038;p=1516"},"modified":"2025-06-05T13:02:21","modified_gmt":"2025-06-05T13:02:21","slug":"cycjet-b3020i-inkjet-printer","status":"publish","type":"product","link":"https:\/\/www.cycjetes.com\/?product=cycjet-b3020i-inkjet-printer","title":{"rendered":"Impresora de inyecci\u00f3n de tinta CYCJET B3020i"},"content":{"rendered":"<div class=\"tem378-irregular noScrollMove bgFixed clearBg\">\n<div class=\"content-right content-section noScrollMove tem44-irregular\">\n<div class=\"container\">\n<div class=\"row\">\n<div class=\"flexBoxStem irregular-item\">\n<div class=\"flexBoxFill col-lg-9 col-md-9 col-sm-9 col-xs-12 content-float\">\n<div class=\"tem06-irregular-text wow animated fadeInUp animated animated animated animated animated animated animated animated animated animated animated animated animated animated animated animated animated animated animated animated animated animated animated animated animated\">\n<div>\n<h3><span style=\"color: #333399;\">DESCRIPCI\u00d3N DEL PRODUCTO:<\/span><\/h3>\n<\/div>\n<p>La impresora de inyecci\u00f3n de tinta de caracteres peque\u00f1os de la serie B puede lograr la m\u00e1xima impresi\u00f3n de 32 puntos, funciona con una pantalla t\u00e1ctil en color de 10,1 pulgadas, interfaz de usuario en chino, ingl\u00e9s, \u00e1rabe, ruso, tailand\u00e9s e italiano; sistemas el\u00e9ctricos, sistemas de tinta, cabezal de impresi\u00f3n, boquillas de dise\u00f1o innovador, la impresora de inyecci\u00f3n de tinta para lograr una mayor estabilidad.<\/p>\n<h3><span style=\"color: #333399;\">ESPECIFICACIONES T\u00c9CNICAS:<\/span><\/h3>\n<\/div>\n<\/div>\n<\/div>\n<\/div>\n<\/div>\n<\/div>\n<\/div>\n<ul>\n<li>1-5 l\u00edneas de impresi\u00f3n, la funci\u00f3n de desplazamiento punto por punto, para lograr cualquier edici\u00f3n, satisfacer mejor las necesidades de edici\u00f3n del cliente.<\/li>\n<li>5&#215;5 impresi\u00f3n matricial de puntos, la velocidad de hasta 345 m \/ min.<\/li>\n<li>Incorporado m\u00e1s de seis mil caracteres chinos, Pinyin entrada directamente.<\/li>\n<li>Cuento autom\u00e1tico y anidamiento de conteo.<\/li>\n<li>La fecha y la hora se actualiza autom\u00e1ticamente la impresi\u00f3n; continua, n\u00famero de serie, el n\u00famero de veces para repetir la impresi\u00f3n, la impresi\u00f3n por turnos.<\/li>\n<li>5 \u00d7 5,5 \u00d7 7,7 \u00d7 9,12 \u00d7 16,18 \u00d7 24,12 \u00d7 12,16 \u00d7 16, 16 \u00d7 32 de impresi\u00f3n;<\/li>\n<\/ul>\n<h3><span style=\"color: #333399;\">Especificaciones:<\/span><\/h3>\n<table width=\"586\">\n<tbody>\n<tr>\n<td width=\"95\">Interfaz de funcionamiento:<\/td>\n<td width=\"161\">Pantalla t\u00e1ctil en color de 13&#8243;<\/td>\n<td width=\"19\"><\/td>\n<td width=\"85\">Pantalla:<\/td>\n<td width=\"227\">Pantalla de alta resoluci\u00f3n e interfaz de usuario de dise\u00f1o propio<\/td>\n<\/tr>\n<tr>\n<td width=\"95\">L\u00edneas de impresi\u00f3n:<\/td>\n<td width=\"161\">1-5 l\u00edneas<\/td>\n<td width=\"19\"><\/td>\n<td width=\"85\">Tipo de fuente:<\/td>\n<td width=\"227\">5*5, 5*7, 7*9, 12*16, 18*24, 12*12, 16*16, 16*32<\/td>\n<\/tr>\n<tr>\n<td width=\"95\">Velocidad de impresi\u00f3n:<\/td>\n<td width=\"161\">Fuentes de 5*5 puntos, velocidad de hasta 345m\/min<\/td>\n<td width=\"19\"><\/td>\n<td width=\"85\">Funci\u00f3n del software:<\/td>\n<td width=\"227\">Fecha y hora, n\u00famero de serie, impresi\u00f3n repetida, impresi\u00f3n por turnos<\/td>\n<\/tr>\n<tr>\n<td width=\"95\">Sistema de boquillas:<\/td>\n<td width=\"161\">Limpieza autom\u00e1tica de boquillas, funcionamiento estable durante mucho tiempo<\/td>\n<td width=\"19\"><\/td>\n<td width=\"85\">Cabezal de impresi\u00f3n:<\/td>\n<td width=\"227\">Dise\u00f1o especial de la boquilla, impresi\u00f3n continua a alta velocidad<\/td>\n<\/tr>\n<tr>\n<td width=\"95\">Sistema de tinta:<\/td>\n<td width=\"161\">Simple sistema de tinta inteligente, funcionamiento estable<\/td>\n<td width=\"19\"><\/td>\n<td width=\"85\">Sistema electr\u00f3nico:<\/td>\n<td width=\"227\">Placa base integrada, bajo fallo el\u00e9ctrico<\/td>\n<\/tr>\n<tr>\n<td width=\"95\">Modo de impresi\u00f3n:<\/td>\n<td width=\"161\">Impresi\u00f3n con sensor, impresi\u00f3n continua<\/td>\n<td width=\"19\"><\/td>\n<td width=\"85\">Sistema de software:<\/td>\n<td width=\"227\">Sistema operativo R&amp;D independiente, reduciendo la inestabilidad<\/td>\n<\/tr>\n<\/tbody>\n<\/table>\n<h3><span style=\"color: #333399;\">Im\u00e1genes de aplicaci\u00f3n:<\/span><\/h3>\n<p>&nbsp;<\/p>\n<p><img loading=\"lazy\" decoding=\"async\" class=\"alignnone wp-image-1517 size-large\" src=\"https:\/\/www.cycjetes.com\/wp-content\/uploads\/2022\/11\/CIJ-1024x458.jpg\" alt=\"\" width=\"1020\" height=\"456\" srcset=\"https:\/\/www.cycjetes.com\/wp-content\/uploads\/2022\/11\/CIJ-1024x458.jpg 1024w, https:\/\/www.cycjetes.com\/wp-content\/uploads\/2022\/11\/CIJ-300x134.jpg 300w, https:\/\/www.cycjetes.com\/wp-content\/uploads\/2022\/11\/CIJ-768x343.jpg 768w, https:\/\/www.cycjetes.com\/wp-content\/uploads\/2022\/11\/CIJ-1536x686.jpg 1536w, https:\/\/www.cycjetes.com\/wp-content\/uploads\/2022\/11\/CIJ-600x268.jpg 600w, https:\/\/www.cycjetes.com\/wp-content\/uploads\/2022\/11\/CIJ.jpg 1835w\" sizes=\"auto, (max-width: 1020px) 100vw, 1020px\" \/><\/p>\n<p>&nbsp;<\/p>\n","protected":false},"excerpt":{"rendered":"<p>Model: B3020i<\/p>\n<p>Brand: CYCJET<\/p>\n<p>MOQ: 1Set<\/p>\n<p>Certification: CE. SGS, FDA<\/p>\n<p>Payment: L\/C, Cash, Western Union, T\/T, T\/T, PayPal<\/p>\n<p>Warranty: 1 year<\/p>\n","protected":false},"featured_media":1518,"comment_status":"open","ping_status":"closed","template":"","meta":[],"product_brand":[],"product_cat":[19,148],"product_tag":[],"class_list":{"0":"post-1516","1":"product","2":"type-product","3":"status-publish","4":"has-post-thumbnail","6":"product_cat-inkjet-coding-machines","7":"product_cat-industrial-inkjet-printer","9":"first","10":"instock","11":"shipping-taxable","12":"product-type-simple"},"yoast_head":"<!-- This site is optimized with the Yoast SEO plugin v25.2 - https:\/\/yoast.com\/wordpress\/plugins\/seo\/ -->\n<title>Impresora de inyecci\u00f3n de tinta CYCJET B3020i - CYCJET<\/title>\n<meta name=\"robots\" content=\"index, follow, max-snippet:-1, max-image-preview:large, max-video-preview:-1\" \/>\n<link rel=\"canonical\" href=\"https:\/\/www.cycjetes.com\/?product=cycjet-b3020i-inkjet-printer\" \/>\n<meta property=\"og:locale\" content=\"en_US\" \/>\n<meta property=\"og:type\" content=\"article\" \/>\n<meta property=\"og:title\" content=\"Impresora de inyecci\u00f3n de tinta CYCJET B3020i - CYCJET\" \/>\n<meta property=\"og:description\" content=\"Model: B3020i  Brand: CYCJET  MOQ: 1Set  Certification: CE. SGS, FDA  Payment: L\/C, Cash, Western Union, T\/T, T\/T, PayPal  Warranty: 1 year\" \/>\n<meta property=\"og:url\" content=\"https:\/\/www.cycjetes.com\/?product=cycjet-b3020i-inkjet-printer\" \/>\n<meta property=\"og:site_name\" content=\"CYCJET\" \/>\n<meta property=\"article:modified_time\" content=\"2025-06-05T13:02:21+00:00\" \/>\n<meta property=\"og:image\" content=\"https:\/\/www.cycjetes.com\/wp-content\/uploads\/2022\/11\/1-scaled.jpg\" \/>\n\t<meta property=\"og:image:width\" content=\"2560\" \/>\n\t<meta property=\"og:image:height\" content=\"2402\" \/>\n\t<meta property=\"og:image:type\" content=\"image\/jpeg\" \/>\n<meta name=\"twitter:card\" content=\"summary_large_image\" \/>\n<meta name=\"twitter:label1\" content=\"Est. reading time\" \/>\n\t<meta name=\"twitter:data1\" content=\"1 minute\" \/>\n<script type=\"application\/ld+json\" class=\"yoast-schema-graph\">{\"@context\":\"https:\/\/schema.org\",\"@graph\":[{\"@type\":\"WebPage\",\"@id\":\"https:\/\/www.cycjetes.com\/?product=cycjet-b3020i-inkjet-printer\",\"url\":\"https:\/\/www.cycjetes.com\/?product=cycjet-b3020i-inkjet-printer\",\"name\":\"Impresora de inyecci\u00f3n de tinta CYCJET B3020i - CYCJET\",\"isPartOf\":{\"@id\":\"https:\/\/www.cycjetes.com\/#website\"},\"primaryImageOfPage\":{\"@id\":\"https:\/\/www.cycjetes.com\/?product=cycjet-b3020i-inkjet-printer#primaryimage\"},\"image\":{\"@id\":\"https:\/\/www.cycjetes.com\/?product=cycjet-b3020i-inkjet-printer#primaryimage\"},\"thumbnailUrl\":\"https:\/\/www.cycjetes.com\/wp-content\/uploads\/2022\/11\/1-scaled.jpg\",\"datePublished\":\"2022-11-16T13:31:10+00:00\",\"dateModified\":\"2025-06-05T13:02:21+00:00\",\"breadcrumb\":{\"@id\":\"https:\/\/www.cycjetes.com\/?product=cycjet-b3020i-inkjet-printer#breadcrumb\"},\"inLanguage\":\"en-US\",\"potentialAction\":[{\"@type\":\"ReadAction\",\"target\":[\"https:\/\/www.cycjetes.com\/?product=cycjet-b3020i-inkjet-printer\"]}]},{\"@type\":\"ImageObject\",\"inLanguage\":\"en-US\",\"@id\":\"https:\/\/www.cycjetes.com\/?product=cycjet-b3020i-inkjet-printer#primaryimage\",\"url\":\"https:\/\/www.cycjetes.com\/wp-content\/uploads\/2022\/11\/1-scaled.jpg\",\"contentUrl\":\"https:\/\/www.cycjetes.com\/wp-content\/uploads\/2022\/11\/1-scaled.jpg\",\"width\":2560,\"height\":2402},{\"@type\":\"BreadcrumbList\",\"@id\":\"https:\/\/www.cycjetes.com\/?product=cycjet-b3020i-inkjet-printer#breadcrumb\",\"itemListElement\":[{\"@type\":\"ListItem\",\"position\":1,\"name\":\"Home\",\"item\":\"https:\/\/www.cycjetes.com\/\"},{\"@type\":\"ListItem\",\"position\":2,\"name\":\"Products\",\"item\":\"https:\/\/www.cycjetes.com\/?page_id=7\"},{\"@type\":\"ListItem\",\"position\":3,\"name\":\"Impresora de inyecci\u00f3n de tinta CYCJET B3020i\"}]},{\"@type\":\"WebSite\",\"@id\":\"https:\/\/www.cycjetes.com\/#website\",\"url\":\"https:\/\/www.cycjetes.com\/\",\"name\":\"CYCJET\",\"description\":\"\",\"potentialAction\":[{\"@type\":\"SearchAction\",\"target\":{\"@type\":\"EntryPoint\",\"urlTemplate\":\"https:\/\/www.cycjetes.com\/?s={search_term_string}\"},\"query-input\":{\"@type\":\"PropertyValueSpecification\",\"valueRequired\":true,\"valueName\":\"search_term_string\"}}],\"inLanguage\":\"en-US\"}]}<\/script>\n<!-- \/ Yoast SEO plugin. -->","yoast_head_json":{"title":"Impresora de inyecci\u00f3n de tinta CYCJET B3020i - CYCJET","robots":{"index":"index","follow":"follow","max-snippet":"max-snippet:-1","max-image-preview":"max-image-preview:large","max-video-preview":"max-video-preview:-1"},"canonical":"https:\/\/www.cycjetes.com\/?product=cycjet-b3020i-inkjet-printer","og_locale":"en_US","og_type":"article","og_title":"Impresora de inyecci\u00f3n de tinta CYCJET B3020i - CYCJET","og_description":"Model: B3020i  Brand: CYCJET  MOQ: 1Set  Certification: CE. SGS, FDA  Payment: L\/C, Cash, Western Union, T\/T, T\/T, PayPal  Warranty: 1 year","og_url":"https:\/\/www.cycjetes.com\/?product=cycjet-b3020i-inkjet-printer","og_site_name":"CYCJET","article_modified_time":"2025-06-05T13:02:21+00:00","og_image":[{"width":2560,"height":2402,"url":"https:\/\/www.cycjetes.com\/wp-content\/uploads\/2022\/11\/1-scaled.jpg","type":"image\/jpeg"}],"twitter_card":"summary_large_image","twitter_misc":{"Est. reading time":"1 minute"},"schema":{"@context":"https:\/\/schema.org","@graph":[{"@type":"WebPage","@id":"https:\/\/www.cycjetes.com\/?product=cycjet-b3020i-inkjet-printer","url":"https:\/\/www.cycjetes.com\/?product=cycjet-b3020i-inkjet-printer","name":"Impresora de inyecci\u00f3n de tinta CYCJET B3020i - CYCJET","isPartOf":{"@id":"https:\/\/www.cycjetes.com\/#website"},"primaryImageOfPage":{"@id":"https:\/\/www.cycjetes.com\/?product=cycjet-b3020i-inkjet-printer#primaryimage"},"image":{"@id":"https:\/\/www.cycjetes.com\/?product=cycjet-b3020i-inkjet-printer#primaryimage"},"thumbnailUrl":"https:\/\/www.cycjetes.com\/wp-content\/uploads\/2022\/11\/1-scaled.jpg","datePublished":"2022-11-16T13:31:10+00:00","dateModified":"2025-06-05T13:02:21+00:00","breadcrumb":{"@id":"https:\/\/www.cycjetes.com\/?product=cycjet-b3020i-inkjet-printer#breadcrumb"},"inLanguage":"en-US","potentialAction":[{"@type":"ReadAction","target":["https:\/\/www.cycjetes.com\/?product=cycjet-b3020i-inkjet-printer"]}]},{"@type":"ImageObject","inLanguage":"en-US","@id":"https:\/\/www.cycjetes.com\/?product=cycjet-b3020i-inkjet-printer#primaryimage","url":"https:\/\/www.cycjetes.com\/wp-content\/uploads\/2022\/11\/1-scaled.jpg","contentUrl":"https:\/\/www.cycjetes.com\/wp-content\/uploads\/2022\/11\/1-scaled.jpg","width":2560,"height":2402},{"@type":"BreadcrumbList","@id":"https:\/\/www.cycjetes.com\/?product=cycjet-b3020i-inkjet-printer#breadcrumb","itemListElement":[{"@type":"ListItem","position":1,"name":"Home","item":"https:\/\/www.cycjetes.com\/"},{"@type":"ListItem","position":2,"name":"Products","item":"https:\/\/www.cycjetes.com\/?page_id=7"},{"@type":"ListItem","position":3,"name":"Impresora de inyecci\u00f3n de tinta CYCJET B3020i"}]},{"@type":"WebSite","@id":"https:\/\/www.cycjetes.com\/#website","url":"https:\/\/www.cycjetes.com\/","name":"CYCJET","description":"","potentialAction":[{"@type":"SearchAction","target":{"@type":"EntryPoint","urlTemplate":"https:\/\/www.cycjetes.com\/?s={search_term_string}"},"query-input":{"@type":"PropertyValueSpecification","valueRequired":true,"valueName":"search_term_string"}}],"inLanguage":"en-US"}]}},"_links":{"self":[{"href":"https:\/\/www.cycjetes.com\/index.php?rest_route=\/wp\/v2\/product\/1516","targetHints":{"allow":["GET"]}}],"collection":[{"href":"https:\/\/www.cycjetes.com\/index.php?rest_route=\/wp\/v2\/product"}],"about":[{"href":"https:\/\/www.cycjetes.com\/index.php?rest_route=\/wp\/v2\/types\/product"}],"replies":[{"embeddable":true,"href":"https:\/\/www.cycjetes.com\/index.php?rest_route=%2Fwp%2Fv2%2Fcomments&post=1516"}],"wp:featuredmedia":[{"embeddable":true,"href":"https:\/\/www.cycjetes.com\/index.php?rest_route=\/wp\/v2\/media\/1518"}],"wp:attachment":[{"href":"https:\/\/www.cycjetes.com\/index.php?rest_route=%2Fwp%2Fv2%2Fmedia&parent=1516"}],"wp:term":[{"taxonomy":"product_brand","embeddable":true,"href":"https:\/\/www.cycjetes.com\/index.php?rest_route=%2Fwp%2Fv2%2Fproduct_brand&post=1516"},{"taxonomy":"product_cat","embeddable":true,"href":"https:\/\/www.cycjetes.com\/index.php?rest_route=%2Fwp%2Fv2%2Fproduct_cat&post=1516"},{"taxonomy":"product_tag","embeddable":true,"href":"https:\/\/www.cycjetes.com\/index.php?rest_route=%2Fwp%2Fv2%2Fproduct_tag&post=1516"}],"curies":[{"name":"wp","href":"https:\/\/api.w.org\/{rel}","templated":true}]}}