{"id":151,"date":"2021-08-11T03:30:53","date_gmt":"2021-08-11T03:30:53","guid":{"rendered":"https:\/\/spcycjet.tradeoptimize-clients.com\/?post_type=product&#038;p=151"},"modified":"2026-01-22T07:31:47","modified_gmt":"2026-01-22T07:31:47","slug":"cycjet-alt360-portable-handheld-inkjet-printer","status":"publish","type":"product","link":"https:\/\/www.cycjetes.com\/?product=cycjet-alt360-portable-handheld-inkjet-printer","title":{"rendered":"Impresora port\u00e1til de inyecci\u00f3n de tinta CYCJET ALT360"},"content":{"rendered":"\t<section class=\"section\" id=\"section_1822627508\">\n\t\t<div class=\"bg section-bg fill bg-fill  bg-loaded\" >\n\n\t\t\t\n\t\t\t\n\t\t\t\n\n\t\t<\/div>\n\n\t\t<div class=\"section-content relative\">\n\t\t\t\n<div class=\"row\"  id=\"row-1325184675\">\n\n\t<div id=\"col-793866291\" class=\"col medium-5 small-12 large-5\"  >\n\t\t<div class=\"col-inner\"  >\n\t\t\t\n\t\t\t\n<ul>\n<li>La impresora de inyecci\u00f3n de tinta port\u00e1til CYCJET ALT360 adopta cabezal de impresi\u00f3n original de alta resoluci\u00f3n del Reino Unido, que ofrece alto rendimiento y calidad de impresi\u00f3n clara.<\/li>\n<li>Este modelo puede imprimir caracteres con tama\u00f1o de fuente de 1 a 18 mm. Dentro de una altura de impresi\u00f3n de 18 mm, puede imprimir m\u00faltiples l\u00edneas, como tres, cuatro, cinco o incluso diez l\u00edneas.<\/li>\n<li>Cuenta con pantalla t\u00e1ctil a color, con la cual puedes ingresar la informaci\u00f3n a imprimir directamente, sin necesidad de conectar con PC.<\/li>\n<li>La m\u00e1quina puede imprimir entre fuente de matriz de puntos y caracteres en negrita disponibles para impresi\u00f3n.<\/li>\n<\/ul>\n\t\t<\/div>\n\t\t\t<\/div>\n\n\t\n\n\t<div id=\"col-1797143950\" class=\"col medium-7 small-12 large-7\"  >\n\t\t<div class=\"col-inner\"  >\n\t\t\t\n\t\t\t\n\t<div class=\"img has-hover x md-x lg-x y md-y lg-y\" id=\"image_1996931875\">\n\t\t\t\t\t\t\t\t<div class=\"img-inner dark\" >\n\t\t\t<img loading=\"lazy\" decoding=\"async\" width=\"789\" height=\"593\" src=\"https:\/\/www.cycjetes.com\/wp-content\/uploads\/2021\/09\/ICM-HIP-03.webp\" class=\"attachment-large size-large\" alt=\"\" srcset=\"https:\/\/www.cycjetes.com\/wp-content\/uploads\/2021\/09\/ICM-HIP-03.webp 789w, https:\/\/www.cycjetes.com\/wp-content\/uploads\/2021\/09\/ICM-HIP-03-300x225.webp 300w, https:\/\/www.cycjetes.com\/wp-content\/uploads\/2021\/09\/ICM-HIP-03-768x577.webp 768w, https:\/\/www.cycjetes.com\/wp-content\/uploads\/2021\/09\/ICM-HIP-03-600x451.webp 600w\" sizes=\"auto, (max-width: 789px) 100vw, 789px\" \/>\t\t\t\t\t\t\n\t\t\t\t\t<\/div>\n\t\t\t\t\t\t\t\t\n<style>\n#image_1996931875 {\n  width: 100%;\n}\n<\/style>\n\t<\/div>\n\t\n\t\t<\/div>\n\t\t\t<\/div>\n\n\t\n<\/div>\n\t\t<\/div>\n\n\t\t\n<style>\n#section_1822627508 {\n  padding-top: 30px;\n  padding-bottom: 30px;\n}\n<\/style>\n\t<\/section>\n\t\n<div class=\"row\"  id=\"row-2017545937\">\n\n\t<div id=\"col-549886783\" class=\"col small-12 large-12\"  >\n\t\t<div class=\"col-inner\"  >\n\t\t\t\n\t\t\t\n<div class=\"container section-title-container\" ><h2 class=\"section-title section-title-center\"><b><\/b><span class=\"section-title-main\" style=\"color:rgb(14, 24, 184);\">APLICACI\u00d3N<\/span><b><\/b><\/h2><\/div>\n\t\t<\/div>\n\t\t\t<\/div>\n\n\t\n\n\t<div id=\"col-372565496\" class=\"col medium-4 small-12 large-4\"  >\n\t\t<div class=\"col-inner\"  >\n\t\t\t\n\t<div class=\"is-border\"\n\t\tstyle=\"border-color:rgb(255, 195, 0);border-radius:50px;border-width:2 2px 2px 2px;\">\n\t<\/div>\n\t\t\t\n\t<div class=\"box has-hover   has-hover box-text-bottom\" >\n\n\t\t<div class=\"box-image\" >\n\t\t\t\t\t\t<div class=\"\" >\n\t\t\t\t<img loading=\"lazy\" decoding=\"async\" width=\"750\" height=\"556\" src=\"https:\/\/www.cycjetes.com\/wp-content\/uploads\/2021\/09\/ICM-HIP-03-app-1.webp\" class=\"attachment- size-\" alt=\"\" srcset=\"https:\/\/www.cycjetes.com\/wp-content\/uploads\/2021\/09\/ICM-HIP-03-app-1.webp 750w, https:\/\/www.cycjetes.com\/wp-content\/uploads\/2021\/09\/ICM-HIP-03-app-1-300x222.webp 300w, https:\/\/www.cycjetes.com\/wp-content\/uploads\/2021\/09\/ICM-HIP-03-app-1-600x445.webp 600w\" sizes=\"auto, (max-width: 750px) 100vw, 750px\" \/>\t\t\t\t\t\t\t\t\t\t\t<\/div>\n\t\t\t\t\t<\/div>\n\n\t\t<div class=\"box-text text-center\" >\n\t\t\t<div class=\"box-text-inner\">\n\t\t\t\t\n<h4><span style=\"color: #333399;\">Bolsa tejida<\/span><\/h4>\n<p>Actualmente, seg\u00fan necesidad. Los clientes necesitan imprimir el nombre del producto, n\u00famero de lote y fecha en bolsas pl\u00e1sticas. Al principio, usaban una etiqueta de papel en cada bolsa. Sin embargo, el problema es que las bolsas quedan completamente cubiertas despu\u00e9s de rellenarlas y es dif\u00edcil pegar la etiqueta, adem\u00e1s de que colocarla consume tiempo. Usar la impresora de inyecci\u00f3n de tinta para imprimir directamente en la bolsa es m\u00e1s r\u00e1pido y econ\u00f3mico.<\/p>\n\t\t\t<\/div>\n\t\t<\/div>\n\t<\/div>\n\t\n\t\t<\/div>\n\t\t\t<\/div>\n\n\t\n\n\t<div id=\"col-1451321890\" class=\"col medium-4 small-12 large-4\"  >\n\t\t<div class=\"col-inner\"  >\n\t\t\t\n\t<div class=\"is-border\"\n\t\tstyle=\"border-color:rgb(255, 195, 0);border-radius:50px;border-width:2 2px 2px 2px;\">\n\t<\/div>\n\t\t\t\n\t<div class=\"box has-hover   has-hover box-text-bottom\" >\n\n\t\t<div class=\"box-image\" >\n\t\t\t\t\t\t<div class=\"\" >\n\t\t\t\t<img loading=\"lazy\" decoding=\"async\" width=\"750\" height=\"556\" src=\"https:\/\/www.cycjetes.com\/wp-content\/uploads\/2021\/09\/ICM-HIP-03-app-2.webp\" class=\"attachment- size-\" alt=\"\" srcset=\"https:\/\/www.cycjetes.com\/wp-content\/uploads\/2021\/09\/ICM-HIP-03-app-2.webp 750w, https:\/\/www.cycjetes.com\/wp-content\/uploads\/2021\/09\/ICM-HIP-03-app-2-300x222.webp 300w, https:\/\/www.cycjetes.com\/wp-content\/uploads\/2021\/09\/ICM-HIP-03-app-2-600x445.webp 600w\" sizes=\"auto, (max-width: 750px) 100vw, 750px\" \/>\t\t\t\t\t\t\t\t\t\t\t<\/div>\n\t\t\t\t\t<\/div>\n\n\t\t<div class=\"box-text text-center\" >\n\t\t\t<div class=\"box-text-inner\">\n\t\t\t\t\n<h4><span style=\"color: #333399;\">Cart\u00f3n corrugado<\/span><\/h4>\n<p>La impresora port\u00e1til de inyecci\u00f3n de tinta ALT360 para cart\u00f3n tambi\u00e9n es llamada impresora port\u00e1til. Se puede llevar f\u00e1cilmente, es ligera y f\u00e1cil de operar. Las impresoras port\u00e1tiles para cart\u00f3n se usan ampliamente en talleres, almacenes, log\u00edstica y patios de carga, oficinas, etc.<\/p>\n\t\t\t<\/div>\n\t\t<\/div>\n\t<\/div>\n\t\n\t\t<\/div>\n\t\t\t<\/div>\n\n\t\n\n\t<div id=\"col-1458345886\" class=\"col medium-4 small-12 large-4\"  >\n\t\t<div class=\"col-inner\"  >\n\t\t\t\n\t<div class=\"is-border\"\n\t\tstyle=\"border-color:rgb(255, 195, 0);border-radius:50px;border-width:2 2px 2px 2px;\">\n\t<\/div>\n\t\t\t\n\t<div class=\"box has-hover   has-hover box-text-bottom\" >\n\n\t\t<div class=\"box-image\" >\n\t\t\t\t\t\t<div class=\"\" >\n\t\t\t\t<img loading=\"lazy\" decoding=\"async\" width=\"800\" height=\"595\" src=\"https:\/\/www.cycjetes.com\/wp-content\/uploads\/2021\/09\/ICM-HIP-03-app-3.webp\" class=\"attachment- size-\" alt=\"\" srcset=\"https:\/\/www.cycjetes.com\/wp-content\/uploads\/2021\/09\/ICM-HIP-03-app-3.webp 800w, https:\/\/www.cycjetes.com\/wp-content\/uploads\/2021\/09\/ICM-HIP-03-app-3-300x223.webp 300w, https:\/\/www.cycjetes.com\/wp-content\/uploads\/2021\/09\/ICM-HIP-03-app-3-768x571.webp 768w, https:\/\/www.cycjetes.com\/wp-content\/uploads\/2021\/09\/ICM-HIP-03-app-3-600x446.webp 600w\" sizes=\"auto, (max-width: 800px) 100vw, 800px\" \/>\t\t\t\t\t\t\t\t\t\t\t<\/div>\n\t\t\t\t\t<\/div>\n\n\t\t<div class=\"box-text text-center\" >\n\t\t\t<div class=\"box-text-inner\">\n\t\t\t\t\n<h4><span style=\"color: #333399;\">Tubo\/Tuber\u00eda de acero<\/span><\/h4>\n<p>El dise\u00f1o con rodillos &#8220;V&#8221; del CYCJET ALT360 es especial para impresi\u00f3n en diferentes tama\u00f1os de tuber\u00edas. Su dise\u00f1o industrial puede soportar ambientes de trabajo adversos. La m\u00e1quina es de tama\u00f1o peque\u00f1o y peso ligero, adecuada para trabajo prolongado.<\/p>\n\t\t\t<\/div>\n\t\t<\/div>\n\t<\/div>\n\t\n\t\t<\/div>\n\t\t\t<\/div>\n\n\t\n<\/div>\n<div class=\"row\"  id=\"row-328984846\">\n\n\t<div id=\"col-823547412\" class=\"col small-12 large-12\"  >\n\t\t<div class=\"col-inner\"  >\n\t\t\t\n\t\t\t\n<div class=\"container section-title-container\" ><h2 class=\"section-title section-title-center\"><b><\/b><span class=\"section-title-main\" style=\"color:rgb(14, 24, 184);\">Especificaciones T\u00e9cnicas<\/span><b><\/b><\/h2><\/div>\n\t\t<\/div>\n\t\t\t<\/div>\n\n\t\n\n\t<div id=\"col-81990074\" class=\"col small-12 large-12\"  >\n\t\t<div class=\"col-inner\"  >\n\t\t\t\n\t\t\t\n<div class=\"tem378-irregular noScrollMove bgFixed clearBg\">\n<div id=\"ueditor_1570853873255\" class=\"noScrollMove\">\n<div class=\"container\">\n<div class=\"table-responsive\">\n<table class=\"table table-bordered table-hover\">\n<tbody>\n<tr class=\"firstRow\">\n<td valign=\"center\" width=\"92\">Tipo<\/td>\n<td valign=\"center\" width=\"469\">Alta resoluci\u00f3n \/ Piezo \/ Impresora de chorro de tinta manual peque\u00f1a<\/td>\n<\/tr>\n<tr>\n<td valign=\"center\" width=\"92\">Altura de impresi\u00f3n<\/td>\n<td valign=\"center\" width=\"469\">1-18 mm<\/td>\n<\/tr>\n<tr>\n<td valign=\"center\" width=\"92\">Espaciado de impresi\u00f3n<\/td>\n<td valign=\"center\" width=\"469\">8 mm-10 mm, sujeto al contenido y tipo de tinta<\/td>\n<\/tr>\n<tr>\n<td valign=\"center\" width=\"92\">L\u00edneas de impresi\u00f3n<\/td>\n<td valign=\"center\" width=\"469\">L\u00edneas ilimitadas dentro de la altura m\u00e1xima de 18 mm.<\/td>\n<\/tr>\n<tr>\n<td valign=\"center\" width=\"92\">Longitud de impresi\u00f3n<\/td>\n<td valign=\"center\" width=\"469\">Longitud m\u00e1xima de archivo individual 90 mm<\/td>\n<\/tr>\n<tr>\n<td valign=\"center\" width=\"92\">Velocidad de impresi\u00f3n<\/td>\n<td valign=\"center\" width=\"469\">Control manual<\/td>\n<\/tr>\n<tr>\n<td valign=\"center\" width=\"92\">Resoluci\u00f3n de impresi\u00f3n<\/td>\n<td valign=\"center\" width=\"469\">Resoluci\u00f3n de altura 185 DPI; Resoluci\u00f3n en direcci\u00f3n transversal ajustable entre 100-600 DPI<\/td>\n<\/tr>\n<tr>\n<td valign=\"center\" width=\"92\">Fuentes de impresi\u00f3n<\/td>\n<td valign=\"center\" width=\"469\">Fuentes incorporadas variadas, barras horizontales, barras verticales, matriz de puntos, negrita se pueden cambiar libremente.<\/td>\n<\/tr>\n<tr>\n<td valign=\"center\" width=\"92\">Contenido de impresi\u00f3n<\/td>\n<td valign=\"center\" width=\"469\">Fecha real, hora real, foto, letras, grupo de turnos, n\u00famero de serie, n\u00famero de lote, c\u00f3digo de barras y c\u00f3digo 2D pueden imprimirse libremente.<\/td>\n<\/tr>\n<tr>\n<td valign=\"center\" width=\"92\">Direcci\u00f3n de impresi\u00f3n<\/td>\n<td valign=\"center\" width=\"469\">Impresi\u00f3n lateral (opcional hacia arriba o hacia abajo)<\/td>\n<\/tr>\n<tr>\n<td valign=\"center\" width=\"92\">Biblioteca de fuentes<\/td>\n<td valign=\"center\" width=\"469\">Bibliotecas est\u00e1ndar de fuentes en chino e ingl\u00e9s; fuentes en espa\u00f1ol, portugu\u00e9s y \u00e1rabe opcionales.<\/td>\n<\/tr>\n<tr>\n<td valign=\"center\" width=\"92\">Interfaz de operador<\/td>\n<td valign=\"center\" width=\"469\">Estilo imagen &amp; men\u00fa en chino o ingl\u00e9s (espa\u00f1ol, portugu\u00e9s, \u00e1rabe). Lo que ves es lo que obtienes.<\/td>\n<\/tr>\n<tr>\n<td valign=\"center\" width=\"92\">Funci\u00f3n de memoria<\/td>\n<td valign=\"center\" width=\"469\">Puede almacenar m\u00e1s de 1000 textos<\/td>\n<\/tr>\n<tr>\n<td valign=\"center\" width=\"92\">Pantalla<\/td>\n<td valign=\"center\" width=\"469\">Pantalla t\u00e1ctil a color de 3.5 pulgadas<\/td>\n<\/tr>\n<tr>\n<td valign=\"center\" width=\"92\">Tipo de tinta<\/td>\n<td valign=\"center\" width=\"469\">Tinta original del Reino Unido. Hay tinta a base de solvente (requiere mantenimiento regular); tinta invisible (requiere mantenimiento); tinta a base de aceite (sin mantenimiento).<\/td>\n<\/tr>\n<tr>\n<td valign=\"center\" width=\"92\"><\/td>\n<td valign=\"center\" width=\"469\">Puede imprimir en superficies de pl\u00e1stico, vidrio, metal, papel, madera&#8230;<\/td>\n<\/tr>\n<tr>\n<td valign=\"center\" width=\"92\">Color de tinta<\/td>\n<td valign=\"center\" width=\"469\">Negro, rojo, amarillo, azul, verde, blanco, etc.<\/td>\n<\/tr>\n<tr>\n<td valign=\"center\" width=\"92\">Cada cartucho de tinta<\/td>\n<td valign=\"center\" width=\"469\">Cada cartucho puede imprimir 1.25 mil millones de puntos de tinta, en producci\u00f3n eficiente:<\/td>\n<\/tr>\n<tr>\n<td valign=\"center\" width=\"92\"><\/td>\n<td valign=\"center\" width=\"469\">* Cada cartucho puede imprimir 1.2 millones de tapas de botellas o cajas de medicina con fuente de matriz de puntos peque\u00f1a de 2 l\u00edneas, tama\u00f1o de texto 1*1.7 cm\u00b2, costo por producto RMB0.0005 Yuan;<\/td>\n<\/tr>\n<tr>\n<td valign=\"center\" width=\"92\"><\/td>\n<td valign=\"center\" width=\"469\">* Cada cartucho puede imprimir 120 mil cajas grandes con fuente de matriz de puntos grande, tama\u00f1o de texto 1.75*10 cm\u00b2, costo por caja RMB0.005 Yuan;<\/td>\n<\/tr>\n<tr>\n<td valign=\"center\" width=\"92\"><\/td>\n<td valign=\"center\" width=\"469\">* Cada cartucho puede imprimir 60,000 cajas grandes con fuente en negrita, tama\u00f1o de texto 1.75*10 cm\u00b2, costo por caja RMB0.01 Yuan;<\/td>\n<\/tr>\n<tr>\n<td valign=\"center\" width=\"92\">Peso y dimensiones de la m\u00e1quina<\/td>\n<td valign=\"center\" width=\"469\">1.1 KG<\/td>\n<\/tr>\n<tr>\n<td valign=\"center\" width=\"92\"><\/td>\n<td valign=\"center\" width=\"469\">315*216*255 mm<\/td>\n<\/tr>\n<tr>\n<td valign=\"center\" width=\"92\">Voltaje<\/td>\n<td valign=\"center\" width=\"469\">110&#8211;220V, 50\/60 Hz<\/td>\n<\/tr>\n<tr>\n<td valign=\"center\" width=\"92\">Rango de humedad<\/td>\n<td valign=\"center\" width=\"469\">10-90% sin condensaci\u00f3n<\/td>\n<\/tr>\n<tr>\n<td valign=\"center\" width=\"92\">Rango de temperatura<\/td>\n<td valign=\"center\" width=\"469\">5-40\u00b0C<\/td>\n<\/tr>\n<tr>\n<td valign=\"center\" width=\"92\">Interfaz externa<\/td>\n<td valign=\"center\" width=\"469\">Interfaz USB, sensor (opcional), sincronizador (opcional).<\/td>\n<\/tr>\n<tr>\n<td valign=\"center\" width=\"92\">Otros<\/td>\n<td valign=\"center\" width=\"469\">No requiere conexi\u00f3n a aire comprimido externo ni uso de diluyente (solvente)<\/td>\n<\/tr>\n<\/tbody>\n<\/table>\n<\/div>\n<\/div>\n<\/div>\n<\/div>\n\t\t<\/div>\n\t\t\t<\/div>\n\n\t\n<\/div>\n<\/section>\n<\/div>\n<\/div>\n<\/div>\n<\/div>\n<\/div>\n<\/div>\n<\/div>\n<\/div>\n","protected":false},"excerpt":{"rendered":"<table style=\"font-size: 14. 4px;\">\n<tbody>\n<tr>\n<td width=\"176\"><strong>Modelo:<\/strong><\/td>\n<td width=\"182\">ALT360<\/td>\n<\/tr>\n<tr>\n<td width=\"176\"><strong>Marca: <\/strong><\/td>\n<td width=\"182\">CYCJET<\/td>\n<\/tr>\n<tr>\n<td width=\"176\"><strong>MOQ<\/strong>:<\/td>\n<td width=\"182\">1 Set<\/td>\n<\/tr>\n<tr>\n<td width=\"176\"><strong>Certificaci\u00f3n: <\/strong><\/td>\n<td width=\"182\">CE, SGS, FDA<\/td>\n<\/tr>\n<tr>\n<td width=\"176\"><strong>Pago:<\/strong><\/td>\n<td width=\"182\">L\/C,Efectivo,Western Union,T\/T, Paypal<\/td>\n<\/tr>\n<tr>\n<td width=\"176\"><strong>Garant\u00eda:<\/strong><\/td>\n<td width=\"182\">1 A\u00f1o<\/td>\n<\/tr>\n<\/tbody>\n<\/table>\n","protected":false},"featured_media":472,"comment_status":"closed","ping_status":"closed","template":"","meta":[],"product_brand":[],"product_cat":[19,21],"product_tag":[],"class_list":{"0":"post-151","1":"product","2":"type-product","3":"status-publish","4":"has-post-thumbnail","6":"product_cat-inkjet-coding-machines","7":"product_cat-handheld-inkjet-printer","9":"first","10":"instock","11":"shipping-taxable","12":"product-type-simple"},"yoast_head":"<!-- This site is optimized with the Yoast SEO plugin v25.2 - https:\/\/yoast.com\/wordpress\/plugins\/seo\/ -->\n<title>Impresora port\u00e1til de inyecci\u00f3n de tinta CYCJET ALT360 - CYCJET<\/title>\n<meta name=\"robots\" content=\"index, follow, max-snippet:-1, max-image-preview:large, max-video-preview:-1\" \/>\n<link rel=\"canonical\" href=\"https:\/\/www.cycjetes.com\/?product=cycjet-alt360-portable-handheld-inkjet-printer\" \/>\n<meta property=\"og:locale\" content=\"en_US\" \/>\n<meta property=\"og:type\" content=\"article\" \/>\n<meta property=\"og:title\" content=\"Impresora port\u00e1til de inyecci\u00f3n de tinta CYCJET ALT360 - CYCJET\" \/>\n<meta property=\"og:description\" content=\"Modelo: ALT360   Marca:  CYCJET   MOQ: 1 Set   Certificaci\u00f3n:  CE, SGS, FDA   Pago: L\/C,Efectivo,Western Union,T\/T, Paypal   Garant\u00eda: 1 A\u00f1o\" \/>\n<meta property=\"og:url\" content=\"https:\/\/www.cycjetes.com\/?product=cycjet-alt360-portable-handheld-inkjet-printer\" \/>\n<meta property=\"og:site_name\" content=\"CYCJET\" \/>\n<meta property=\"article:modified_time\" content=\"2026-01-22T07:31:47+00:00\" \/>\n<meta property=\"og:image\" content=\"https:\/\/www.cycjetes.com\/wp-content\/uploads\/2021\/08\/15730020251464.jpg\" \/>\n\t<meta property=\"og:image:width\" content=\"750\" \/>\n\t<meta property=\"og:image:height\" content=\"750\" \/>\n\t<meta property=\"og:image:type\" content=\"image\/jpeg\" \/>\n<meta name=\"twitter:card\" content=\"summary_large_image\" \/>\n<meta name=\"twitter:label1\" content=\"Est. reading time\" \/>\n\t<meta name=\"twitter:data1\" content=\"4 minutes\" \/>\n<script type=\"application\/ld+json\" class=\"yoast-schema-graph\">{\"@context\":\"https:\/\/schema.org\",\"@graph\":[{\"@type\":\"WebPage\",\"@id\":\"https:\/\/www.cycjetes.com\/?product=cycjet-alt360-portable-handheld-inkjet-printer\",\"url\":\"https:\/\/www.cycjetes.com\/?product=cycjet-alt360-portable-handheld-inkjet-printer\",\"name\":\"Impresora port\u00e1til de inyecci\u00f3n de tinta CYCJET ALT360 - CYCJET\",\"isPartOf\":{\"@id\":\"https:\/\/www.cycjetes.com\/#website\"},\"primaryImageOfPage\":{\"@id\":\"https:\/\/www.cycjetes.com\/?product=cycjet-alt360-portable-handheld-inkjet-printer#primaryimage\"},\"image\":{\"@id\":\"https:\/\/www.cycjetes.com\/?product=cycjet-alt360-portable-handheld-inkjet-printer#primaryimage\"},\"thumbnailUrl\":\"https:\/\/www.cycjetes.com\/wp-content\/uploads\/2021\/08\/15730020251464.jpg\",\"datePublished\":\"2021-08-11T03:30:53+00:00\",\"dateModified\":\"2026-01-22T07:31:47+00:00\",\"breadcrumb\":{\"@id\":\"https:\/\/www.cycjetes.com\/?product=cycjet-alt360-portable-handheld-inkjet-printer#breadcrumb\"},\"inLanguage\":\"en-US\",\"potentialAction\":[{\"@type\":\"ReadAction\",\"target\":[\"https:\/\/www.cycjetes.com\/?product=cycjet-alt360-portable-handheld-inkjet-printer\"]}]},{\"@type\":\"ImageObject\",\"inLanguage\":\"en-US\",\"@id\":\"https:\/\/www.cycjetes.com\/?product=cycjet-alt360-portable-handheld-inkjet-printer#primaryimage\",\"url\":\"https:\/\/www.cycjetes.com\/wp-content\/uploads\/2021\/08\/15730020251464.jpg\",\"contentUrl\":\"https:\/\/www.cycjetes.com\/wp-content\/uploads\/2021\/08\/15730020251464.jpg\",\"width\":750,\"height\":750},{\"@type\":\"BreadcrumbList\",\"@id\":\"https:\/\/www.cycjetes.com\/?product=cycjet-alt360-portable-handheld-inkjet-printer#breadcrumb\",\"itemListElement\":[{\"@type\":\"ListItem\",\"position\":1,\"name\":\"Home\",\"item\":\"https:\/\/www.cycjetes.com\/\"},{\"@type\":\"ListItem\",\"position\":2,\"name\":\"Products\",\"item\":\"https:\/\/www.cycjetes.com\/?page_id=7\"},{\"@type\":\"ListItem\",\"position\":3,\"name\":\"Impresora port\u00e1til de inyecci\u00f3n de tinta CYCJET ALT360\"}]},{\"@type\":\"WebSite\",\"@id\":\"https:\/\/www.cycjetes.com\/#website\",\"url\":\"https:\/\/www.cycjetes.com\/\",\"name\":\"CYCJET\",\"description\":\"\",\"potentialAction\":[{\"@type\":\"SearchAction\",\"target\":{\"@type\":\"EntryPoint\",\"urlTemplate\":\"https:\/\/www.cycjetes.com\/?s={search_term_string}\"},\"query-input\":{\"@type\":\"PropertyValueSpecification\",\"valueRequired\":true,\"valueName\":\"search_term_string\"}}],\"inLanguage\":\"en-US\"}]}<\/script>\n<!-- \/ Yoast SEO plugin. -->","yoast_head_json":{"title":"Impresora port\u00e1til de inyecci\u00f3n de tinta CYCJET ALT360 - CYCJET","robots":{"index":"index","follow":"follow","max-snippet":"max-snippet:-1","max-image-preview":"max-image-preview:large","max-video-preview":"max-video-preview:-1"},"canonical":"https:\/\/www.cycjetes.com\/?product=cycjet-alt360-portable-handheld-inkjet-printer","og_locale":"en_US","og_type":"article","og_title":"Impresora port\u00e1til de inyecci\u00f3n de tinta CYCJET ALT360 - CYCJET","og_description":"Modelo: ALT360   Marca:  CYCJET   MOQ: 1 Set   Certificaci\u00f3n:  CE, SGS, FDA   Pago: L\/C,Efectivo,Western Union,T\/T, Paypal   Garant\u00eda: 1 A\u00f1o","og_url":"https:\/\/www.cycjetes.com\/?product=cycjet-alt360-portable-handheld-inkjet-printer","og_site_name":"CYCJET","article_modified_time":"2026-01-22T07:31:47+00:00","og_image":[{"width":750,"height":750,"url":"https:\/\/www.cycjetes.com\/wp-content\/uploads\/2021\/08\/15730020251464.jpg","type":"image\/jpeg"}],"twitter_card":"summary_large_image","twitter_misc":{"Est. reading time":"4 minutes"},"schema":{"@context":"https:\/\/schema.org","@graph":[{"@type":"WebPage","@id":"https:\/\/www.cycjetes.com\/?product=cycjet-alt360-portable-handheld-inkjet-printer","url":"https:\/\/www.cycjetes.com\/?product=cycjet-alt360-portable-handheld-inkjet-printer","name":"Impresora port\u00e1til de inyecci\u00f3n de tinta CYCJET ALT360 - CYCJET","isPartOf":{"@id":"https:\/\/www.cycjetes.com\/#website"},"primaryImageOfPage":{"@id":"https:\/\/www.cycjetes.com\/?product=cycjet-alt360-portable-handheld-inkjet-printer#primaryimage"},"image":{"@id":"https:\/\/www.cycjetes.com\/?product=cycjet-alt360-portable-handheld-inkjet-printer#primaryimage"},"thumbnailUrl":"https:\/\/www.cycjetes.com\/wp-content\/uploads\/2021\/08\/15730020251464.jpg","datePublished":"2021-08-11T03:30:53+00:00","dateModified":"2026-01-22T07:31:47+00:00","breadcrumb":{"@id":"https:\/\/www.cycjetes.com\/?product=cycjet-alt360-portable-handheld-inkjet-printer#breadcrumb"},"inLanguage":"en-US","potentialAction":[{"@type":"ReadAction","target":["https:\/\/www.cycjetes.com\/?product=cycjet-alt360-portable-handheld-inkjet-printer"]}]},{"@type":"ImageObject","inLanguage":"en-US","@id":"https:\/\/www.cycjetes.com\/?product=cycjet-alt360-portable-handheld-inkjet-printer#primaryimage","url":"https:\/\/www.cycjetes.com\/wp-content\/uploads\/2021\/08\/15730020251464.jpg","contentUrl":"https:\/\/www.cycjetes.com\/wp-content\/uploads\/2021\/08\/15730020251464.jpg","width":750,"height":750},{"@type":"BreadcrumbList","@id":"https:\/\/www.cycjetes.com\/?product=cycjet-alt360-portable-handheld-inkjet-printer#breadcrumb","itemListElement":[{"@type":"ListItem","position":1,"name":"Home","item":"https:\/\/www.cycjetes.com\/"},{"@type":"ListItem","position":2,"name":"Products","item":"https:\/\/www.cycjetes.com\/?page_id=7"},{"@type":"ListItem","position":3,"name":"Impresora port\u00e1til de inyecci\u00f3n de tinta CYCJET ALT360"}]},{"@type":"WebSite","@id":"https:\/\/www.cycjetes.com\/#website","url":"https:\/\/www.cycjetes.com\/","name":"CYCJET","description":"","potentialAction":[{"@type":"SearchAction","target":{"@type":"EntryPoint","urlTemplate":"https:\/\/www.cycjetes.com\/?s={search_term_string}"},"query-input":{"@type":"PropertyValueSpecification","valueRequired":true,"valueName":"search_term_string"}}],"inLanguage":"en-US"}]}},"_links":{"self":[{"href":"https:\/\/www.cycjetes.com\/index.php?rest_route=\/wp\/v2\/product\/151","targetHints":{"allow":["GET"]}}],"collection":[{"href":"https:\/\/www.cycjetes.com\/index.php?rest_route=\/wp\/v2\/product"}],"about":[{"href":"https:\/\/www.cycjetes.com\/index.php?rest_route=\/wp\/v2\/types\/product"}],"replies":[{"embeddable":true,"href":"https:\/\/www.cycjetes.com\/index.php?rest_route=%2Fwp%2Fv2%2Fcomments&post=151"}],"wp:featuredmedia":[{"embeddable":true,"href":"https:\/\/www.cycjetes.com\/index.php?rest_route=\/wp\/v2\/media\/472"}],"wp:attachment":[{"href":"https:\/\/www.cycjetes.com\/index.php?rest_route=%2Fwp%2Fv2%2Fmedia&parent=151"}],"wp:term":[{"taxonomy":"product_brand","embeddable":true,"href":"https:\/\/www.cycjetes.com\/index.php?rest_route=%2Fwp%2Fv2%2Fproduct_brand&post=151"},{"taxonomy":"product_cat","embeddable":true,"href":"https:\/\/www.cycjetes.com\/index.php?rest_route=%2Fwp%2Fv2%2Fproduct_cat&post=151"},{"taxonomy":"product_tag","embeddable":true,"href":"https:\/\/www.cycjetes.com\/index.php?rest_route=%2Fwp%2Fv2%2Fproduct_tag&post=151"}],"curies":[{"name":"wp","href":"https:\/\/api.w.org\/{rel}","templated":true}]}}