{"id":149,"date":"2021-08-11T03:19:53","date_gmt":"2021-08-11T03:19:53","guid":{"rendered":"https:\/\/spcycjet.tradeoptimize-clients.com\/?post_type=product&#038;p=149"},"modified":"2025-06-06T08:58:42","modified_gmt":"2025-06-06T08:58:42","slug":"cycjet-alt360pro-small-hand-held-printer","status":"publish","type":"product","link":"https:\/\/www.cycjetes.com\/?product=cycjet-alt360pro-small-hand-held-printer","title":{"rendered":"Peque\u00f1a impresora de mano CYCJET ALT360Pro"},"content":{"rendered":"<div class=\"row row-full-width\"  id=\"row-431592969\">\n\n\t<div id=\"col-1483805317\" class=\"col medium-6 small-12 large-6\"  data-animate=\"fadeInLeft\">\n\t\t<div class=\"col-inner\"  >\n\t\t\t\n\t\t\t\n<div class=\"tem378-irregular noScrollMove bgFixed clearBg\">\n<div class=\"content-right content-section noScrollMove tem44-irregular\">\n<div class=\"container\">\n<div class=\"row\">\n<div class=\"flexBoxStem irregular-item\">\n<div class=\"flexBoxFill col-lg-9 col-md-9 col-sm-9 col-xs-12 content-float\">\n<div>\n<div class=\"tem06-irregular-textwow animated fadeInUp animated animated animated animated animated animated animated animated animated animated animated animated animated animated animated animated animated animated animated animated animated animated animated animated animated animated animated animated animated animated animated animated animated animated animated animated animated animated animated\">\n<div class=\"h2 bg-color-after font-color-gray-level-3 title\">\n<section>\n<h3><span style=\"color: #333399; font-size: 100%;\"><strong>DESCRIPCI\u00d3N DEL PRODUCTO<\/strong><\/span><\/h3>\n<\/section>\n<\/div>\n<div class=\"text description\">\n<section>\n<ul>\n<li>El sistema de impresi\u00f3n manual CYCJET ALT360Pro adopta cabezal de impresi\u00f3n original de alta resoluci\u00f3n, que ofrece un rendimiento altamente estable y impresiones claras.<\/li>\n<li>Este modelo puede imprimir tama\u00f1os de fuente de 1 a 18 mm. Dentro de una altura de impresi\u00f3n de 18 mm, puede imprimir m\u00faltiples l\u00edneas como tres, cuatro, cinco o incluso diez l\u00edneas.<\/li>\n<li>Cuenta con pantalla t\u00e1ctil a color, con la cual puede ingresar la informaci\u00f3n de impresi\u00f3n directamente, sin necesidad de conectarse a una PC.<\/li>\n<\/ul>\n<\/section>\n<\/div>\n<\/div>\n<\/div>\n<\/div>\n<div class=\"clearfix\"><\/div>\n<\/div>\n<\/div>\n<\/div>\n<\/div>\n<\/div>\n<div class=\"titlebar tem01-title title-section noScrollMove full-screen-spacing\">\n<div class=\"container mobile-pdlr0 full-screen\">\n<div>\n<div class=\"tem01-title tem01-list-title tem00-list-title\">\n<div class=\"title-header wow animated fadeInUp animated animated animated animated animated animated animated animated animated animated\">\n<div class=\"title\" data-content=\"title\"><\/div>\n<\/div>\n<\/div>\n<\/div>\n<\/div>\n<\/div>\n\t\t<\/div>\n\t\t\t<\/div>\n\n\t\n\n\t<div id=\"col-1662513343\" class=\"col medium-6 small-12 large-6\"  data-animate=\"fadeInRight\">\n\t\t<div class=\"col-inner\"  >\n\t\t\t\n\t\t\t\n\t<div class=\"img has-hover x md-x lg-x y md-y lg-y\" id=\"image_428950316\">\n\t\t\t\t\t\t\t\t<div class=\"img-inner dark\" >\n\t\t\t<img loading=\"lazy\" decoding=\"async\" width=\"800\" height=\"800\" src=\"https:\/\/www.cycjetes.com\/wp-content\/uploads\/2021\/09\/ICM-HIP-01.webp\" class=\"attachment-large size-large\" alt=\"\" srcset=\"https:\/\/www.cycjetes.com\/wp-content\/uploads\/2021\/09\/ICM-HIP-01.webp 800w, https:\/\/www.cycjetes.com\/wp-content\/uploads\/2021\/09\/ICM-HIP-01-300x300.webp 300w, https:\/\/www.cycjetes.com\/wp-content\/uploads\/2021\/09\/ICM-HIP-01-150x150.webp 150w, https:\/\/www.cycjetes.com\/wp-content\/uploads\/2021\/09\/ICM-HIP-01-768x768.webp 768w, https:\/\/www.cycjetes.com\/wp-content\/uploads\/2021\/09\/ICM-HIP-01-600x600.webp 600w, https:\/\/www.cycjetes.com\/wp-content\/uploads\/2021\/09\/ICM-HIP-01-100x100.webp 100w\" sizes=\"auto, (max-width: 800px) 100vw, 800px\" \/>\t\t\t\t\t\t\n\t\t\t\t\t<\/div>\n\t\t\t\t\t\t\t\t\n<style>\n#image_428950316 {\n  width: 100%;\n}\n<\/style>\n\t<\/div>\n\t\n\t\t<\/div>\n\t\t\t<\/div>\n\n\t\n<\/div>\n<div class=\"row row-full-width\"  id=\"row-1222526213\">\n\n\t<div id=\"col-1296758022\" class=\"col small-12 large-12\"  >\n\t\t<div class=\"col-inner\"  >\n\t\t\t\n\t\t\t\n<div class=\"container section-title-container\" ><h2 class=\"section-title section-title-center\"><b><\/b><span class=\"section-title-main\" style=\"color:rgb(14, 24, 184);\">APLICACI\u00d3N<\/span><b><\/b><\/h2><\/div>\n\t\t<\/div>\n\t\t\t<\/div>\n\n\t\n\n\t<div id=\"col-736888681\" class=\"col medium-4 small-12 large-4\"  >\n\t\t<div class=\"col-inner\"  >\n\t\t\t\n\t<div class=\"is-border\"\n\t\tstyle=\"border-color:rgb(255, 195, 0);border-radius:50px;border-width:2px 2px 2px 2;\">\n\t<\/div>\n\t\t\t\n\t<div class=\"box has-hover   has-hover box-text-bottom\" >\n\n\t\t<div class=\"box-image\" >\n\t\t\t\t\t\t<div class=\"\" >\n\t\t\t\t<img loading=\"lazy\" decoding=\"async\" width=\"650\" height=\"496\" src=\"https:\/\/www.cycjetes.com\/wp-content\/uploads\/2021\/09\/ICM-HIP-02-app-1.webp\" class=\"attachment- size-\" alt=\"\" srcset=\"https:\/\/www.cycjetes.com\/wp-content\/uploads\/2021\/09\/ICM-HIP-02-app-1.webp 650w, https:\/\/www.cycjetes.com\/wp-content\/uploads\/2021\/09\/ICM-HIP-02-app-1-300x229.webp 300w, https:\/\/www.cycjetes.com\/wp-content\/uploads\/2021\/09\/ICM-HIP-02-app-1-600x458.webp 600w\" sizes=\"auto, (max-width: 650px) 100vw, 650px\" \/>\t\t\t\t\t\t\t\t\t\t\t<\/div>\n\t\t\t\t\t<\/div>\n\n\t\t<div class=\"box-text text-center\" >\n\t\t\t<div class=\"box-text-inner\">\n\t\t\t\t\n<h4><span style=\"color: #000080;\">Industria del Hormig\u00f3n<\/span><\/h4>\n<div class=\"text\">\n<div class=\"description\">Sin restricci\u00f3n por el ambiente, puede imprimir en cualquier momento y lugar. Adem\u00e1s de la edici\u00f3n y transmisi\u00f3n de datos mediante WiFi, Bluetooth y otros m\u00e9todos, la impresora manual CYCJET ALT36Pro puede usarse en ambientes exteriores seg\u00fan las necesidades de tableros de cemento con asbesto. Cuenta con pantalla t\u00e1ctil LCD para edici\u00f3n y impresi\u00f3n en tiempo real, mejorando la eficiencia.<\/div>\n<\/div>\n\t\t\t<\/div>\n\t\t<\/div>\n\t<\/div>\n\t\n\t\t<\/div>\n\t\t\t<\/div>\n\n\t\n\n\t<div id=\"col-1482057908\" class=\"col medium-4 small-12 large-4\"  >\n\t\t<div class=\"col-inner\"  >\n\t\t\t\n\t<div class=\"is-border\"\n\t\tstyle=\"border-color:rgb(255, 195, 0);border-radius:50px;border-width:2px 2px 2px 2;\">\n\t<\/div>\n\t\t\t\n\t<div class=\"box has-hover   has-hover box-text-bottom\" >\n\n\t\t<div class=\"box-image\" >\n\t\t\t\t\t\t<div class=\"\" >\n\t\t\t\t<img loading=\"lazy\" decoding=\"async\" width=\"650\" height=\"496\" src=\"https:\/\/www.cycjetes.com\/wp-content\/uploads\/2021\/09\/ICM-HIP-02-app-2.webp\" class=\"attachment- size-\" alt=\"\" srcset=\"https:\/\/www.cycjetes.com\/wp-content\/uploads\/2021\/09\/ICM-HIP-02-app-2.webp 650w, https:\/\/www.cycjetes.com\/wp-content\/uploads\/2021\/09\/ICM-HIP-02-app-2-300x229.webp 300w, https:\/\/www.cycjetes.com\/wp-content\/uploads\/2021\/09\/ICM-HIP-02-app-2-600x458.webp 600w\" sizes=\"auto, (max-width: 650px) 100vw, 650px\" \/>\t\t\t\t\t\t\t\t\t\t\t<\/div>\n\t\t\t\t\t<\/div>\n\n\t\t<div class=\"box-text text-center\" >\n\t\t\t<div class=\"box-text-inner\">\n\t\t\t\t\n<h4><span style=\"color: #333399;\">Industria de Tubos de Acero<\/span><\/h4>\n<p>Las impresoras manuales ALT360 son ampliamente usadas en la industria de tubos de diferentes di\u00e1metros. Pueden imprimir logos claros, hermosos y duraderos, nombres de productos, fechas, etc. El contenido impreso es permanente y estable.<\/p>\n\t\t\t<\/div>\n\t\t<\/div>\n\t<\/div>\n\t\n\t\t<\/div>\n\t\t\t<\/div>\n\n\t\n\n\t<div id=\"col-1791778919\" class=\"col medium-4 small-12 large-4\"  >\n\t\t<div class=\"col-inner\"  >\n\t\t\t\n\t<div class=\"is-border\"\n\t\tstyle=\"border-color:rgb(255, 195, 0);border-radius:50px;border-width:2px 2px 2px 2;\">\n\t<\/div>\n\t\t\t\n\t<div class=\"box has-hover   has-hover box-text-bottom\" >\n\n\t\t<div class=\"box-image\" >\n\t\t\t\t\t\t<div class=\"\" >\n\t\t\t\t<img loading=\"lazy\" decoding=\"async\" width=\"650\" height=\"496\" src=\"https:\/\/www.cycjetes.com\/wp-content\/uploads\/2021\/09\/ICM-HIP-02-app-3.webp\" class=\"attachment- size-\" alt=\"\" srcset=\"https:\/\/www.cycjetes.com\/wp-content\/uploads\/2021\/09\/ICM-HIP-02-app-3.webp 650w, https:\/\/www.cycjetes.com\/wp-content\/uploads\/2021\/09\/ICM-HIP-02-app-3-300x229.webp 300w, https:\/\/www.cycjetes.com\/wp-content\/uploads\/2021\/09\/ICM-HIP-02-app-3-600x458.webp 600w\" sizes=\"auto, (max-width: 650px) 100vw, 650px\" \/>\t\t\t\t\t\t\t\t\t\t\t<\/div>\n\t\t\t\t\t<\/div>\n\n\t\t<div class=\"box-text text-center\" >\n\t\t\t<div class=\"box-text-inner\">\n\t\t\t\t\n<h4><span style=\"color: #333399;\">Industria de L\u00e1minas de Acero<\/span><\/h4>\n<p>Como el marco de acero involucra diferentes componentes, la m\u00e1quina de codificaci\u00f3n manual CYCJET cuenta con pantalla t\u00e1ctil LCD, que puede ajustar el tama\u00f1o de fuente y par\u00e1metros relacionados en cualquier momento seg\u00fan el tama\u00f1o del producto. Una m\u00e1quina multiusos, y la tinta especial aplicada en la superficie met\u00e1lica se mantiene limpia y hermosa por largo tiempo. No presenta decoloraci\u00f3n, desplazamiento u otros fen\u00f3menos.<\/p>\n\t\t\t<\/div>\n\t\t<\/div>\n\t<\/div>\n\t\n\t\t<\/div>\n\t\t\t<\/div>\n\n\t\n<\/div>\n<div class=\"row\"  id=\"row-2069947254\">\n\n\t<div id=\"col-1773029424\" class=\"col small-12 large-12\"  >\n\t\t<div class=\"col-inner\"  >\n\t\t\t\n\t\t\t\n<div class=\"container section-title-container\" ><h2 class=\"section-title section-title-center\"><b><\/b><span class=\"section-title-main\" style=\"color:rgb(14, 24, 184);\">Especificaciones T\u00e9cnicas<\/span><b><\/b><\/h2><\/div>\n\t\t<\/div>\n\t\t\t<\/div>\n\n\t\n\n\t<div id=\"col-1038585732\" class=\"col small-12 large-12\"  >\n\t\t<div class=\"col-inner\"  >\n\t\t\t\n\t\t\t\n<div id=\"ueditor_1581904723899\">\n<div class=\"container\">\n<div class=\"table-responsive\">\n<div id=\"ueditor_1581904723899\">\n<div class=\"container\">\n<div class=\"table-responsive\">\n<table class=\"table table-bordered table-hover\">\n<tbody>\n<tr class=\"firstRow\">\n<td valign=\"center\" width=\"92\">Tipo<\/td>\n<td valign=\"center\" width=\"469\">Alta Resoluci\u00f3n\/Piezo\/Impresora manual peque\u00f1a<\/td>\n<\/tr>\n<tr>\n<td valign=\"center\" width=\"92\">Altura de impresi\u00f3n<\/td>\n<td valign=\"center\" width=\"469\">1-18mm<\/td>\n<\/tr>\n<tr>\n<td valign=\"center\" width=\"92\">Espaciado de impresi\u00f3n<\/td>\n<td valign=\"center\" width=\"469\">8mm-10mm, sujeto al contenido impreso y tipo de tinta<\/td>\n<\/tr>\n<tr>\n<td valign=\"center\" width=\"92\">L\u00edneas de impresi\u00f3n<\/td>\n<td valign=\"center\" width=\"469\">L\u00edneas ilimitadas dentro de altura m\u00e1xima de 18mm.<\/td>\n<\/tr>\n<tr>\n<td valign=\"center\" width=\"92\">Longitud de impresi\u00f3n<\/td>\n<td valign=\"center\" width=\"469\">Archivo \u00fanico con longitud m\u00e1xima de 90mm<\/td>\n<\/tr>\n<tr>\n<td valign=\"center\" width=\"92\">Velocidad de impresi\u00f3n<\/td>\n<td valign=\"center\" width=\"469\">Control manual<\/td>\n<\/tr>\n<tr>\n<td valign=\"center\" width=\"92\">Resoluci\u00f3n de impresi\u00f3n<\/td>\n<td valign=\"center\" width=\"469\">Resoluci\u00f3n vertical de 185 DPI; resoluci\u00f3n horizontal ajustable entre 100-600 DPI<\/td>\n<\/tr>\n<tr>\n<td valign=\"center\" width=\"92\">Fuentes de impresi\u00f3n<\/td>\n<td valign=\"center\" width=\"469\">Varias fuentes incorporadas, incluyendo barra horizontal, barra vertical, matriz de puntos, negrita, con cambios libres.<\/td>\n<\/tr>\n<tr>\n<td valign=\"center\" width=\"92\">Contenido de impresi\u00f3n<\/td>\n<td valign=\"center\" width=\"469\">Fecha real, hora real, fotos, letras, grupos de turno, n\u00famero de serie, n\u00famero de lote, c\u00f3digo de barras y c\u00f3digo 2D pueden imprimirse libremente.<\/td>\n<\/tr>\n<tr>\n<td valign=\"center\" width=\"92\">Direcci\u00f3n de impresi\u00f3n<\/td>\n<td valign=\"center\" width=\"469\">Impresi\u00f3n lateral (impresi\u00f3n hacia arriba y hacia abajo opcional)<\/td>\n<\/tr>\n<tr>\n<td valign=\"center\" width=\"92\">Biblioteca de fuentes<\/td>\n<td valign=\"center\" width=\"469\">Bibliotecas est\u00e1ndar en chino e ingl\u00e9s, y opciones en espa\u00f1ol, portugu\u00e9s y \u00e1rabe<\/td>\n<\/tr>\n<tr>\n<td valign=\"center\" width=\"92\">Interfaz de usuario<\/td>\n<td valign=\"center\" width=\"469\">Men\u00fa visual en chino o ingl\u00e9s (espa\u00f1ol, portugu\u00e9s, \u00e1rabe), lo que ves es lo que obtienes.<\/td>\n<\/tr>\n<tr>\n<td valign=\"center\" width=\"92\">Funci\u00f3n de memoria<\/td>\n<td valign=\"center\" width=\"469\">Almacena m\u00e1s de 1000 textos<\/td>\n<\/tr>\n<tr>\n<td valign=\"center\" width=\"92\">Pantalla<\/td>\n<td valign=\"center\" width=\"469\">Pantalla t\u00e1ctil a color de 4.3 pulgadas<\/td>\n<\/tr>\n<tr>\n<td rowspan=\"2\" valign=\"center\" width=\"92\">Tipo de tinta<\/td>\n<td valign=\"center\" width=\"469\">Tinta original del Reino Unido. Tinta a base de solvente (requiere mantenimiento regular); tinta invisible (requiere mantenimiento regular); tinta a base de aceite (sin mantenimiento).<\/td>\n<\/tr>\n<tr>\n<td valign=\"center\" width=\"469\">Puede imprimir sobre superficies de pl\u00e1stico, vidrio, metal, papel, madera&#8230;<\/td>\n<\/tr>\n<tr>\n<td valign=\"center\" width=\"92\">Color de tinta<\/td>\n<td valign=\"center\" width=\"469\">Negro, rojo, amarillo, azul, verde, blanco, etc.<\/td>\n<\/tr>\n<tr>\n<td rowspan=\"4\" valign=\"center\" width=\"92\">Cada cartucho de tinta<\/td>\n<td valign=\"center\" width=\"469\">Cada cartucho puede imprimir 1.25 mil millones de puntos de tinta, producci\u00f3n eficiente:<\/td>\n<\/tr>\n<tr>\n<td valign=\"center\" width=\"469\">*Cada cartucho puede imprimir 1.2 millones de tapas de botellas o cajas de medicina con fuente peque\u00f1a de matriz de puntos en 2 l\u00edneas, tama\u00f1o del texto 1*1.7 cm\u00b2, costo por producto RMB0.0005 Yuan);<\/td>\n<\/tr>\n<tr>\n<td valign=\"center\" width=\"469\">*Cada cartucho puede imprimir 0.12 millones de cajas grandes con fuente grande de matriz de puntos, tama\u00f1o del texto 1.75*10 cm\u00b2, costo por caja RMB0.005 Yuan);<\/td>\n<\/tr>\n<tr>\n<td valign=\"center\" width=\"469\">*Cada cartucho puede imprimir 60,000 cajas grandes con fuente en negrita, tama\u00f1o del texto 1.75*10 cm\u00b2, costo por caja RMB0.01);<\/td>\n<\/tr>\n<tr>\n<td rowspan=\"2\" valign=\"center\" width=\"92\">Peso y dimensiones de la m\u00e1quina<\/td>\n<td valign=\"center\" width=\"469\">1.1KG<\/td>\n<\/tr>\n<tr>\n<td valign=\"center\" width=\"469\">315*216*255mm<\/td>\n<\/tr>\n<tr>\n<td valign=\"center\" width=\"92\">Alimentaci\u00f3n<\/td>\n<td valign=\"center\" width=\"469\">Entrada cargador AC100V-260V, 50-60Hz, salida DC 12V<\/td>\n<\/tr>\n<tr>\n<td valign=\"center\" width=\"92\">Rango de humedad<\/td>\n<td valign=\"center\" width=\"469\">10-90% sin condensaci\u00f3n<\/td>\n<\/tr>\n<tr>\n<td valign=\"center\" width=\"92\">Rango de temperatura<\/td>\n<td valign=\"center\" width=\"469\">5-40\u00b0C<\/td>\n<\/tr>\n<tr>\n<td valign=\"center\" width=\"92\">Interfaz externa<\/td>\n<td valign=\"center\" width=\"469\">Interfaz USB, sensor (opcional), sincronizador (opcional).<\/td>\n<\/tr>\n<tr>\n<td valign=\"center\" width=\"92\">Otros<\/td>\n<td valign=\"center\" width=\"469\">No requiere conexi\u00f3n a aire comprimido externo ni diluyente (es decir, solvente)<\/td>\n<\/tr>\n<\/tbody>\n<\/table>\n<\/div>\n<\/div>\n<\/div>\n<\/div>\n<\/div>\n<\/div>\n\t\t<\/div>\n\t\t\t<\/div>\n\n\t\n<\/div>\n","protected":false},"excerpt":{"rendered":"<table style=\"font-size: 14. 4px;\">\n<tbody>\n<tr>\n<td width=\"176\"><strong>Modelo:<\/strong><\/td>\n<td width=\"182\">ALT360Pro<\/td>\n<\/tr>\n<tr>\n<td width=\"176\"><strong>Marca: <\/strong><\/td>\n<td width=\"182\">CYCJET<\/td>\n<\/tr>\n<tr>\n<td width=\"176\"><strong>MOQ<\/strong>:<\/td>\n<td width=\"182\">1 Set<\/td>\n<\/tr>\n<tr>\n<td width=\"176\"><strong>Certificaci\u00f3n: <\/strong><\/td>\n<td width=\"182\">CE<\/td>\n<\/tr>\n<tr>\n<td width=\"176\"><strong>Pago:<\/strong><\/td>\n<td width=\"182\">L\/C,Efectivo,Western Union,T\/T, Paypal<\/td>\n<\/tr>\n<tr>\n<td width=\"176\"><strong>Garant\u00eda:<\/strong><\/td>\n<td width=\"182\">1 A\u00f1o<\/td>\n<\/tr>\n<\/tbody>\n<\/table>\n<p>><\/p>\n","protected":false},"featured_media":467,"comment_status":"closed","ping_status":"closed","template":"","meta":[],"product_brand":[],"product_cat":[19,21],"product_tag":[],"class_list":{"0":"post-149","1":"product","2":"type-product","3":"status-publish","4":"has-post-thumbnail","6":"product_cat-inkjet-coding-machines","7":"product_cat-handheld-inkjet-printer","9":"first","10":"instock","11":"shipping-taxable","12":"product-type-simple"},"yoast_head":"<!-- This site is optimized with the Yoast SEO plugin v25.2 - https:\/\/yoast.com\/wordpress\/plugins\/seo\/ -->\n<title>Peque\u00f1a impresora de mano CYCJET ALT360Pro - CYCJET<\/title>\n<meta name=\"robots\" content=\"index, follow, max-snippet:-1, max-image-preview:large, max-video-preview:-1\" \/>\n<link rel=\"canonical\" href=\"https:\/\/www.cycjetes.com\/?product=cycjet-alt360pro-small-hand-held-printer\" \/>\n<meta property=\"og:locale\" content=\"en_US\" \/>\n<meta property=\"og:type\" content=\"article\" \/>\n<meta property=\"og:title\" content=\"Peque\u00f1a impresora de mano CYCJET ALT360Pro - CYCJET\" \/>\n<meta property=\"og:description\" content=\"Modelo: ALT360Pro   Marca:  CYCJET   MOQ: 1 Set   Certificaci\u00f3n:  CE   Pago: L\/C,Efectivo,Western Union,T\/T, Paypal   Garant\u00eda: 1 A\u00f1o   &gt;\" \/>\n<meta property=\"og:url\" content=\"https:\/\/www.cycjetes.com\/?product=cycjet-alt360pro-small-hand-held-printer\" \/>\n<meta property=\"og:site_name\" content=\"CYCJET\" \/>\n<meta property=\"article:modified_time\" content=\"2025-06-06T08:58:42+00:00\" \/>\n<meta property=\"og:image\" content=\"https:\/\/www.cycjetes.com\/wp-content\/uploads\/2021\/08\/15819062484240.jpg\" \/>\n\t<meta property=\"og:image:width\" content=\"750\" \/>\n\t<meta property=\"og:image:height\" content=\"750\" \/>\n\t<meta property=\"og:image:type\" content=\"image\/jpeg\" \/>\n<meta name=\"twitter:card\" content=\"summary_large_image\" \/>\n<script type=\"application\/ld+json\" class=\"yoast-schema-graph\">{\"@context\":\"https:\/\/schema.org\",\"@graph\":[{\"@type\":\"WebPage\",\"@id\":\"https:\/\/www.cycjetes.com\/?product=cycjet-alt360pro-small-hand-held-printer\",\"url\":\"https:\/\/www.cycjetes.com\/?product=cycjet-alt360pro-small-hand-held-printer\",\"name\":\"Peque\u00f1a impresora de mano CYCJET ALT360Pro - CYCJET\",\"isPartOf\":{\"@id\":\"https:\/\/www.cycjetes.com\/#website\"},\"primaryImageOfPage\":{\"@id\":\"https:\/\/www.cycjetes.com\/?product=cycjet-alt360pro-small-hand-held-printer#primaryimage\"},\"image\":{\"@id\":\"https:\/\/www.cycjetes.com\/?product=cycjet-alt360pro-small-hand-held-printer#primaryimage\"},\"thumbnailUrl\":\"https:\/\/www.cycjetes.com\/wp-content\/uploads\/2021\/08\/15819062484240.jpg\",\"datePublished\":\"2021-08-11T03:19:53+00:00\",\"dateModified\":\"2025-06-06T08:58:42+00:00\",\"breadcrumb\":{\"@id\":\"https:\/\/www.cycjetes.com\/?product=cycjet-alt360pro-small-hand-held-printer#breadcrumb\"},\"inLanguage\":\"en-US\",\"potentialAction\":[{\"@type\":\"ReadAction\",\"target\":[\"https:\/\/www.cycjetes.com\/?product=cycjet-alt360pro-small-hand-held-printer\"]}]},{\"@type\":\"ImageObject\",\"inLanguage\":\"en-US\",\"@id\":\"https:\/\/www.cycjetes.com\/?product=cycjet-alt360pro-small-hand-held-printer#primaryimage\",\"url\":\"https:\/\/www.cycjetes.com\/wp-content\/uploads\/2021\/08\/15819062484240.jpg\",\"contentUrl\":\"https:\/\/www.cycjetes.com\/wp-content\/uploads\/2021\/08\/15819062484240.jpg\",\"width\":750,\"height\":750},{\"@type\":\"BreadcrumbList\",\"@id\":\"https:\/\/www.cycjetes.com\/?product=cycjet-alt360pro-small-hand-held-printer#breadcrumb\",\"itemListElement\":[{\"@type\":\"ListItem\",\"position\":1,\"name\":\"Home\",\"item\":\"https:\/\/www.cycjetes.com\/\"},{\"@type\":\"ListItem\",\"position\":2,\"name\":\"Products\",\"item\":\"https:\/\/www.cycjetes.com\/?page_id=7\"},{\"@type\":\"ListItem\",\"position\":3,\"name\":\"Peque\u00f1a impresora de mano CYCJET ALT360Pro\"}]},{\"@type\":\"WebSite\",\"@id\":\"https:\/\/www.cycjetes.com\/#website\",\"url\":\"https:\/\/www.cycjetes.com\/\",\"name\":\"CYCJET\",\"description\":\"\",\"potentialAction\":[{\"@type\":\"SearchAction\",\"target\":{\"@type\":\"EntryPoint\",\"urlTemplate\":\"https:\/\/www.cycjetes.com\/?s={search_term_string}\"},\"query-input\":{\"@type\":\"PropertyValueSpecification\",\"valueRequired\":true,\"valueName\":\"search_term_string\"}}],\"inLanguage\":\"en-US\"}]}<\/script>\n<!-- \/ Yoast SEO plugin. -->","yoast_head_json":{"title":"Peque\u00f1a impresora de mano CYCJET ALT360Pro - CYCJET","robots":{"index":"index","follow":"follow","max-snippet":"max-snippet:-1","max-image-preview":"max-image-preview:large","max-video-preview":"max-video-preview:-1"},"canonical":"https:\/\/www.cycjetes.com\/?product=cycjet-alt360pro-small-hand-held-printer","og_locale":"en_US","og_type":"article","og_title":"Peque\u00f1a impresora de mano CYCJET ALT360Pro - CYCJET","og_description":"Modelo: ALT360Pro   Marca:  CYCJET   MOQ: 1 Set   Certificaci\u00f3n:  CE   Pago: L\/C,Efectivo,Western Union,T\/T, Paypal   Garant\u00eda: 1 A\u00f1o   >","og_url":"https:\/\/www.cycjetes.com\/?product=cycjet-alt360pro-small-hand-held-printer","og_site_name":"CYCJET","article_modified_time":"2025-06-06T08:58:42+00:00","og_image":[{"width":750,"height":750,"url":"https:\/\/www.cycjetes.com\/wp-content\/uploads\/2021\/08\/15819062484240.jpg","type":"image\/jpeg"}],"twitter_card":"summary_large_image","schema":{"@context":"https:\/\/schema.org","@graph":[{"@type":"WebPage","@id":"https:\/\/www.cycjetes.com\/?product=cycjet-alt360pro-small-hand-held-printer","url":"https:\/\/www.cycjetes.com\/?product=cycjet-alt360pro-small-hand-held-printer","name":"Peque\u00f1a impresora de mano CYCJET ALT360Pro - CYCJET","isPartOf":{"@id":"https:\/\/www.cycjetes.com\/#website"},"primaryImageOfPage":{"@id":"https:\/\/www.cycjetes.com\/?product=cycjet-alt360pro-small-hand-held-printer#primaryimage"},"image":{"@id":"https:\/\/www.cycjetes.com\/?product=cycjet-alt360pro-small-hand-held-printer#primaryimage"},"thumbnailUrl":"https:\/\/www.cycjetes.com\/wp-content\/uploads\/2021\/08\/15819062484240.jpg","datePublished":"2021-08-11T03:19:53+00:00","dateModified":"2025-06-06T08:58:42+00:00","breadcrumb":{"@id":"https:\/\/www.cycjetes.com\/?product=cycjet-alt360pro-small-hand-held-printer#breadcrumb"},"inLanguage":"en-US","potentialAction":[{"@type":"ReadAction","target":["https:\/\/www.cycjetes.com\/?product=cycjet-alt360pro-small-hand-held-printer"]}]},{"@type":"ImageObject","inLanguage":"en-US","@id":"https:\/\/www.cycjetes.com\/?product=cycjet-alt360pro-small-hand-held-printer#primaryimage","url":"https:\/\/www.cycjetes.com\/wp-content\/uploads\/2021\/08\/15819062484240.jpg","contentUrl":"https:\/\/www.cycjetes.com\/wp-content\/uploads\/2021\/08\/15819062484240.jpg","width":750,"height":750},{"@type":"BreadcrumbList","@id":"https:\/\/www.cycjetes.com\/?product=cycjet-alt360pro-small-hand-held-printer#breadcrumb","itemListElement":[{"@type":"ListItem","position":1,"name":"Home","item":"https:\/\/www.cycjetes.com\/"},{"@type":"ListItem","position":2,"name":"Products","item":"https:\/\/www.cycjetes.com\/?page_id=7"},{"@type":"ListItem","position":3,"name":"Peque\u00f1a impresora de mano CYCJET ALT360Pro"}]},{"@type":"WebSite","@id":"https:\/\/www.cycjetes.com\/#website","url":"https:\/\/www.cycjetes.com\/","name":"CYCJET","description":"","potentialAction":[{"@type":"SearchAction","target":{"@type":"EntryPoint","urlTemplate":"https:\/\/www.cycjetes.com\/?s={search_term_string}"},"query-input":{"@type":"PropertyValueSpecification","valueRequired":true,"valueName":"search_term_string"}}],"inLanguage":"en-US"}]}},"_links":{"self":[{"href":"https:\/\/www.cycjetes.com\/index.php?rest_route=\/wp\/v2\/product\/149","targetHints":{"allow":["GET"]}}],"collection":[{"href":"https:\/\/www.cycjetes.com\/index.php?rest_route=\/wp\/v2\/product"}],"about":[{"href":"https:\/\/www.cycjetes.com\/index.php?rest_route=\/wp\/v2\/types\/product"}],"replies":[{"embeddable":true,"href":"https:\/\/www.cycjetes.com\/index.php?rest_route=%2Fwp%2Fv2%2Fcomments&post=149"}],"wp:featuredmedia":[{"embeddable":true,"href":"https:\/\/www.cycjetes.com\/index.php?rest_route=\/wp\/v2\/media\/467"}],"wp:attachment":[{"href":"https:\/\/www.cycjetes.com\/index.php?rest_route=%2Fwp%2Fv2%2Fmedia&parent=149"}],"wp:term":[{"taxonomy":"product_brand","embeddable":true,"href":"https:\/\/www.cycjetes.com\/index.php?rest_route=%2Fwp%2Fv2%2Fproduct_brand&post=149"},{"taxonomy":"product_cat","embeddable":true,"href":"https:\/\/www.cycjetes.com\/index.php?rest_route=%2Fwp%2Fv2%2Fproduct_cat&post=149"},{"taxonomy":"product_tag","embeddable":true,"href":"https:\/\/www.cycjetes.com\/index.php?rest_route=%2Fwp%2Fv2%2Fproduct_tag&post=149"}],"curies":[{"name":"wp","href":"https:\/\/api.w.org\/{rel}","templated":true}]}}