{"id":146,"date":"2021-08-10T06:54:27","date_gmt":"2021-08-10T06:54:27","guid":{"rendered":"https:\/\/spcycjet.tradeoptimize-clients.com\/?post_type=product&#038;p=146"},"modified":"2025-06-06T09:00:25","modified_gmt":"2025-06-06T09:00:25","slug":"cycjet-smart-i-small-hand-jet-printer","status":"publish","type":"product","link":"https:\/\/www.cycjetes.com\/?product=cycjet-smart-i-small-hand-jet-printer","title":{"rendered":"Peque\u00f1a impresora manual CYCJET Smart I"},"content":{"rendered":"<div class=\"row row-full-width\"  id=\"row-1602313839\">\n\n\t<div id=\"col-1498069265\" class=\"col medium-6 small-12 large-6\"  data-animate=\"fadeInLeft\">\n\t\t<div class=\"col-inner\"  >\n\t\t\t\n\t\t\t\n<div class=\"tem378-irregular noScrollMove bgFixed clearBg\">\n<div class=\"content-right content-section noScrollMove tem44-irregular\">\n<div class=\"container\">\n<div class=\"row\">\n<div class=\"flexBoxStem irregular-item\">\n<div class=\"flexBoxFill col-lg-9 col-md-9 col-sm-9 col-xs-12 content-float\">\n<div>\n<div class=\"tem06-irregular-text wow animated fadeInUp animated animated animated animated animated animated animated animated animated animated animated animated animated animated animated animated animated animated animated animated animated animated animated animated animated animated animated animated animated animated animated animated animated animated\">\n<div class=\"h2 bg-color-after font-color-gray-level-3 title\">\n<section>\n<h3><span style=\"color: #333399;\"><strong>DESCRIPCI\u00d3N DEL PRODUCTO<\/strong><\/span><\/h3>\n<\/section>\n<\/div>\n<div class=\"text description\">\n<section>Peque\u00f1as impresoras de inyecci\u00f3n de tinta port\u00e1tiles con la m\u00e1s nueva tecnolog\u00eda HP thermal foaming inkjet. Con un dise\u00f1o especial, puede imprimir caracteres de hasta 12.7 mm de altura para satisfacer sus necesidades de codificaci\u00f3n de caracteres peque\u00f1os. Hay opciones de impresoras de mano con altura de impresi\u00f3n de 1-12.7 mm y 1-25.4 mm. Si desea usarla de forma port\u00e1til, puede elegir la versi\u00f3n manual, con bater\u00eda y cartucho, que pesa solo 1.5 kg; si prefiere para producci\u00f3n en l\u00ednea, existen modelos para l\u00ednea de producci\u00f3n seg\u00fan sus requerimientos. Se pueden imprimir datos variables o fijos.<\/section>\n<\/div>\n<\/div>\n<\/div>\n<\/div>\n<div class=\"clearfix\"><\/div>\n<\/div>\n<\/div>\n<\/div>\n<\/div>\n<\/div>\n<div class=\"titlebar tem30-title content-section noScrollMove\">\n<div class=\"container mobile-pdlr0\">\n<div>\n<div class=\"tem30-list-title tem00-list-title\">\n<div class=\"title-header wow animated fadeInUp animated animated animated animated animated animated animated animated animated animated animated animated animated animated animated animated animated animated animated animated animated animated animated animated animated animated animated animated animated animated animated animated animated animated animated animated animated animated animated animated animated animated animated animated animated animated animated animated animated animated animated animated animated animated animated animated animated animated animated animated animated animated animated animated animated animated animated animated animated animated animated animated animated animated animated animated animated animated animated animated animated animated animated animated animated animated animated animated animated\">\n<div class=\"title\" data-content=\"title\"><\/div>\n<\/div>\n<\/div>\n<\/div>\n<\/div>\n<\/div>\n\t\t<\/div>\n\t\t\t<\/div>\n\n\t\n\n\t<div id=\"col-390236929\" class=\"col medium-6 small-12 large-6\"  data-animate=\"fadeInRight\">\n\t\t<div class=\"col-inner\"  >\n\t\t\t\n\t\t\t\n\t<div class=\"img has-hover x md-x lg-x y md-y lg-y\" id=\"image_1946119553\">\n\t\t\t\t\t\t\t\t<div class=\"img-inner dark\" >\n\t\t\t<img loading=\"lazy\" decoding=\"async\" width=\"750\" height=\"750\" src=\"https:\/\/www.cycjetes.com\/wp-content\/uploads\/2021\/09\/cycjet-smart-i-small-hand-jet-printer-1.jpg\" class=\"attachment-large size-large\" alt=\"\" srcset=\"https:\/\/www.cycjetes.com\/wp-content\/uploads\/2021\/09\/cycjet-smart-i-small-hand-jet-printer-1.jpg 750w, https:\/\/www.cycjetes.com\/wp-content\/uploads\/2021\/09\/cycjet-smart-i-small-hand-jet-printer-1-300x300.jpg 300w, https:\/\/www.cycjetes.com\/wp-content\/uploads\/2021\/09\/cycjet-smart-i-small-hand-jet-printer-1-150x150.jpg 150w, https:\/\/www.cycjetes.com\/wp-content\/uploads\/2021\/09\/cycjet-smart-i-small-hand-jet-printer-1-600x600.jpg 600w, https:\/\/www.cycjetes.com\/wp-content\/uploads\/2021\/09\/cycjet-smart-i-small-hand-jet-printer-1-100x100.jpg 100w\" sizes=\"auto, (max-width: 750px) 100vw, 750px\" \/>\t\t\t\t\t\t\n\t\t\t\t\t<\/div>\n\t\t\t\t\t\t\t\t\n<style>\n#image_1946119553 {\n  width: 100%;\n}\n<\/style>\n\t<\/div>\n\t\n\t\t<\/div>\n\t\t\t<\/div>\n\n\t\n<\/div>\n<div class=\"row row-full-width\"  id=\"row-1318327477\">\n\n\t<div id=\"col-1938072296\" class=\"col small-12 large-12\"  >\n\t\t<div class=\"col-inner\"  >\n\t\t\t\n\t\t\t\n<div class=\"container section-title-container\" ><h2 class=\"section-title section-title-center\"><b><\/b><span class=\"section-title-main\" style=\"color:rgb(14, 24, 184);\">APLICACI\u00d3N<\/span><b><\/b><\/h2><\/div>\n\t\t<\/div>\n\t\t\t<\/div>\n\n\t\n\n\t<div id=\"col-1447702617\" class=\"col medium-6 small-12 large-6\"  >\n\t\t<div class=\"col-inner\"  >\n\t\t\t\n\t<div class=\"is-border\"\n\t\tstyle=\"border-color:rgb(255, 195, 0);border-radius:50px;border-width:2px 2px 2px 2;\">\n\t<\/div>\n\t\t\t\n\t<div class=\"box has-hover   has-hover box-default box-text-bottom\" >\n\n\t\t<div class=\"box-image\" >\n\t\t\t\t\t\t<div class=\"\" >\n\t\t\t\t<img loading=\"lazy\" decoding=\"async\" width=\"750\" height=\"563\" src=\"https:\/\/www.cycjetes.com\/wp-content\/uploads\/2021\/09\/cycjet-smart-i-small-hand-jet-printer-content-1.webp\" class=\"attachment- size-\" alt=\"\" srcset=\"https:\/\/www.cycjetes.com\/wp-content\/uploads\/2021\/09\/cycjet-smart-i-small-hand-jet-printer-content-1.webp 750w, https:\/\/www.cycjetes.com\/wp-content\/uploads\/2021\/09\/cycjet-smart-i-small-hand-jet-printer-content-1-300x225.webp 300w, https:\/\/www.cycjetes.com\/wp-content\/uploads\/2021\/09\/cycjet-smart-i-small-hand-jet-printer-content-1-600x450.webp 600w\" sizes=\"auto, (max-width: 750px) 100vw, 750px\" \/>\t\t\t\t\t\t\t\t\t\t\t<\/div>\n\t\t\t\t\t<\/div>\n\n\t\t<div class=\"box-text text-center\" >\n\t\t\t<div class=\"box-text-inner\">\n\t\t\t\t\n<h4><span style=\"color: #333399;\">Cart\u00f3n Corrugado<\/span><\/h4>\n<p>Las peque\u00f1as impresoras inteligentes port\u00e1tiles de inyecci\u00f3n de tinta se usan ampliamente en talleres, almacenes, log\u00edstica, madera, etc. Pueden imprimir fechas simples de producto, vida \u00fatil, modelos, especificaciones y otra informaci\u00f3n del producto. Tambi\u00e9n pueden imprimir informaci\u00f3n variable, como c\u00f3digos de barras variables, c\u00f3digos QR variables, n\u00fameros de serie, logos, etc. Son ligeras y f\u00e1ciles de operar.<\/p>\n\t\t\t<\/div>\n\t\t<\/div>\n\t<\/div>\n\t\n\t\t<\/div>\n\t\t\t<\/div>\n\n\t\n\n\t<div id=\"col-841488369\" class=\"col medium-6 small-12 large-6\"  >\n\t\t<div class=\"col-inner\"  >\n\t\t\t\n\t<div class=\"is-border\"\n\t\tstyle=\"border-color:rgb(255, 195, 0);border-radius:50px;border-width:2px 2px 2px 2;\">\n\t<\/div>\n\t\t\t\n\t<div class=\"box has-hover   has-hover box-default box-text-bottom\" >\n\n\t\t<div class=\"box-image\" >\n\t\t\t\t\t\t<div class=\"\" >\n\t\t\t\t<img loading=\"lazy\" decoding=\"async\" width=\"750\" height=\"563\" src=\"https:\/\/www.cycjetes.com\/wp-content\/uploads\/2021\/09\/cycjet-smart-i-small-hand-jet-printer-content-2.webp\" class=\"attachment- size-\" alt=\"\" srcset=\"https:\/\/www.cycjetes.com\/wp-content\/uploads\/2021\/09\/cycjet-smart-i-small-hand-jet-printer-content-2.webp 750w, https:\/\/www.cycjetes.com\/wp-content\/uploads\/2021\/09\/cycjet-smart-i-small-hand-jet-printer-content-2-300x225.webp 300w, https:\/\/www.cycjetes.com\/wp-content\/uploads\/2021\/09\/cycjet-smart-i-small-hand-jet-printer-content-2-600x450.webp 600w\" sizes=\"auto, (max-width: 750px) 100vw, 750px\" \/>\t\t\t\t\t\t\t\t\t\t\t<\/div>\n\t\t\t\t\t<\/div>\n\n\t\t<div class=\"box-text text-center\" >\n\t\t\t<div class=\"box-text-inner\">\n\t\t\t\t\n<h4><span style=\"color: #333399;\">Tubo PVC<\/span><\/h4>\n<p>Las peque\u00f1as impresoras port\u00e1tiles de inyecci\u00f3n de tinta se utilizan ampliamente en la industria de tubos PVC de diferentes di\u00e1metros. Pueden imprimir logos claros, bonitos y duraderos, nombres de producto, fechas, etc. El contenido impreso es permanente y estable.<\/p>\n\t\t\t<\/div>\n\t\t<\/div>\n\t<\/div>\n\t\n\t\t<\/div>\n\t\t\t<\/div>\n\n\t\n<\/div>\n<div class=\"row\"  id=\"row-1013735756\">\n\n\t<div id=\"col-1580130728\" class=\"col small-12 large-12\"  >\n\t\t<div class=\"col-inner\"  >\n\t\t\t\n\t\t\t\n<div class=\"container section-title-container\" ><h2 class=\"section-title section-title-center\"><b><\/b><span class=\"section-title-main\" style=\"color:rgb(14, 24, 184);\">Especificaciones T\u00e9cnicas<\/span><b><\/b><\/h2><\/div>\n\t\t<\/div>\n\t\t\t<\/div>\n\n\t\n\n\t<div id=\"col-1952716664\" class=\"col small-12 large-12\"  >\n\t\t<div class=\"col-inner\"  >\n\t\t\t\n\t\t\t\n<table class=\"table table-bordered table-hover\">\n<tbody>\n<tr class=\"firstRow\">\n<td valign=\"center\" width=\"309\">Tipo<\/td>\n<td valign=\"center\" width=\"1046\">Alta resoluci\u00f3n\/TIJ\/Impresora port\u00e1til de inyecci\u00f3n de tinta peque\u00f1a<\/td>\n<\/tr>\n<tr>\n<td valign=\"center\" width=\"309\">Altura de impresi\u00f3n<\/td>\n<td valign=\"center\" width=\"1046\">0.8-12.7mm<\/td>\n<\/tr>\n<tr>\n<td valign=\"center\" width=\"309\">Espaciado de impresi\u00f3n<\/td>\n<td valign=\"center\" width=\"1046\">1mm-3mm, sujeto al contenido de impresi\u00f3n y tipo de tinta<\/td>\n<\/tr>\n<tr>\n<td valign=\"center\" width=\"309\">L\u00edneas de impresi\u00f3n<\/td>\n<td valign=\"center\" width=\"1046\">L\u00edneas ilimitadas dentro de la altura m\u00e1xima de 12.7mm.<\/td>\n<\/tr>\n<tr>\n<td valign=\"center\" width=\"309\">Longitud de impresi\u00f3n<\/td>\n<td valign=\"center\" width=\"1046\">Longitud m\u00e1xima por l\u00ednea 90mm<\/td>\n<\/tr>\n<tr>\n<td valign=\"center\" width=\"309\">Velocidad de impresi\u00f3n<\/td>\n<td valign=\"center\" width=\"1046\">60m\/min (Resoluci\u00f3n transversal 100DPI)<\/td>\n<\/tr>\n<tr>\n<td valign=\"center\" width=\"309\">Resoluci\u00f3n de impresi\u00f3n<\/td>\n<td valign=\"center\" width=\"1046\">Resoluci\u00f3n de altura 185DPI; Resoluci\u00f3n transversal ajustable entre 100-600DPI<\/td>\n<\/tr>\n<tr>\n<td valign=\"center\" width=\"309\">Fuentes de impresi\u00f3n<\/td>\n<td valign=\"center\" width=\"1046\">Fuentes integradas varias, y barras horizontales, barras verticales, matriz de puntos, fuente negrita pueden cambiarse libremente.<\/td>\n<\/tr>\n<tr>\n<td valign=\"center\" width=\"309\">Contenido de impresi\u00f3n<\/td>\n<td valign=\"center\" width=\"1046\">Fecha real, hora real, foto, letra, turno, n\u00famero de serie, n\u00famero de lote, c\u00f3digo de barras y c\u00f3digo 2D pueden imprimirse libremente.<\/td>\n<\/tr>\n<tr>\n<td valign=\"center\" width=\"309\">Direcci\u00f3n de impresi\u00f3n<\/td>\n<td valign=\"center\" width=\"1046\">Impresi\u00f3n lateral (opci\u00f3n de impresi\u00f3n hacia arriba o hacia abajo)<\/td>\n<\/tr>\n<tr>\n<td valign=\"center\" width=\"309\">Biblioteca de fuentes<\/td>\n<td valign=\"center\" width=\"1046\">Biblioteca est\u00e1ndar de fuentes en chino e ingl\u00e9s, con opci\u00f3n de fuentes en espa\u00f1ol, portugu\u00e9s y \u00e1rabe<\/td>\n<\/tr>\n<tr>\n<td valign=\"center\" width=\"309\">Interfaz del operador<\/td>\n<td valign=\"center\" width=\"1046\">Men\u00fa estilo imagen en chino o ingl\u00e9s (espa\u00f1ol, portugu\u00e9s, \u00e1rabe), lo que ves es lo que obtienes.<\/td>\n<\/tr>\n<tr>\n<td valign=\"center\" width=\"309\">Funci\u00f3n de memoria<\/td>\n<td valign=\"center\" width=\"1046\">Puede almacenar m\u00e1s de 1000 textos<\/td>\n<\/tr>\n<tr>\n<td valign=\"center\" width=\"309\">Pantalla<\/td>\n<td valign=\"center\" width=\"1046\">Pantalla t\u00e1ctil a color de 3.5 pulgadas<\/td>\n<\/tr>\n<tr>\n<td valign=\"center\" width=\"309\">Tipo de tinta<\/td>\n<td valign=\"center\" width=\"1046\">El cabezal de impresi\u00f3n y la tinta son una sola unidad, f\u00e1cil de renovar y evita contaminaci\u00f3n ambiental. Cuenta con advertencia de nivel bajo. Puede afectar la impresi\u00f3n continua al renovar el cartucho de tinta.<\/td>\n<\/tr>\n<tr>\n<td valign=\"center\" width=\"309\"><\/td>\n<td valign=\"center\" width=\"1046\">Puede imprimir sobre superficies de pl\u00e1stico, vidrio, metal, papel, madera&#8230;<\/td>\n<\/tr>\n<tr>\n<td valign=\"center\" width=\"309\">Color de tinta<\/td>\n<td valign=\"center\" width=\"1046\">Negro, rojo, amarillo, azul, verde, blanco, etc.<\/td>\n<\/tr>\n<tr>\n<td valign=\"center\" width=\"309\">Cada cartucho de tinta<\/td>\n<td valign=\"center\" width=\"1046\">Cada cartucho puede imprimir caracteres de 2mm en 400,000 piezas en producci\u00f3n eficiente<\/td>\n<\/tr>\n<tr>\n<td valign=\"center\" width=\"309\">Peso y dimensiones de la m\u00e1quina<\/td>\n<td valign=\"center\" width=\"1046\">6KG<\/td>\n<\/tr>\n<tr>\n<td valign=\"center\" width=\"309\"><\/td>\n<td valign=\"center\" width=\"1046\">39*31*30cm<\/td>\n<\/tr>\n<tr>\n<td valign=\"center\" width=\"309\">Fuente de alimentaci\u00f3n<\/td>\n<td valign=\"center\" width=\"1046\">Entrada del cargador AC 100V-260V, 50-60Hz, salida DC 12V<\/td>\n<\/tr>\n<tr>\n<td valign=\"center\" width=\"309\">Rango de humedad<\/td>\n<td valign=\"center\" width=\"1046\">10-90% sin condensaci\u00f3n<\/td>\n<\/tr>\n<tr>\n<td valign=\"center\" width=\"309\">Rango de temperatura<\/td>\n<td valign=\"center\" width=\"1046\">5-40\u00b0C<\/td>\n<\/tr>\n<tr>\n<td valign=\"center\" width=\"309\">Interfaz externa<\/td>\n<td valign=\"center\" width=\"1046\">Interfaz USB, sensor (opcional), sincronizador (opcional).<\/td>\n<\/tr>\n<tr>\n<td valign=\"center\" width=\"309\">Otros<\/td>\n<td valign=\"center\" width=\"1046\">No requiere conexi\u00f3n a aire comprimido externo ni disolventes (thinner)<\/td>\n<\/tr>\n<\/tbody>\n<\/table>\n\t\t<\/div>\n\t\t\t<\/div>\n\n\t\n<\/div>\n","protected":false},"excerpt":{"rendered":"<table style=\"font-size: 14. 4px;\">\n<tbody>\n<tr>\n<td width=\"176\"><strong>Modelo:<\/strong><\/td>\n<td width=\"182\">SMART-I<\/td>\n<\/tr>\n<tr>\n<td width=\"176\"><strong>Marca: <\/strong><\/td>\n<td width=\"182\">CYCJET<\/td>\n<\/tr>\n<tr>\n<td width=\"176\"><strong>MOQ<\/strong>:<\/td>\n<td width=\"182\">1 Set<\/td>\n<\/tr>\n<tr>\n<td width=\"176\"><strong>Certificaci\u00f3n: <\/strong><\/td>\n<td width=\"182\">CE, SGS, FDA<\/td>\n<\/tr>\n<tr>\n<td width=\"176\"><strong>Pago: <\/strong><\/td>\n<td width=\"182\">T \/ T, L \/ C, Western Union, Paypal<\/td>\n<\/tr>\n<tr>\n<td width=\"176\"><strong>Garant\u00eda:<\/strong><\/td>\n<td width=\"182\">1A\u00f1o<\/td>\n<\/tr>\n<\/tbody>\n<\/table>\n","protected":false},"featured_media":804,"comment_status":"closed","ping_status":"closed","template":"","meta":[],"product_brand":[],"product_cat":[19,20],"product_tag":[],"class_list":{"0":"post-146","1":"product","2":"type-product","3":"status-publish","4":"has-post-thumbnail","6":"product_cat-inkjet-coding-machines","7":"product_cat-tij-inkjet-printer","9":"first","10":"instock","11":"shipping-taxable","12":"product-type-simple"},"yoast_head":"<!-- This site is optimized with the Yoast SEO plugin v25.2 - https:\/\/yoast.com\/wordpress\/plugins\/seo\/ -->\n<title>Peque\u00f1a impresora manual CYCJET Smart I - CYCJET<\/title>\n<meta name=\"robots\" content=\"index, follow, max-snippet:-1, max-image-preview:large, max-video-preview:-1\" \/>\n<link rel=\"canonical\" href=\"https:\/\/www.cycjetes.com\/?product=cycjet-smart-i-small-hand-jet-printer\" \/>\n<meta property=\"og:locale\" content=\"en_US\" \/>\n<meta property=\"og:type\" content=\"article\" \/>\n<meta property=\"og:title\" content=\"Peque\u00f1a impresora manual CYCJET Smart I - CYCJET\" \/>\n<meta property=\"og:description\" content=\"Modelo: SMART-I   Marca:  CYCJET   MOQ: 1 Set   Certificaci\u00f3n:  CE, SGS, FDA   Pago:  T \/ T, L \/ C, Western Union, Paypal   Garant\u00eda: 1A\u00f1o\" \/>\n<meta property=\"og:url\" content=\"https:\/\/www.cycjetes.com\/?product=cycjet-smart-i-small-hand-jet-printer\" \/>\n<meta property=\"og:site_name\" content=\"CYCJET\" \/>\n<meta property=\"article:modified_time\" content=\"2025-06-06T09:00:25+00:00\" \/>\n<meta property=\"og:image\" content=\"https:\/\/www.cycjetes.com\/wp-content\/uploads\/2021\/09\/cycjet-smart-i-small-hand-jet-printer.jpg\" \/>\n\t<meta property=\"og:image:width\" content=\"750\" \/>\n\t<meta property=\"og:image:height\" content=\"750\" \/>\n\t<meta property=\"og:image:type\" content=\"image\/jpeg\" \/>\n<meta name=\"twitter:card\" content=\"summary_large_image\" \/>\n<meta name=\"twitter:label1\" content=\"Est. reading time\" \/>\n\t<meta name=\"twitter:data1\" content=\"3 minutes\" \/>\n<script type=\"application\/ld+json\" class=\"yoast-schema-graph\">{\"@context\":\"https:\/\/schema.org\",\"@graph\":[{\"@type\":\"WebPage\",\"@id\":\"https:\/\/www.cycjetes.com\/?product=cycjet-smart-i-small-hand-jet-printer\",\"url\":\"https:\/\/www.cycjetes.com\/?product=cycjet-smart-i-small-hand-jet-printer\",\"name\":\"Peque\u00f1a impresora manual CYCJET Smart I - CYCJET\",\"isPartOf\":{\"@id\":\"https:\/\/www.cycjetes.com\/#website\"},\"primaryImageOfPage\":{\"@id\":\"https:\/\/www.cycjetes.com\/?product=cycjet-smart-i-small-hand-jet-printer#primaryimage\"},\"image\":{\"@id\":\"https:\/\/www.cycjetes.com\/?product=cycjet-smart-i-small-hand-jet-printer#primaryimage\"},\"thumbnailUrl\":\"https:\/\/www.cycjetes.com\/wp-content\/uploads\/2021\/09\/cycjet-smart-i-small-hand-jet-printer.jpg\",\"datePublished\":\"2021-08-10T06:54:27+00:00\",\"dateModified\":\"2025-06-06T09:00:25+00:00\",\"breadcrumb\":{\"@id\":\"https:\/\/www.cycjetes.com\/?product=cycjet-smart-i-small-hand-jet-printer#breadcrumb\"},\"inLanguage\":\"en-US\",\"potentialAction\":[{\"@type\":\"ReadAction\",\"target\":[\"https:\/\/www.cycjetes.com\/?product=cycjet-smart-i-small-hand-jet-printer\"]}]},{\"@type\":\"ImageObject\",\"inLanguage\":\"en-US\",\"@id\":\"https:\/\/www.cycjetes.com\/?product=cycjet-smart-i-small-hand-jet-printer#primaryimage\",\"url\":\"https:\/\/www.cycjetes.com\/wp-content\/uploads\/2021\/09\/cycjet-smart-i-small-hand-jet-printer.jpg\",\"contentUrl\":\"https:\/\/www.cycjetes.com\/wp-content\/uploads\/2021\/09\/cycjet-smart-i-small-hand-jet-printer.jpg\",\"width\":750,\"height\":750},{\"@type\":\"BreadcrumbList\",\"@id\":\"https:\/\/www.cycjetes.com\/?product=cycjet-smart-i-small-hand-jet-printer#breadcrumb\",\"itemListElement\":[{\"@type\":\"ListItem\",\"position\":1,\"name\":\"Home\",\"item\":\"https:\/\/www.cycjetes.com\/\"},{\"@type\":\"ListItem\",\"position\":2,\"name\":\"Products\",\"item\":\"https:\/\/www.cycjetes.com\/?page_id=7\"},{\"@type\":\"ListItem\",\"position\":3,\"name\":\"Peque\u00f1a impresora manual CYCJET Smart I\"}]},{\"@type\":\"WebSite\",\"@id\":\"https:\/\/www.cycjetes.com\/#website\",\"url\":\"https:\/\/www.cycjetes.com\/\",\"name\":\"CYCJET\",\"description\":\"\",\"potentialAction\":[{\"@type\":\"SearchAction\",\"target\":{\"@type\":\"EntryPoint\",\"urlTemplate\":\"https:\/\/www.cycjetes.com\/?s={search_term_string}\"},\"query-input\":{\"@type\":\"PropertyValueSpecification\",\"valueRequired\":true,\"valueName\":\"search_term_string\"}}],\"inLanguage\":\"en-US\"}]}<\/script>\n<!-- \/ Yoast SEO plugin. -->","yoast_head_json":{"title":"Peque\u00f1a impresora manual CYCJET Smart I - CYCJET","robots":{"index":"index","follow":"follow","max-snippet":"max-snippet:-1","max-image-preview":"max-image-preview:large","max-video-preview":"max-video-preview:-1"},"canonical":"https:\/\/www.cycjetes.com\/?product=cycjet-smart-i-small-hand-jet-printer","og_locale":"en_US","og_type":"article","og_title":"Peque\u00f1a impresora manual CYCJET Smart I - CYCJET","og_description":"Modelo: SMART-I   Marca:  CYCJET   MOQ: 1 Set   Certificaci\u00f3n:  CE, SGS, FDA   Pago:  T \/ T, L \/ C, Western Union, Paypal   Garant\u00eda: 1A\u00f1o","og_url":"https:\/\/www.cycjetes.com\/?product=cycjet-smart-i-small-hand-jet-printer","og_site_name":"CYCJET","article_modified_time":"2025-06-06T09:00:25+00:00","og_image":[{"width":750,"height":750,"url":"https:\/\/www.cycjetes.com\/wp-content\/uploads\/2021\/09\/cycjet-smart-i-small-hand-jet-printer.jpg","type":"image\/jpeg"}],"twitter_card":"summary_large_image","twitter_misc":{"Est. reading time":"3 minutes"},"schema":{"@context":"https:\/\/schema.org","@graph":[{"@type":"WebPage","@id":"https:\/\/www.cycjetes.com\/?product=cycjet-smart-i-small-hand-jet-printer","url":"https:\/\/www.cycjetes.com\/?product=cycjet-smart-i-small-hand-jet-printer","name":"Peque\u00f1a impresora manual CYCJET Smart I - CYCJET","isPartOf":{"@id":"https:\/\/www.cycjetes.com\/#website"},"primaryImageOfPage":{"@id":"https:\/\/www.cycjetes.com\/?product=cycjet-smart-i-small-hand-jet-printer#primaryimage"},"image":{"@id":"https:\/\/www.cycjetes.com\/?product=cycjet-smart-i-small-hand-jet-printer#primaryimage"},"thumbnailUrl":"https:\/\/www.cycjetes.com\/wp-content\/uploads\/2021\/09\/cycjet-smart-i-small-hand-jet-printer.jpg","datePublished":"2021-08-10T06:54:27+00:00","dateModified":"2025-06-06T09:00:25+00:00","breadcrumb":{"@id":"https:\/\/www.cycjetes.com\/?product=cycjet-smart-i-small-hand-jet-printer#breadcrumb"},"inLanguage":"en-US","potentialAction":[{"@type":"ReadAction","target":["https:\/\/www.cycjetes.com\/?product=cycjet-smart-i-small-hand-jet-printer"]}]},{"@type":"ImageObject","inLanguage":"en-US","@id":"https:\/\/www.cycjetes.com\/?product=cycjet-smart-i-small-hand-jet-printer#primaryimage","url":"https:\/\/www.cycjetes.com\/wp-content\/uploads\/2021\/09\/cycjet-smart-i-small-hand-jet-printer.jpg","contentUrl":"https:\/\/www.cycjetes.com\/wp-content\/uploads\/2021\/09\/cycjet-smart-i-small-hand-jet-printer.jpg","width":750,"height":750},{"@type":"BreadcrumbList","@id":"https:\/\/www.cycjetes.com\/?product=cycjet-smart-i-small-hand-jet-printer#breadcrumb","itemListElement":[{"@type":"ListItem","position":1,"name":"Home","item":"https:\/\/www.cycjetes.com\/"},{"@type":"ListItem","position":2,"name":"Products","item":"https:\/\/www.cycjetes.com\/?page_id=7"},{"@type":"ListItem","position":3,"name":"Peque\u00f1a impresora manual CYCJET Smart I"}]},{"@type":"WebSite","@id":"https:\/\/www.cycjetes.com\/#website","url":"https:\/\/www.cycjetes.com\/","name":"CYCJET","description":"","potentialAction":[{"@type":"SearchAction","target":{"@type":"EntryPoint","urlTemplate":"https:\/\/www.cycjetes.com\/?s={search_term_string}"},"query-input":{"@type":"PropertyValueSpecification","valueRequired":true,"valueName":"search_term_string"}}],"inLanguage":"en-US"}]}},"_links":{"self":[{"href":"https:\/\/www.cycjetes.com\/index.php?rest_route=\/wp\/v2\/product\/146","targetHints":{"allow":["GET"]}}],"collection":[{"href":"https:\/\/www.cycjetes.com\/index.php?rest_route=\/wp\/v2\/product"}],"about":[{"href":"https:\/\/www.cycjetes.com\/index.php?rest_route=\/wp\/v2\/types\/product"}],"replies":[{"embeddable":true,"href":"https:\/\/www.cycjetes.com\/index.php?rest_route=%2Fwp%2Fv2%2Fcomments&post=146"}],"wp:featuredmedia":[{"embeddable":true,"href":"https:\/\/www.cycjetes.com\/index.php?rest_route=\/wp\/v2\/media\/804"}],"wp:attachment":[{"href":"https:\/\/www.cycjetes.com\/index.php?rest_route=%2Fwp%2Fv2%2Fmedia&parent=146"}],"wp:term":[{"taxonomy":"product_brand","embeddable":true,"href":"https:\/\/www.cycjetes.com\/index.php?rest_route=%2Fwp%2Fv2%2Fproduct_brand&post=146"},{"taxonomy":"product_cat","embeddable":true,"href":"https:\/\/www.cycjetes.com\/index.php?rest_route=%2Fwp%2Fv2%2Fproduct_cat&post=146"},{"taxonomy":"product_tag","embeddable":true,"href":"https:\/\/www.cycjetes.com\/index.php?rest_route=%2Fwp%2Fv2%2Fproduct_tag&post=146"}],"curies":[{"name":"wp","href":"https:\/\/api.w.org\/{rel}","templated":true}]}}