{"id":1284,"date":"2022-03-30T07:14:53","date_gmt":"2022-03-30T07:14:53","guid":{"rendered":"https:\/\/www.cycjetcoder.com\/?post_type=product&#038;p=1284"},"modified":"2025-11-26T02:53:39","modified_gmt":"2025-11-26T02:53:39","slug":"cycjet-d200-handheld-laser-marker","status":"publish","type":"product","link":"https:\/\/www.cycjetes.com\/?product=cycjet-d200-handheld-laser-marker","title":{"rendered":"Marcador l\u00e1ser de mano CYCJET D200"},"content":{"rendered":"\t<div id=\"text-208706961\" class=\"text\">\n\t\t\n<div class=\"tem378-irregular noScrollMove bgFixed clearBg\">\n<div class=\"content-right content-section noScrollMove tem44-irregular\">\n<div class=\"container\">\n<div class=\"row\">\n<div class=\"flexBoxStem irregular-item\">\n<div class=\"flexBoxFill col-lg-9 col-md-9 col-sm-9 col-xs-12 content-float\">\n<div class=\"tem06-irregular-text wow animated fadeInUp animated animated animated animated animated animated animated animated animated animated animated animated animated animated animated animated animated animated animated animated animated animated animated animated animated\">\n<div class=\"h2 bg-color-after font-color-gray-level-3 title\">\n<h2><span style=\"color: #333399;\"><strong> DESCRIPCI\u00d3N DEL PRODUCTO:<\/strong><\/span><\/h2>\n<p>Software que se ejecuta en la plataforma WINDOWS, interfaz chino\/ingl\u00e9s, puede ser compatible con AUTOCAD, CORELDRAW, PHOTOSHOP software, como PLT, PCW, DXF, BMP, etc, pero tambi\u00e9n se puede utilizar directamente SHX, ttf fuente.<\/p>\n<p>Adecuado para componentes electr\u00f3nicos, productos el\u00e9ctricos, industria de TI, piezas de autom\u00f3viles, productos de herramientas de hardware, instrumentos de precisi\u00f3n, accesorios de regalo, equipos m\u00e9dicos y otros productos de gama alta de precisi\u00f3n, impresi\u00f3n de logotipos finos.<\/p>\n<p>Aplicaciones t\u00edpicas tales como, aislamiento de pl\u00e1stico (PA66) volando marcado l\u00e1ser, placa de metal marcado l\u00e1ser, cuerpo de la caja de embalaje en l\u00ednea marcado l\u00e1ser, etc.<\/p>\n<\/div>\n<\/div>\n<\/div>\n<\/div>\n<\/div>\n<\/div>\n<\/div>\n<\/div>\n\t\t\n<style>\n#text-208706961 {\n  font-size: 0.75rem;\n}\n<\/style>\n\t<\/div>\n\t\n\t<div id=\"text-2096533288\" class=\"text\">\n\t\t\n<h2><strong style=\"color: #333399; font-size: 20.16px;\">ESPECIFICACIONES T\u00c9CNICAS:<\/strong><\/h2>\n<table>\n<tbody>\n<tr>\n<td width=\"426\">\n<p>Potencia de salida<\/p>\n<\/td>\n<td width=\"426\">\n<p>30W<\/p>\n<\/td>\n<\/tr>\n<tr>\n<td width=\"426\">\n<p>Calidad del haz M2<\/p>\n<\/td>\n<td width=\"426\">\n<p>\uff1c1.5<\/p>\n<\/td>\n<\/tr>\n<tr>\n<td width=\"426\">\n<p>Longitud de onda del l\u00e1ser<\/p>\n<\/td>\n<td width=\"426\">\n<p>1064 nm<\/p>\n<\/td>\n<\/tr>\n<tr>\n<td width=\"426\">\n<p>Sistema de refrigeraci\u00f3n<\/p>\n<\/td>\n<td width=\"426\">\n<p>Refrigeraci\u00f3n por aire<\/p>\n<\/td>\n<\/tr>\n<tr>\n<td width=\"426\">\n<p>Frecuencia de pulso<\/p>\n<\/td>\n<td width=\"426\">\n<p>20 KHZ\u00a0&#8211; 100 KHZ<\/p>\n<\/td>\n<\/tr>\n<tr>\n<td width=\"426\">\n<p>Rango de marcado<\/p>\n<\/td>\n<td width=\"426\">\n<p>110 mm x 110 mm (personalizable)<\/p>\n<\/td>\n<\/tr>\n<tr>\n<td width=\"426\">\n<p>Velocidad de marcado<\/p>\n<\/td>\n<td width=\"426\">\n<p>10000mm\/s<\/p>\n<\/td>\n<\/tr>\n<tr>\n<td width=\"426\">\n<p>Profundidad de marcado<\/p>\n<\/td>\n<td width=\"426\">\n<p>\u22640.3mm<\/p>\n<\/td>\n<\/tr>\n<tr>\n<td width=\"426\">\n<p>Ancho de la l\u00ednea de marcado<\/p>\n<\/td>\n<td width=\"426\">\n<p>0.01-0.2mm (basado en la diferencia de material)<\/p>\n<\/td>\n<\/tr>\n<tr>\n<td width=\"426\">\n<p>Tama\u00f1o m\u00ednimo del car\u00e1cter<\/p>\n<\/td>\n<td width=\"426\">\n<p>0.015mm<\/p>\n<\/td>\n<\/tr>\n<tr>\n<td width=\"426\">\n<p>Precisi\u00f3n de repetici\u00f3n<\/p>\n<\/td>\n<td width=\"426\">\n<p>\u00b10,003 mm<\/p>\n<\/td>\n<\/tr>\n<tr>\n<td width=\"426\">\n<p>Localizaci\u00f3n del \u00e1rea de marcado<\/p>\n<\/td>\n<td width=\"426\">\n<p>Sistema de localizaci\u00f3n por luz roja.<\/p>\n<\/td>\n<\/tr>\n<tr>\n<td width=\"426\">\n<p>Alimentaci\u00f3n el\u00e9ctrica<\/p>\n<\/td>\n<td width=\"426\">\n<p>AC 100-260 v 50\/60 hz<\/p>\n<\/td>\n<\/tr>\n<tr>\n<td width=\"426\">\n<p>Potencia<\/p>\n<\/td>\n<td width=\"426\">\n<p>\u2264400W<\/p>\n<\/td>\n<\/tr>\n<tr>\n<td width=\"426\">\n<p>Peso neto<\/p>\n<\/td>\n<td width=\"426\">\n<p>55kgs<\/p>\n<\/td>\n<\/tr>\n<\/tbody>\n<\/table>\n<p>\u00a0<\/p>\n\t\t\n<style>\n#text-2096533288 {\n  font-size: 1.25rem;\n}\n<\/style>\n\t<\/div>\n\t\n","protected":false},"excerpt":{"rendered":"<p>Modelo D200<\/p>\n<p>Marca: CYCJET<\/p>\n<p>MOQ: 1Set<\/p>\n<p>Certificaci\u00f3n: CE. SGS, FDA<\/p>\n<p>Forma de pago: L\/C, Efectivo, Western Union, T\/T, PayPal<\/p>\n<p>Garant\u00eda: 1 a\u00f1o<\/p>\n","protected":false},"featured_media":1303,"comment_status":"open","ping_status":"closed","template":"","meta":[],"product_brand":[],"product_cat":[15,17],"product_tag":[],"class_list":{"0":"post-1284","1":"product","2":"type-product","3":"status-publish","4":"has-post-thumbnail","6":"product_cat-laser-marking-machine","7":"product_cat-handheld-laser-marker","9":"first","10":"instock","11":"shipping-taxable","12":"product-type-simple"},"yoast_head":"<!-- This site is optimized with the Yoast SEO plugin v25.2 - https:\/\/yoast.com\/wordpress\/plugins\/seo\/ -->\n<title>Marcador l\u00e1ser de mano CYCJET D200 - CYCJET<\/title>\n<meta name=\"description\" content=\"El Marcador L\u00e1ser de Mano CYCJET D200 es f\u00e1cil de transportar, lo que le permite satisfacer sus necesidades de codificaci\u00f3n en cualquier momento y lugar.\" \/>\n<meta name=\"robots\" content=\"index, follow, max-snippet:-1, max-image-preview:large, max-video-preview:-1\" \/>\n<link rel=\"canonical\" href=\"https:\/\/www.cycjetes.com\/?product=cycjet-d200-handheld-laser-marker\" \/>\n<meta property=\"og:locale\" content=\"en_US\" \/>\n<meta property=\"og:type\" content=\"article\" \/>\n<meta property=\"og:title\" content=\"Marcador l\u00e1ser de mano CYCJET D200 - CYCJET\" \/>\n<meta property=\"og:description\" content=\"El Marcador L\u00e1ser de Mano CYCJET D200 es f\u00e1cil de transportar, lo que le permite satisfacer sus necesidades de codificaci\u00f3n en cualquier momento y lugar.\" \/>\n<meta property=\"og:url\" content=\"https:\/\/www.cycjetes.com\/?product=cycjet-d200-handheld-laser-marker\" \/>\n<meta property=\"og:site_name\" content=\"CYCJET\" \/>\n<meta property=\"article:modified_time\" content=\"2025-11-26T02:53:39+00:00\" \/>\n<meta property=\"og:image\" content=\"https:\/\/www.cycjetes.com\/wp-content\/uploads\/2022\/03\/D200-Handheld-laser-Marker01.jpg\" \/>\n\t<meta property=\"og:image:width\" content=\"600\" \/>\n\t<meta property=\"og:image:height\" content=\"600\" \/>\n\t<meta property=\"og:image:type\" content=\"image\/jpeg\" \/>\n<meta name=\"twitter:card\" content=\"summary_large_image\" \/>\n<meta name=\"twitter:label1\" content=\"Est. reading time\" \/>\n\t<meta name=\"twitter:data1\" content=\"2 minutes\" \/>\n<script type=\"application\/ld+json\" class=\"yoast-schema-graph\">{\"@context\":\"https:\/\/schema.org\",\"@graph\":[{\"@type\":\"WebPage\",\"@id\":\"https:\/\/www.cycjetes.com\/?product=cycjet-d200-handheld-laser-marker\",\"url\":\"https:\/\/www.cycjetes.com\/?product=cycjet-d200-handheld-laser-marker\",\"name\":\"Marcador l\u00e1ser de mano CYCJET D200 - CYCJET\",\"isPartOf\":{\"@id\":\"https:\/\/www.cycjetes.com\/#website\"},\"primaryImageOfPage\":{\"@id\":\"https:\/\/www.cycjetes.com\/?product=cycjet-d200-handheld-laser-marker#primaryimage\"},\"image\":{\"@id\":\"https:\/\/www.cycjetes.com\/?product=cycjet-d200-handheld-laser-marker#primaryimage\"},\"thumbnailUrl\":\"https:\/\/www.cycjetes.com\/wp-content\/uploads\/2022\/03\/D200-Handheld-laser-Marker01.jpg\",\"datePublished\":\"2022-03-30T07:14:53+00:00\",\"dateModified\":\"2025-11-26T02:53:39+00:00\",\"description\":\"El Marcador L\u00e1ser de Mano CYCJET D200 es f\u00e1cil de transportar, lo que le permite satisfacer sus necesidades de codificaci\u00f3n en cualquier momento y lugar.\",\"breadcrumb\":{\"@id\":\"https:\/\/www.cycjetes.com\/?product=cycjet-d200-handheld-laser-marker#breadcrumb\"},\"inLanguage\":\"en-US\",\"potentialAction\":[{\"@type\":\"ReadAction\",\"target\":[\"https:\/\/www.cycjetes.com\/?product=cycjet-d200-handheld-laser-marker\"]}]},{\"@type\":\"ImageObject\",\"inLanguage\":\"en-US\",\"@id\":\"https:\/\/www.cycjetes.com\/?product=cycjet-d200-handheld-laser-marker#primaryimage\",\"url\":\"https:\/\/www.cycjetes.com\/wp-content\/uploads\/2022\/03\/D200-Handheld-laser-Marker01.jpg\",\"contentUrl\":\"https:\/\/www.cycjetes.com\/wp-content\/uploads\/2022\/03\/D200-Handheld-laser-Marker01.jpg\",\"width\":600,\"height\":600},{\"@type\":\"BreadcrumbList\",\"@id\":\"https:\/\/www.cycjetes.com\/?product=cycjet-d200-handheld-laser-marker#breadcrumb\",\"itemListElement\":[{\"@type\":\"ListItem\",\"position\":1,\"name\":\"Home\",\"item\":\"https:\/\/www.cycjetes.com\/\"},{\"@type\":\"ListItem\",\"position\":2,\"name\":\"Products\",\"item\":\"https:\/\/www.cycjetes.com\/?page_id=7\"},{\"@type\":\"ListItem\",\"position\":3,\"name\":\"Marcador l\u00e1ser de mano CYCJET D200\"}]},{\"@type\":\"WebSite\",\"@id\":\"https:\/\/www.cycjetes.com\/#website\",\"url\":\"https:\/\/www.cycjetes.com\/\",\"name\":\"CYCJET\",\"description\":\"\",\"potentialAction\":[{\"@type\":\"SearchAction\",\"target\":{\"@type\":\"EntryPoint\",\"urlTemplate\":\"https:\/\/www.cycjetes.com\/?s={search_term_string}\"},\"query-input\":{\"@type\":\"PropertyValueSpecification\",\"valueRequired\":true,\"valueName\":\"search_term_string\"}}],\"inLanguage\":\"en-US\"}]}<\/script>\n<!-- \/ Yoast SEO plugin. -->","yoast_head_json":{"title":"Marcador l\u00e1ser de mano CYCJET D200 - CYCJET","description":"El Marcador L\u00e1ser de Mano CYCJET D200 es f\u00e1cil de transportar, lo que le permite satisfacer sus necesidades de codificaci\u00f3n en cualquier momento y lugar.","robots":{"index":"index","follow":"follow","max-snippet":"max-snippet:-1","max-image-preview":"max-image-preview:large","max-video-preview":"max-video-preview:-1"},"canonical":"https:\/\/www.cycjetes.com\/?product=cycjet-d200-handheld-laser-marker","og_locale":"en_US","og_type":"article","og_title":"Marcador l\u00e1ser de mano CYCJET D200 - CYCJET","og_description":"El Marcador L\u00e1ser de Mano CYCJET D200 es f\u00e1cil de transportar, lo que le permite satisfacer sus necesidades de codificaci\u00f3n en cualquier momento y lugar.","og_url":"https:\/\/www.cycjetes.com\/?product=cycjet-d200-handheld-laser-marker","og_site_name":"CYCJET","article_modified_time":"2025-11-26T02:53:39+00:00","og_image":[{"url":"https:\/\/www.cycjetes.com\/wp-content\/uploads\/2022\/03\/D200-Handheld-laser-Marker01.jpg","width":600,"height":600,"type":"image\/jpeg"}],"twitter_card":"summary_large_image","twitter_misc":{"Est. reading time":"2 minutes"},"schema":{"@context":"https:\/\/schema.org","@graph":[{"@type":"WebPage","@id":"https:\/\/www.cycjetes.com\/?product=cycjet-d200-handheld-laser-marker","url":"https:\/\/www.cycjetes.com\/?product=cycjet-d200-handheld-laser-marker","name":"Marcador l\u00e1ser de mano CYCJET D200 - CYCJET","isPartOf":{"@id":"https:\/\/www.cycjetes.com\/#website"},"primaryImageOfPage":{"@id":"https:\/\/www.cycjetes.com\/?product=cycjet-d200-handheld-laser-marker#primaryimage"},"image":{"@id":"https:\/\/www.cycjetes.com\/?product=cycjet-d200-handheld-laser-marker#primaryimage"},"thumbnailUrl":"https:\/\/www.cycjetes.com\/wp-content\/uploads\/2022\/03\/D200-Handheld-laser-Marker01.jpg","datePublished":"2022-03-30T07:14:53+00:00","dateModified":"2025-11-26T02:53:39+00:00","description":"El Marcador L\u00e1ser de Mano CYCJET D200 es f\u00e1cil de transportar, lo que le permite satisfacer sus necesidades de codificaci\u00f3n en cualquier momento y lugar.","breadcrumb":{"@id":"https:\/\/www.cycjetes.com\/?product=cycjet-d200-handheld-laser-marker#breadcrumb"},"inLanguage":"en-US","potentialAction":[{"@type":"ReadAction","target":["https:\/\/www.cycjetes.com\/?product=cycjet-d200-handheld-laser-marker"]}]},{"@type":"ImageObject","inLanguage":"en-US","@id":"https:\/\/www.cycjetes.com\/?product=cycjet-d200-handheld-laser-marker#primaryimage","url":"https:\/\/www.cycjetes.com\/wp-content\/uploads\/2022\/03\/D200-Handheld-laser-Marker01.jpg","contentUrl":"https:\/\/www.cycjetes.com\/wp-content\/uploads\/2022\/03\/D200-Handheld-laser-Marker01.jpg","width":600,"height":600},{"@type":"BreadcrumbList","@id":"https:\/\/www.cycjetes.com\/?product=cycjet-d200-handheld-laser-marker#breadcrumb","itemListElement":[{"@type":"ListItem","position":1,"name":"Home","item":"https:\/\/www.cycjetes.com\/"},{"@type":"ListItem","position":2,"name":"Products","item":"https:\/\/www.cycjetes.com\/?page_id=7"},{"@type":"ListItem","position":3,"name":"Marcador l\u00e1ser de mano CYCJET D200"}]},{"@type":"WebSite","@id":"https:\/\/www.cycjetes.com\/#website","url":"https:\/\/www.cycjetes.com\/","name":"CYCJET","description":"","potentialAction":[{"@type":"SearchAction","target":{"@type":"EntryPoint","urlTemplate":"https:\/\/www.cycjetes.com\/?s={search_term_string}"},"query-input":{"@type":"PropertyValueSpecification","valueRequired":true,"valueName":"search_term_string"}}],"inLanguage":"en-US"}]}},"_links":{"self":[{"href":"https:\/\/www.cycjetes.com\/index.php?rest_route=\/wp\/v2\/product\/1284","targetHints":{"allow":["GET"]}}],"collection":[{"href":"https:\/\/www.cycjetes.com\/index.php?rest_route=\/wp\/v2\/product"}],"about":[{"href":"https:\/\/www.cycjetes.com\/index.php?rest_route=\/wp\/v2\/types\/product"}],"replies":[{"embeddable":true,"href":"https:\/\/www.cycjetes.com\/index.php?rest_route=%2Fwp%2Fv2%2Fcomments&post=1284"}],"wp:featuredmedia":[{"embeddable":true,"href":"https:\/\/www.cycjetes.com\/index.php?rest_route=\/wp\/v2\/media\/1303"}],"wp:attachment":[{"href":"https:\/\/www.cycjetes.com\/index.php?rest_route=%2Fwp%2Fv2%2Fmedia&parent=1284"}],"wp:term":[{"taxonomy":"product_brand","embeddable":true,"href":"https:\/\/www.cycjetes.com\/index.php?rest_route=%2Fwp%2Fv2%2Fproduct_brand&post=1284"},{"taxonomy":"product_cat","embeddable":true,"href":"https:\/\/www.cycjetes.com\/index.php?rest_route=%2Fwp%2Fv2%2Fproduct_cat&post=1284"},{"taxonomy":"product_tag","embeddable":true,"href":"https:\/\/www.cycjetes.com\/index.php?rest_route=%2Fwp%2Fv2%2Fproduct_tag&post=1284"}],"curies":[{"name":"wp","href":"https:\/\/api.w.org\/{rel}","templated":true}]}}