{"id":118,"date":"2021-08-09T07:40:55","date_gmt":"2021-08-09T07:40:55","guid":{"rendered":"https:\/\/spcycjet.tradeoptimize-clients.com\/?post_type=product&#038;p=118"},"modified":"2025-06-06T09:06:43","modified_gmt":"2025-06-06T09:06:43","slug":"cycjet-tij-automatic-inkjet-printing-system","status":"publish","type":"product","link":"https:\/\/www.cycjetes.com\/?product=cycjet-tij-automatic-inkjet-printing-system","title":{"rendered":"Sistema autom\u00e1tico de impresi\u00f3n por chorro de tinta CYCJET TIJ"},"content":{"rendered":"<div class=\"row row-full-width\"  id=\"row-519824098\">\n\n\t<div id=\"col-940247961\" class=\"col medium-6 small-12 large-6\"  data-animate=\"fadeInLeft\">\n\t\t<div class=\"col-inner\"  >\n\t\t\t\n\t\t\t\n<div class=\"h2 bg-color-after font-color-gray-level-3 title\">\n<section>\n<h3><span style=\"color: #333399\"><strong>DESCRIPCI\u00d3N DEL PRODUCTO<\/strong><\/span><\/h3>\n<\/section>\n<\/div>\n<div class=\"text description\">\n<section>La impresora de inyecci\u00f3n de tinta de escritorio Smart II puede imprimir una altura m\u00e1xima de 12,7 mm con un solo cabezal de impresi\u00f3n. Tiene una pantalla t\u00e1ctil a color de 7&#8243;, y puede ingresar la informaci\u00f3n de impresi\u00f3n directamente a trav\u00e9s de la pantalla, sin necesidad de conectarse a una PC. WYSIWYW. Y la m\u00e1quina es adecuada para impresi\u00f3n en productos irregulares, como cajas peque\u00f1as, botellas, frascos, latas, piezas de repuesto, para imprimir logotipos, c\u00f3digos de barras, fechas, n\u00fameros de lote, etc.<\/p>\n<\/section>\n<\/div>\n\t\t<\/div>\n\t\t\t<\/div>\n\n\t\n\n\t<div id=\"col-1267144582\" class=\"col medium-6 small-12 large-6\"  data-animate=\"fadeInRight\">\n\t\t<div class=\"col-inner\"  >\n\t\t\t\n\t\t\t\n\t<div class=\"img has-hover x md-x lg-x y md-y lg-y\" id=\"image_833650458\">\n\t\t\t\t\t\t\t\t<div class=\"img-inner dark\" >\n\t\t\t<img loading=\"lazy\" decoding=\"async\" width=\"930\" height=\"930\" src=\"https:\/\/www.cycjetes.com\/wp-content\/uploads\/2021\/09\/ICM-TIP-02.webp\" class=\"attachment-large size-large\" alt=\"\" srcset=\"https:\/\/www.cycjetes.com\/wp-content\/uploads\/2021\/09\/ICM-TIP-02.webp 930w, https:\/\/www.cycjetes.com\/wp-content\/uploads\/2021\/09\/ICM-TIP-02-300x300.webp 300w, https:\/\/www.cycjetes.com\/wp-content\/uploads\/2021\/09\/ICM-TIP-02-150x150.webp 150w, https:\/\/www.cycjetes.com\/wp-content\/uploads\/2021\/09\/ICM-TIP-02-768x768.webp 768w, https:\/\/www.cycjetes.com\/wp-content\/uploads\/2021\/09\/ICM-TIP-02-600x600.webp 600w, https:\/\/www.cycjetes.com\/wp-content\/uploads\/2021\/09\/ICM-TIP-02-100x100.webp 100w\" sizes=\"auto, (max-width: 930px) 100vw, 930px\" \/>\t\t\t\t\t\t\n\t\t\t\t\t<\/div>\n\t\t\t\t\t\t\t\t\n<style>\n#image_833650458 {\n  width: 100%;\n}\n<\/style>\n\t<\/div>\n\t\n\t\t<\/div>\n\t\t\t<\/div>\n\n\t\n<\/div>\n<div class=\"row row-full-width\"  id=\"row-513203571\">\n\n\t<div id=\"col-1219486313\" class=\"col small-12 large-12\"  >\n\t\t<div class=\"col-inner\"  >\n\t\t\t\n\t\t\t\n<div class=\"container section-title-container\" ><h2 class=\"section-title section-title-center\"><b><\/b><span class=\"section-title-main\" style=\"color:rgb(14, 24, 184);\">Aplicaci\u00f3n<\/span><b><\/b><\/h2><\/div>\n\t\t<\/div>\n\t\t\t<\/div>\n\n\t\n\n\t<div id=\"col-170103970\" class=\"col medium-6 small-12 large-6\"  >\n\t\t<div class=\"col-inner\"  >\n\t\t\t\n\t<div class=\"is-border\"\n\t\tstyle=\"border-color:rgb(255, 195, 0);border-radius:50px;border-width:2px 2px 2px 2;\">\n\t<\/div>\n\t\t\t\n\t<div class=\"box has-hover   has-hover box-text-bottom\" >\n\n\t\t<div class=\"box-image\" >\n\t\t\t\t\t\t<div class=\"\" >\n\t\t\t\t<img loading=\"lazy\" decoding=\"async\" width=\"800\" height=\"490\" src=\"https:\/\/www.cycjetes.com\/wp-content\/uploads\/2021\/09\/ICM-TIP-02-app-1.webp\" class=\"attachment- size-\" alt=\"\" srcset=\"https:\/\/www.cycjetes.com\/wp-content\/uploads\/2021\/09\/ICM-TIP-02-app-1.webp 800w, https:\/\/www.cycjetes.com\/wp-content\/uploads\/2021\/09\/ICM-TIP-02-app-1-300x184.webp 300w, https:\/\/www.cycjetes.com\/wp-content\/uploads\/2021\/09\/ICM-TIP-02-app-1-768x470.webp 768w, https:\/\/www.cycjetes.com\/wp-content\/uploads\/2021\/09\/ICM-TIP-02-app-1-600x368.webp 600w\" sizes=\"auto, (max-width: 800px) 100vw, 800px\" \/>\t\t\t\t\t\t\t\t\t\t\t<\/div>\n\t\t\t\t\t<\/div>\n\n\t\t<div class=\"box-text text-center\" >\n\t\t\t<div class=\"box-text-inner\">\n\t\t\t\t\n<h3><span style=\"color: #000080\">Huevos<\/span><\/h3>\n<div class=\"text\">\n<div class=\"description\">Smart II puede usar hasta cuatro cabezales de impresi\u00f3n para trabajar juntos, para realizar impresi\u00f3n por inyecci\u00f3n de tinta en huevos con bandeja para huevos. La m\u00e1quina tiene impresi\u00f3n de alta resoluci\u00f3n y mantenimiento cero.<\/div>\n<\/div>\n\t\t\t<\/div>\n\t\t<\/div>\n\t<\/div>\n\t\n\t\t<\/div>\n\t\t\t<\/div>\n\n\t\n\n\t<div id=\"col-766354680\" class=\"col medium-6 small-12 large-6\"  >\n\t\t<div class=\"col-inner\"  >\n\t\t\t\n\t<div class=\"is-border\"\n\t\tstyle=\"border-color:rgb(255, 195, 0);border-radius:50px;border-width:2px 2px 2px 2;\">\n\t<\/div>\n\t\t\t\n\t<div class=\"box has-hover   has-hover box-text-bottom\" >\n\n\t\t<div class=\"box-image\" >\n\t\t\t\t\t\t<div class=\"\" >\n\t\t\t\t<img loading=\"lazy\" decoding=\"async\" width=\"800\" height=\"490\" src=\"https:\/\/www.cycjetes.com\/wp-content\/uploads\/2021\/09\/ICM-TIP-02-app-2.webp\" class=\"attachment- size-\" alt=\"\" srcset=\"https:\/\/www.cycjetes.com\/wp-content\/uploads\/2021\/09\/ICM-TIP-02-app-2.webp 800w, https:\/\/www.cycjetes.com\/wp-content\/uploads\/2021\/09\/ICM-TIP-02-app-2-300x184.webp 300w, https:\/\/www.cycjetes.com\/wp-content\/uploads\/2021\/09\/ICM-TIP-02-app-2-768x470.webp 768w, https:\/\/www.cycjetes.com\/wp-content\/uploads\/2021\/09\/ICM-TIP-02-app-2-600x368.webp 600w\" sizes=\"auto, (max-width: 800px) 100vw, 800px\" \/>\t\t\t\t\t\t\t\t\t\t\t<\/div>\n\t\t\t\t\t<\/div>\n\n\t\t<div class=\"box-text text-center\" >\n\t\t\t<div class=\"box-text-inner\">\n\t\t\t\t\n<h4><span style=\"color: #333399\">Caja de Medicina<\/span><\/h4>\n<p>El c\u00f3digo \u00fanico como el c\u00f3digo QR o el c\u00f3digo Data Matrix es muy popular en los empaques de medicina hoy en d\u00eda. La Smart II de CYCJET puede trabajar con la l\u00ednea de producci\u00f3n y leer datos del sistema anti-falsificaci\u00f3n para luego imprimir el c\u00f3digo QR.<\/p>\n\t\t\t<\/div>\n\t\t<\/div>\n\t<\/div>\n\t\n\t\t<\/div>\n\t\t\t<\/div>\n\n\t\n<\/div>\n<div class=\"row\"  id=\"row-1177716770\">\n\n\t<div id=\"col-257504163\" class=\"col small-12 large-12\"  >\n\t\t<div class=\"col-inner\"  >\n\t\t\t\n\t\t\t\n<div class=\"container section-title-container\" ><h2 class=\"section-title section-title-center\"><b><\/b><span class=\"section-title-main\" style=\"color:rgb(14, 24, 184);\">Especificaciones T\u00e9cnicas<\/span><b><\/b><\/h2><\/div>\n\t\t<\/div>\n\t\t\t<\/div>\n\n\t\n\n\t<div id=\"col-813943406\" class=\"col small-12 large-12\"  >\n\t\t<div class=\"col-inner\"  >\n\t\t\t\n\t\t\t\n<div class=\"tem378-irregular noScrollMove bgFixed clearBg\">\n<div id=\"ueditor_1570853873255\" class=\"noScrollMove\">\n<div class=\"container\">\n<div class=\"table-responsive\">\n<table class=\"table table-bordered table-hover\">\n<tbody>\n<tr class=\"firstRow\">\n<td valign=\"center\" width=\"92\">Tipo<\/td>\n<td valign=\"center\" width=\"469\">Alta Resoluci\u00f3n\/TIJ\/Impresora de Inyecci\u00f3n de Tinta Inline Peque\u00f1a<\/td>\n<\/tr>\n<tr>\n<td valign=\"center\" width=\"92\">Altura de Impresi\u00f3n<\/td>\n<td valign=\"center\" width=\"469\">2-12,7 mm<\/td>\n<\/tr>\n<tr>\n<td valign=\"center\" width=\"92\">Espaciado de Impresi\u00f3n<\/td>\n<td valign=\"center\" width=\"469\">1 mm-3 mm, sujeto al contenido de impresi\u00f3n y tipo de tinta<\/td>\n<\/tr>\n<tr>\n<td valign=\"center\" width=\"92\">L\u00edneas de Impresi\u00f3n<\/td>\n<td valign=\"center\" width=\"469\">Las l\u00edneas son ilimitadas dentro de la altura m\u00e1xima de 12,7 mm con un solo cabezal. M\u00e1ximo puede tener 4 cabezales de impresi\u00f3n.<\/td>\n<\/tr>\n<tr>\n<td valign=\"center\" width=\"92\">Longitud de Impresi\u00f3n<\/td>\n<td valign=\"center\" width=\"469\">Archivo \u00fanico longitud m\u00e1xima 90 mm<\/td>\n<\/tr>\n<tr>\n<td valign=\"center\" width=\"92\">Velocidad de Impresi\u00f3n<\/td>\n<td valign=\"center\" width=\"469\">60 m\/min<\/td>\n<\/tr>\n<tr>\n<td valign=\"center\" width=\"92\">Resoluci\u00f3n de Impresi\u00f3n<\/td>\n<td valign=\"center\" width=\"469\">Altura de resoluci\u00f3n es 185 DPI; resoluci\u00f3n en direcci\u00f3n cruzada 100-600 DPI puede ajustarse<\/td>\n<\/tr>\n<tr>\n<td valign=\"center\" width=\"92\">Fuentes de Impresi\u00f3n<\/td>\n<td valign=\"center\" width=\"469\">Fuentes incorporadas variadas, y barras horizontales, barras verticales, matriz de puntos, fuente en negrita pueden cambiarse libremente.<\/td>\n<\/tr>\n<tr>\n<td valign=\"center\" width=\"92\">Contenido de Impresi\u00f3n<\/td>\n<td valign=\"center\" width=\"469\">Fecha real, hora real, foto, letra, grupo de turno, n\u00famero de serie, n\u00famero de lote, c\u00f3digo de barras y c\u00f3digo 2D pueden imprimirse libremente.<\/td>\n<\/tr>\n<tr>\n<td valign=\"center\" width=\"92\">Direcci\u00f3n de Impresi\u00f3n<\/td>\n<td valign=\"center\" width=\"469\">Impresi\u00f3n lateral (impresi\u00f3n hacia arriba y hacia abajo opcional)<\/td>\n<\/tr>\n<tr>\n<td valign=\"center\" width=\"92\">Biblioteca de Fuentes<\/td>\n<td valign=\"center\" width=\"469\">Biblioteca est\u00e1ndar de fuentes en chino e ingl\u00e9s, y bibliotecas de fuentes en espa\u00f1ol, portugu\u00e9s, \u00e1rabe opcionales<\/td>\n<\/tr>\n<tr>\n<td valign=\"center\" width=\"92\">Interfaces de Operador<\/td>\n<td valign=\"center\" width=\"469\">Men\u00fa estilo imagen &amp; chino o ingl\u00e9s (espa\u00f1ol, portugu\u00e9s, \u00e1rabe), lo que ves es lo que obtienes.<\/td>\n<\/tr>\n<tr>\n<td valign=\"center\" width=\"92\">Funci\u00f3n de Memoria<\/td>\n<td valign=\"center\" width=\"469\">M\u00e1s de 1000 textos pueden almacenarse<\/td>\n<\/tr>\n<tr>\n<td valign=\"center\" width=\"92\">Pantalla<\/td>\n<td valign=\"center\" width=\"469\">Pantalla t\u00e1ctil a color de 3,5 pulgadas<\/td>\n<\/tr>\n<tr>\n<td rowspan=\"2\" valign=\"center\" width=\"92\">Tipo de Tinta<\/td>\n<td valign=\"center\" width=\"469\">El cabezal de impresi\u00f3n y la tinta son uno, f\u00e1cil de renovar. Y puede evitar la contaminaci\u00f3n ambiental. Tiene advertencia de nivel bajo. Puede afectar la impresi\u00f3n consistente cuando se renueva el cartucho de tinta.<\/td>\n<\/tr>\n<tr>\n<td valign=\"center\" width=\"469\">Puede imprimir sobre superficies de pl\u00e1stico, vidrio, metal, papel, madera&#8230;<\/td>\n<\/tr>\n<tr>\n<td valign=\"center\" width=\"92\">Color de Tinta<\/td>\n<td valign=\"center\" width=\"469\">Negro, rojo, amarillo, azul, verde, blanco, etc.<\/td>\n<\/tr>\n<tr>\n<td valign=\"center\" width=\"92\">Cada Cartucho de Tinta<\/td>\n<td valign=\"center\" width=\"469\">Cada cartucho puede imprimir caracteres de 2 mm hasta 400,000 piezas en producci\u00f3n eficiente<\/td>\n<\/tr>\n<tr>\n<td rowspan=\"2\" valign=\"center\" width=\"92\">Peso de la M\u00e1quina Dimensi\u00f3n de la M\u00e1quina<\/td>\n<td valign=\"center\" width=\"469\">6 KG<\/td>\n<\/tr>\n<tr>\n<td valign=\"center\" width=\"469\">39*31*30 cm<\/td>\n<\/tr>\n<tr>\n<td valign=\"center\" width=\"92\">Fuente de Poder<\/td>\n<td valign=\"center\" width=\"469\">El cargador de entrada AC100V-260V, 50-60Hz, salida DC 12V<\/td>\n<\/tr>\n<tr>\n<td valign=\"center\" width=\"92\">Rango de Humedad<\/td>\n<td valign=\"center\" width=\"469\">10-90% sin condensaci\u00f3n<\/td>\n<\/tr>\n<tr>\n<td valign=\"center\" width=\"92\">Rango de Temperatura<\/td>\n<td valign=\"center\" width=\"469\">5-40\u00b0C<\/td>\n<\/tr>\n<tr>\n<td valign=\"center\" width=\"92\">Interfaz Externa<\/td>\n<td valign=\"center\" width=\"469\">Interfaz USB, sensor (opcional), sincronizador (opcional).<\/td>\n<\/tr>\n<tr>\n<td valign=\"center\" width=\"92\">Otros<\/td>\n<td valign=\"center\" width=\"469\">No necesita conexi\u00f3n a aire comprimido externo, y no necesita disolvente (ej. solvente)<\/td>\n<\/tr>\n<\/tbody>\n<\/table>\n<\/div>\n<\/div>\n<\/div>\n<\/div>\n\t\t<\/div>\n\t\t\t<\/div>\n\n\t\n<\/div>\n","protected":false},"excerpt":{"rendered":"<table style=\"font-size: 14. 4px\">\n<tbody>\n<tr>\n<td width=\"176\"><strong>Modelo:<\/strong><\/td>\n<td width=\"182\">Smart II<\/td>\n<\/tr>\n<tr>\n<td width=\"176\"><strong>Marca: <\/strong><\/td>\n<td width=\"182\">CYCJET<\/td>\n<\/tr>\n<tr>\n<td width=\"176\"><strong>MOQ<\/strong>:<\/td>\n<td width=\"182\">1 Set<\/td>\n<\/tr>\n<tr>\n<td width=\"176\"><strong>Certificaci\u00f3n: <\/strong><\/td>\n<td width=\"182\">CE<\/td>\n<\/tr>\n<tr>\n<td width=\"176\"><strong>Pago:<\/strong><\/td>\n<td width=\"182\">T \/ T, L \/ C, Western Union, Paypal<\/td>\n<\/tr>\n<tr>\n<td width=\"176\"><strong>Garant\u00eda:<\/strong><\/td>\n<td width=\"182\">1A\u00f1o<\/td>\n<\/tr>\n<\/tbody>\n<\/table>\n<\/table>\n","protected":false},"featured_media":460,"comment_status":"closed","ping_status":"closed","template":"","meta":[],"product_brand":[],"product_cat":[19,20],"product_tag":[],"class_list":{"0":"post-118","1":"product","2":"type-product","3":"status-publish","4":"has-post-thumbnail","6":"product_cat-inkjet-coding-machines","7":"product_cat-tij-inkjet-printer","9":"first","10":"instock","11":"shipping-taxable","12":"product-type-simple"},"yoast_head":"<!-- This site is optimized with the Yoast SEO plugin v25.2 - https:\/\/yoast.com\/wordpress\/plugins\/seo\/ -->\n<title>Sistema autom\u00e1tico de impresi\u00f3n por chorro de tinta CYCJET TIJ - CYCJET<\/title>\n<meta name=\"robots\" content=\"index, follow, max-snippet:-1, max-image-preview:large, max-video-preview:-1\" \/>\n<link rel=\"canonical\" href=\"https:\/\/www.cycjetes.com\/?product=cycjet-tij-automatic-inkjet-printing-system\" \/>\n<meta property=\"og:locale\" content=\"en_US\" \/>\n<meta property=\"og:type\" content=\"article\" \/>\n<meta property=\"og:title\" content=\"Sistema autom\u00e1tico de impresi\u00f3n por chorro de tinta CYCJET TIJ - CYCJET\" \/>\n<meta property=\"og:description\" content=\"Modelo: Smart II   Marca:  CYCJET   MOQ: 1 Set   Certificaci\u00f3n:  CE   Pago: T \/ T, L \/ C, Western Union, Paypal   Garant\u00eda: 1A\u00f1o\" \/>\n<meta property=\"og:url\" content=\"https:\/\/www.cycjetes.com\/?product=cycjet-tij-automatic-inkjet-printing-system\" \/>\n<meta property=\"og:site_name\" content=\"CYCJET\" \/>\n<meta property=\"article:modified_time\" content=\"2025-06-06T09:06:43+00:00\" \/>\n<meta property=\"og:image\" content=\"https:\/\/www.cycjetes.com\/wp-content\/uploads\/2021\/08\/15840786749099.jpg\" \/>\n\t<meta property=\"og:image:width\" content=\"1000\" \/>\n\t<meta property=\"og:image:height\" content=\"1000\" \/>\n\t<meta property=\"og:image:type\" content=\"image\/jpeg\" \/>\n<meta name=\"twitter:card\" content=\"summary_large_image\" \/>\n<script type=\"application\/ld+json\" class=\"yoast-schema-graph\">{\"@context\":\"https:\/\/schema.org\",\"@graph\":[{\"@type\":\"WebPage\",\"@id\":\"https:\/\/www.cycjetes.com\/?product=cycjet-tij-automatic-inkjet-printing-system\",\"url\":\"https:\/\/www.cycjetes.com\/?product=cycjet-tij-automatic-inkjet-printing-system\",\"name\":\"Sistema autom\u00e1tico de impresi\u00f3n por chorro de tinta CYCJET TIJ - CYCJET\",\"isPartOf\":{\"@id\":\"https:\/\/www.cycjetes.com\/#website\"},\"primaryImageOfPage\":{\"@id\":\"https:\/\/www.cycjetes.com\/?product=cycjet-tij-automatic-inkjet-printing-system#primaryimage\"},\"image\":{\"@id\":\"https:\/\/www.cycjetes.com\/?product=cycjet-tij-automatic-inkjet-printing-system#primaryimage\"},\"thumbnailUrl\":\"https:\/\/www.cycjetes.com\/wp-content\/uploads\/2021\/08\/15840786749099.jpg\",\"datePublished\":\"2021-08-09T07:40:55+00:00\",\"dateModified\":\"2025-06-06T09:06:43+00:00\",\"breadcrumb\":{\"@id\":\"https:\/\/www.cycjetes.com\/?product=cycjet-tij-automatic-inkjet-printing-system#breadcrumb\"},\"inLanguage\":\"en-US\",\"potentialAction\":[{\"@type\":\"ReadAction\",\"target\":[\"https:\/\/www.cycjetes.com\/?product=cycjet-tij-automatic-inkjet-printing-system\"]}]},{\"@type\":\"ImageObject\",\"inLanguage\":\"en-US\",\"@id\":\"https:\/\/www.cycjetes.com\/?product=cycjet-tij-automatic-inkjet-printing-system#primaryimage\",\"url\":\"https:\/\/www.cycjetes.com\/wp-content\/uploads\/2021\/08\/15840786749099.jpg\",\"contentUrl\":\"https:\/\/www.cycjetes.com\/wp-content\/uploads\/2021\/08\/15840786749099.jpg\",\"width\":1000,\"height\":1000},{\"@type\":\"BreadcrumbList\",\"@id\":\"https:\/\/www.cycjetes.com\/?product=cycjet-tij-automatic-inkjet-printing-system#breadcrumb\",\"itemListElement\":[{\"@type\":\"ListItem\",\"position\":1,\"name\":\"Home\",\"item\":\"https:\/\/www.cycjetes.com\/\"},{\"@type\":\"ListItem\",\"position\":2,\"name\":\"Products\",\"item\":\"https:\/\/www.cycjetes.com\/?page_id=7\"},{\"@type\":\"ListItem\",\"position\":3,\"name\":\"Sistema autom\u00e1tico de impresi\u00f3n por chorro de tinta CYCJET TIJ\"}]},{\"@type\":\"WebSite\",\"@id\":\"https:\/\/www.cycjetes.com\/#website\",\"url\":\"https:\/\/www.cycjetes.com\/\",\"name\":\"CYCJET\",\"description\":\"\",\"potentialAction\":[{\"@type\":\"SearchAction\",\"target\":{\"@type\":\"EntryPoint\",\"urlTemplate\":\"https:\/\/www.cycjetes.com\/?s={search_term_string}\"},\"query-input\":{\"@type\":\"PropertyValueSpecification\",\"valueRequired\":true,\"valueName\":\"search_term_string\"}}],\"inLanguage\":\"en-US\"}]}<\/script>\n<!-- \/ Yoast SEO plugin. -->","yoast_head_json":{"title":"Sistema autom\u00e1tico de impresi\u00f3n por chorro de tinta CYCJET TIJ - CYCJET","robots":{"index":"index","follow":"follow","max-snippet":"max-snippet:-1","max-image-preview":"max-image-preview:large","max-video-preview":"max-video-preview:-1"},"canonical":"https:\/\/www.cycjetes.com\/?product=cycjet-tij-automatic-inkjet-printing-system","og_locale":"en_US","og_type":"article","og_title":"Sistema autom\u00e1tico de impresi\u00f3n por chorro de tinta CYCJET TIJ - CYCJET","og_description":"Modelo: Smart II   Marca:  CYCJET   MOQ: 1 Set   Certificaci\u00f3n:  CE   Pago: T \/ T, L \/ C, Western Union, Paypal   Garant\u00eda: 1A\u00f1o","og_url":"https:\/\/www.cycjetes.com\/?product=cycjet-tij-automatic-inkjet-printing-system","og_site_name":"CYCJET","article_modified_time":"2025-06-06T09:06:43+00:00","og_image":[{"width":1000,"height":1000,"url":"https:\/\/www.cycjetes.com\/wp-content\/uploads\/2021\/08\/15840786749099.jpg","type":"image\/jpeg"}],"twitter_card":"summary_large_image","schema":{"@context":"https:\/\/schema.org","@graph":[{"@type":"WebPage","@id":"https:\/\/www.cycjetes.com\/?product=cycjet-tij-automatic-inkjet-printing-system","url":"https:\/\/www.cycjetes.com\/?product=cycjet-tij-automatic-inkjet-printing-system","name":"Sistema autom\u00e1tico de impresi\u00f3n por chorro de tinta CYCJET TIJ - CYCJET","isPartOf":{"@id":"https:\/\/www.cycjetes.com\/#website"},"primaryImageOfPage":{"@id":"https:\/\/www.cycjetes.com\/?product=cycjet-tij-automatic-inkjet-printing-system#primaryimage"},"image":{"@id":"https:\/\/www.cycjetes.com\/?product=cycjet-tij-automatic-inkjet-printing-system#primaryimage"},"thumbnailUrl":"https:\/\/www.cycjetes.com\/wp-content\/uploads\/2021\/08\/15840786749099.jpg","datePublished":"2021-08-09T07:40:55+00:00","dateModified":"2025-06-06T09:06:43+00:00","breadcrumb":{"@id":"https:\/\/www.cycjetes.com\/?product=cycjet-tij-automatic-inkjet-printing-system#breadcrumb"},"inLanguage":"en-US","potentialAction":[{"@type":"ReadAction","target":["https:\/\/www.cycjetes.com\/?product=cycjet-tij-automatic-inkjet-printing-system"]}]},{"@type":"ImageObject","inLanguage":"en-US","@id":"https:\/\/www.cycjetes.com\/?product=cycjet-tij-automatic-inkjet-printing-system#primaryimage","url":"https:\/\/www.cycjetes.com\/wp-content\/uploads\/2021\/08\/15840786749099.jpg","contentUrl":"https:\/\/www.cycjetes.com\/wp-content\/uploads\/2021\/08\/15840786749099.jpg","width":1000,"height":1000},{"@type":"BreadcrumbList","@id":"https:\/\/www.cycjetes.com\/?product=cycjet-tij-automatic-inkjet-printing-system#breadcrumb","itemListElement":[{"@type":"ListItem","position":1,"name":"Home","item":"https:\/\/www.cycjetes.com\/"},{"@type":"ListItem","position":2,"name":"Products","item":"https:\/\/www.cycjetes.com\/?page_id=7"},{"@type":"ListItem","position":3,"name":"Sistema autom\u00e1tico de impresi\u00f3n por chorro de tinta CYCJET TIJ"}]},{"@type":"WebSite","@id":"https:\/\/www.cycjetes.com\/#website","url":"https:\/\/www.cycjetes.com\/","name":"CYCJET","description":"","potentialAction":[{"@type":"SearchAction","target":{"@type":"EntryPoint","urlTemplate":"https:\/\/www.cycjetes.com\/?s={search_term_string}"},"query-input":{"@type":"PropertyValueSpecification","valueRequired":true,"valueName":"search_term_string"}}],"inLanguage":"en-US"}]}},"_links":{"self":[{"href":"https:\/\/www.cycjetes.com\/index.php?rest_route=\/wp\/v2\/product\/118","targetHints":{"allow":["GET"]}}],"collection":[{"href":"https:\/\/www.cycjetes.com\/index.php?rest_route=\/wp\/v2\/product"}],"about":[{"href":"https:\/\/www.cycjetes.com\/index.php?rest_route=\/wp\/v2\/types\/product"}],"replies":[{"embeddable":true,"href":"https:\/\/www.cycjetes.com\/index.php?rest_route=%2Fwp%2Fv2%2Fcomments&post=118"}],"wp:featuredmedia":[{"embeddable":true,"href":"https:\/\/www.cycjetes.com\/index.php?rest_route=\/wp\/v2\/media\/460"}],"wp:attachment":[{"href":"https:\/\/www.cycjetes.com\/index.php?rest_route=%2Fwp%2Fv2%2Fmedia&parent=118"}],"wp:term":[{"taxonomy":"product_brand","embeddable":true,"href":"https:\/\/www.cycjetes.com\/index.php?rest_route=%2Fwp%2Fv2%2Fproduct_brand&post=118"},{"taxonomy":"product_cat","embeddable":true,"href":"https:\/\/www.cycjetes.com\/index.php?rest_route=%2Fwp%2Fv2%2Fproduct_cat&post=118"},{"taxonomy":"product_tag","embeddable":true,"href":"https:\/\/www.cycjetes.com\/index.php?rest_route=%2Fwp%2Fv2%2Fproduct_tag&post=118"}],"curies":[{"name":"wp","href":"https:\/\/api.w.org\/{rel}","templated":true}]}}