{"id":105,"date":"2021-08-09T06:48:23","date_gmt":"2021-08-09T06:48:23","guid":{"rendered":"https:\/\/spcycjet.tradeoptimize-clients.com\/?post_type=product&#038;p=105"},"modified":"2025-06-06T09:15:11","modified_gmt":"2025-06-06T09:15:11","slug":"cycjet-handheld-fiber-laser-marking-machine-20w","status":"publish","type":"product","link":"https:\/\/www.cycjetes.com\/?product=cycjet-handheld-fiber-laser-marking-machine-20w","title":{"rendered":"M\u00e1quina de marcado l\u00e1ser de fibra \u00f3ptica port\u00e1til CYCJET 20w"},"content":{"rendered":"<div class=\"row row-full-width\"  id=\"row-830625737\">\n\n\t<div id=\"col-1708877086\" class=\"col medium-6 small-12 large-6\"  data-animate=\"fadeInLeft\">\n\t\t<div class=\"col-inner\"  >\n\t\t\t\n\t\t\t\n<div class=\"tem378-irregular noScrollMove bgFixed clearBg\">\n<div class=\"content-right content-section noScrollMove tem44-irregular\">\n<div class=\"container\">\n<div class=\"row\">\n<div class=\"flexBoxStem irregular-item\">\n<div class=\"flexBoxFill col-lg-9 col-md-9 col-sm-9 col-xs-12 content-float\">\n<div>\n<div class=\"tem06-irregular-text wow animated fadeInUp animated animated animated animated animated animated animated animated animated animated animated animated animated animated animated animated animated animated animated animated animated animated animated animated\">\n<div class=\"h2 bg-color-after font-color-gray-level-3 title\">\n<section>\n<h3><span style=\"color: #333399\"><strong>DESCRIPCI\u00d3N DEL PRODUCTO<\/strong><\/span><\/h3>\n<\/section>\n<\/div>\n<div class=\"text description\">\n<section>La M\u00e1quina de Marcado L\u00e1ser de Fibra de Mano fue dise\u00f1ada para algunos productos que no pueden marcarse en l\u00ednea, o para lugares estrechos donde la m\u00e1quina normal no puede llegar. El objeto de trabajo es un producto pesado o m\u00e1s grande, como barras met\u00e1licas, bloques met\u00e1licos, neum\u00e1ticos de cami\u00f3n, estructura de acero, maquinaria, autom\u00f3viles. La m\u00e1quina puede fijarse en un carrito y moverse a cualquier lugar que necesite marcado l\u00e1ser, lo que la hace m\u00e1s conveniente y f\u00e1cil de operar.<br \/>\nComo fuente s\u00f3lida de l\u00e1ser, la principal aplicaci\u00f3n del l\u00e1ser de fibra es el marcado met\u00e1lico, grabado met\u00e1lico, corte met\u00e1lico, soldadura met\u00e1lica, etc. El estado de trabajo es m\u00e1s estable y la vida \u00fatil m\u00e1s larga que el l\u00e1ser CO2 y el l\u00e1ser UV.<\/section>\n<\/div>\n<\/div>\n<\/div>\n<\/div>\n<\/div>\n<\/div>\n<\/div>\n<\/div>\n<\/div>\n\t\t<\/div>\n\t\t\t<\/div>\n\n\t\n\n\t<div id=\"col-1471969968\" class=\"col medium-6 small-12 large-6\"  data-animate=\"fadeInRight\">\n\t\t<div class=\"col-inner\"  >\n\t\t\t\n\t\t\t\n\t<div class=\"img has-hover x md-x lg-x y md-y lg-y\" id=\"image_1279021696\">\n\t\t\t\t\t\t\t\t<div class=\"img-inner dark\" >\n\t\t\t<img loading=\"lazy\" decoding=\"async\" width=\"750\" height=\"564\" src=\"https:\/\/www.cycjetes.com\/wp-content\/uploads\/2021\/09\/LMM-HLM-01.webp\" class=\"attachment-large size-large\" alt=\"\" srcset=\"https:\/\/www.cycjetes.com\/wp-content\/uploads\/2021\/09\/LMM-HLM-01.webp 750w, https:\/\/www.cycjetes.com\/wp-content\/uploads\/2021\/09\/LMM-HLM-01-300x226.webp 300w, https:\/\/www.cycjetes.com\/wp-content\/uploads\/2021\/09\/LMM-HLM-01-600x451.webp 600w\" sizes=\"auto, (max-width: 750px) 100vw, 750px\" \/>\t\t\t\t\t\t\n\t\t\t\t\t<\/div>\n\t\t\t\t\t\t\t\t\n<style>\n#image_1279021696 {\n  width: 100%;\n}\n<\/style>\n\t<\/div>\n\t\n\t\t<\/div>\n\t\t\t<\/div>\n\n\t\n<\/div>\n<div class=\"row row-full-width\"  id=\"row-1651221974\">\n\n\t<div id=\"col-2137098526\" class=\"col small-12 large-12\"  >\n\t\t<div class=\"col-inner\"  >\n\t\t\t\n\t\t\t\n<div class=\"container section-title-container\" ><h2 class=\"section-title section-title-center\"><b><\/b><span class=\"section-title-main\" style=\"color:rgb(14, 24, 184);\">Aplicaci\u00f3n<\/span><b><\/b><\/h2><\/div>\n\t\t<\/div>\n\t\t\t<\/div>\n\n\t\n\n\t<div id=\"col-1116708883\" class=\"col medium-6 small-12 large-6\"  >\n\t\t<div class=\"col-inner\"  >\n\t\t\t\n\t<div class=\"is-border\"\n\t\tstyle=\"border-color:rgb(255, 195, 0);border-radius:50px;border-width:2px 2px 2px 2px;\">\n\t<\/div>\n\t\t\t\n\t<div class=\"box has-hover   has-hover box-text-bottom\" >\n\n\t\t<div class=\"box-image\" >\n\t\t\t\t\t\t<div class=\"\" >\n\t\t\t\t<img loading=\"lazy\" decoding=\"async\" width=\"750\" height=\"500\" src=\"https:\/\/www.cycjetes.com\/wp-content\/uploads\/2021\/09\/LMM-HLM-01-app-1.webp\" class=\"attachment- size-\" alt=\"\" srcset=\"https:\/\/www.cycjetes.com\/wp-content\/uploads\/2021\/09\/LMM-HLM-01-app-1.webp 750w, https:\/\/www.cycjetes.com\/wp-content\/uploads\/2021\/09\/LMM-HLM-01-app-1-300x200.webp 300w, https:\/\/www.cycjetes.com\/wp-content\/uploads\/2021\/09\/LMM-HLM-01-app-1-600x400.webp 600w\" sizes=\"auto, (max-width: 750px) 100vw, 750px\" \/>\t\t\t\t\t\t\t\t\t\t\t<\/div>\n\t\t\t\t\t<\/div>\n\n\t\t<div class=\"box-text text-center\" >\n\t\t\t<div class=\"box-text-inner\">\n\t\t\t\t\n<div class=\"text\">\n<h4 class=\"title\"><span style=\"color: #333399\"><strong>Marcado L\u00e1ser en Metal<\/strong><\/span><\/h4>\n<div class=\"text\">\n<div class=\"description\">El marcado l\u00e1ser de fibra de mano puede marcar y grabar mensajes en diferentes productos met\u00e1licos, como bloques de acero, barras, ladrillos de acero, l\u00e1minas de acero, maquinaria, moldeo por inyecci\u00f3n de pl\u00e1stico, etc. Puede marcar mensajes \u00fanicos seg\u00fan los requisitos del cliente.<\/div>\n<\/div>\n<\/div>\n\t\t\t<\/div>\n\t\t<\/div>\n\t<\/div>\n\t\n\t\t<\/div>\n\t\t\t<\/div>\n\n\t\n\n\t<div id=\"col-1989202757\" class=\"col medium-6 small-12 large-6\"  >\n\t\t<div class=\"col-inner\"  >\n\t\t\t\n\t<div class=\"is-border\"\n\t\tstyle=\"border-color:rgb(255, 195, 0);border-radius:50px;border-width:2px 2px 2px 2px;\">\n\t<\/div>\n\t\t\t\n\t<div class=\"box has-hover   has-hover box-text-bottom\" >\n\n\t\t<div class=\"box-image\" >\n\t\t\t\t\t\t<div class=\"\" >\n\t\t\t\t<img loading=\"lazy\" decoding=\"async\" width=\"750\" height=\"500\" src=\"https:\/\/www.cycjetes.com\/wp-content\/uploads\/2021\/09\/LMM-HLM-01-app-2.webp\" class=\"attachment- size-\" alt=\"\" srcset=\"https:\/\/www.cycjetes.com\/wp-content\/uploads\/2021\/09\/LMM-HLM-01-app-2.webp 750w, https:\/\/www.cycjetes.com\/wp-content\/uploads\/2021\/09\/LMM-HLM-01-app-2-300x200.webp 300w, https:\/\/www.cycjetes.com\/wp-content\/uploads\/2021\/09\/LMM-HLM-01-app-2-600x400.webp 600w\" sizes=\"auto, (max-width: 750px) 100vw, 750px\" \/>\t\t\t\t\t\t\t\t\t\t\t<\/div>\n\t\t\t\t\t<\/div>\n\n\t\t<div class=\"box-text text-center\" >\n\t\t\t<div class=\"box-text-inner\">\n\t\t\t\t\n<h4><span style=\"color: #333399\"><strong>Neum\u00e1ticos de Auto y Cami\u00f3n<\/strong><\/span><\/h4>\n<p>El seguimiento del territorio de ventas y el usuario final se ha convertido en una tendencia en la industria de neum\u00e1ticos para camiones y autos. El fabricante de neum\u00e1ticos necesita seguir y controlar el territorio de ventas para proteger las ganancias de los agentes. El C\u00d3DIGO QR creado por l\u00e1ser de mano debe marcarse profundamente para que la c\u00e1mara lo lea f\u00e1cilmente y lo cargue en la base de datos para comparaci\u00f3n.<\/p>\n\t\t\t<\/div>\n\t\t<\/div>\n\t<\/div>\n\t\n\t\t<\/div>\n\t\t\t<\/div>\n\n\t\n<\/div>\n<div class=\"row\"  id=\"row-455433811\">\n\n\t<div id=\"col-1058130545\" class=\"col small-12 large-12\"  >\n\t\t<div class=\"col-inner\"  >\n\t\t\t\n\t\t\t\n<div class=\"container section-title-container\" ><h2 class=\"section-title section-title-center\"><b><\/b><span class=\"section-title-main\" style=\"color:rgb(14, 24, 184);\">Especificaciones T\u00e9cnicas<\/span><b><\/b><\/h2><\/div>\n<table class=\"table table-bordered table-hover\">\n<tbody>\n<tr class=\"firstRow\">\n<td colspan=\"2\" align=\"left\" valign=\"middle\" width=\"445\">Modelo<\/td>\n<td colspan=\"2\" align=\"left\" valign=\"middle\" width=\"707\">Impresora L\u00e1ser de Mano D 100<\/td>\n<\/tr>\n<tr>\n<td colspan=\"2\" rowspan=\"9\" align=\"left\" valign=\"middle\" width=\"445\">RENDIMIENTO<\/td>\n<td align=\"left\" valign=\"middle\" width=\"157\">Material del Marco<\/td>\n<td align=\"left\" valign=\"middle\" width=\"378\">ALUM.<\/td>\n<\/tr>\n<tr>\n<td align=\"left\" valign=\"middle\" width=\"138\">Dispositivo L\u00e1ser<\/td>\n<td align=\"left\" valign=\"middle\" width=\"700\">L\u00e1ser de Fibra<\/td>\n<\/tr>\n<tr>\n<td align=\"left\" valign=\"middle\" width=\"138\">Potencia<\/td>\n<td align=\"left\" valign=\"middle\" width=\"700\">20W\/30W\/50W<\/td>\n<\/tr>\n<tr>\n<td align=\"left\" valign=\"middle\" width=\"138\">Longitud de Onda del L\u00e1ser<\/td>\n<td align=\"left\" valign=\"middle\" width=\"700\">1064nm<\/td>\n<\/tr>\n<tr>\n<td align=\"left\" valign=\"middle\" width=\"138\">Deflexi\u00f3n del Galvan\u00f3metro<\/td>\n<td align=\"left\" valign=\"middle\" width=\"700\">Sistema de escaneo dual dimensional de alta precisi\u00f3n<\/td>\n<\/tr>\n<tr>\n<td align=\"left\" valign=\"middle\" width=\"138\">Velocidad de Marcado<\/td>\n<td align=\"left\" valign=\"middle\" width=\"700\">\u22647000mm\/s<\/td>\n<\/tr>\n<tr>\n<td align=\"left\" valign=\"middle\" width=\"138\">Control Maestro<\/td>\n<td align=\"left\" valign=\"middle\" width=\"700\">Placa altamente integrada con pantalla t\u00e1ctil a color de 10 pulgadas<\/td>\n<\/tr>\n<tr>\n<td align=\"left\" valign=\"middle\" width=\"138\">Sistema Operativo<\/td>\n<td align=\"left\" valign=\"middle\" width=\"700\">Basado en LINUX con software de marcado de alta velocidad<\/td>\n<\/tr>\n<tr>\n<td align=\"left\" valign=\"middle\" width=\"138\">Refrigeraci\u00f3n<\/td>\n<td align=\"left\" valign=\"middle\" width=\"700\">Refrigeraci\u00f3n por aire<\/td>\n<\/tr>\n<tr>\n<td colspan=\"2\" rowspan=\"7\" align=\"left\" valign=\"middle\" width=\"445\">Especificaciones de Marcado<\/td>\n<td align=\"left\" valign=\"middle\" width=\"157\">Distancia de Enfoque<\/td>\n<td align=\"left\" valign=\"middle\" width=\"378\">Enfoque 190mm<\/td>\n<\/tr>\n<tr>\n<td align=\"left\" valign=\"middle\" width=\"138\">Tipo de l\u00ednea de marcado<\/td>\n<td align=\"left\" valign=\"middle\" width=\"700\">Matriz de puntos, negrita, vector todo en uno (tanto matriz de puntos como vector)<\/td>\n<\/tr>\n<tr>\n<td align=\"left\" valign=\"middle\" width=\"138\">Ancho m\u00ednimo de l\u00ednea<\/td>\n<td align=\"left\" valign=\"middle\" width=\"700\">0.012mm<\/td>\n<\/tr>\n<tr>\n<td align=\"left\" valign=\"middle\" width=\"290\">Precisi\u00f3n en posicionamiento repetitivo<\/td>\n<td align=\"left\" valign=\"middle\" width=\"700\">0.003mm<\/td>\n<\/tr>\n<tr>\n<td align=\"left\" valign=\"middle\" width=\"138\">\u00c1rea de marcado<\/td>\n<td align=\"left\" valign=\"middle\" width=\"700\">Est\u00e1ndar 110mm\u00d7110mm (personalizable disponible)<\/td>\n<\/tr>\n<tr>\n<td align=\"left\" valign=\"middle\" width=\"138\">Altura de marcado<\/td>\n<td align=\"left\" valign=\"middle\" width=\"700\">Altura est\u00e1ndar de caracteres 110mm<\/td>\n<\/tr>\n<tr>\n<td align=\"left\" valign=\"middle\" width=\"138\">Longitud de marcado<\/td>\n<td align=\"left\" valign=\"middle\" width=\"700\">Ilimitada<\/td>\n<\/tr>\n<tr>\n<td colspan=\"2\" rowspan=\"2\" align=\"left\" valign=\"middle\" width=\"445\"><\/td>\n<td align=\"left\" valign=\"middle\" width=\"157\">Modo de posicionamiento<\/td>\n<td align=\"left\" valign=\"middle\" width=\"378\">Posicionamiento y enfoque con luz roja<\/td>\n<\/tr>\n<tr>\n<td align=\"left\" valign=\"middle\" width=\"138\">N\u00famero de caracteres<\/td>\n<td align=\"left\" valign=\"middle\" width=\"700\">Cualquier l\u00ednea (multi-l\u00ednea) dentro del rango de marcado<\/td>\n<\/tr>\n<tr>\n<td colspan=\"2\" rowspan=\"4\" align=\"left\" valign=\"middle\" width=\"479\">Tipo de soporte<\/td>\n<td align=\"left\" valign=\"middle\" width=\"157\">Tipo de fuente<\/td>\n<td align=\"left\" valign=\"middle\" width=\"378\">Chino, Ingl\u00e9s, personalizable<\/td>\n<\/tr>\n<tr>\n<td align=\"left\" valign=\"middle\" width=\"138\">Marcado<\/td>\n<td align=\"left\" valign=\"middle\" width=\"700\">N\u00famero, logotipo, imagen, letra, n\u00famero de serie, fecha y hora del sistema, etc.<\/td>\n<\/tr>\n<tr>\n<td align=\"left\" valign=\"middle\" width=\"138\">Formato de archivo<\/td>\n<td align=\"left\" valign=\"middle\" width=\"700\">PLT<\/td>\n<\/tr>\n<tr>\n<td align=\"left\" valign=\"middle\" width=\"138\">C\u00f3digo de barras<\/td>\n<td align=\"left\" valign=\"middle\" width=\"700\">CODE39, CODE128, CODE126, QR, Z-Code<\/td>\n<\/tr>\n<tr>\n<td colspan=\"2\" rowspan=\"4\" align=\"left\" valign=\"middle\" width=\"445\">Otros<\/td>\n<td align=\"left\" valign=\"middle\" width=\"157\">Fuente de alimentaci\u00f3n<\/td>\n<td align=\"left\" valign=\"middle\" width=\"378\">100-220V\/50-60HZ<\/td>\n<\/tr>\n<tr>\n<td align=\"left\" valign=\"middle\" width=\"138\">Consumo de energ\u00eda<\/td>\n<td align=\"left\" valign=\"middle\" width=\"700\">600W<\/td>\n<\/tr>\n<tr>\n<td align=\"left\" valign=\"middle\" width=\"138\">Peso neto<\/td>\n<td align=\"left\" valign=\"middle\" width=\"700\">40kg<\/td>\n<\/tr>\n<tr>\n<td align=\"left\" valign=\"middle\" width=\"138\">Dimensiones<\/td>\n<td align=\"left\" valign=\"middle\" width=\"700\">500mm X 450mm X 150mm<\/td>\n<\/tr>\n<tr>\n<td colspan=\"3\" align=\"left\" valign=\"middle\" width=\"300\">Requisitos ambientales<\/td>\n<td align=\"left\" valign=\"middle\" width=\"378\">0\u2103\uff0d45\u2103; humedad \u226495%; sin condensaci\u00f3n; sin vibraciones<\/td>\n<\/tr>\n<tr>\n<td colspan=\"4\" align=\"left\" valign=\"middle\" nowrap=\"nowrap\" width=\"678\"><strong>Est\u00e1ndar de calidad de la m\u00e1quina de marcado l\u00e1ser CYCJET<\/strong><\/td>\n<\/tr>\n<tr>\n<td valign=\"center\" width=\"203\">GB 7247-87<\/td>\n<td colspan=\"3\" valign=\"center\" width=\"1032\">Seguridad radiol\u00f3gica de productos l\u00e1ser, requisitos para clasificaci\u00f3n de equipos y gu\u00eda para el usuario<\/td>\n<\/tr>\n<tr>\n<td valign=\"center\" width=\"204\">GB10320-88<\/td>\n<td colspan=\"3\" valign=\"center\" width=\"1051\">Seguridad el\u00e9ctrica de equipos y instalaciones l\u00e1ser<\/td>\n<\/tr>\n<tr>\n<td valign=\"center\" width=\"204\">ISO 9000-3<\/td>\n<td colspan=\"3\" valign=\"center\" width=\"1053\">Est\u00e1ndares internacionales de software<\/td>\n<\/tr>\n<tr>\n<td valign=\"center\" width=\"204\">GB\/T12123-89<\/td>\n<td colspan=\"3\" valign=\"center\" width=\"1054\">Proceso de embalaje para venta<\/td>\n<\/tr>\n<tr>\n<td valign=\"center\" width=\"204\">IEC 536<\/td>\n<td colspan=\"3\" valign=\"center\" width=\"1054\">Clasificaci\u00f3n de equipos el\u00e9ctricos y electr\u00f3nicos para protecci\u00f3n contra choques el\u00e9ctricos<\/td>\n<\/tr>\n<\/tbody>\n<\/table>\n\t\t<\/div>\n\t\t\t<\/div>\n\n\t\n<\/div>\n","protected":false},"excerpt":{"rendered":"<table style=\"font-size: 14.4px\">\n<tbody>\n<tr>\n<td width=\"176\"><strong>Modelo:<\/strong><\/td>\n<td width=\"182\">20W<\/td>\n<\/tr>\n<tr>\n<td width=\"176\"><strong>Marca:<\/strong><\/td>\n<td width=\"182\">CYCJET<\/td>\n<\/tr>\n<tr>\n<td width=\"176\"><strong>Cantidad m\u00ednima de pedido (MOQ):<\/strong><\/td>\n<td width=\"182\">1 Set<\/td>\n<\/tr>\n<tr>\n<td width=\"176\"><strong>Certificaci\u00f3n:<\/strong><\/td>\n<td width=\"182\">CE, SGS, FDA<\/td>\n<\/tr>\n<tr>\n<td width=\"176\"><strong>Pago:<\/strong><\/td>\n<td width=\"182\">L\/C, Efectivo, Western Union, T\/T, Paypal<\/td>\n<\/tr>\n<tr>\n<td width=\"176\"><strong>Garant\u00eda:<\/strong><\/td>\n<td width=\"182\">1 A\u00f1o<\/td>\n<\/tr>\n<\/tbody>\n<\/table>\n","protected":false},"featured_media":258,"comment_status":"closed","ping_status":"closed","template":"","meta":[],"product_brand":[],"product_cat":[15,17],"product_tag":[],"class_list":{"0":"post-105","1":"product","2":"type-product","3":"status-publish","4":"has-post-thumbnail","6":"product_cat-laser-marking-machine","7":"product_cat-handheld-laser-marker","9":"first","10":"instock","11":"shipping-taxable","12":"product-type-simple"},"yoast_head":"<!-- This site is optimized with the Yoast SEO plugin v25.2 - https:\/\/yoast.com\/wordpress\/plugins\/seo\/ -->\n<title>M\u00e1quina de marcado l\u00e1ser de fibra \u00f3ptica port\u00e1til CYCJET 20w - CYCJET<\/title>\n<meta name=\"robots\" content=\"index, follow, max-snippet:-1, max-image-preview:large, max-video-preview:-1\" \/>\n<link rel=\"canonical\" href=\"https:\/\/www.cycjetes.com\/?product=cycjet-handheld-fiber-laser-marking-machine-20w\" \/>\n<meta property=\"og:locale\" content=\"en_US\" \/>\n<meta property=\"og:type\" content=\"article\" \/>\n<meta property=\"og:title\" content=\"M\u00e1quina de marcado l\u00e1ser de fibra \u00f3ptica port\u00e1til CYCJET 20w - CYCJET\" \/>\n<meta property=\"og:description\" content=\"Modelo: 20W   Marca: CYCJET   Cantidad m\u00ednima de pedido (MOQ): 1 Set   Certificaci\u00f3n: CE, SGS, FDA   Pago: L\/C, Efectivo, Western Union, T\/T, Paypal   Garant\u00eda: 1 A\u00f1o\" \/>\n<meta property=\"og:url\" content=\"https:\/\/www.cycjetes.com\/?product=cycjet-handheld-fiber-laser-marking-machine-20w\" \/>\n<meta property=\"og:site_name\" content=\"CYCJET\" \/>\n<meta property=\"article:modified_time\" content=\"2025-06-06T09:15:11+00:00\" \/>\n<meta property=\"og:image\" content=\"https:\/\/www.cycjetes.com\/wp-content\/uploads\/2021\/08\/15730084718388.jpg\" \/>\n\t<meta property=\"og:image:width\" content=\"750\" \/>\n\t<meta property=\"og:image:height\" content=\"750\" \/>\n\t<meta property=\"og:image:type\" content=\"image\/jpeg\" \/>\n<meta name=\"twitter:card\" content=\"summary_large_image\" \/>\n<script type=\"application\/ld+json\" class=\"yoast-schema-graph\">{\"@context\":\"https:\/\/schema.org\",\"@graph\":[{\"@type\":\"WebPage\",\"@id\":\"https:\/\/www.cycjetes.com\/?product=cycjet-handheld-fiber-laser-marking-machine-20w\",\"url\":\"https:\/\/www.cycjetes.com\/?product=cycjet-handheld-fiber-laser-marking-machine-20w\",\"name\":\"M\u00e1quina de marcado l\u00e1ser de fibra \u00f3ptica port\u00e1til CYCJET 20w - CYCJET\",\"isPartOf\":{\"@id\":\"https:\/\/www.cycjetes.com\/#website\"},\"primaryImageOfPage\":{\"@id\":\"https:\/\/www.cycjetes.com\/?product=cycjet-handheld-fiber-laser-marking-machine-20w#primaryimage\"},\"image\":{\"@id\":\"https:\/\/www.cycjetes.com\/?product=cycjet-handheld-fiber-laser-marking-machine-20w#primaryimage\"},\"thumbnailUrl\":\"https:\/\/www.cycjetes.com\/wp-content\/uploads\/2021\/08\/15730084718388.jpg\",\"datePublished\":\"2021-08-09T06:48:23+00:00\",\"dateModified\":\"2025-06-06T09:15:11+00:00\",\"breadcrumb\":{\"@id\":\"https:\/\/www.cycjetes.com\/?product=cycjet-handheld-fiber-laser-marking-machine-20w#breadcrumb\"},\"inLanguage\":\"en-US\",\"potentialAction\":[{\"@type\":\"ReadAction\",\"target\":[\"https:\/\/www.cycjetes.com\/?product=cycjet-handheld-fiber-laser-marking-machine-20w\"]}]},{\"@type\":\"ImageObject\",\"inLanguage\":\"en-US\",\"@id\":\"https:\/\/www.cycjetes.com\/?product=cycjet-handheld-fiber-laser-marking-machine-20w#primaryimage\",\"url\":\"https:\/\/www.cycjetes.com\/wp-content\/uploads\/2021\/08\/15730084718388.jpg\",\"contentUrl\":\"https:\/\/www.cycjetes.com\/wp-content\/uploads\/2021\/08\/15730084718388.jpg\",\"width\":750,\"height\":750},{\"@type\":\"BreadcrumbList\",\"@id\":\"https:\/\/www.cycjetes.com\/?product=cycjet-handheld-fiber-laser-marking-machine-20w#breadcrumb\",\"itemListElement\":[{\"@type\":\"ListItem\",\"position\":1,\"name\":\"Home\",\"item\":\"https:\/\/www.cycjetes.com\/\"},{\"@type\":\"ListItem\",\"position\":2,\"name\":\"Products\",\"item\":\"https:\/\/www.cycjetes.com\/?page_id=7\"},{\"@type\":\"ListItem\",\"position\":3,\"name\":\"M\u00e1quina de marcado l\u00e1ser de fibra \u00f3ptica port\u00e1til CYCJET 20w\"}]},{\"@type\":\"WebSite\",\"@id\":\"https:\/\/www.cycjetes.com\/#website\",\"url\":\"https:\/\/www.cycjetes.com\/\",\"name\":\"CYCJET\",\"description\":\"\",\"potentialAction\":[{\"@type\":\"SearchAction\",\"target\":{\"@type\":\"EntryPoint\",\"urlTemplate\":\"https:\/\/www.cycjetes.com\/?s={search_term_string}\"},\"query-input\":{\"@type\":\"PropertyValueSpecification\",\"valueRequired\":true,\"valueName\":\"search_term_string\"}}],\"inLanguage\":\"en-US\"}]}<\/script>\n<!-- \/ Yoast SEO plugin. -->","yoast_head_json":{"title":"M\u00e1quina de marcado l\u00e1ser de fibra \u00f3ptica port\u00e1til CYCJET 20w - CYCJET","robots":{"index":"index","follow":"follow","max-snippet":"max-snippet:-1","max-image-preview":"max-image-preview:large","max-video-preview":"max-video-preview:-1"},"canonical":"https:\/\/www.cycjetes.com\/?product=cycjet-handheld-fiber-laser-marking-machine-20w","og_locale":"en_US","og_type":"article","og_title":"M\u00e1quina de marcado l\u00e1ser de fibra \u00f3ptica port\u00e1til CYCJET 20w - CYCJET","og_description":"Modelo: 20W   Marca: CYCJET   Cantidad m\u00ednima de pedido (MOQ): 1 Set   Certificaci\u00f3n: CE, SGS, FDA   Pago: L\/C, Efectivo, Western Union, T\/T, Paypal   Garant\u00eda: 1 A\u00f1o","og_url":"https:\/\/www.cycjetes.com\/?product=cycjet-handheld-fiber-laser-marking-machine-20w","og_site_name":"CYCJET","article_modified_time":"2025-06-06T09:15:11+00:00","og_image":[{"width":750,"height":750,"url":"https:\/\/www.cycjetes.com\/wp-content\/uploads\/2021\/08\/15730084718388.jpg","type":"image\/jpeg"}],"twitter_card":"summary_large_image","schema":{"@context":"https:\/\/schema.org","@graph":[{"@type":"WebPage","@id":"https:\/\/www.cycjetes.com\/?product=cycjet-handheld-fiber-laser-marking-machine-20w","url":"https:\/\/www.cycjetes.com\/?product=cycjet-handheld-fiber-laser-marking-machine-20w","name":"M\u00e1quina de marcado l\u00e1ser de fibra \u00f3ptica port\u00e1til CYCJET 20w - CYCJET","isPartOf":{"@id":"https:\/\/www.cycjetes.com\/#website"},"primaryImageOfPage":{"@id":"https:\/\/www.cycjetes.com\/?product=cycjet-handheld-fiber-laser-marking-machine-20w#primaryimage"},"image":{"@id":"https:\/\/www.cycjetes.com\/?product=cycjet-handheld-fiber-laser-marking-machine-20w#primaryimage"},"thumbnailUrl":"https:\/\/www.cycjetes.com\/wp-content\/uploads\/2021\/08\/15730084718388.jpg","datePublished":"2021-08-09T06:48:23+00:00","dateModified":"2025-06-06T09:15:11+00:00","breadcrumb":{"@id":"https:\/\/www.cycjetes.com\/?product=cycjet-handheld-fiber-laser-marking-machine-20w#breadcrumb"},"inLanguage":"en-US","potentialAction":[{"@type":"ReadAction","target":["https:\/\/www.cycjetes.com\/?product=cycjet-handheld-fiber-laser-marking-machine-20w"]}]},{"@type":"ImageObject","inLanguage":"en-US","@id":"https:\/\/www.cycjetes.com\/?product=cycjet-handheld-fiber-laser-marking-machine-20w#primaryimage","url":"https:\/\/www.cycjetes.com\/wp-content\/uploads\/2021\/08\/15730084718388.jpg","contentUrl":"https:\/\/www.cycjetes.com\/wp-content\/uploads\/2021\/08\/15730084718388.jpg","width":750,"height":750},{"@type":"BreadcrumbList","@id":"https:\/\/www.cycjetes.com\/?product=cycjet-handheld-fiber-laser-marking-machine-20w#breadcrumb","itemListElement":[{"@type":"ListItem","position":1,"name":"Home","item":"https:\/\/www.cycjetes.com\/"},{"@type":"ListItem","position":2,"name":"Products","item":"https:\/\/www.cycjetes.com\/?page_id=7"},{"@type":"ListItem","position":3,"name":"M\u00e1quina de marcado l\u00e1ser de fibra \u00f3ptica port\u00e1til CYCJET 20w"}]},{"@type":"WebSite","@id":"https:\/\/www.cycjetes.com\/#website","url":"https:\/\/www.cycjetes.com\/","name":"CYCJET","description":"","potentialAction":[{"@type":"SearchAction","target":{"@type":"EntryPoint","urlTemplate":"https:\/\/www.cycjetes.com\/?s={search_term_string}"},"query-input":{"@type":"PropertyValueSpecification","valueRequired":true,"valueName":"search_term_string"}}],"inLanguage":"en-US"}]}},"_links":{"self":[{"href":"https:\/\/www.cycjetes.com\/index.php?rest_route=\/wp\/v2\/product\/105","targetHints":{"allow":["GET"]}}],"collection":[{"href":"https:\/\/www.cycjetes.com\/index.php?rest_route=\/wp\/v2\/product"}],"about":[{"href":"https:\/\/www.cycjetes.com\/index.php?rest_route=\/wp\/v2\/types\/product"}],"replies":[{"embeddable":true,"href":"https:\/\/www.cycjetes.com\/index.php?rest_route=%2Fwp%2Fv2%2Fcomments&post=105"}],"wp:featuredmedia":[{"embeddable":true,"href":"https:\/\/www.cycjetes.com\/index.php?rest_route=\/wp\/v2\/media\/258"}],"wp:attachment":[{"href":"https:\/\/www.cycjetes.com\/index.php?rest_route=%2Fwp%2Fv2%2Fmedia&parent=105"}],"wp:term":[{"taxonomy":"product_brand","embeddable":true,"href":"https:\/\/www.cycjetes.com\/index.php?rest_route=%2Fwp%2Fv2%2Fproduct_brand&post=105"},{"taxonomy":"product_cat","embeddable":true,"href":"https:\/\/www.cycjetes.com\/index.php?rest_route=%2Fwp%2Fv2%2Fproduct_cat&post=105"},{"taxonomy":"product_tag","embeddable":true,"href":"https:\/\/www.cycjetes.com\/index.php?rest_route=%2Fwp%2Fv2%2Fproduct_tag&post=105"}],"curies":[{"name":"wp","href":"https:\/\/api.w.org\/{rel}","templated":true}]}}