{"id":104,"date":"2021-08-09T10:18:32","date_gmt":"2021-08-09T10:18:32","guid":{"rendered":"https:\/\/spcycjet.tradeoptimize-clients.com\/?post_type=product&#038;p=104"},"modified":"2025-06-06T09:02:54","modified_gmt":"2025-06-06T09:02:54","slug":"cycjet-towing-5w-uv-laser-marking-system-for-silicone-hose","status":"publish","type":"product","link":"https:\/\/www.cycjetes.com\/?product=cycjet-towing-5w-uv-laser-marking-system-for-silicone-hose","title":{"rendered":"CYCJET Sistema de marcado l\u00e1ser UV de 5W para manguera de silicona"},"content":{"rendered":"<div class=\"row row-full-width\"  id=\"row-1077087694\">\n\n\t<div id=\"col-1924166230\" class=\"col medium-6 small-12 large-6\"  data-animate=\"fadeInLeft\">\n\t\t<div class=\"col-inner\"  >\n\t\t\t\n\t\t\t\n<div class=\"tem378-irregular noScrollMove bgFixed clearBg\">\n<div class=\"content-right content-section noScrollMove tem44-irregular\">\n<div class=\"container\">\n<div class=\"row\">\n<div class=\"flexBoxStem irregular-item\">\n<div class=\"flexBoxFill col-lg-9 col-md-9 col-sm-9 col-xs-12 content-float\">\n<div>\n<div class=\"tem06-irregular-text wow animated fadeInUp animated animated animated animated animated animated animated animated animated animated animated animated animated animated animated animated animated animated animated animated animated animated animated animated animated animated animated animated animated animated animated animated animated animated animated animated\">\n<div class=\"h2 bg-color-after font-color-gray-level-3 title\">\n<section>\n<h3><strong><span style=\"color: #333399;\">DESCRIPCI\u00d3N DEL PRODUCTO<\/span><\/strong><\/h3>\n<\/section>\n<\/div>\n<div class=\"text description\">\n<section>El Sistema de Marcado L\u00e1ser UV de 5W y Towing es una m\u00e1quina especial para el marcado l\u00e1ser en silicona m\u00e9dica, debido a que en algunos pa\u00edses las normativas de Alimentaci\u00f3n, Salud y Medicamentos exigen estrictamente para los equipos m\u00e9dicos. El m\u00e9todo antiguo para marcar tuber\u00edas y mangueras utilizaba tinta, pero esto representa un riesgo potencial para la calidad del medicamento, ya que la tinta contiene muchos elementos qu\u00edmicos que pueden afectar la calidad. La manguera de silicona transparente no puede ser marcada por m\u00e1quinas de marcado l\u00e1ser de fibra ni CO2, porque el material no es sensible al haz l\u00e1ser. El l\u00e1ser UV es un l\u00e1ser fr\u00edo, que emite menos energ\u00eda t\u00e9rmica con el haz. Por ello, la superficie del pl\u00e1stico no sufre fen\u00f3menos afectados por el calor, el marcado es suave y con un contraste brillante. El efecto del marcado es fino y puede ser procesado repetidamente, y el punto de alta precisi\u00f3n y peque\u00f1o asegura un resultado perfecto, adem\u00e1s es un marcado sin contacto, por lo que el efecto es permanente.<\/section>\n<\/div>\n<\/div>\n<\/div>\n<\/div>\n<div class=\"clearfix\"><\/div>\n<\/div>\n<\/div>\n<\/div>\n<\/div>\n<\/div>\n<div class=\"titlebar tem30-title content-section noScrollMove\">\n<div class=\"container mobile-pdlr0\">\n<div>\n<div class=\"tem30-list-title tem00-list-title\">\n<div class=\"title-header wow animated fadeInUp animated animated animated animated animated animated animated animated animated animated animated animated animated animated animated animated animated animated animated animated animated animated animated animated animated animated animated animated animated animated animated animated animated animated animated animated animated animated animated animated animated animated animated animated animated animated animated animated animated animated animated animated animated animated animated animated animated animated animated animated animated animated animated animated animated animated animated animated animated animated animated animated animated animated animated animated animated animated animated animated animated animated animated animated animated animated animated animated animated animated\">\n<div class=\"title\" data-content=\"title\"><\/div>\n<\/div>\n<\/div>\n<\/div>\n<\/div>\n<\/div>\n\t\t<\/div>\n\t\t\t<\/div>\n\n\t\n\n\t<div id=\"col-1074185771\" class=\"col medium-6 small-12 large-6\"  data-animate=\"fadeInRight\">\n\t\t<div class=\"col-inner\"  >\n\t\t\t\n\t\t\t\n\t<div class=\"img has-hover x md-x lg-x y md-y lg-y\" id=\"image_952327978\">\n\t\t\t\t\t\t\t\t<div class=\"img-inner dark\" >\n\t\t\t<img loading=\"lazy\" decoding=\"async\" width=\"750\" height=\"564\" src=\"https:\/\/www.cycjetes.com\/wp-content\/uploads\/2021\/09\/LMM-FLMM-09.webp\" class=\"attachment-large size-large\" alt=\"\" srcset=\"https:\/\/www.cycjetes.com\/wp-content\/uploads\/2021\/09\/LMM-FLMM-09.webp 750w, https:\/\/www.cycjetes.com\/wp-content\/uploads\/2021\/09\/LMM-FLMM-09-300x226.webp 300w, https:\/\/www.cycjetes.com\/wp-content\/uploads\/2021\/09\/LMM-FLMM-09-600x451.webp 600w\" sizes=\"auto, (max-width: 750px) 100vw, 750px\" \/>\t\t\t\t\t\t\n\t\t\t\t\t<\/div>\n\t\t\t\t\t\t\t\t\n<style>\n#image_952327978 {\n  width: 100%;\n}\n<\/style>\n\t<\/div>\n\t\n\t\t<\/div>\n\t\t\t<\/div>\n\n\t\n<\/div>\n<div class=\"row\"  id=\"row-976431053\">\n\n\t<div id=\"col-2099718200\" class=\"col small-12 large-12\"  >\n\t\t<div class=\"col-inner\"  >\n\t\t\t\n\t\t\t\n<div class=\"container section-title-container\" ><h2 class=\"section-title section-title-center\"><b><\/b><span class=\"section-title-main\" style=\"color:rgb(14, 24, 184);\">APLICACI\u00d3N<\/span><b><\/b><\/h2><\/div>\n\t\t<\/div>\n\t\t\t<\/div>\n\n\t\n\n\t<div id=\"col-272746650\" class=\"col medium-6 small-12 large-6\"  >\n\t\t<div class=\"col-inner\"  >\n\t\t\t\n\t<div class=\"is-border\"\n\t\tstyle=\"border-color:rgb(255, 195, 0);border-radius:50px;border-width:2px 2px 2px 2;\">\n\t<\/div>\n\t\t\t\n\t<div class=\"box has-hover   has-hover box-default box-text-bottom\" >\n\n\t\t<div class=\"box-image\" >\n\t\t\t\t\t\t<div class=\"\" >\n\t\t\t\t<img loading=\"lazy\" decoding=\"async\" width=\"750\" height=\"479\" src=\"https:\/\/www.cycjetes.com\/wp-content\/uploads\/2021\/09\/LMM-FLMM-09-app-1.webp\" class=\"attachment- size-\" alt=\"\" srcset=\"https:\/\/www.cycjetes.com\/wp-content\/uploads\/2021\/09\/LMM-FLMM-09-app-1.webp 750w, https:\/\/www.cycjetes.com\/wp-content\/uploads\/2021\/09\/LMM-FLMM-09-app-1-300x192.webp 300w, https:\/\/www.cycjetes.com\/wp-content\/uploads\/2021\/09\/LMM-FLMM-09-app-1-600x383.webp 600w\" sizes=\"auto, (max-width: 750px) 100vw, 750px\" \/>\t\t\t\t\t\t\t\t\t\t\t<\/div>\n\t\t\t\t\t<\/div>\n\n\t\t<div class=\"box-text text-center\" >\n\t\t\t<div class=\"box-text-inner\">\n\t\t\t\t\n<h4><span style=\"color: #333399;\"><strong>Manguera de silicona transparente<\/strong><\/span><\/h4>\n<div class=\"text\">\n<div class=\"description\">Para obtener un marcado claro en la manguera, se debe utilizar una impresora l\u00e1ser UV para realizar este trabajo, el color del marcado es blanco, y algunos materiales pueden tomar un color amarillo.<\/div>\n<\/div>\n\t\t\t<\/div>\n\t\t<\/div>\n\t<\/div>\n\t\n\t\t<\/div>\n\t\t\t<\/div>\n\n\t\n\n\t<div id=\"col-1191503928\" class=\"col medium-6 small-12 large-6\"  >\n\t\t<div class=\"col-inner\"  >\n\t\t\t\n\t<div class=\"is-border\"\n\t\tstyle=\"border-color:rgb(255, 195, 0);border-radius:50px;border-width:2px 2px 2px 2;\">\n\t<\/div>\n\t\t\t\n\t<div class=\"box has-hover   has-hover box-text-bottom\" >\n\n\t\t<div class=\"box-image\" >\n\t\t\t\t\t\t<div class=\"\" >\n\t\t\t\t<img loading=\"lazy\" decoding=\"async\" width=\"750\" height=\"479\" src=\"https:\/\/www.cycjetes.com\/wp-content\/uploads\/2021\/09\/LMM-FLMM-09-app-2.webp\" class=\"attachment- size-\" alt=\"\" srcset=\"https:\/\/www.cycjetes.com\/wp-content\/uploads\/2021\/09\/LMM-FLMM-09-app-2.webp 750w, https:\/\/www.cycjetes.com\/wp-content\/uploads\/2021\/09\/LMM-FLMM-09-app-2-300x192.webp 300w, https:\/\/www.cycjetes.com\/wp-content\/uploads\/2021\/09\/LMM-FLMM-09-app-2-600x383.webp 600w\" sizes=\"auto, (max-width: 750px) 100vw, 750px\" \/>\t\t\t\t\t\t\t\t\t\t\t<\/div>\n\t\t\t\t\t<\/div>\n\n\t\t<div class=\"box-text text-center\" >\n\t\t\t<div class=\"box-text-inner\">\n\t\t\t\t\n<h4><strong><span style=\"color: #000080;\">Manguera de silicona de color blanco<\/span><\/strong><\/h4>\n<p>La manguera de color blanco no puede ser marcada con l\u00e1ser de fibra, porque no es sensible al haz l\u00e1ser. Despu\u00e9s de pruebas, el l\u00e1ser UV es la mejor soluci\u00f3n para mangueras de silicona blancas. El color del marcado es negro puro, m\u00e1s claro que la codificaci\u00f3n con impresora de inyecci\u00f3n de tinta.<\/p>\n\t\t\t<\/div>\n\t\t<\/div>\n\t<\/div>\n\t\n\t\t<\/div>\n\t\t\t<\/div>\n\n\t\n<\/div>\n<div class=\"row\"  id=\"row-1527003723\">\n\n\t<div id=\"col-758951777\" class=\"col small-12 large-12\"  >\n\t\t<div class=\"col-inner\"  >\n\t\t\t\n\t\t\t\n<div class=\"container section-title-container\" ><h2 class=\"section-title section-title-center\"><b><\/b><span class=\"section-title-main\" style=\"color:rgb(14, 24, 184);\">Especificaciones T\u00e9cnicas<\/span><b><\/b><\/h2><\/div>\n\t\t<\/div>\n\t\t\t<\/div>\n\n\t\n\n\t<div id=\"col-862784965\" class=\"col small-12 large-12\"  >\n\t\t<div class=\"col-inner\"  >\n\t\t\t\n\t\t\t\n<table class=\"table table-bordered table-hover\" data-sort=\"sortDisabled\">\n<tbody>\n<tr class=\"firstRow\">\n<td colspan=\"2\" valign=\"center\" width=\"248\">Modelo<\/td>\n<td colspan=\"2\" valign=\"center\" width=\"954\">Serie LU Impresora L\u00e1ser Voladora<\/td>\n<\/tr>\n<tr>\n<td colspan=\"2\" rowspan=\"9\" valign=\"center\">RENDIMIENTO<\/td>\n<td valign=\"center\" width=\"219\">Material del Marco<\/td>\n<td valign=\"center\" width=\"715\">ALUMINIO<\/td>\n<\/tr>\n<tr>\n<td valign=\"center\" width=\"219\">Dispositivo L\u00e1ser<\/td>\n<td valign=\"center\" width=\"715\">L\u00e1ser UV<\/td>\n<\/tr>\n<tr>\n<td valign=\"center\" width=\"219\">Potencia<\/td>\n<td valign=\"center\" width=\"715\">3W\/5W\/10W<\/td>\n<\/tr>\n<tr>\n<td valign=\"center\" width=\"219\">Longitud de Onda L\u00e1ser<\/td>\n<td valign=\"center\" width=\"715\">355nm<\/td>\n<\/tr>\n<tr>\n<td valign=\"center\" width=\"219\">Deflexi\u00f3n Galvanom\u00e9trica<\/td>\n<td valign=\"center\" width=\"715\">Sistema de escaneo bidimensional de alta precisi\u00f3n<\/td>\n<\/tr>\n<tr>\n<td valign=\"center\" width=\"219\">Velocidad de Marcado<\/td>\n<td valign=\"center\" width=\"715\">\u226412000mm\/s<\/td>\n<\/tr>\n<tr>\n<td valign=\"center\" width=\"219\">Control Maestro<\/td>\n<td valign=\"center\" width=\"715\">Placa altamente integrada con pantalla t\u00e1ctil a color de 10 pulgadas<\/td>\n<\/tr>\n<tr>\n<td valign=\"center\" width=\"219\">Sistema Operativo<\/td>\n<td valign=\"center\" width=\"715\">Basado en LINUX con software de marcado r\u00e1pido para tuber\u00edas<\/td>\n<\/tr>\n<tr>\n<td valign=\"center\" width=\"219\">Refrigeraci\u00f3n<\/td>\n<td valign=\"center\" width=\"715\">Sistema de refrigeraci\u00f3n por agua de alta capacidad<\/td>\n<\/tr>\n<tr>\n<td colspan=\"2\" rowspan=\"9\" valign=\"center\">Especificaciones de Marcado<\/td>\n<td valign=\"center\" width=\"219\">Distancia de Enfoque<\/td>\n<td valign=\"center\" width=\"715\">Enfoque 200mm<\/td>\n<\/tr>\n<tr>\n<td valign=\"center\" width=\"219\">Tipo de l\u00ednea de marcado<\/td>\n<td valign=\"center\" width=\"715\">Matriz de puntos, negrita, vector todo en uno (matriz de puntos y vector)<\/td>\n<\/tr>\n<tr>\n<td valign=\"center\" width=\"219\">Ancho m\u00ednimo de l\u00ednea<\/td>\n<td valign=\"center\" width=\"715\">0.01mm<\/td>\n<\/tr>\n<tr>\n<td valign=\"center\" width=\"219\">Precisi\u00f3n de posicionamiento repetible<\/td>\n<td valign=\"center\" width=\"715\">0.003mm<\/td>\n<\/tr>\n<tr>\n<td valign=\"center\" width=\"219\">\u00c1rea de marcado<\/td>\n<td valign=\"center\" width=\"715\">Est\u00e1ndar 110mm\u00d7110mm (personalizable disponible)<\/td>\n<\/tr>\n<tr>\n<td valign=\"center\" width=\"219\">Altura de marcado<\/td>\n<td valign=\"center\" width=\"715\">Altura est\u00e1ndar de car\u00e1cter 110mm<\/td>\n<\/tr>\n<tr>\n<td valign=\"center\" width=\"219\">Longitud de marcado<\/td>\n<td valign=\"center\" width=\"715\">Ilimitada<\/td>\n<\/tr>\n<tr>\n<td valign=\"center\" width=\"219\">Modo de posicionamiento<\/td>\n<td valign=\"center\" width=\"715\">Posicionamiento y enfoque con luz roja<\/td>\n<\/tr>\n<tr>\n<td valign=\"center\" width=\"219\">N\u00famero de caracteres<\/td>\n<td valign=\"center\" width=\"715\">Cualquier l\u00ednea (multil\u00ednea) dentro del rango de marcado<\/td>\n<\/tr>\n<tr>\n<td colspan=\"2\" rowspan=\"4\" valign=\"center\">Tipos de soporte<\/td>\n<td valign=\"center\" width=\"219\">Tipo de fuente<\/td>\n<td valign=\"center\" width=\"715\">Chino, Ingl\u00e9s, personalizable<\/td>\n<\/tr>\n<tr>\n<td valign=\"center\" width=\"276\">Marcado<\/td>\n<td valign=\"center\" width=\"715\">N\u00fameros, logotipos, im\u00e1genes, letras, n\u00fameros de serie, fecha y hora del sistema, etc.<\/td>\n<\/tr>\n<tr>\n<td valign=\"center\" width=\"219\">Formato de archivo<\/td>\n<td valign=\"center\" width=\"715\">CNF\/PLT<\/td>\n<\/tr>\n<tr>\n<td valign=\"center\" width=\"219\">C\u00f3digo de barras<\/td>\n<td valign=\"center\" width=\"715\">CODE39, CODE128, CODE126, QR, Z-Code<\/td>\n<\/tr>\n<tr>\n<td colspan=\"2\" rowspan=\"4\" valign=\"center\">Otros<\/td>\n<td valign=\"center\" width=\"219\">Alimentaci\u00f3n el\u00e9ctrica<\/td>\n<td valign=\"center\" width=\"715\">100-220V\/50-60HZ<\/td>\n<\/tr>\n<tr>\n<td valign=\"center\" width=\"219\">Consumo el\u00e9ctrico<\/td>\n<td valign=\"center\" width=\"715\">600W<\/td>\n<\/tr>\n<tr>\n<td valign=\"center\" width=\"219\">Peso neto<\/td>\n<td valign=\"center\" width=\"715\">68kg<\/td>\n<\/tr>\n<tr>\n<td valign=\"center\" width=\"219\">Dimensiones<\/td>\n<td valign=\"center\" width=\"715\">500mmX450mmX150MM<\/td>\n<\/tr>\n<tr>\n<td colspan=\"3\" valign=\"center\" width=\"468\">Requisitos ambientales<\/td>\n<td valign=\"center\" width=\"715\">0\u2103\uff0d45\u2103; humedad \u226495%; no condensante; sin vibraciones<\/td>\n<\/tr>\n<tr>\n<td colspan=\"4\" valign=\"center\" nowrap=\"nowrap\" width=\"1183\"><strong>Est\u00e1ndares de calidad de la m\u00e1quina de marcado l\u00e1ser UV CYCJET<\/strong><\/td>\n<\/tr>\n<tr>\n<td valign=\"center\" width=\"154\">GB 7247-87<\/td>\n<td colspan=\"3\" valign=\"center\" width=\"1201\">Seguridad radiol\u00f3gica de productos l\u00e1ser, requisitos para clasificaci\u00f3n de equipos y gu\u00eda para el usuario<\/td>\n<\/tr>\n<tr>\n<td valign=\"center\" width=\"154\">GB10320-88<\/td>\n<td colspan=\"3\" valign=\"center\" width=\"1208\">Seguridad el\u00e9ctrica de equipos y dispositivos l\u00e1ser<\/td>\n<\/tr>\n<tr>\n<td valign=\"center\" width=\"154\">ISO 9000-3<\/td>\n<td colspan=\"3\" valign=\"center\" width=\"1208\">Est\u00e1ndares internacionales de software<\/td>\n<\/tr>\n<tr>\n<td valign=\"center\" width=\"154\">GB\/T12123-89<\/td>\n<td colspan=\"3\" valign=\"center\" width=\"1208\">Proceso de embalaje para ventas<\/td>\n<\/tr>\n<tr>\n<td valign=\"center\" width=\"154\">IEC 536<\/td>\n<td colspan=\"3\" valign=\"center\" width=\"1208\">Clasificaci\u00f3n de equipos el\u00e9ctricos y electr\u00f3nicos para protecci\u00f3n contra descargas el\u00e9ctricas<\/td>\n<\/tr>\n<\/tbody>\n<\/table>\n\t\t<\/div>\n\t\t\t<\/div>\n\n\t\n<\/div>\n","protected":false},"excerpt":{"rendered":"<table style=\"font-size: 14. 4px;\">\n<tbody>\n<tr>\n<td width=\"176\"><strong>Modelo:<\/strong><\/td>\n<td width=\"182\">5W UV<\/td>\n<\/tr>\n<tr>\n<td width=\"176\"><strong>Marca: <\/strong><\/td>\n<td width=\"182\">CYCJET<\/td>\n<\/tr>\n<tr>\n<td width=\"176\"><strong>MOQ<\/strong>:<\/td>\n<td width=\"182\">1 Set<\/td>\n<\/tr>\n<tr>\n<td width=\"176\"><strong>Certificaci\u00f3n: <\/strong><\/td>\n<td width=\"182\">CE, SGS, FDA<\/td>\n<\/tr>\n<tr>\n<td width=\"176\"><strong>Pago: <\/strong><\/td>\n<td width=\"182\">L\/C,Efectivo,Western Union,T\/T, Paypal<\/td>\n<\/tr>\n<tr>\n<td width=\"176\"><strong>Garant\u00eda:<\/strong><\/td>\n<td width=\"182\">1A\u00f1o<\/td>\n<\/tr>\n<\/tbody>\n<\/table>\n","protected":false},"featured_media":464,"comment_status":"closed","ping_status":"closed","template":"","meta":[],"product_brand":[],"product_cat":[15,16],"product_tag":[],"class_list":{"0":"post-104","1":"product","2":"type-product","3":"status-publish","4":"has-post-thumbnail","6":"product_cat-laser-marking-machine","7":"product_cat-flying-laser-marking-machine","9":"first","10":"instock","11":"shipping-taxable","12":"product-type-simple"},"yoast_head":"<!-- This site is optimized with the Yoast SEO plugin v25.2 - https:\/\/yoast.com\/wordpress\/plugins\/seo\/ -->\n<title>CYCJET Sistema de marcado l\u00e1ser UV de 5W para manguera de silicona - CYCJET<\/title>\n<meta name=\"robots\" content=\"index, follow, max-snippet:-1, max-image-preview:large, max-video-preview:-1\" \/>\n<link rel=\"canonical\" href=\"https:\/\/www.cycjetes.com\/?product=cycjet-towing-5w-uv-laser-marking-system-for-silicone-hose\" \/>\n<meta property=\"og:locale\" content=\"en_US\" \/>\n<meta property=\"og:type\" content=\"article\" \/>\n<meta property=\"og:title\" content=\"CYCJET Sistema de marcado l\u00e1ser UV de 5W para manguera de silicona - CYCJET\" \/>\n<meta property=\"og:description\" content=\"Modelo: 5W UV   Marca:  CYCJET   MOQ: 1 Set   Certificaci\u00f3n:  CE, SGS, FDA   Pago:  L\/C,Efectivo,Western Union,T\/T, Paypal   Garant\u00eda: 1A\u00f1o\" \/>\n<meta property=\"og:url\" content=\"https:\/\/www.cycjetes.com\/?product=cycjet-towing-5w-uv-laser-marking-system-for-silicone-hose\" \/>\n<meta property=\"og:site_name\" content=\"CYCJET\" \/>\n<meta property=\"article:modified_time\" content=\"2025-06-06T09:02:54+00:00\" \/>\n<meta property=\"og:image\" content=\"https:\/\/www.cycjetes.com\/wp-content\/uploads\/2021\/08\/15730209893606.jpg\" \/>\n\t<meta property=\"og:image:width\" content=\"750\" \/>\n\t<meta property=\"og:image:height\" content=\"750\" \/>\n\t<meta property=\"og:image:type\" content=\"image\/jpeg\" \/>\n<meta name=\"twitter:card\" content=\"summary_large_image\" \/>\n<script type=\"application\/ld+json\" class=\"yoast-schema-graph\">{\"@context\":\"https:\/\/schema.org\",\"@graph\":[{\"@type\":\"WebPage\",\"@id\":\"https:\/\/www.cycjetes.com\/?product=cycjet-towing-5w-uv-laser-marking-system-for-silicone-hose\",\"url\":\"https:\/\/www.cycjetes.com\/?product=cycjet-towing-5w-uv-laser-marking-system-for-silicone-hose\",\"name\":\"CYCJET Sistema de marcado l\u00e1ser UV de 5W para manguera de silicona - CYCJET\",\"isPartOf\":{\"@id\":\"https:\/\/www.cycjetes.com\/#website\"},\"primaryImageOfPage\":{\"@id\":\"https:\/\/www.cycjetes.com\/?product=cycjet-towing-5w-uv-laser-marking-system-for-silicone-hose#primaryimage\"},\"image\":{\"@id\":\"https:\/\/www.cycjetes.com\/?product=cycjet-towing-5w-uv-laser-marking-system-for-silicone-hose#primaryimage\"},\"thumbnailUrl\":\"https:\/\/www.cycjetes.com\/wp-content\/uploads\/2021\/08\/15730209893606.jpg\",\"datePublished\":\"2021-08-09T10:18:32+00:00\",\"dateModified\":\"2025-06-06T09:02:54+00:00\",\"breadcrumb\":{\"@id\":\"https:\/\/www.cycjetes.com\/?product=cycjet-towing-5w-uv-laser-marking-system-for-silicone-hose#breadcrumb\"},\"inLanguage\":\"en-US\",\"potentialAction\":[{\"@type\":\"ReadAction\",\"target\":[\"https:\/\/www.cycjetes.com\/?product=cycjet-towing-5w-uv-laser-marking-system-for-silicone-hose\"]}]},{\"@type\":\"ImageObject\",\"inLanguage\":\"en-US\",\"@id\":\"https:\/\/www.cycjetes.com\/?product=cycjet-towing-5w-uv-laser-marking-system-for-silicone-hose#primaryimage\",\"url\":\"https:\/\/www.cycjetes.com\/wp-content\/uploads\/2021\/08\/15730209893606.jpg\",\"contentUrl\":\"https:\/\/www.cycjetes.com\/wp-content\/uploads\/2021\/08\/15730209893606.jpg\",\"width\":750,\"height\":750},{\"@type\":\"BreadcrumbList\",\"@id\":\"https:\/\/www.cycjetes.com\/?product=cycjet-towing-5w-uv-laser-marking-system-for-silicone-hose#breadcrumb\",\"itemListElement\":[{\"@type\":\"ListItem\",\"position\":1,\"name\":\"Home\",\"item\":\"https:\/\/www.cycjetes.com\/\"},{\"@type\":\"ListItem\",\"position\":2,\"name\":\"Products\",\"item\":\"https:\/\/www.cycjetes.com\/?page_id=7\"},{\"@type\":\"ListItem\",\"position\":3,\"name\":\"CYCJET Sistema de marcado l\u00e1ser UV de 5W para manguera de silicona\"}]},{\"@type\":\"WebSite\",\"@id\":\"https:\/\/www.cycjetes.com\/#website\",\"url\":\"https:\/\/www.cycjetes.com\/\",\"name\":\"CYCJET\",\"description\":\"\",\"potentialAction\":[{\"@type\":\"SearchAction\",\"target\":{\"@type\":\"EntryPoint\",\"urlTemplate\":\"https:\/\/www.cycjetes.com\/?s={search_term_string}\"},\"query-input\":{\"@type\":\"PropertyValueSpecification\",\"valueRequired\":true,\"valueName\":\"search_term_string\"}}],\"inLanguage\":\"en-US\"}]}<\/script>\n<!-- \/ Yoast SEO plugin. -->","yoast_head_json":{"title":"CYCJET Sistema de marcado l\u00e1ser UV de 5W para manguera de silicona - CYCJET","robots":{"index":"index","follow":"follow","max-snippet":"max-snippet:-1","max-image-preview":"max-image-preview:large","max-video-preview":"max-video-preview:-1"},"canonical":"https:\/\/www.cycjetes.com\/?product=cycjet-towing-5w-uv-laser-marking-system-for-silicone-hose","og_locale":"en_US","og_type":"article","og_title":"CYCJET Sistema de marcado l\u00e1ser UV de 5W para manguera de silicona - CYCJET","og_description":"Modelo: 5W UV   Marca:  CYCJET   MOQ: 1 Set   Certificaci\u00f3n:  CE, SGS, FDA   Pago:  L\/C,Efectivo,Western Union,T\/T, Paypal   Garant\u00eda: 1A\u00f1o","og_url":"https:\/\/www.cycjetes.com\/?product=cycjet-towing-5w-uv-laser-marking-system-for-silicone-hose","og_site_name":"CYCJET","article_modified_time":"2025-06-06T09:02:54+00:00","og_image":[{"width":750,"height":750,"url":"https:\/\/www.cycjetes.com\/wp-content\/uploads\/2021\/08\/15730209893606.jpg","type":"image\/jpeg"}],"twitter_card":"summary_large_image","schema":{"@context":"https:\/\/schema.org","@graph":[{"@type":"WebPage","@id":"https:\/\/www.cycjetes.com\/?product=cycjet-towing-5w-uv-laser-marking-system-for-silicone-hose","url":"https:\/\/www.cycjetes.com\/?product=cycjet-towing-5w-uv-laser-marking-system-for-silicone-hose","name":"CYCJET Sistema de marcado l\u00e1ser UV de 5W para manguera de silicona - CYCJET","isPartOf":{"@id":"https:\/\/www.cycjetes.com\/#website"},"primaryImageOfPage":{"@id":"https:\/\/www.cycjetes.com\/?product=cycjet-towing-5w-uv-laser-marking-system-for-silicone-hose#primaryimage"},"image":{"@id":"https:\/\/www.cycjetes.com\/?product=cycjet-towing-5w-uv-laser-marking-system-for-silicone-hose#primaryimage"},"thumbnailUrl":"https:\/\/www.cycjetes.com\/wp-content\/uploads\/2021\/08\/15730209893606.jpg","datePublished":"2021-08-09T10:18:32+00:00","dateModified":"2025-06-06T09:02:54+00:00","breadcrumb":{"@id":"https:\/\/www.cycjetes.com\/?product=cycjet-towing-5w-uv-laser-marking-system-for-silicone-hose#breadcrumb"},"inLanguage":"en-US","potentialAction":[{"@type":"ReadAction","target":["https:\/\/www.cycjetes.com\/?product=cycjet-towing-5w-uv-laser-marking-system-for-silicone-hose"]}]},{"@type":"ImageObject","inLanguage":"en-US","@id":"https:\/\/www.cycjetes.com\/?product=cycjet-towing-5w-uv-laser-marking-system-for-silicone-hose#primaryimage","url":"https:\/\/www.cycjetes.com\/wp-content\/uploads\/2021\/08\/15730209893606.jpg","contentUrl":"https:\/\/www.cycjetes.com\/wp-content\/uploads\/2021\/08\/15730209893606.jpg","width":750,"height":750},{"@type":"BreadcrumbList","@id":"https:\/\/www.cycjetes.com\/?product=cycjet-towing-5w-uv-laser-marking-system-for-silicone-hose#breadcrumb","itemListElement":[{"@type":"ListItem","position":1,"name":"Home","item":"https:\/\/www.cycjetes.com\/"},{"@type":"ListItem","position":2,"name":"Products","item":"https:\/\/www.cycjetes.com\/?page_id=7"},{"@type":"ListItem","position":3,"name":"CYCJET Sistema de marcado l\u00e1ser UV de 5W para manguera de silicona"}]},{"@type":"WebSite","@id":"https:\/\/www.cycjetes.com\/#website","url":"https:\/\/www.cycjetes.com\/","name":"CYCJET","description":"","potentialAction":[{"@type":"SearchAction","target":{"@type":"EntryPoint","urlTemplate":"https:\/\/www.cycjetes.com\/?s={search_term_string}"},"query-input":{"@type":"PropertyValueSpecification","valueRequired":true,"valueName":"search_term_string"}}],"inLanguage":"en-US"}]}},"_links":{"self":[{"href":"https:\/\/www.cycjetes.com\/index.php?rest_route=\/wp\/v2\/product\/104","targetHints":{"allow":["GET"]}}],"collection":[{"href":"https:\/\/www.cycjetes.com\/index.php?rest_route=\/wp\/v2\/product"}],"about":[{"href":"https:\/\/www.cycjetes.com\/index.php?rest_route=\/wp\/v2\/types\/product"}],"replies":[{"embeddable":true,"href":"https:\/\/www.cycjetes.com\/index.php?rest_route=%2Fwp%2Fv2%2Fcomments&post=104"}],"wp:featuredmedia":[{"embeddable":true,"href":"https:\/\/www.cycjetes.com\/index.php?rest_route=\/wp\/v2\/media\/464"}],"wp:attachment":[{"href":"https:\/\/www.cycjetes.com\/index.php?rest_route=%2Fwp%2Fv2%2Fmedia&parent=104"}],"wp:term":[{"taxonomy":"product_brand","embeddable":true,"href":"https:\/\/www.cycjetes.com\/index.php?rest_route=%2Fwp%2Fv2%2Fproduct_brand&post=104"},{"taxonomy":"product_cat","embeddable":true,"href":"https:\/\/www.cycjetes.com\/index.php?rest_route=%2Fwp%2Fv2%2Fproduct_cat&post=104"},{"taxonomy":"product_tag","embeddable":true,"href":"https:\/\/www.cycjetes.com\/index.php?rest_route=%2Fwp%2Fv2%2Fproduct_tag&post=104"}],"curies":[{"name":"wp","href":"https:\/\/api.w.org\/{rel}","templated":true}]}}