{"id":100,"date":"2021-08-09T06:13:13","date_gmt":"2021-08-09T06:13:13","guid":{"rendered":"https:\/\/spcycjet.tradeoptimize-clients.com\/?post_type=product&#038;p=100"},"modified":"2025-06-10T10:12:19","modified_gmt":"2025-06-10T10:12:19","slug":"cycjet-lf30f-high-speed-flying-laser-printer","status":"publish","type":"product","link":"https:\/\/www.cycjetes.com\/?product=cycjet-lf30f-high-speed-flying-laser-printer","title":{"rendered":"Impresora l\u00e1ser voladora de alta velocidad CYCJET LF30F"},"content":{"rendered":"<div class=\"row row-full-width\"  id=\"row-384712021\">\n\n\t<div id=\"col-1191067741\" class=\"col medium-6 small-12 large-6\"  data-animate=\"fadeInLeft\">\n\t\t<div class=\"col-inner\"  >\n\t\t\t\n\t\t\t\n<div class=\"tem378-irregular noScrollMove bgFixed clearBg\">\n<div class=\"content-right content-section noScrollMove tem44-irregular\">\n<div class=\"container\">\n<div class=\"row\">\n<div class=\"flexBoxStem irregular-item\">\n<div class=\"flexBoxFill col-lg-9 col-md-9 col-sm-9 col-xs-12 content-float\">\n<div class=\"tem06-irregular-text wow animated fadeInUp animated animated animated animated animated animated animated animated animated animated animated animated animated animated animated animated animated animated animated animated animated animated animated animated animated animated animated animated animated animated\">\n<div class=\"h2 bg-color-after font-color-gray-level-3 title\">\n<section>\n<h3><strong><span style=\"color: #333399;\">DESCRIPCI\u00d3N DEL PRODUCTO<\/span><\/strong><\/h3>\n<\/section>\n<\/div>\n<div class=\"text description\">\n<section>La M\u00e1quina de Marcado L\u00e1ser de Fibra Volante fue dise\u00f1ada para el marcado en l\u00ednea de alta velocidad, especialmente para la industria de tuber\u00edas pl\u00e1sticas y cables el\u00e9ctricos. Para la l\u00ednea de producci\u00f3n continua, la extrusora de tubos de pl\u00e1stico y cables no puede parar de repente, porque reiniciar la l\u00ednea de extrusi\u00f3n necesita mucho tiempo de espera. Antes de que apareciera la m\u00e1quina de marcado l\u00e1ser, las f\u00e1bricas de tuber\u00edas de pl\u00e1stico s\u00f3lo utilizaban impresoras de inyecci\u00f3n de tinta para marcar mensajes en las tuber\u00edas, pero la inyecci\u00f3n de tinta tiene muchos problemas durante el trabajo, como el bloqueo del cabezal de impresi\u00f3n o fallos mec\u00e1nicos (problemas con la bomba o el filtro). Como una fuente de l\u00e1ser s\u00f3lido, el l\u00e1ser de fibra es muy estable despu\u00e9s de la acumulaci\u00f3n tecnol\u00f3gica y la actualizaci\u00f3n, la vida ideal de aproximadamente 100000 horas, que en buenas condiciones de trabajo y un funcionamiento correcto. Es f\u00e1cil de aprender y operar, a trav\u00e9s del software, operar puede construir diferentes mensajes y editarlos en cualquier momento.&nbsp;<\/p>\n<\/section>\n<\/div>\n<\/div>\n<\/div>\n<\/div>\n<\/div>\n<\/div>\n<\/div>\n<\/div>\n\t\t<\/div>\n\t\t\t<\/div>\n\n\t\n\n\t<div id=\"col-1561895968\" class=\"col medium-6 small-12 large-6\"  data-animate=\"fadeInRight\">\n\t\t<div class=\"col-inner\"  >\n\t\t\t\n\t\t\t\n\t<div class=\"img has-hover x md-x lg-x y md-y lg-y\" id=\"image_1370460081\">\n\t\t\t\t\t\t\t\t<div class=\"img-inner dark\" >\n\t\t\t<img loading=\"lazy\" decoding=\"async\" width=\"750\" height=\"564\" src=\"https:\/\/www.cycjetes.com\/wp-content\/uploads\/2021\/09\/LMM-FLMM-05.webp\" class=\"attachment-large size-large\" alt=\"\" srcset=\"https:\/\/www.cycjetes.com\/wp-content\/uploads\/2021\/09\/LMM-FLMM-05.webp 750w, https:\/\/www.cycjetes.com\/wp-content\/uploads\/2021\/09\/LMM-FLMM-05-300x226.webp 300w, https:\/\/www.cycjetes.com\/wp-content\/uploads\/2021\/09\/LMM-FLMM-05-600x451.webp 600w\" sizes=\"auto, (max-width: 750px) 100vw, 750px\" \/>\t\t\t\t\t\t\n\t\t\t\t\t<\/div>\n\t\t\t\t\t\t\t\t\n<style>\n#image_1370460081 {\n  width: 100%;\n}\n<\/style>\n\t<\/div>\n\t\n\t\t<\/div>\n\t\t\t<\/div>\n\n\t\n<\/div>\n<div class=\"row\"  id=\"row-459944272\">\n\n\t<div id=\"col-947181958\" class=\"col small-12 large-12\"  >\n\t\t<div class=\"col-inner\"  >\n\t\t\t\n\t\t\t\n<div class=\"container section-title-container\" ><h2 class=\"section-title section-title-center\"><b><\/b><span class=\"section-title-main\" style=\"color:rgb(14, 24, 184);\">Application<\/span><b><\/b><\/h2><\/div>\n\t\t<\/div>\n\t\t\t<\/div>\n\n\t\n\n\t<div id=\"col-832704320\" class=\"col medium-4 small-12 large-4\"  >\n\t\t<div class=\"col-inner\"  >\n\t\t\t\n\t<div class=\"is-border\"\n\t\tstyle=\"border-color:rgb(255, 195, 0);border-radius:50px;border-width:2px 2px 2px 2px;\">\n\t<\/div>\n\t\t\t\n\t<div class=\"box has-hover   has-hover box-text-bottom\" >\n\n\t\t<div class=\"box-image\" >\n\t\t\t\t\t\t<div class=\"\" >\n\t\t\t\t<img loading=\"lazy\" decoding=\"async\" width=\"750\" height=\"480\" src=\"https:\/\/www.cycjetes.com\/wp-content\/uploads\/2021\/09\/LMM-FLMM-05-app-1.webp\" class=\"attachment- size-\" alt=\"\" srcset=\"https:\/\/www.cycjetes.com\/wp-content\/uploads\/2021\/09\/LMM-FLMM-05-app-1.webp 750w, https:\/\/www.cycjetes.com\/wp-content\/uploads\/2021\/09\/LMM-FLMM-05-app-1-300x192.webp 300w, https:\/\/www.cycjetes.com\/wp-content\/uploads\/2021\/09\/LMM-FLMM-05-app-1-600x384.webp 600w\" sizes=\"auto, (max-width: 750px) 100vw, 750px\" \/>\t\t\t\t\t\t\t\t\t\t\t<\/div>\n\t\t\t\t\t<\/div>\n\n\t\t<div class=\"box-text text-center\" >\n\t\t\t<div class=\"box-text-inner\">\n\t\t\t\t\n<h4><span style=\"color: #333399;\"><strong>Industria de tubos de pl\u00e1stico<\/strong><\/span><\/h4>\n<div class=\"text\">\n<div class=\"description\">Como marca famosa en la industria de extrusi\u00f3n de tubos de pl\u00e1stico, la m\u00e1quina de marcado l\u00e1ser de fibra CYCJET funciona ampliamente en muchos pa\u00edses, como Egipto, EE.UU., EAU, Australia, Canad\u00e1, UE, Rusia y otros pa\u00edses. Se puede aplicar a muchos materiales pl\u00e1sticos, tales como PVC, HDPE, MDPE, LDPE, PPR, PP, PA66.<\/div>\n<\/div>\n\t\t\t<\/div>\n\t\t<\/div>\n\t<\/div>\n\t\n\t\t<\/div>\n\t\t\t<\/div>\n\n\t\n\n\t<div id=\"col-374032611\" class=\"col medium-4 small-12 large-4\"  >\n\t\t<div class=\"col-inner\"  >\n\t\t\t\n\t<div class=\"is-border\"\n\t\tstyle=\"border-color:rgb(255, 195, 0);border-radius:50px;border-width:2px 2px 2px 2px;\">\n\t<\/div>\n\t\t\t\n\t<div class=\"box has-hover   has-hover box-text-bottom\" >\n\n\t\t<div class=\"box-image\" >\n\t\t\t\t\t\t<div class=\"\" >\n\t\t\t\t<img loading=\"lazy\" decoding=\"async\" width=\"750\" height=\"480\" src=\"https:\/\/www.cycjetes.com\/wp-content\/uploads\/2021\/09\/LMM-FLMM-05-app-2.webp\" class=\"attachment- size-\" alt=\"\" srcset=\"https:\/\/www.cycjetes.com\/wp-content\/uploads\/2021\/09\/LMM-FLMM-05-app-2.webp 750w, https:\/\/www.cycjetes.com\/wp-content\/uploads\/2021\/09\/LMM-FLMM-05-app-2-300x192.webp 300w, https:\/\/www.cycjetes.com\/wp-content\/uploads\/2021\/09\/LMM-FLMM-05-app-2-600x384.webp 600w\" sizes=\"auto, (max-width: 750px) 100vw, 750px\" \/>\t\t\t\t\t\t\t\t\t\t\t<\/div>\n\t\t\t\t\t<\/div>\n\n\t\t<div class=\"box-text text-center\" >\n\t\t\t<div class=\"box-text-inner\">\n\t\t\t\t\n<p><strong>Cables el\u00e9ctricos<\/strong><\/p>\n<p>La m\u00e1quina de marcado l\u00e1ser volante puede satisfacer el marcado de alta velocidad para cables el\u00e9ctricos, materiales como PE, PVC, velocidad de hasta 400m\/min. El color de marcado puede ser blanco, gris o amarillo. El resultado del marcado est\u00e1 relacionado con la velocidad de extrusi\u00f3n, el color del cable, la longitud del mensaje y la distancia, etc.<\/p>\n<p><strong>Perfil de pl\u00e1stico<\/strong><\/p>\n<p>Al igual que las tuber\u00edas de pl\u00e1stico, los perfiles de pl\u00e1stico tambi\u00e9n necesitan ser marcados con l\u00e1ser, como los perfiles de HDPE, los t\u00faneles para cables de PVC, los perfiles para ventanas y los perfiles para techos.<\/p>\n\t\t\t<\/div>\n\t\t<\/div>\n\t<\/div>\n\t\n\t\t<\/div>\n\t\t\t<\/div>\n\n\t\n\n\t<div id=\"col-1756793031\" class=\"col medium-4 small-12 large-4\"  >\n\t\t<div class=\"col-inner\"  >\n\t\t\t\n\t<div class=\"is-border\"\n\t\tstyle=\"border-color:rgb(255, 195, 0);border-radius:50px;border-width:2px 2px 2px 2px;\">\n\t<\/div>\n\t\t\t\n\t<div class=\"box has-hover   has-hover box-text-bottom\" >\n\n\t\t<div class=\"box-image\" >\n\t\t\t\t\t\t<div class=\"\" >\n\t\t\t\t<img loading=\"lazy\" decoding=\"async\" width=\"750\" height=\"480\" src=\"https:\/\/www.cycjetes.com\/wp-content\/uploads\/2021\/09\/LMM-FLMM-05-app-3.webp\" class=\"attachment- size-\" alt=\"\" srcset=\"https:\/\/www.cycjetes.com\/wp-content\/uploads\/2021\/09\/LMM-FLMM-05-app-3.webp 750w, https:\/\/www.cycjetes.com\/wp-content\/uploads\/2021\/09\/LMM-FLMM-05-app-3-300x192.webp 300w, https:\/\/www.cycjetes.com\/wp-content\/uploads\/2021\/09\/LMM-FLMM-05-app-3-600x384.webp 600w\" sizes=\"auto, (max-width: 750px) 100vw, 750px\" \/>\t\t\t\t\t\t\t\t\t\t\t<\/div>\n\t\t\t\t\t<\/div>\n\n\t\t<div class=\"box-text text-center\" >\n\t\t\t<div class=\"box-text-inner\">\n\t\t\t\t\n<p>Al igual que las tuber\u00edas de pl\u00e1stico, los perfiles de pl\u00e1stico tambi\u00e9n necesitan marcado l\u00e1ser, como los perfiles de HDPE, los t\u00faneles para cables de PVC, los perfiles para ventanas y los perfiles para techos.<\/p>\n\t\t\t<\/div>\n\t\t<\/div>\n\t<\/div>\n\t\n\t\t<\/div>\n\t\t\t<\/div>\n\n\t\n<\/div>\n<div class=\"row\"  id=\"row-539126276\">\n\n\t<div id=\"col-24587594\" class=\"col small-12 large-12\"  >\n\t\t<div class=\"col-inner\"  >\n\t\t\t\n\t\t\t\n<div class=\"container section-title-container\" ><h2 class=\"section-title section-title-center\"><b><\/b><span class=\"section-title-main\" style=\"color:rgb(14, 24, 184);\">Technical Specification<\/span><b><\/b><\/h2><\/div>\n<table class=\"table table-bordered table-hover\" data-sort=\"sortDisabled\">\n<tbody>\n<tr class=\"firstRow\">\n<td colspan=\"2\" align=\"left\" valign=\"middle\" width=\"339\">Modelo<\/td>\n<td colspan=\"2\" valign=\"center\" width=\"919\">Serie LF Pipe Fly Laser<\/td>\n<\/tr>\n<tr>\n<td colspan=\"2\" rowspan=\"9\" align=\"left\" valign=\"middle\">RENDIMIENTO<\/td>\n<td valign=\"center\" width=\"216\">Material del Marco<\/td>\n<td valign=\"center\" width=\"683\">ALUMINIO<\/td>\n<\/tr>\n<tr>\n<td valign=\"center\" width=\"216\">Dispositivo L\u00e1ser<\/td>\n<td valign=\"center\" width=\"683\">L\u00e1ser especializado para tuber\u00edas pl\u00e1sticas y cables<\/td>\n<\/tr>\n<tr>\n<td valign=\"center\" width=\"216\">Potencia<\/td>\n<td valign=\"center\" width=\"683\">20W\/30W\/50W\/100W<\/td>\n<\/tr>\n<tr>\n<td valign=\"center\" width=\"216\">Longitud de Onda L\u00e1ser<\/td>\n<td valign=\"center\" width=\"683\">1064nm<\/td>\n<\/tr>\n<tr>\n<td valign=\"center\" width=\"216\">Deflexi\u00f3n Galvanom\u00e9trica<\/td>\n<td valign=\"center\" width=\"683\">Sistema de escaneo bidimensional de alta precisi\u00f3n<\/td>\n<\/tr>\n<tr>\n<td valign=\"center\" width=\"216\">Velocidad de marcado<\/td>\n<td valign=\"center\" width=\"683\">\u226412000mm\/s<\/td>\n<\/tr>\n<tr>\n<td valign=\"center\" width=\"216\">Control Maestro<\/td>\n<td valign=\"center\" width=\"683\">Placa altamente integrada con pantalla t\u00e1ctil a color de 10 pulgadas<\/td>\n<\/tr>\n<tr>\n<td valign=\"center\" width=\"216\">Sistema Operativo<\/td>\n<td valign=\"center\" width=\"683\">Basado en LINUX con software de marcado de tuber\u00edas de alta velocidad<\/td>\n<\/tr>\n<tr>\n<td valign=\"center\" width=\"216\">Enfriamiento<\/td>\n<td valign=\"center\" width=\"683\">6 grupos de ventiladores de enfriamiento<\/td>\n<\/tr>\n<tr>\n<td colspan=\"2\" rowspan=\"10\" align=\"left\" valign=\"middle\">Especificaciones de Marcado<\/td>\n<td valign=\"center\" width=\"216\">Distancia de Enfoque<\/td>\n<td valign=\"center\" width=\"683\">Enfoque 192mm<\/td>\n<\/tr>\n<tr>\n<td valign=\"center\" width=\"216\">Tipo de L\u00ednea de Marcado<\/td>\n<td valign=\"center\" width=\"683\">Matriz de puntos, negrita, vector todo en uno (matriz de puntos y vector)<\/td>\n<\/tr>\n<tr>\n<td valign=\"center\" width=\"216\">Ancho m\u00ednimo de l\u00ednea<\/td>\n<td valign=\"center\" width=\"683\">0.012mm<\/td>\n<\/tr>\n<tr>\n<td valign=\"center\" width=\"216\">Posicionamiento repetible con precisi\u00f3n<\/td>\n<td valign=\"center\" width=\"683\">0.003mm<\/td>\n<\/tr>\n<tr>\n<td valign=\"center\" width=\"216\">\u00c1rea de marcado<\/td>\n<td valign=\"center\" width=\"683\">Est\u00e1ndar 110mm\u00d7110mm (personalizable)<\/td>\n<\/tr>\n<tr>\n<td valign=\"center\" width=\"216\">Altura de marcado<\/td>\n<td valign=\"center\" width=\"683\">Altura est\u00e1ndar de car\u00e1cter 110mm<\/td>\n<\/tr>\n<tr>\n<td valign=\"center\" width=\"216\">Longitud de marcado<\/td>\n<td valign=\"center\" width=\"683\">Ilimitada<\/td>\n<\/tr>\n<tr>\n<td valign=\"center\" width=\"319\">Modo de posicionamiento<\/td>\n<td valign=\"center\" width=\"683\">Posicionamiento y enfoque con luz roja<\/td>\n<\/tr>\n<tr>\n<td valign=\"center\" width=\"216\">N\u00famero de caracteres<\/td>\n<td valign=\"center\" width=\"683\">Cualquier l\u00ednea (multi-l\u00ednea) dentro del rango de marcado<\/td>\n<\/tr>\n<tr>\n<td valign=\"center\" width=\"216\">Velocidad de l\u00ednea<\/td>\n<td valign=\"center\" width=\"683\">Est\u00e1ndar 0~200m\/min (depende del material y texto)<\/td>\n<\/tr>\n<tr>\n<td colspan=\"2\" rowspan=\"4\" align=\"left\" valign=\"middle\">Tipos de soporte<\/td>\n<td valign=\"center\" width=\"216\">Tipograf\u00eda<\/td>\n<td valign=\"center\" width=\"683\">Chino, ingl\u00e9s, personalizable<\/td>\n<\/tr>\n<tr>\n<td valign=\"center\" width=\"216\">Marcado<\/td>\n<td valign=\"center\" width=\"683\">N\u00famero, logotipo, imagen, letra, n\u00famero de serie, fecha y hora del sistema, etc.<\/td>\n<\/tr>\n<tr>\n<td valign=\"center\" width=\"216\">Formato de archivo<\/td>\n<td valign=\"center\" width=\"683\">CNF\/PLT<\/td>\n<\/tr>\n<tr>\n<td valign=\"center\" width=\"216\">C\u00f3digo de barras<\/td>\n<td valign=\"center\" width=\"683\">CODE39, CODE128, CODE126, QR, Z-Code, DM<\/td>\n<\/tr>\n<tr>\n<td colspan=\"2\" rowspan=\"4\" align=\"left\" valign=\"middle\">Otros<\/td>\n<td valign=\"center\" width=\"216\">Alimentaci\u00f3n el\u00e9ctrica<\/td>\n<td valign=\"center\" width=\"683\">100-220V\/50-60HZ<\/td>\n<\/tr>\n<tr>\n<td valign=\"center\" width=\"216\">Consumo de energ\u00eda<\/td>\n<td valign=\"center\" width=\"683\">600W<\/td>\n<\/tr>\n<tr>\n<td valign=\"center\" width=\"216\">Peso neto<\/td>\n<td valign=\"center\" width=\"683\">68kg<\/td>\n<\/tr>\n<tr>\n<td valign=\"center\" width=\"216\">Dimensiones<\/td>\n<td valign=\"center\" width=\"683\">500mmX450mmX150MM<\/td>\n<\/tr>\n<tr>\n<td colspan=\"3\" valign=\"center\" width=\"454\">Requisitos ambientales<\/td>\n<td valign=\"center\" width=\"683\">0\u2103\uff0d45\u2103; humedad \u226495%; sin condensaci\u00f3n; sin vibraciones<\/td>\n<\/tr>\n<tr>\n<td colspan=\"4\" valign=\"center\" nowrap=\"nowrap\" width=\"1137\"><strong>Normas de Calidad de la M\u00e1quina de Marcado L\u00e1ser Fly de CYCJET<\/strong><\/td>\n<\/tr>\n<tr>\n<td valign=\"center\" width=\"105\">GB 7247-87<\/td>\n<td colspan=\"3\" valign=\"center\" width=\"1032\">Seguridad por radiaci\u00f3n de productos l\u00e1ser, requisitos para clasificaci\u00f3n de equipos y gu\u00eda para usuarios<\/td>\n<\/tr>\n<tr>\n<td valign=\"center\" width=\"105\">GB10320-88<\/td>\n<td colspan=\"3\" valign=\"center\" width=\"1032\">Seguridad el\u00e9ctrica de equipos y instalaciones l\u00e1ser<\/td>\n<\/tr>\n<tr>\n<td valign=\"center\" width=\"105\">ISO 9000-3<\/td>\n<td colspan=\"3\" valign=\"center\" width=\"1032\">Normas internacionales de software<\/td>\n<\/tr>\n<tr>\n<td valign=\"center\" width=\"105\">GB\/T12123-89<\/td>\n<td colspan=\"3\" valign=\"center\" width=\"1032\">Proceso de embalaje para ventas<\/td>\n<\/tr>\n<tr>\n<td valign=\"center\" width=\"105\">IEC 536<\/td>\n<td colspan=\"3\" valign=\"center\" width=\"1032\">Clasificaci\u00f3n de equipos el\u00e9ctricos y electr\u00f3nicos para protecci\u00f3n contra choque el\u00e9ctrico<\/td>\n<\/tr>\n<\/tbody>\n<\/table>\n\t\t<\/div>\n\t\t\t<\/div>\n\n\t\n<\/div>\n","protected":false},"excerpt":{"rendered":"<table style=\"font-size: 14.4px\">\n<tbody>\n<tr>\n<td width=\"176\"><strong>Modelo:<\/strong><\/td>\n<td width=\"182\">LF30F<\/td>\n<\/tr>\n<tr>\n<td width=\"176\"><strong>Marca:<\/strong><\/td>\n<td width=\"182\">CYCJET<\/td>\n<\/tr>\n<tr>\n<td width=\"176\"><strong>Cantidad m\u00ednima de pedido (MOQ):<\/strong><\/td>\n<td width=\"182\">1 Set<\/td>\n<\/tr>\n<tr>\n<td width=\"176\"><strong>Certificaci\u00f3n:<\/strong><\/td>\n<td width=\"182\">CE, SGS, FDA<\/td>\n<\/tr>\n<tr>\n<td width=\"176\"><strong>Pago:<\/strong><\/td>\n<td width=\"182\">L \/ C, Efectivo, Western Union, T \/ T, Paypal<\/td>\n<\/tr>\n<tr>\n<td width=\"176\"><strong>Garant\u00eda:<\/strong><\/td>\n<td width=\"182\">1 A\u00f1o<\/td>\n<\/tr>\n<\/tbody>\n<\/table>\n","protected":false},"featured_media":247,"comment_status":"closed","ping_status":"closed","template":"","meta":[],"product_brand":[],"product_cat":[15,16],"product_tag":[],"class_list":{"0":"post-100","1":"product","2":"type-product","3":"status-publish","4":"has-post-thumbnail","6":"product_cat-laser-marking-machine","7":"product_cat-flying-laser-marking-machine","9":"first","10":"instock","11":"shipping-taxable","12":"product-type-simple"},"yoast_head":"<!-- This site is optimized with the Yoast SEO plugin v25.2 - https:\/\/yoast.com\/wordpress\/plugins\/seo\/ -->\n<title>Impresora l\u00e1ser voladora de alta velocidad CYCJET LF30F - CYCJET<\/title>\n<meta name=\"robots\" content=\"index, follow, max-snippet:-1, max-image-preview:large, max-video-preview:-1\" \/>\n<link rel=\"canonical\" href=\"https:\/\/www.cycjetes.com\/?product=cycjet-lf30f-high-speed-flying-laser-printer\" \/>\n<meta property=\"og:locale\" content=\"en_US\" \/>\n<meta property=\"og:type\" content=\"article\" \/>\n<meta property=\"og:title\" content=\"Impresora l\u00e1ser voladora de alta velocidad CYCJET LF30F - CYCJET\" \/>\n<meta property=\"og:description\" content=\"Modelo: LF30F  Marca: CYCJET  Cantidad m\u00ednima de pedido (MOQ): 1 Set  Certificaci\u00f3n: CE, SGS, FDA  Pago: L \/ C, Efectivo, Western Union, T \/ T, Paypal  Garant\u00eda: 1 A\u00f1o\" \/>\n<meta property=\"og:url\" content=\"https:\/\/www.cycjetes.com\/?product=cycjet-lf30f-high-speed-flying-laser-printer\" \/>\n<meta property=\"og:site_name\" content=\"CYCJET\" \/>\n<meta property=\"article:modified_time\" content=\"2025-06-10T10:12:19+00:00\" \/>\n<meta property=\"og:image\" content=\"https:\/\/www.cycjetes.com\/wp-content\/uploads\/2021\/08\/CYCJET-LF30F-High-Speed-Flying-Laser-Printer.jpg\" \/>\n\t<meta property=\"og:image:width\" content=\"750\" \/>\n\t<meta property=\"og:image:height\" content=\"750\" \/>\n\t<meta property=\"og:image:type\" content=\"image\/jpeg\" \/>\n<meta name=\"twitter:card\" content=\"summary_large_image\" \/>\n<script type=\"application\/ld+json\" class=\"yoast-schema-graph\">{\"@context\":\"https:\/\/schema.org\",\"@graph\":[{\"@type\":\"WebPage\",\"@id\":\"https:\/\/www.cycjetes.com\/?product=cycjet-lf30f-high-speed-flying-laser-printer\",\"url\":\"https:\/\/www.cycjetes.com\/?product=cycjet-lf30f-high-speed-flying-laser-printer\",\"name\":\"Impresora l\u00e1ser voladora de alta velocidad CYCJET LF30F - CYCJET\",\"isPartOf\":{\"@id\":\"https:\/\/www.cycjetes.com\/#website\"},\"primaryImageOfPage\":{\"@id\":\"https:\/\/www.cycjetes.com\/?product=cycjet-lf30f-high-speed-flying-laser-printer#primaryimage\"},\"image\":{\"@id\":\"https:\/\/www.cycjetes.com\/?product=cycjet-lf30f-high-speed-flying-laser-printer#primaryimage\"},\"thumbnailUrl\":\"https:\/\/www.cycjetes.com\/wp-content\/uploads\/2021\/08\/CYCJET-LF30F-High-Speed-Flying-Laser-Printer.jpg\",\"datePublished\":\"2021-08-09T06:13:13+00:00\",\"dateModified\":\"2025-06-10T10:12:19+00:00\",\"breadcrumb\":{\"@id\":\"https:\/\/www.cycjetes.com\/?product=cycjet-lf30f-high-speed-flying-laser-printer#breadcrumb\"},\"inLanguage\":\"en-US\",\"potentialAction\":[{\"@type\":\"ReadAction\",\"target\":[\"https:\/\/www.cycjetes.com\/?product=cycjet-lf30f-high-speed-flying-laser-printer\"]}]},{\"@type\":\"ImageObject\",\"inLanguage\":\"en-US\",\"@id\":\"https:\/\/www.cycjetes.com\/?product=cycjet-lf30f-high-speed-flying-laser-printer#primaryimage\",\"url\":\"https:\/\/www.cycjetes.com\/wp-content\/uploads\/2021\/08\/CYCJET-LF30F-High-Speed-Flying-Laser-Printer.jpg\",\"contentUrl\":\"https:\/\/www.cycjetes.com\/wp-content\/uploads\/2021\/08\/CYCJET-LF30F-High-Speed-Flying-Laser-Printer.jpg\",\"width\":750,\"height\":750},{\"@type\":\"BreadcrumbList\",\"@id\":\"https:\/\/www.cycjetes.com\/?product=cycjet-lf30f-high-speed-flying-laser-printer#breadcrumb\",\"itemListElement\":[{\"@type\":\"ListItem\",\"position\":1,\"name\":\"Home\",\"item\":\"https:\/\/www.cycjetes.com\/\"},{\"@type\":\"ListItem\",\"position\":2,\"name\":\"Products\",\"item\":\"https:\/\/www.cycjetes.com\/?page_id=7\"},{\"@type\":\"ListItem\",\"position\":3,\"name\":\"Impresora l\u00e1ser voladora de alta velocidad CYCJET LF30F\"}]},{\"@type\":\"WebSite\",\"@id\":\"https:\/\/www.cycjetes.com\/#website\",\"url\":\"https:\/\/www.cycjetes.com\/\",\"name\":\"CYCJET\",\"description\":\"\",\"potentialAction\":[{\"@type\":\"SearchAction\",\"target\":{\"@type\":\"EntryPoint\",\"urlTemplate\":\"https:\/\/www.cycjetes.com\/?s={search_term_string}\"},\"query-input\":{\"@type\":\"PropertyValueSpecification\",\"valueRequired\":true,\"valueName\":\"search_term_string\"}}],\"inLanguage\":\"en-US\"}]}<\/script>\n<!-- \/ Yoast SEO plugin. -->","yoast_head_json":{"title":"Impresora l\u00e1ser voladora de alta velocidad CYCJET LF30F - CYCJET","robots":{"index":"index","follow":"follow","max-snippet":"max-snippet:-1","max-image-preview":"max-image-preview:large","max-video-preview":"max-video-preview:-1"},"canonical":"https:\/\/www.cycjetes.com\/?product=cycjet-lf30f-high-speed-flying-laser-printer","og_locale":"en_US","og_type":"article","og_title":"Impresora l\u00e1ser voladora de alta velocidad CYCJET LF30F - CYCJET","og_description":"Modelo: LF30F  Marca: CYCJET  Cantidad m\u00ednima de pedido (MOQ): 1 Set  Certificaci\u00f3n: CE, SGS, FDA  Pago: L \/ C, Efectivo, Western Union, T \/ T, Paypal  Garant\u00eda: 1 A\u00f1o","og_url":"https:\/\/www.cycjetes.com\/?product=cycjet-lf30f-high-speed-flying-laser-printer","og_site_name":"CYCJET","article_modified_time":"2025-06-10T10:12:19+00:00","og_image":[{"width":750,"height":750,"url":"https:\/\/www.cycjetes.com\/wp-content\/uploads\/2021\/08\/CYCJET-LF30F-High-Speed-Flying-Laser-Printer.jpg","type":"image\/jpeg"}],"twitter_card":"summary_large_image","schema":{"@context":"https:\/\/schema.org","@graph":[{"@type":"WebPage","@id":"https:\/\/www.cycjetes.com\/?product=cycjet-lf30f-high-speed-flying-laser-printer","url":"https:\/\/www.cycjetes.com\/?product=cycjet-lf30f-high-speed-flying-laser-printer","name":"Impresora l\u00e1ser voladora de alta velocidad CYCJET LF30F - CYCJET","isPartOf":{"@id":"https:\/\/www.cycjetes.com\/#website"},"primaryImageOfPage":{"@id":"https:\/\/www.cycjetes.com\/?product=cycjet-lf30f-high-speed-flying-laser-printer#primaryimage"},"image":{"@id":"https:\/\/www.cycjetes.com\/?product=cycjet-lf30f-high-speed-flying-laser-printer#primaryimage"},"thumbnailUrl":"https:\/\/www.cycjetes.com\/wp-content\/uploads\/2021\/08\/CYCJET-LF30F-High-Speed-Flying-Laser-Printer.jpg","datePublished":"2021-08-09T06:13:13+00:00","dateModified":"2025-06-10T10:12:19+00:00","breadcrumb":{"@id":"https:\/\/www.cycjetes.com\/?product=cycjet-lf30f-high-speed-flying-laser-printer#breadcrumb"},"inLanguage":"en-US","potentialAction":[{"@type":"ReadAction","target":["https:\/\/www.cycjetes.com\/?product=cycjet-lf30f-high-speed-flying-laser-printer"]}]},{"@type":"ImageObject","inLanguage":"en-US","@id":"https:\/\/www.cycjetes.com\/?product=cycjet-lf30f-high-speed-flying-laser-printer#primaryimage","url":"https:\/\/www.cycjetes.com\/wp-content\/uploads\/2021\/08\/CYCJET-LF30F-High-Speed-Flying-Laser-Printer.jpg","contentUrl":"https:\/\/www.cycjetes.com\/wp-content\/uploads\/2021\/08\/CYCJET-LF30F-High-Speed-Flying-Laser-Printer.jpg","width":750,"height":750},{"@type":"BreadcrumbList","@id":"https:\/\/www.cycjetes.com\/?product=cycjet-lf30f-high-speed-flying-laser-printer#breadcrumb","itemListElement":[{"@type":"ListItem","position":1,"name":"Home","item":"https:\/\/www.cycjetes.com\/"},{"@type":"ListItem","position":2,"name":"Products","item":"https:\/\/www.cycjetes.com\/?page_id=7"},{"@type":"ListItem","position":3,"name":"Impresora l\u00e1ser voladora de alta velocidad CYCJET LF30F"}]},{"@type":"WebSite","@id":"https:\/\/www.cycjetes.com\/#website","url":"https:\/\/www.cycjetes.com\/","name":"CYCJET","description":"","potentialAction":[{"@type":"SearchAction","target":{"@type":"EntryPoint","urlTemplate":"https:\/\/www.cycjetes.com\/?s={search_term_string}"},"query-input":{"@type":"PropertyValueSpecification","valueRequired":true,"valueName":"search_term_string"}}],"inLanguage":"en-US"}]}},"_links":{"self":[{"href":"https:\/\/www.cycjetes.com\/index.php?rest_route=\/wp\/v2\/product\/100","targetHints":{"allow":["GET"]}}],"collection":[{"href":"https:\/\/www.cycjetes.com\/index.php?rest_route=\/wp\/v2\/product"}],"about":[{"href":"https:\/\/www.cycjetes.com\/index.php?rest_route=\/wp\/v2\/types\/product"}],"replies":[{"embeddable":true,"href":"https:\/\/www.cycjetes.com\/index.php?rest_route=%2Fwp%2Fv2%2Fcomments&post=100"}],"wp:featuredmedia":[{"embeddable":true,"href":"https:\/\/www.cycjetes.com\/index.php?rest_route=\/wp\/v2\/media\/247"}],"wp:attachment":[{"href":"https:\/\/www.cycjetes.com\/index.php?rest_route=%2Fwp%2Fv2%2Fmedia&parent=100"}],"wp:term":[{"taxonomy":"product_brand","embeddable":true,"href":"https:\/\/www.cycjetes.com\/index.php?rest_route=%2Fwp%2Fv2%2Fproduct_brand&post=100"},{"taxonomy":"product_cat","embeddable":true,"href":"https:\/\/www.cycjetes.com\/index.php?rest_route=%2Fwp%2Fv2%2Fproduct_cat&post=100"},{"taxonomy":"product_tag","embeddable":true,"href":"https:\/\/www.cycjetes.com\/index.php?rest_route=%2Fwp%2Fv2%2Fproduct_tag&post=100"}],"curies":[{"name":"wp","href":"https:\/\/api.w.org\/{rel}","templated":true}]}}