{"id":394,"date":"2021-08-13T06:42:28","date_gmt":"2021-08-13T06:42:28","guid":{"rendered":"https:\/\/spcycjet.tradeoptimize-clients.com\/?page_id=394"},"modified":"2025-06-04T06:12:04","modified_gmt":"2025-06-04T06:12:04","slug":"inkjet-coding-machine","status":"publish","type":"page","link":"https:\/\/www.cycjetes.com\/?page_id=394","title":{"rendered":"Contact Us"},"content":{"rendered":"\t<section class=\"section\" id=\"section_23471280\">\n\t\t<div class=\"bg section-bg fill bg-fill  \" >\n\n\t\t\t\n\t\t\t\n\t\t\t\n\n\t\t<\/div>\n\n\t\t<div class=\"section-content relative\">\n\t\t\t\n<div class=\"row\"  id=\"row-1884462501\">\n\n\t<div id=\"col-664018748\" class=\"col small-12 large-12\"  >\n\t\t<div class=\"col-inner\"  >\n\t\t\t\n\t\t\t\n<h1 style=\"text-align: center;\"><span style=\"font-size: 150%;\"><strong><span style=\"color: #1d1167;\"><span style=\"vertical-align: inherit;\"><span class=\"\" style=\"vertical-align: inherit;\">CONTACTO<\/span><\/span><\/span>\u00a0<\/strong><span style=\"color: #f4c619;\"><strong><span style=\"vertical-align: inherit;\"><span class=\"\" style=\"vertical-align: inherit;\"><\/span><\/span><\/strong><\/span><\/span><\/h1>\n<div class=\"titlebar tem01-title title-section noScrollMove full-screen-spacing\">\n<div class=\"container mobile-pdlr0 full-screen\">\n<div class=\"tem01-title tem01-list-title tem00-list-title\">\n<div class=\"title-header wow animated fadeInUp animated animated animated animated animated animated animated animated animated\">\n<div class=\"subtitle wow animated fadeInUp animated\">\n<section>\n<p style=\"text-align: center;\">Satisfacer las necesidades de los clientes, mejorar la capacidad de innovaci\u00f3n, integrar los recursos globales, abogar por una gesti\u00f3n orientada al ser humano, vivir con seriedad y trabajar con alegr\u00eda.<\/p>\n<\/section>\n<\/div>\n<\/div>\n<\/div>\n<\/div>\n<\/div>\n\t\t<\/div>\n\t\t\t<\/div>\n\n\t\n<\/div>\n<div class=\"row row-full-width\"  id=\"row-1306903149\">\n\n\t<div id=\"col-1348573698\" class=\"col medium-4 small-12 large-4\"  >\n\t\t<div class=\"col-inner box-shadow-3-hover\" style=\"background-color:rgb(255,255,255);\" >\n\t\t\t\n\t\t\t\n\n\t\t<div class=\"icon-box featured-box icon-box-center text-center\"  >\n\t\t\t\t\t<div class=\"icon-box-img\" style=\"width: 35px\">\n\t\t\t\t<div class=\"icon\">\n\t\t\t\t\t<div class=\"icon-inner\" >\n\t\t\t\t\t\t<img loading=\"lazy\" decoding=\"async\" width=\"100\" height=\"100\" src=\"https:\/\/www.cycjetes.com\/wp-content\/uploads\/2021\/08\/Phone.png\" class=\"attachment-medium size-medium\" alt=\"\" \/>\t\t\t\t\t<\/div>\n\t\t\t\t<\/div>\n\t\t\t<\/div>\n\t\t\t\t<div class=\"icon-box-text last-reset\">\n\t\t\t\t\t\t\t\t\t\n<p style=\"text-align: center;\"><span style=\"color: #1d1167; font-size: 150%;\">TEL<\/span><\/p>\n<hr \/>\n<div class=\"description\" style=\"text-align: center;\" title=\"+86-21-59970419 \"><strong><span style=\"color: #333333;\">+86-21-59970419<\/span><\/strong><\/div>\n\t\t<\/div>\n\t<\/div>\n\t\n\t\n\t\t<\/div>\n\t\t\n<style>\n#col-1348573698 > .col-inner {\n  padding: 0px 0px 25px 0px;\n}\n<\/style>\n\t<\/div>\n\n\t\n\n\t<div id=\"col-907241069\" class=\"col medium-4 small-12 large-4\"  >\n\t\t<div class=\"col-inner box-shadow-2-hover\" style=\"background-color:rgb(255,255,255);\" >\n\t\t\t\n\t\t\t\n\n\t\t<div class=\"icon-box featured-box icon-box-center text-center\"  >\n\t\t\t\t\t<div class=\"icon-box-img\" style=\"width: 35px\">\n\t\t\t\t<div class=\"icon\">\n\t\t\t\t\t<div class=\"icon-inner\" >\n\t\t\t\t\t\t<img loading=\"lazy\" decoding=\"async\" width=\"100\" height=\"100\" src=\"https:\/\/www.cycjetes.com\/wp-content\/uploads\/2021\/08\/Mobile.png\" class=\"attachment-medium size-medium\" alt=\"\" \/>\t\t\t\t\t<\/div>\n\t\t\t\t<\/div>\n\t\t\t<\/div>\n\t\t\t\t<div class=\"icon-box-text last-reset\">\n\t\t\t\t\t\t\t\t\t\n<p style=\"text-align: center;\"><span style=\"color: #1d1167; font-size: 150%;\"><span style=\"vertical-align: inherit;\"><span style=\"vertical-align: inherit;\">MOB<\/span><\/span><\/span><\/p>\n<hr \/>\n<div class=\"description\" style=\"text-align: center;\" title=\"+86-21-59970419 \"><strong><strong><span style=\"color: #333333;\"><span style=\"vertical-align: inherit;\"><span style=\"vertical-align: inherit;\">+ 86-139 1763 1707<\/span><\/span><\/span><\/strong><\/strong><strong style=\"color: #282828; font-size: 13px;\"><span style=\"vertical-align: inherit;\"><span style=\"vertical-align: inherit;\"> ( Whatsapp \/ WeChat )<\/span><\/span><\/strong><\/div>\n\t\t<\/div>\n\t<\/div>\n\t\n\t\n\t\t<\/div>\n\t\t\t<\/div>\n\n\t\n\n\t<div id=\"col-174828331\" class=\"col medium-4 small-12 large-4\"  >\n\t\t<div class=\"col-inner box-shadow-2-hover\" style=\"background-color:rgb(255,255,255);\" >\n\t\t\t\n\t\t\t\n\n\t\t<div class=\"icon-box featured-box icon-box-center text-center\"  >\n\t\t\t\t\t<div class=\"icon-box-img\" style=\"width: 35px\">\n\t\t\t\t<div class=\"icon\">\n\t\t\t\t\t<div class=\"icon-inner\" >\n\t\t\t\t\t\t<img loading=\"lazy\" decoding=\"async\" width=\"100\" height=\"100\" src=\"https:\/\/www.cycjetes.com\/wp-content\/uploads\/2021\/08\/Email.png\" class=\"attachment-medium size-medium\" alt=\"\" \/>\t\t\t\t\t<\/div>\n\t\t\t\t<\/div>\n\t\t\t<\/div>\n\t\t\t\t<div class=\"icon-box-text last-reset\">\n\t\t\t\t\t\t\t\t\t\n<p style=\"text-align: center;\"><span style=\"color: #1d1167; font-size: 150%;\"><span style=\"vertical-align: inherit;\"><span style=\"vertical-align: inherit;\">Email<\/span><\/span><\/span><\/p>\n<hr \/>\n<div class=\"description\" style=\"text-align: center;\" title=\"+86-21-59970419 \">\n<div class=\"description\" title=\"service@cycjet.com\"><span style=\"color: #282828;\"><strong>service@cycjet.com<\/strong><\/span><\/div>\n<\/div>\n\t\t<\/div>\n\t<\/div>\n\t\n\t\n\t\t<\/div>\n\t\t\n<style>\n#col-174828331 > .col-inner {\n  padding: 0px 0px 25px 0px;\n}\n<\/style>\n\t<\/div>\n\n\t\n\n\t<div id=\"col-1903687510\" class=\"col medium-4 small-12 large-4\"  >\n\t\t<div class=\"col-inner box-shadow-2-hover\" style=\"background-color:rgb(255,255,255);\" >\n\t\t\t\n\t\t\t\n\n\t\t<div class=\"icon-box featured-box icon-box-center text-center\"  >\n\t\t\t\t\t<div class=\"icon-box-img\" style=\"width: 35px\">\n\t\t\t\t<div class=\"icon\">\n\t\t\t\t\t<div class=\"icon-inner\" >\n\t\t\t\t\t\t<img loading=\"lazy\" decoding=\"async\" width=\"100\" height=\"100\" src=\"https:\/\/www.cycjetes.com\/wp-content\/uploads\/2021\/08\/Fax.png\" class=\"attachment-medium size-medium\" alt=\"\" \/>\t\t\t\t\t<\/div>\n\t\t\t\t<\/div>\n\t\t\t<\/div>\n\t\t\t\t<div class=\"icon-box-text last-reset\">\n\t\t\t\t\t\t\t\t\t\n<p style=\"text-align: center;\"><span style=\"color: #1d1167; font-size: 150%;\">FAX<\/span><\/p>\n<hr \/>\n<div class=\"description\" style=\"text-align: center;\" title=\"+86-21-59970419 \"><strong><span style=\"color: #333333;\">+86-21-59971610<\/span><\/strong><\/div>\n\t\t<\/div>\n\t<\/div>\n\t\n\t\n\t\t<\/div>\n\t\t\n<style>\n#col-1903687510 > .col-inner {\n  padding: 10px 0px 25px 0px;\n}\n<\/style>\n\t<\/div>\n\n\t\n\n\t<div id=\"col-1372833708\" class=\"col medium-4 small-12 large-4\"  >\n\t\t<div class=\"col-inner box-shadow-2-hover\" style=\"background-color:rgb(255,255,255);\" >\n\t\t\t\n\t\t\t\n\n\t\t<div class=\"icon-box featured-box icon-skype2 icon-box-center text-center\"  >\n\t\t\t\t\t<div class=\"icon-box-img\" style=\"width: 35px\">\n\t\t\t\t<div class=\"icon\">\n\t\t\t\t\t<div class=\"icon-inner\" >\n\t\t\t\t\t\t<img loading=\"lazy\" decoding=\"async\" width=\"64\" height=\"64\" src=\"https:\/\/www.cycjetes.com\/wp-content\/uploads\/2025\/06\/svgviewer-png-output.png\" class=\"attachment-medium size-medium\" alt=\"\" \/>\t\t\t\t\t<\/div>\n\t\t\t\t<\/div>\n\t\t\t<\/div>\n\t\t\t\t<div class=\"icon-box-text last-reset\">\n\t\t\t\t\t\t\t\t\t\n<p style=\"text-align: center;\"><span style=\"color: #1d1167; font-size: 150%;\">Skype<\/span><\/p>\n<hr \/>\n<div class=\"description\" style=\"text-align: center;\" title=\"+86-21-59970419 \"><strong><span style=\"color: #333333;\">davidguo39<\/span><\/strong><\/div>\n\t\t<\/div>\n\t<\/div>\n\t\n\t\n\t\t<\/div>\n\t\t\n<style>\n#col-1372833708 > .col-inner {\n  padding: 10px 0px 25px 0px;\n}\n<\/style>\n\t<\/div>\n\n\t\n\n\t<div id=\"col-689738582\" class=\"col medium-4 small-12 large-4\"  >\n\t\t<div class=\"col-inner box-shadow-2-hover\" style=\"background-color:rgb(255,255,255);\" >\n\t\t\t\n\t\t\t\n\n\t\t<div class=\"icon-box featured-box icon-box-center text-center\"  >\n\t\t\t\t\t<div class=\"icon-box-img\" style=\"width: 35px\">\n\t\t\t\t<div class=\"icon\">\n\t\t\t\t\t<div class=\"icon-inner\" >\n\t\t\t\t\t\t<img loading=\"lazy\" decoding=\"async\" width=\"100\" height=\"100\" src=\"https:\/\/www.cycjetes.com\/wp-content\/uploads\/2021\/08\/Location.png\" class=\"attachment-medium size-medium\" alt=\"\" \/>\t\t\t\t\t<\/div>\n\t\t\t\t<\/div>\n\t\t\t<\/div>\n\t\t\t\t<div class=\"icon-box-text last-reset\">\n\t\t\t\t\t\t\t\t\t\n<p style=\"text-align: center;\"><span style=\"color: #1d1167; font-size: 150%;\"><span style=\"vertical-align: inherit;\"><span style=\"vertical-align: inherit;\">ADD<\/span><\/span><\/span><\/p>\n<hr \/>\n<div class=\"description\" style=\"text-align: center;\" title=\"+86-21-59970419 \"><strong><span style=\"color: #333333;\"><span style=\"vertical-align: inherit;\"><span style=\"vertical-align: inherit;\">1\/F, BLDG. 4 NO. 333 HUAGAO RD, ZONA IND HUATING SHANGHAI (201816) PRC<\/span><\/span><\/span><\/strong><\/div>\n\t\t<\/div>\n\t<\/div>\n\t\n\t\n\t\t<\/div>\n\t\t\n<style>\n#col-689738582 > .col-inner {\n  padding: 11px 0px 25px 0px;\n}\n<\/style>\n\t<\/div>\n\n\t\n<\/div>\n\t\t<\/div>\n\n\t\t\n<style>\n#section_23471280 {\n  padding-top: 30px;\n  padding-bottom: 30px;\n}\n#section_23471280 .section-bg.bg-loaded {\n  background-image: url(https:\/\/www.cycjetes.com\/wp-content\/uploads\/2021\/10\/15717134987378.jpg);\n}\n<\/style>\n\t<\/section>\n\t\n\t<section class=\"section\" id=\"section_523581966\">\n\t\t<div class=\"bg section-bg fill bg-fill  \" >\n\n\t\t\t\n\t\t\t\n\t\t\t\n\n\t\t<\/div>\n\n\t\t<div class=\"section-content relative\">\n\t\t\t\r\n\r\n<div class=\"row\"  id=\"row-355338359\">\r\n\r\n\n\t<div id=\"col-1338329740\" class=\"col small-12 large-12\"  >\n\t\t<div class=\"col-inner\"  >\n\t\t\t\n\t\t\t\r\n\r\n\t<div id=\"text-4208959604\" class=\"text\">\n\t\t\r\n\r\n<h2 style=\"text-align: center;\"><span style=\"color: #ffffff; font-size: 150%;\"><strong>DEJAR UN MENSAJE<\/strong><\/span><\/h2>\r\n<p style=\"text-align: center;\"><span style=\"color: #ffffff;\">La comunicaci\u00f3n y la cooperaci\u00f3n brindan v\u00ednculos estrechos perfectos y beneficios ilimitados.<\/span><\/p>\r\n<div class=\"everest-forms\"><div class=\"evf-container layout-two\" id=\"evf-875\"><form id=\"evf-form-875\" class=\"everest-form\" data-formid=\"875\" data-ajax_submission=\"0\" data-keyboard_friendly_form=\"0\" method=\"post\" enctype=\"multipart\/form-data\" action=\"\/index.php?rest_route=%2Fwp%2Fv2%2Fpages%2F394\"><div class=\"evf-field-container\"><input type=\"hidden\" id=\"_wpnonce875\" name=\"_wpnonce875\" value=\"e8b084c861\" \/><input type=\"hidden\" name=\"_wp_http_referer\" value=\"\/index.php?rest_route=%2Fwp%2Fv2%2Fpages%2F394\" \/><div class=\"evf-frontend-row\" data-row=\"row_1\" conditional_rules=\"[]\"><div class=\"evf-frontend-grid evf-grid-2\" data-grid=\"grid_1\"><div id=\"evf-875-field_YGFoZenVgq-1-container\" class=\"evf-field evf-field-first-name form-row everest-forms label  color ffffff  validate-required\" data-required-field-message=\"This field is required.\" data-field-id=\"YGFoZenVgq-1\"><label class=\"evf-field-label\" for=\"evf-875-field_YGFoZenVgq-1\"><span class=\"evf-label\">Su nombre<\/span> <abbr class=\"required\" title=\"Required\">*<\/abbr><\/label><input type=\"text\" id=\"evf-875-field_YGFoZenVgq-1\" class=\"input-text\" name=\"everest_forms[form_fields][YGFoZenVgq-1]\" required><\/div><\/div><div class=\"evf-frontend-grid evf-grid-2\" data-grid=\"grid_2\"><div id=\"evf-875-field_CxrbM7lS65-14-container\" class=\"evf-field evf-field-text form-row validate-required\" data-required-field-message=\"This field is required.\" data-field-id=\"CxrbM7lS65-14\"><label class=\"evf-field-label\" for=\"evf-875-field_CxrbM7lS65-14\"><span class=\"evf-label\">Compa\u00f1\u00eda<\/span> <abbr class=\"required\" title=\"Required\">*<\/abbr><\/label><input type=\"text\" id=\"evf-875-field_CxrbM7lS65-14\" class=\"input-text\" name=\"everest_forms[form_fields][CxrbM7lS65-14]\" required><\/div><\/div><\/div><div class=\"evf-frontend-row\" data-row=\"row_4\" conditional_rules=\"[]\"><div class=\"evf-frontend-grid evf-grid-2\" data-grid=\"grid_1\"><div id=\"evf-875-field_0LKK0fVou5-13-container\" class=\"evf-field evf-field-number form-row validate-required\" data-required-field-message=\"Please enter a valid number.\" data-field-id=\"0LKK0fVou5-13\"><label class=\"evf-field-label\" for=\"evf-875-field_0LKK0fVou5-13\"><span class=\"evf-label\">Tel\u00e9fono<\/span> <abbr class=\"required\" title=\"Required\">*<\/abbr><\/label><input type=\"number\" id=\"evf-875-field_0LKK0fVou5-13\" class=\"input-text\" name=\"everest_forms[form_fields][0LKK0fVou5-13]\" step=\"1\" required\/><\/div><\/div><div class=\"evf-frontend-grid evf-grid-2\" data-grid=\"grid_2\"><div id=\"evf-875-field_R7g5yEvWhT-12-container\" class=\"evf-field evf-field-email form-row validate-required validate-email\" data-required-field-message=\"Please enter a valid email address.\" data-field-id=\"R7g5yEvWhT-12\"><label class=\"evf-field-label\" for=\"evf-875-field_R7g5yEvWhT-12\"><span class=\"evf-label\">Correo electr\u00f3nico<\/span> <abbr class=\"required\" title=\"Required\">*<\/abbr><\/label><input type=\"email\" id=\"evf-875-field_R7g5yEvWhT-12\" class=\"input-text\" name=\"everest_forms[form_fields][R7g5yEvWhT-12]\" required ><\/div><\/div><\/div><div class=\"evf-frontend-row\" data-row=\"row_5\" conditional_rules=\"[]\"><div class=\"evf-frontend-grid evf-grid-1\" data-grid=\"grid_1\"><div id=\"evf-875-field_8wGo0fuI31-9-container\" class=\"evf-field evf-field-textarea form-row validate-required\" data-required-field-message=\"This field is required.\" data-field-id=\"8wGo0fuI31-9\"><label class=\"evf-field-label\" for=\"evf-875-field_8wGo0fuI31-9\"><span class=\"evf-label\">Detalle de la consulta<\/span> <abbr class=\"required\" title=\"Required\">*<\/abbr><\/label><textarea id=\"evf-875-field_8wGo0fuI31-9\" class=\"input-text\" name=\"everest_forms[form_fields][8wGo0fuI31-9]\" required ><\/textarea><\/div><\/div><\/div><\/div><div class=\"evf-honeypot-container evf-field-hp\"><label for=\"evf-875-field-hp\" class=\"evf-field-label\">Name<\/label><input type=\"text\" name=\"everest_forms[hp]\" id=\"evf-875-field-hp\" class=\"input-text\"><\/div><div class=\"evf-submit-container \" ><input type=\"hidden\" name=\"everest_forms[id]\" value=\"875\"><input type=\"hidden\" name=\"everest_forms[author]\" value=\"1\"><button type='submit' name='everest_forms[submit]' class='everest-forms-submit-button button evf-submit ' id='evf-submit-875' value='evf-submit' data-process-text=\"Procesando\u2026\" conditional_rules='&quot;&quot;' conditional_id='evf-submit-875'  id=\"evf-submit-875\" aria-live=\"assertive\">Enviar consulta ahora<\/button><\/div><\/form><\/div><!-- .evf-container --><\/div>\r\n\t\t\n<style>\n#text-4208959604 {\n  line-height: 2.75;\n}\n<\/style>\n\t<\/div>\n\t\r\n\r\n\t\t<\/div>\n\t\t\t<\/div>\n\n\t\r\n\r\n<\/div>\r\n\r\n\t\t<\/div>\n\n\t\t\n<style>\n#section_523581966 {\n  padding-top: 30px;\n  padding-bottom: 30px;\n}\n#section_523581966 .section-bg.bg-loaded {\n  background-image: url(https:\/\/www.cycjetes.com\/wp-content\/uploads\/2021\/09\/15710409405542.jpg);\n}\n<\/style>\n\t<\/section>\n\t\n","protected":false},"excerpt":{"rendered":"","protected":false},"author":1,"featured_media":0,"parent":0,"menu_order":0,"comment_status":"closed","ping_status":"closed","template":"page-blank.php","meta":{"footnotes":""},"class_list":["post-394","page","type-page","status-publish","hentry"],"yoast_head":"<!-- This site is optimized with the Yoast SEO plugin v25.2 - https:\/\/yoast.com\/wordpress\/plugins\/seo\/ -->\n<title>Contact Us | Cycjet<\/title>\n<meta name=\"description\" content=\"Meet customer needs, Give them best product resources like Inkjet Coding Machine and marking machines, live seriously and work happily.\" \/>\n<meta name=\"robots\" content=\"index, follow, max-snippet:-1, max-image-preview:large, max-video-preview:-1\" \/>\n<link rel=\"canonical\" href=\"https:\/\/www.cycjetes.com\/?page_id=394\" \/>\n<meta property=\"og:locale\" content=\"en_US\" \/>\n<meta property=\"og:type\" content=\"article\" \/>\n<meta property=\"og:title\" content=\"Contact Us | Cycjet\" \/>\n<meta property=\"og:description\" content=\"Meet customer needs, Give them best product resources like Inkjet Coding Machine and marking machines, live seriously and work happily.\" \/>\n<meta property=\"og:url\" content=\"https:\/\/www.cycjetes.com\/?page_id=394\" \/>\n<meta property=\"og:site_name\" content=\"CYCJET\" \/>\n<meta property=\"article:modified_time\" content=\"2025-06-04T06:12:04+00:00\" \/>\n<meta name=\"twitter:card\" content=\"summary_large_image\" \/>\n<meta name=\"twitter:label1\" content=\"Est. reading time\" \/>\n\t<meta name=\"twitter:data1\" content=\"1 minute\" \/>\n<script type=\"application\/ld+json\" class=\"yoast-schema-graph\">{\"@context\":\"https:\/\/schema.org\",\"@graph\":[{\"@type\":\"WebPage\",\"@id\":\"https:\/\/www.cycjetes.com\/?page_id=394\",\"url\":\"https:\/\/www.cycjetes.com\/?page_id=394\",\"name\":\"Contact Us | Cycjet\",\"isPartOf\":{\"@id\":\"https:\/\/www.cycjetes.com\/#website\"},\"datePublished\":\"2021-08-13T06:42:28+00:00\",\"dateModified\":\"2025-06-04T06:12:04+00:00\",\"description\":\"Meet customer needs, Give them best product resources like Inkjet Coding Machine and marking machines, live seriously and work happily.\",\"breadcrumb\":{\"@id\":\"https:\/\/www.cycjetes.com\/?page_id=394#breadcrumb\"},\"inLanguage\":\"en-US\",\"potentialAction\":[{\"@type\":\"ReadAction\",\"target\":[\"https:\/\/www.cycjetes.com\/?page_id=394\"]}]},{\"@type\":\"BreadcrumbList\",\"@id\":\"https:\/\/www.cycjetes.com\/?page_id=394#breadcrumb\",\"itemListElement\":[{\"@type\":\"ListItem\",\"position\":1,\"name\":\"Home\",\"item\":\"https:\/\/www.cycjetes.com\/\"},{\"@type\":\"ListItem\",\"position\":2,\"name\":\"Contact Us\"}]},{\"@type\":\"WebSite\",\"@id\":\"https:\/\/www.cycjetes.com\/#website\",\"url\":\"https:\/\/www.cycjetes.com\/\",\"name\":\"CYCJET\",\"description\":\"\",\"potentialAction\":[{\"@type\":\"SearchAction\",\"target\":{\"@type\":\"EntryPoint\",\"urlTemplate\":\"https:\/\/www.cycjetes.com\/?s={search_term_string}\"},\"query-input\":{\"@type\":\"PropertyValueSpecification\",\"valueRequired\":true,\"valueName\":\"search_term_string\"}}],\"inLanguage\":\"en-US\"}]}<\/script>\n<!-- \/ Yoast SEO plugin. -->","yoast_head_json":{"title":"Contact Us | Cycjet","description":"Meet customer needs, Give them best product resources like Inkjet Coding Machine and marking machines, live seriously and work happily.","robots":{"index":"index","follow":"follow","max-snippet":"max-snippet:-1","max-image-preview":"max-image-preview:large","max-video-preview":"max-video-preview:-1"},"canonical":"https:\/\/www.cycjetes.com\/?page_id=394","og_locale":"en_US","og_type":"article","og_title":"Contact Us | Cycjet","og_description":"Meet customer needs, Give them best product resources like Inkjet Coding Machine and marking machines, live seriously and work happily.","og_url":"https:\/\/www.cycjetes.com\/?page_id=394","og_site_name":"CYCJET","article_modified_time":"2025-06-04T06:12:04+00:00","twitter_card":"summary_large_image","twitter_misc":{"Est. reading time":"1 minute"},"schema":{"@context":"https:\/\/schema.org","@graph":[{"@type":"WebPage","@id":"https:\/\/www.cycjetes.com\/?page_id=394","url":"https:\/\/www.cycjetes.com\/?page_id=394","name":"Contact Us | Cycjet","isPartOf":{"@id":"https:\/\/www.cycjetes.com\/#website"},"datePublished":"2021-08-13T06:42:28+00:00","dateModified":"2025-06-04T06:12:04+00:00","description":"Meet customer needs, Give them best product resources like Inkjet Coding Machine and marking machines, live seriously and work happily.","breadcrumb":{"@id":"https:\/\/www.cycjetes.com\/?page_id=394#breadcrumb"},"inLanguage":"en-US","potentialAction":[{"@type":"ReadAction","target":["https:\/\/www.cycjetes.com\/?page_id=394"]}]},{"@type":"BreadcrumbList","@id":"https:\/\/www.cycjetes.com\/?page_id=394#breadcrumb","itemListElement":[{"@type":"ListItem","position":1,"name":"Home","item":"https:\/\/www.cycjetes.com\/"},{"@type":"ListItem","position":2,"name":"Contact Us"}]},{"@type":"WebSite","@id":"https:\/\/www.cycjetes.com\/#website","url":"https:\/\/www.cycjetes.com\/","name":"CYCJET","description":"","potentialAction":[{"@type":"SearchAction","target":{"@type":"EntryPoint","urlTemplate":"https:\/\/www.cycjetes.com\/?s={search_term_string}"},"query-input":{"@type":"PropertyValueSpecification","valueRequired":true,"valueName":"search_term_string"}}],"inLanguage":"en-US"}]}},"_links":{"self":[{"href":"https:\/\/www.cycjetes.com\/index.php?rest_route=\/wp\/v2\/pages\/394","targetHints":{"allow":["GET"]}}],"collection":[{"href":"https:\/\/www.cycjetes.com\/index.php?rest_route=\/wp\/v2\/pages"}],"about":[{"href":"https:\/\/www.cycjetes.com\/index.php?rest_route=\/wp\/v2\/types\/page"}],"author":[{"embeddable":true,"href":"https:\/\/www.cycjetes.com\/index.php?rest_route=\/wp\/v2\/users\/1"}],"replies":[{"embeddable":true,"href":"https:\/\/www.cycjetes.com\/index.php?rest_route=%2Fwp%2Fv2%2Fcomments&post=394"}],"version-history":[{"count":20,"href":"https:\/\/www.cycjetes.com\/index.php?rest_route=\/wp\/v2\/pages\/394\/revisions"}],"predecessor-version":[{"id":1944,"href":"https:\/\/www.cycjetes.com\/index.php?rest_route=\/wp\/v2\/pages\/394\/revisions\/1944"}],"wp:attachment":[{"href":"https:\/\/www.cycjetes.com\/index.php?rest_route=%2Fwp%2Fv2%2Fmedia&parent=394"}],"curies":[{"name":"wp","href":"https:\/\/api.w.org\/{rel}","templated":true}]}}