{"id":22,"date":"2021-08-06T08:06:55","date_gmt":"2021-08-06T08:06:55","guid":{"rendered":"https:\/\/spcycjet.tradeoptimize-clients.com\/?page_id=22"},"modified":"2025-06-04T05:42:55","modified_gmt":"2025-06-04T05:42:55","slug":"laser-marking-machine","status":"publish","type":"page","link":"https:\/\/www.cycjetes.com\/?page_id=22","title":{"rendered":"QUALITY ASSURANCE"},"content":{"rendered":"\t<section class=\"section\" id=\"section_956903024\">\n\t\t<div class=\"bg section-bg fill bg-fill  \" >\n\n\t\t\t\n\t\t\t\n\t\t\t\n\n\t\t<\/div>\n\n\t\t<div class=\"section-content relative\">\n\t\t\t\n<div class=\"row row-full-width\"  id=\"row-1122716509\">\n\n\t<div id=\"col-1554954287\" class=\"col medium-5 small-12 large-5\"  >\n\t\t<div class=\"col-inner\"  >\n\t\t\t\n\t\t\t\n<h1><span style=\"font-size: 120%;\"><span style=\"color: #290e74;\"><strong>TALLER DE<\/strong><\/span><span style=\"color: #f4c619;\"><strong> TRABAJO<\/strong><\/span><\/span><\/h1>\n<p>Como fabricante profesional de m\u00e1quinas de marcado l\u00e1ser e impresoras de inyecci\u00f3n de tinta, dise\u00f1amos la m\u00e1quina bas\u00e1ndonos en nuestros 18 a\u00f1os de experiencia y en la funci\u00f3n requerida por el cliente, la mayor\u00eda de las piezas de repuesto se producen en nuestro taller y se comprueban estrictamente antes de instalar la m\u00e1quina.<\/p>\n\t\t<\/div>\n\t\t\n<style>\n#col-1554954287 > .col-inner {\n  padding: 25px 0px 0px 0px;\n}\n<\/style>\n\t<\/div>\n\n\t\n\n\t<div id=\"col-1468162173\" class=\"col medium-7 small-12 large-7\"  >\n\t\t<div class=\"col-inner\"  >\n\t\t\t\n\t\t\t\n<div class=\"slider-wrapper relative\" id=\"slider-337518880\" >\n    <div class=\"slider slider-nav-simple slider-nav-large slider-nav-light slider-style-normal slider-show-nav\"\n        data-flickity-options='{\n            \"cellAlign\": \"center\",\n            \"imagesLoaded\": true,\n            \"lazyLoad\": 1,\n            \"freeScroll\": false,\n            \"wrapAround\": true,\n            \"autoPlay\": 2000,\n            \"pauseAutoPlayOnHover\" : true,\n            \"prevNextButtons\": true,\n            \"contain\" : true,\n            \"adaptiveHeight\" : true,\n            \"dragThreshold\" : 10,\n            \"percentPosition\": true,\n            \"pageDots\": true,\n            \"rightToLeft\": false,\n            \"draggable\": true,\n            \"selectedAttraction\": 0.1,\n            \"parallax\" : 0,\n            \"friction\": 0.6        }'\n        >\n        \n<div class=\"row\"  id=\"row-357677815\">\n\n\t<div id=\"col-1260106327\" class=\"col medium-6 small-12 large-6\"  >\n\t\t<div class=\"col-inner\"  >\n\t\t\t\n\t\t\t\n\t<div class=\"img has-hover x md-x lg-x y md-y lg-y\" id=\"image_173945244\">\n\t\t\t\t\t\t\t\t<div class=\"img-inner dark\" >\n\t\t\t<img loading=\"lazy\" decoding=\"async\" width=\"590\" height=\"418\" src=\"https:\/\/www.cycjetes.com\/wp-content\/uploads\/2021\/08\/quality-slider-pic1.jpg\" class=\"attachment-large size-large\" alt=\"\" srcset=\"https:\/\/www.cycjetes.com\/wp-content\/uploads\/2021\/08\/quality-slider-pic1.jpg 590w, https:\/\/www.cycjetes.com\/wp-content\/uploads\/2021\/08\/quality-slider-pic1-300x213.jpg 300w\" sizes=\"auto, (max-width: 590px) 100vw, 590px\" \/>\t\t\t\t\t\t\n\t\t\t\t\t<\/div>\n\t\t\t\t\t\t\t\t\n<style>\n#image_173945244 {\n  width: 100%;\n}\n<\/style>\n\t<\/div>\n\t\n\t\t<\/div>\n\t\t\t<\/div>\n\n\t\n\n\t<div id=\"col-661522718\" class=\"col medium-6 small-12 large-6\"  >\n\t\t<div class=\"col-inner\"  >\n\t\t\t\n\t\t\t\n\t<div class=\"img has-hover x md-x lg-x y md-y lg-y\" id=\"image_301459286\">\n\t\t\t\t\t\t\t\t<div class=\"img-inner dark\" >\n\t\t\t<img loading=\"lazy\" decoding=\"async\" width=\"590\" height=\"418\" src=\"https:\/\/www.cycjetes.com\/wp-content\/uploads\/2021\/08\/quality-slider-pic2.jpg\" class=\"attachment-large size-large\" alt=\"\" srcset=\"https:\/\/www.cycjetes.com\/wp-content\/uploads\/2021\/08\/quality-slider-pic2.jpg 590w, https:\/\/www.cycjetes.com\/wp-content\/uploads\/2021\/08\/quality-slider-pic2-300x213.jpg 300w\" sizes=\"auto, (max-width: 590px) 100vw, 590px\" \/>\t\t\t\t\t\t\n\t\t\t\t\t<\/div>\n\t\t\t\t\t\t\t\t\n<style>\n#image_301459286 {\n  width: 100%;\n}\n<\/style>\n\t<\/div>\n\t\n\t\t<\/div>\n\t\t\t<\/div>\n\n\t\n<\/div>\n<div class=\"row\"  id=\"row-789071576\">\n\n\t<div id=\"col-1497651463\" class=\"col medium-6 small-12 large-6\"  >\n\t\t<div class=\"col-inner\"  >\n\t\t\t\n\t\t\t\n\t<div class=\"img has-hover x md-x lg-x y md-y lg-y\" id=\"image_690387862\">\n\t\t\t\t\t\t\t\t<div class=\"img-inner dark\" >\n\t\t\t<img loading=\"lazy\" decoding=\"async\" width=\"590\" height=\"418\" src=\"https:\/\/www.cycjetes.com\/wp-content\/uploads\/2021\/08\/quality-slider-pic3.jpg\" class=\"attachment-large size-large\" alt=\"\" srcset=\"https:\/\/www.cycjetes.com\/wp-content\/uploads\/2021\/08\/quality-slider-pic3.jpg 590w, https:\/\/www.cycjetes.com\/wp-content\/uploads\/2021\/08\/quality-slider-pic3-300x213.jpg 300w\" sizes=\"auto, (max-width: 590px) 100vw, 590px\" \/>\t\t\t\t\t\t\n\t\t\t\t\t<\/div>\n\t\t\t\t\t\t\t\t\n<style>\n#image_690387862 {\n  width: 100%;\n}\n<\/style>\n\t<\/div>\n\t\n\t\t<\/div>\n\t\t\t<\/div>\n\n\t\n\n\t<div id=\"col-1773477357\" class=\"col medium-6 small-12 large-6\"  >\n\t\t<div class=\"col-inner\"  >\n\t\t\t\n\t\t\t\n\t<div class=\"img has-hover x md-x lg-x y md-y lg-y\" id=\"image_359786641\">\n\t\t\t\t\t\t\t\t<div class=\"img-inner dark\" >\n\t\t\t<img loading=\"lazy\" decoding=\"async\" width=\"590\" height=\"418\" src=\"https:\/\/www.cycjetes.com\/wp-content\/uploads\/2021\/08\/quality-slider-pic4.jpg\" class=\"attachment-large size-large\" alt=\"\" srcset=\"https:\/\/www.cycjetes.com\/wp-content\/uploads\/2021\/08\/quality-slider-pic4.jpg 590w, https:\/\/www.cycjetes.com\/wp-content\/uploads\/2021\/08\/quality-slider-pic4-300x213.jpg 300w\" sizes=\"auto, (max-width: 590px) 100vw, 590px\" \/>\t\t\t\t\t\t\n\t\t\t\t\t<\/div>\n\t\t\t\t\t\t\t\t\n<style>\n#image_359786641 {\n  width: 100%;\n}\n<\/style>\n\t<\/div>\n\t\n\t\t<\/div>\n\t\t\t<\/div>\n\n\t\n<\/div>\n<div class=\"row\"  id=\"row-1202381177\">\n\n\t<div id=\"col-179699682\" class=\"col medium-6 small-12 large-6\"  >\n\t\t<div class=\"col-inner\"  >\n\t\t\t\n\t\t\t\n\t<div class=\"img has-hover x md-x lg-x y md-y lg-y\" id=\"image_1053797425\">\n\t\t\t\t\t\t\t\t<div class=\"img-inner dark\" >\n\t\t\t<img loading=\"lazy\" decoding=\"async\" width=\"590\" height=\"418\" src=\"https:\/\/www.cycjetes.com\/wp-content\/uploads\/2021\/08\/quality-slider-pic5.jpg\" class=\"attachment-large size-large\" alt=\"\" srcset=\"https:\/\/www.cycjetes.com\/wp-content\/uploads\/2021\/08\/quality-slider-pic5.jpg 590w, https:\/\/www.cycjetes.com\/wp-content\/uploads\/2021\/08\/quality-slider-pic5-300x213.jpg 300w\" sizes=\"auto, (max-width: 590px) 100vw, 590px\" \/>\t\t\t\t\t\t\n\t\t\t\t\t<\/div>\n\t\t\t\t\t\t\t\t\n<style>\n#image_1053797425 {\n  width: 100%;\n}\n<\/style>\n\t<\/div>\n\t\n\t\t<\/div>\n\t\t\t<\/div>\n\n\t\n\n\t<div id=\"col-1517739296\" class=\"col medium-6 small-12 large-6\"  >\n\t\t<div class=\"col-inner\"  >\n\t\t\t\n\t\t\t\n\t<div class=\"img has-hover x md-x lg-x y md-y lg-y\" id=\"image_1321356495\">\n\t\t\t\t\t\t\t\t<div class=\"img-inner dark\" >\n\t\t\t<img loading=\"lazy\" decoding=\"async\" width=\"590\" height=\"418\" src=\"https:\/\/www.cycjetes.com\/wp-content\/uploads\/2021\/08\/quality-slider-pic6.jpg\" class=\"attachment-large size-large\" alt=\"\" srcset=\"https:\/\/www.cycjetes.com\/wp-content\/uploads\/2021\/08\/quality-slider-pic6.jpg 590w, https:\/\/www.cycjetes.com\/wp-content\/uploads\/2021\/08\/quality-slider-pic6-300x213.jpg 300w\" sizes=\"auto, (max-width: 590px) 100vw, 590px\" \/>\t\t\t\t\t\t\n\t\t\t\t\t<\/div>\n\t\t\t\t\t\t\t\t\n<style>\n#image_1321356495 {\n  width: 100%;\n}\n<\/style>\n\t<\/div>\n\t\n\t\t<\/div>\n\t\t\t<\/div>\n\n\t\n<\/div>\n<div class=\"row\"  id=\"row-1656192743\">\n\n\t<div id=\"col-2033244492\" class=\"col medium-6 small-12 large-6\"  >\n\t\t<div class=\"col-inner\"  >\n\t\t\t\n\t\t\t\n\t<div class=\"img has-hover x md-x lg-x y md-y lg-y\" id=\"image_2133313777\">\n\t\t\t\t\t\t\t\t<div class=\"img-inner dark\" >\n\t\t\t<img loading=\"lazy\" decoding=\"async\" width=\"590\" height=\"418\" src=\"https:\/\/www.cycjetes.com\/wp-content\/uploads\/2021\/08\/quality-slider-pic7.jpg\" class=\"attachment-large size-large\" alt=\"\" srcset=\"https:\/\/www.cycjetes.com\/wp-content\/uploads\/2021\/08\/quality-slider-pic7.jpg 590w, https:\/\/www.cycjetes.com\/wp-content\/uploads\/2021\/08\/quality-slider-pic7-300x213.jpg 300w\" sizes=\"auto, (max-width: 590px) 100vw, 590px\" \/>\t\t\t\t\t\t\n\t\t\t\t\t<\/div>\n\t\t\t\t\t\t\t\t\n<style>\n#image_2133313777 {\n  width: 100%;\n}\n<\/style>\n\t<\/div>\n\t\n\t\t<\/div>\n\t\t\t<\/div>\n\n\t\n\n\t<div id=\"col-1132053300\" class=\"col medium-6 small-12 large-6\"  >\n\t\t<div class=\"col-inner\"  >\n\t\t\t\n\t\t\t\n\t<div class=\"img has-hover x md-x lg-x y md-y lg-y\" id=\"image_1236321025\">\n\t\t\t\t\t\t\t\t<div class=\"img-inner dark\" >\n\t\t\t<img loading=\"lazy\" decoding=\"async\" width=\"590\" height=\"418\" src=\"https:\/\/www.cycjetes.com\/wp-content\/uploads\/2021\/08\/quality-slider-pic8.jpg\" class=\"attachment-large size-large\" alt=\"\" srcset=\"https:\/\/www.cycjetes.com\/wp-content\/uploads\/2021\/08\/quality-slider-pic8.jpg 590w, https:\/\/www.cycjetes.com\/wp-content\/uploads\/2021\/08\/quality-slider-pic8-300x213.jpg 300w\" sizes=\"auto, (max-width: 590px) 100vw, 590px\" \/>\t\t\t\t\t\t\n\t\t\t\t\t<\/div>\n\t\t\t\t\t\t\t\t\n<style>\n#image_1236321025 {\n  width: 100%;\n}\n<\/style>\n\t<\/div>\n\t\n\t\t<\/div>\n\t\t\t<\/div>\n\n\t\n<\/div>\n     <\/div>\n\n     <div class=\"loading-spin dark large centered\"><\/div>\n\n     <\/div>\n\n\n\t\t<\/div>\n\t\t\t<\/div>\n\n\t\n<\/div>\n\t\t<\/div>\n\n\t\t\n<style>\n#section_956903024 {\n  padding-top: 30px;\n  padding-bottom: 30px;\n}\n#section_956903024 .section-bg.bg-loaded {\n  background-image: url(https:\/\/www.cycjetes.com\/wp-content\/uploads\/2021\/08\/website-background-image.jpg);\n}\n<\/style>\n\t<\/section>\n\t\n\t<section class=\"section\" id=\"section_1907349081\">\n\t\t<div class=\"bg section-bg fill bg-fill  \" >\n\n\t\t\t\n\t\t\t\n\t\t\t\n\n\t\t<\/div>\n\n\t\t<div class=\"section-content relative\">\n\t\t\t\n<div class=\"row row-full-width\"  id=\"row-424576552\">\n\n\t<div id=\"col-1816167818\" class=\"col medium-6 small-12 large-6\"  >\n\t\t<div class=\"col-inner\" style=\"background-color:rgb(255, 255, 255);\" >\n\t\t\t\n\t\t\t\n\t<div id=\"text-3483054467\" class=\"text\">\n\t\t\n<div class=\"text\">\n<h1 class=\"title\" style=\"text-align: center;\">CERTIFICADO<\/h1>\n<\/div>\n<div class=\"text\">\n<div class=\"description\" style=\"text-align: center;\">\n<div class=\"text\">\n<div class=\"description\">La m\u00e1quina de marcado l\u00e1ser y la impresora de inyecci\u00f3n de tinta CYCJET han pasado la certificaci\u00f3n CE, FDA, SGS. Fabricamos la m\u00e1quina de acuerdo con la norma de certificaci\u00f3n.<\/div>\n<\/div>\n<p>.<\/p><\/div>\n<\/div>\n\t\t\n<style>\n#text-3483054467 {\n  font-size: 1rem;\n  text-align: center;\n}\n<\/style>\n\t<\/div>\n\t\n\t<div class=\"img has-hover x md-x lg-x y md-y lg-y\" id=\"image_2084674689\">\n\t\t\t\t\t\t\t\t<div class=\"img-inner image-zoom dark\" >\n\t\t\t<img loading=\"lazy\" decoding=\"async\" width=\"820\" height=\"418\" src=\"https:\/\/www.cycjetes.com\/wp-content\/uploads\/2021\/08\/Certificate-3-in-1.jpg\" class=\"attachment-original size-original\" alt=\"\" srcset=\"https:\/\/www.cycjetes.com\/wp-content\/uploads\/2021\/08\/Certificate-3-in-1.jpg 820w, https:\/\/www.cycjetes.com\/wp-content\/uploads\/2021\/08\/Certificate-3-in-1-300x153.jpg 300w, https:\/\/www.cycjetes.com\/wp-content\/uploads\/2021\/08\/Certificate-3-in-1-768x391.jpg 768w, https:\/\/www.cycjetes.com\/wp-content\/uploads\/2021\/08\/Certificate-3-in-1-600x306.jpg 600w\" sizes=\"auto, (max-width: 820px) 100vw, 820px\" \/>\t\t\t\t\t\t\n\t\t\t\t\t<\/div>\n\t\t\t\t\t\t\t\t\n<style>\n#image_2084674689 {\n  width: 100%;\n}\n<\/style>\n\t<\/div>\n\t\n\t\t<\/div>\n\t\t\n<style>\n#col-1816167818 > .col-inner {\n  padding: 30px 30px 15px 30px;\n}\n<\/style>\n\t<\/div>\n\n\t\n\n\t<div id=\"col-701783824\" class=\"col medium-6 small-12 large-6\"  >\n\t\t<div class=\"col-inner\" style=\"background-color:rgb(255, 255, 255);\" >\n\t\t\t\n\t\t\t\n\t<div class=\"img has-hover x md-x lg-x y md-y lg-y\" id=\"image_1874821029\">\n\t\t\t\t\t\t\t\t<div class=\"img-inner image-zoom dark\" >\n\t\t\t<img loading=\"lazy\" decoding=\"async\" width=\"820\" height=\"386\" src=\"https:\/\/www.cycjetes.com\/wp-content\/uploads\/2021\/08\/Inspection.jpg\" class=\"attachment-large size-large\" alt=\"\" srcset=\"https:\/\/www.cycjetes.com\/wp-content\/uploads\/2021\/08\/Inspection.jpg 820w, https:\/\/www.cycjetes.com\/wp-content\/uploads\/2021\/08\/Inspection-300x141.jpg 300w, https:\/\/www.cycjetes.com\/wp-content\/uploads\/2021\/08\/Inspection-768x362.jpg 768w, https:\/\/www.cycjetes.com\/wp-content\/uploads\/2021\/08\/Inspection-600x282.jpg 600w\" sizes=\"auto, (max-width: 820px) 100vw, 820px\" \/>\t\t\t\t\t\t\n\t\t\t\t\t<\/div>\n\t\t\t\t\t\t\t\t\n<style>\n#image_1874821029 {\n  width: 100%;\n}\n<\/style>\n\t<\/div>\n\t\n<div class=\"text\">\n<div class=\"text\">\n<h1 class=\"title\" style=\"text-align: center;\">INSPECCI\u00d3N<\/h1>\n<\/div>\n<\/div>\n<div class=\"text\">\n<div class=\"description\" style=\"text-align: center;\">\n<div class=\"text\">\n<div class=\"description\">\n<div class=\"text\">\n<div class=\"description\">Normalmente, la m\u00e1quina l\u00e1ser debe someterse a inspecci\u00f3n y pruebas 3-5 d\u00edas antes del env\u00edo, aseg\u00farese de que cada m\u00e1quina no tiene ning\u00fan problema de calidad y condiciones de trabajo lo suficientemente buenas.<\/div>\n<\/div>\n<\/div>\n<\/div>\n<\/div>\n<\/div>\n\t\t<\/div>\n\t\t\n<style>\n#col-701783824 > .col-inner {\n  padding: 30px 30px 60px 30px;\n}\n<\/style>\n\t<\/div>\n\n\t\n<\/div>\n\t\t<\/div>\n\n\t\t\n<style>\n#section_1907349081 {\n  padding-top: 30px;\n  padding-bottom: 30px;\n}\n#section_1907349081 .section-bg.bg-loaded {\n  background-image: url(https:\/\/www.cycjetes.com\/wp-content\/uploads\/2021\/08\/website-background-image.jpg);\n}\n<\/style>\n\t<\/section>\n\t\n\t<section class=\"section\" id=\"section_1304198055\">\n\t\t<div class=\"bg section-bg fill bg-fill  \" >\n\n\t\t\t\n\t\t\t\n\t\t\t\n\n\t\t<\/div>\n\n\t\t<div class=\"section-content relative\">\n\t\t\t\r\n\r\n<div class=\"row\"  id=\"row-388253830\">\r\n\r\n\n\t<div id=\"col-1891594432\" class=\"col small-12 large-12\"  >\n\t\t<div class=\"col-inner\"  >\n\t\t\t\n\t\t\t\r\n\r\n\t<div id=\"text-3222815612\" class=\"text\">\n\t\t\r\n\r\n<h2 style=\"text-align: center;\"><span style=\"color: #ffffff; font-size: 150%;\"><strong>DEJAR UN MENSAJE<\/strong><\/span><\/h2>\r\n<p style=\"text-align: center;\"><span style=\"color: #ffffff;\">La comunicaci\u00f3n y la cooperaci\u00f3n brindan v\u00ednculos estrechos perfectos y beneficios ilimitados.<\/span><\/p>\r\n<div class=\"everest-forms\"><div class=\"evf-container layout-two\" id=\"evf-875\"><form id=\"evf-form-875\" class=\"everest-form\" data-formid=\"875\" data-ajax_submission=\"0\" data-keyboard_friendly_form=\"0\" method=\"post\" enctype=\"multipart\/form-data\" action=\"\/index.php?rest_route=%2Fwp%2Fv2%2Fpages%2F22\"><div class=\"evf-field-container\"><input type=\"hidden\" id=\"_wpnonce875\" name=\"_wpnonce875\" value=\"e8b084c861\" \/><input type=\"hidden\" name=\"_wp_http_referer\" value=\"\/index.php?rest_route=%2Fwp%2Fv2%2Fpages%2F22\" \/><div class=\"evf-frontend-row\" data-row=\"row_1\" conditional_rules=\"[]\"><div class=\"evf-frontend-grid evf-grid-2\" data-grid=\"grid_1\"><div id=\"evf-875-field_YGFoZenVgq-1-container\" class=\"evf-field evf-field-first-name form-row everest-forms label  color ffffff  validate-required\" data-required-field-message=\"This field is required.\" data-field-id=\"YGFoZenVgq-1\"><label class=\"evf-field-label\" for=\"evf-875-field_YGFoZenVgq-1\"><span class=\"evf-label\">Su nombre<\/span> <abbr class=\"required\" title=\"Required\">*<\/abbr><\/label><input type=\"text\" id=\"evf-875-field_YGFoZenVgq-1\" class=\"input-text\" name=\"everest_forms[form_fields][YGFoZenVgq-1]\" required><\/div><\/div><div class=\"evf-frontend-grid evf-grid-2\" data-grid=\"grid_2\"><div id=\"evf-875-field_CxrbM7lS65-14-container\" class=\"evf-field evf-field-text form-row validate-required\" data-required-field-message=\"This field is required.\" data-field-id=\"CxrbM7lS65-14\"><label class=\"evf-field-label\" for=\"evf-875-field_CxrbM7lS65-14\"><span class=\"evf-label\">Compa\u00f1\u00eda<\/span> <abbr class=\"required\" title=\"Required\">*<\/abbr><\/label><input type=\"text\" id=\"evf-875-field_CxrbM7lS65-14\" class=\"input-text\" name=\"everest_forms[form_fields][CxrbM7lS65-14]\" required><\/div><\/div><\/div><div class=\"evf-frontend-row\" data-row=\"row_4\" conditional_rules=\"[]\"><div class=\"evf-frontend-grid evf-grid-2\" data-grid=\"grid_1\"><div id=\"evf-875-field_0LKK0fVou5-13-container\" class=\"evf-field evf-field-number form-row validate-required\" data-required-field-message=\"Please enter a valid number.\" data-field-id=\"0LKK0fVou5-13\"><label class=\"evf-field-label\" for=\"evf-875-field_0LKK0fVou5-13\"><span class=\"evf-label\">Tel\u00e9fono<\/span> <abbr class=\"required\" title=\"Required\">*<\/abbr><\/label><input type=\"number\" id=\"evf-875-field_0LKK0fVou5-13\" class=\"input-text\" name=\"everest_forms[form_fields][0LKK0fVou5-13]\" step=\"1\" required\/><\/div><\/div><div class=\"evf-frontend-grid evf-grid-2\" data-grid=\"grid_2\"><div id=\"evf-875-field_R7g5yEvWhT-12-container\" class=\"evf-field evf-field-email form-row validate-required validate-email\" data-required-field-message=\"Please enter a valid email address.\" data-field-id=\"R7g5yEvWhT-12\"><label class=\"evf-field-label\" for=\"evf-875-field_R7g5yEvWhT-12\"><span class=\"evf-label\">Correo electr\u00f3nico<\/span> <abbr class=\"required\" title=\"Required\">*<\/abbr><\/label><input type=\"email\" id=\"evf-875-field_R7g5yEvWhT-12\" class=\"input-text\" name=\"everest_forms[form_fields][R7g5yEvWhT-12]\" required ><\/div><\/div><\/div><div class=\"evf-frontend-row\" data-row=\"row_5\" conditional_rules=\"[]\"><div class=\"evf-frontend-grid evf-grid-1\" data-grid=\"grid_1\"><div id=\"evf-875-field_8wGo0fuI31-9-container\" class=\"evf-field evf-field-textarea form-row validate-required\" data-required-field-message=\"This field is required.\" data-field-id=\"8wGo0fuI31-9\"><label class=\"evf-field-label\" for=\"evf-875-field_8wGo0fuI31-9\"><span class=\"evf-label\">Detalle de la consulta<\/span> <abbr class=\"required\" title=\"Required\">*<\/abbr><\/label><textarea id=\"evf-875-field_8wGo0fuI31-9\" class=\"input-text\" name=\"everest_forms[form_fields][8wGo0fuI31-9]\" required ><\/textarea><\/div><\/div><\/div><\/div><div class=\"evf-honeypot-container evf-field-hp\"><label for=\"evf-875-field-hp\" class=\"evf-field-label\">Name<\/label><input type=\"text\" name=\"everest_forms[hp]\" id=\"evf-875-field-hp\" class=\"input-text\"><\/div><div class=\"evf-submit-container \" ><input type=\"hidden\" name=\"everest_forms[id]\" value=\"875\"><input type=\"hidden\" name=\"everest_forms[author]\" value=\"1\"><button type='submit' name='everest_forms[submit]' class='everest-forms-submit-button button evf-submit ' id='evf-submit-875' value='evf-submit' data-process-text=\"Procesando\u2026\" conditional_rules='&quot;&quot;' conditional_id='evf-submit-875'  id=\"evf-submit-875\" aria-live=\"assertive\">Enviar consulta ahora<\/button><\/div><\/form><\/div><!-- .evf-container --><\/div>\r\n\t\t\n<style>\n#text-3222815612 {\n  line-height: 2.75;\n}\n<\/style>\n\t<\/div>\n\t\r\n\r\n\t\t<\/div>\n\t\t\t<\/div>\n\n\t\r\n\r\n<\/div>\r\n\r\n\t\t<\/div>\n\n\t\t\n<style>\n#section_1304198055 {\n  padding-top: 30px;\n  padding-bottom: 30px;\n}\n#section_1304198055 .section-bg.bg-loaded {\n  background-image: url(https:\/\/www.cycjetes.com\/wp-content\/uploads\/2021\/09\/15710409405542.jpg);\n}\n<\/style>\n\t<\/section>\n\t\n","protected":false},"excerpt":{"rendered":"","protected":false},"author":1,"featured_media":0,"parent":0,"menu_order":0,"comment_status":"closed","ping_status":"closed","template":"page-blank.php","meta":{"footnotes":""},"class_list":["post-22","page","type-page","status-publish","hentry"],"yoast_head":"<!-- This site is optimized with the Yoast SEO plugin v25.2 - https:\/\/yoast.com\/wordpress\/plugins\/seo\/ -->\n<title>Laser marking machine | Quality Assurance | CYCJET<\/title>\n<meta name=\"description\" content=\"As a professional manufacturer of laser marking machine and inkjet printer, we designed the machine based on our 18 years of experience.\" \/>\n<meta name=\"robots\" content=\"index, follow, max-snippet:-1, max-image-preview:large, max-video-preview:-1\" \/>\n<link rel=\"canonical\" href=\"https:\/\/www.cycjetes.com\/?page_id=22\" \/>\n<meta property=\"og:locale\" content=\"en_US\" \/>\n<meta property=\"og:type\" content=\"article\" \/>\n<meta property=\"og:title\" content=\"Laser marking machine | Quality Assurance | CYCJET\" \/>\n<meta property=\"og:description\" content=\"As a professional manufacturer of laser marking machine and inkjet printer, we designed the machine based on our 18 years of experience.\" \/>\n<meta property=\"og:url\" content=\"https:\/\/www.cycjetes.com\/?page_id=22\" \/>\n<meta property=\"og:site_name\" content=\"CYCJET\" \/>\n<meta property=\"article:modified_time\" content=\"2025-06-04T05:42:55+00:00\" \/>\n<meta name=\"twitter:card\" content=\"summary_large_image\" \/>\n<meta name=\"twitter:label1\" content=\"Est. reading time\" \/>\n\t<meta name=\"twitter:data1\" content=\"2 minutes\" \/>\n<script type=\"application\/ld+json\" class=\"yoast-schema-graph\">{\"@context\":\"https:\/\/schema.org\",\"@graph\":[{\"@type\":\"WebPage\",\"@id\":\"https:\/\/www.cycjetes.com\/?page_id=22\",\"url\":\"https:\/\/www.cycjetes.com\/?page_id=22\",\"name\":\"Laser marking machine | Quality Assurance | CYCJET\",\"isPartOf\":{\"@id\":\"https:\/\/www.cycjetes.com\/#website\"},\"datePublished\":\"2021-08-06T08:06:55+00:00\",\"dateModified\":\"2025-06-04T05:42:55+00:00\",\"description\":\"As a professional manufacturer of laser marking machine and inkjet printer, we designed the machine based on our 18 years of experience.\",\"breadcrumb\":{\"@id\":\"https:\/\/www.cycjetes.com\/?page_id=22#breadcrumb\"},\"inLanguage\":\"en-US\",\"potentialAction\":[{\"@type\":\"ReadAction\",\"target\":[\"https:\/\/www.cycjetes.com\/?page_id=22\"]}]},{\"@type\":\"BreadcrumbList\",\"@id\":\"https:\/\/www.cycjetes.com\/?page_id=22#breadcrumb\",\"itemListElement\":[{\"@type\":\"ListItem\",\"position\":1,\"name\":\"Home\",\"item\":\"https:\/\/www.cycjetes.com\/\"},{\"@type\":\"ListItem\",\"position\":2,\"name\":\"QUALITY ASSURANCE\"}]},{\"@type\":\"WebSite\",\"@id\":\"https:\/\/www.cycjetes.com\/#website\",\"url\":\"https:\/\/www.cycjetes.com\/\",\"name\":\"CYCJET\",\"description\":\"\",\"potentialAction\":[{\"@type\":\"SearchAction\",\"target\":{\"@type\":\"EntryPoint\",\"urlTemplate\":\"https:\/\/www.cycjetes.com\/?s={search_term_string}\"},\"query-input\":{\"@type\":\"PropertyValueSpecification\",\"valueRequired\":true,\"valueName\":\"search_term_string\"}}],\"inLanguage\":\"en-US\"}]}<\/script>\n<!-- \/ Yoast SEO plugin. -->","yoast_head_json":{"title":"Laser marking machine | Quality Assurance | CYCJET","description":"As a professional manufacturer of laser marking machine and inkjet printer, we designed the machine based on our 18 years of experience.","robots":{"index":"index","follow":"follow","max-snippet":"max-snippet:-1","max-image-preview":"max-image-preview:large","max-video-preview":"max-video-preview:-1"},"canonical":"https:\/\/www.cycjetes.com\/?page_id=22","og_locale":"en_US","og_type":"article","og_title":"Laser marking machine | Quality Assurance | CYCJET","og_description":"As a professional manufacturer of laser marking machine and inkjet printer, we designed the machine based on our 18 years of experience.","og_url":"https:\/\/www.cycjetes.com\/?page_id=22","og_site_name":"CYCJET","article_modified_time":"2025-06-04T05:42:55+00:00","twitter_card":"summary_large_image","twitter_misc":{"Est. reading time":"2 minutes"},"schema":{"@context":"https:\/\/schema.org","@graph":[{"@type":"WebPage","@id":"https:\/\/www.cycjetes.com\/?page_id=22","url":"https:\/\/www.cycjetes.com\/?page_id=22","name":"Laser marking machine | Quality Assurance | CYCJET","isPartOf":{"@id":"https:\/\/www.cycjetes.com\/#website"},"datePublished":"2021-08-06T08:06:55+00:00","dateModified":"2025-06-04T05:42:55+00:00","description":"As a professional manufacturer of laser marking machine and inkjet printer, we designed the machine based on our 18 years of experience.","breadcrumb":{"@id":"https:\/\/www.cycjetes.com\/?page_id=22#breadcrumb"},"inLanguage":"en-US","potentialAction":[{"@type":"ReadAction","target":["https:\/\/www.cycjetes.com\/?page_id=22"]}]},{"@type":"BreadcrumbList","@id":"https:\/\/www.cycjetes.com\/?page_id=22#breadcrumb","itemListElement":[{"@type":"ListItem","position":1,"name":"Home","item":"https:\/\/www.cycjetes.com\/"},{"@type":"ListItem","position":2,"name":"QUALITY ASSURANCE"}]},{"@type":"WebSite","@id":"https:\/\/www.cycjetes.com\/#website","url":"https:\/\/www.cycjetes.com\/","name":"CYCJET","description":"","potentialAction":[{"@type":"SearchAction","target":{"@type":"EntryPoint","urlTemplate":"https:\/\/www.cycjetes.com\/?s={search_term_string}"},"query-input":{"@type":"PropertyValueSpecification","valueRequired":true,"valueName":"search_term_string"}}],"inLanguage":"en-US"}]}},"_links":{"self":[{"href":"https:\/\/www.cycjetes.com\/index.php?rest_route=\/wp\/v2\/pages\/22","targetHints":{"allow":["GET"]}}],"collection":[{"href":"https:\/\/www.cycjetes.com\/index.php?rest_route=\/wp\/v2\/pages"}],"about":[{"href":"https:\/\/www.cycjetes.com\/index.php?rest_route=\/wp\/v2\/types\/page"}],"author":[{"embeddable":true,"href":"https:\/\/www.cycjetes.com\/index.php?rest_route=\/wp\/v2\/users\/1"}],"replies":[{"embeddable":true,"href":"https:\/\/www.cycjetes.com\/index.php?rest_route=%2Fwp%2Fv2%2Fcomments&post=22"}],"version-history":[{"count":21,"href":"https:\/\/www.cycjetes.com\/index.php?rest_route=\/wp\/v2\/pages\/22\/revisions"}],"predecessor-version":[{"id":1929,"href":"https:\/\/www.cycjetes.com\/index.php?rest_route=\/wp\/v2\/pages\/22\/revisions\/1929"}],"wp:attachment":[{"href":"https:\/\/www.cycjetes.com\/index.php?rest_route=%2Fwp%2Fv2%2Fmedia&parent=22"}],"curies":[{"name":"wp","href":"https:\/\/api.w.org\/{rel}","templated":true}]}}